{"id":84,"date":"2017-09-22T15:35:45","date_gmt":"2017-09-22T13:35:45","guid":{"rendered":"https:\/\/web.umons.ac.be\/langage\/?page_id=84"},"modified":"2017-10-27T15:21:45","modified_gmt":"2017-10-27T13:21:45","slug":"structure-des-etudes","status":"publish","type":"page","link":"https:\/\/web.umons.ac.be\/langage\/fr\/enseignement\/etudes\/structure-des-etudes\/","title":{"rendered":"Structure des \u00e9tudes"},"content":{"rendered":"<p>Le programme comporte, outre un <strong>tronc\u00a0commun,<\/strong> divers parcours de formation :<\/p>\n<ul>\n<li>Sciences de la parole<\/li>\n<li>Immersion linguistique\u00a0et dispositifs d\u2019enseignement\/apprentissage\u00a0des langues<\/li>\n<li>Neuropsycholinguistique<\/li>\n<li>La\u00a0communication et le vivre ensemble dans\u00a0l\u2019espace scandinave<\/li>\n<li>Communication interculturelle\u00a0et interlinguistique<\/li>\n<li>M\u00e9diation technologique\u00a0: sous-titrage, doublage, respeaking\u00a0et audiodescription<\/li>\n<li>Genre, langage et communication<\/li>\n<li>\u00c9critures<\/li>\n<li>Discours philosophique<\/li>\n<li>Analyse critique des discours<\/li>\n<\/ul>\n<p>Chacun est\u00a0organis\u00e9 autour d\u2019une option et pr\u00e9pare soit \u00e0\u00a0la recherche dans un secteur des sciences du\u00a0langage d\u00e9termin\u00e9, soit \u00e0 l\u2019exercice de l\u2019un des\u00a0divers m\u00e9tiers de la langue.<\/p>\n<p>Les cours sont dispens\u00e9s \u00e0 Mons mais certains\u00a0d\u2019entre eux peuvent \u00eatre choisis au sein de\u00a0cursus de l\u2019ULB \u00e0 Bruxelles.<\/p>\n<p><img loading=\"lazy\" decoding=\"async\" class=\"aligncenter wp-image-85 size-large\" src=\"https:\/\/web.umons.ac.be\/app\/uploads\/sites\/39\/2017\/09\/structure-des-etudes-1024x971.jpg\" alt=\"\" width=\"1024\" height=\"971\" srcset=\"https:\/\/web.umons.ac.be\/app\/uploads\/sites\/39\/2017\/09\/structure-des-etudes-1024x971.jpg 1024w, https:\/\/web.umons.ac.be\/app\/uploads\/sites\/39\/2017\/09\/structure-des-etudes-300x284.jpg 300w, https:\/\/web.umons.ac.be\/app\/uploads\/sites\/39\/2017\/09\/structure-des-etudes-768x728.jpg 768w, https:\/\/web.umons.ac.be\/app\/uploads\/sites\/39\/2017\/09\/structure-des-etudes-30x28.jpg 30w, https:\/\/web.umons.ac.be\/app\/uploads\/sites\/39\/2017\/09\/structure-des-etudes-60x57.jpg 60w, https:\/\/web.umons.ac.be\/app\/uploads\/sites\/39\/2017\/09\/structure-des-etudes-360x341.jpg 360w, https:\/\/web.umons.ac.be\/app\/uploads\/sites\/39\/2017\/09\/structure-des-etudes.jpg 1130w\" sizes=\"auto, (max-width: 1024px) 100vw, 1024px\" \/><\/p>\n","protected":false},"excerpt":{"rendered":"<p>Le programme comporte, outre un tronc\u00a0commun, divers parcours de formation : Sciences de la parole Immersion linguistique\u00a0et dispositifs d\u2019enseignement\/apprentissage\u00a0des langues Neuropsycholinguistique La\u00a0communication et le vivre ensemble dans\u00a0l\u2019espace scandinave Communication interculturelle\u00a0et interlinguistique M\u00e9diation technologique\u00a0: sous-titrage, doublage, respeaking\u00a0et audiodescription Genre, langage et communication \u00c9critures Discours philosophique Analyse critique des discours Chacun est\u00a0organis\u00e9 autour d\u2019une option et pr\u00e9pare [&hellip;]<\/p>\n","protected":false},"author":2,"featured_media":0,"parent":81,"menu_order":1,"comment_status":"closed","ping_status":"closed","template":"","meta":{"footnotes":""},"class_list":["post-84","page","type-page","status-publish","hentry"],"yoast_head":"<!-- This site is optimized with the Yoast SEO plugin v27.2 - https:\/\/yoast.com\/product\/yoast-seo-wordpress\/ -->\n<title>Structure des \u00e9tudes - Institut \/ Langage<\/title>\n<meta name=\"robots\" content=\"index, follow, max-snippet:-1, max-image-preview:large, max-video-preview:-1\" \/>\n<link rel=\"canonical\" href=\"https:\/\/web.umons.ac.be\/langage\/fr\/enseignement\/etudes\/structure-des-etudes\/\" \/>\n<meta property=\"og:locale\" content=\"fr_FR\" \/>\n<meta property=\"og:type\" content=\"article\" \/>\n<meta property=\"og:title\" content=\"Structure des \u00e9tudes - Institut \/ Langage\" \/>\n<meta property=\"og:description\" content=\"Le programme comporte, outre un tronc\u00a0commun, divers parcours de formation : Sciences de la parole Immersion linguistique\u00a0et dispositifs d\u2019enseignement\/apprentissage\u00a0des langues Neuropsycholinguistique La\u00a0communication et le vivre ensemble dans\u00a0l\u2019espace scandinave Communication interculturelle\u00a0et interlinguistique M\u00e9diation technologique\u00a0: sous-titrage, doublage, respeaking\u00a0et audiodescription Genre, langage et communication \u00c9critures Discours philosophique Analyse critique des discours Chacun est\u00a0organis\u00e9 autour d\u2019une option et pr\u00e9pare [&hellip;]\" \/>\n<meta property=\"og:url\" content=\"https:\/\/web.umons.ac.be\/langage\/fr\/enseignement\/etudes\/structure-des-etudes\/\" \/>\n<meta property=\"og:site_name\" content=\"Institut \/ Langage\" \/>\n<meta property=\"article:modified_time\" content=\"2017-10-27T13:21:45+00:00\" \/>\n<meta property=\"og:image\" content=\"https:\/\/web.umons.ac.be\/app\/uploads\/sites\/39\/2017\/09\/structure-des-etudes-1024x971.jpg\" \/>\n<meta name=\"twitter:card\" content=\"summary_large_image\" \/>\n<meta name=\"twitter:label1\" content=\"Dur\u00e9e de lecture estim\u00e9e\" \/>\n\t<meta name=\"twitter:data1\" content=\"1 minute\" \/>\n<script type=\"application\/ld+json\" class=\"yoast-schema-graph\">{\"@context\":\"https:\/\/schema.org\",\"@graph\":[{\"@type\":\"WebPage\",\"@id\":\"https:\/\/web.umons.ac.be\/langage\/fr\/enseignement\/etudes\/structure-des-etudes\/\",\"url\":\"https:\/\/web.umons.ac.be\/langage\/fr\/enseignement\/etudes\/structure-des-etudes\/\",\"name\":\"Structure des \u00e9tudes - Institut \/ Langage\",\"isPartOf\":{\"@id\":\"https:\/\/web.umons.ac.be\/langage\/#website\"},\"primaryImageOfPage\":{\"@id\":\"https:\/\/web.umons.ac.be\/langage\/fr\/enseignement\/etudes\/structure-des-etudes\/#primaryimage\"},\"image\":{\"@id\":\"https:\/\/web.umons.ac.be\/langage\/fr\/enseignement\/etudes\/structure-des-etudes\/#primaryimage\"},\"thumbnailUrl\":\"https:\/\/web.umons.ac.be\/app\/uploads\/sites\/39\/2017\/09\/structure-des-etudes-1024x971.jpg\",\"datePublished\":\"2017-09-22T13:35:45+00:00\",\"dateModified\":\"2017-10-27T13:21:45+00:00\",\"breadcrumb\":{\"@id\":\"https:\/\/web.umons.ac.be\/langage\/fr\/enseignement\/etudes\/structure-des-etudes\/#breadcrumb\"},\"inLanguage\":\"fr-FR\",\"potentialAction\":[{\"@type\":\"ReadAction\",\"target\":[\"https:\/\/web.umons.ac.be\/langage\/fr\/enseignement\/etudes\/structure-des-etudes\/\"]}]},{\"@type\":\"ImageObject\",\"inLanguage\":\"fr-FR\",\"@id\":\"https:\/\/web.umons.ac.be\/langage\/fr\/enseignement\/etudes\/structure-des-etudes\/#primaryimage\",\"url\":\"https:\/\/web.umons.ac.be\/app\/uploads\/sites\/39\/2017\/09\/structure-des-etudes-1024x971.jpg\",\"contentUrl\":\"https:\/\/web.umons.ac.be\/app\/uploads\/sites\/39\/2017\/09\/structure-des-etudes-1024x971.jpg\"},{\"@type\":\"BreadcrumbList\",\"@id\":\"https:\/\/web.umons.ac.be\/langage\/fr\/enseignement\/etudes\/structure-des-etudes\/#breadcrumb\",\"itemListElement\":[{\"@type\":\"ListItem\",\"position\":1,\"name\":\"Accueil\",\"item\":\"https:\/\/web.umons.ac.be\/langage\/fr\/\"},{\"@type\":\"ListItem\",\"position\":2,\"name\":\"Enseignement\",\"item\":\"https:\/\/web.umons.ac.be\/langage\/fr\/enseignement\/\"},{\"@type\":\"ListItem\",\"position\":3,\"name\":\"Etudes\",\"item\":\"https:\/\/web.umons.ac.be\/langage\/fr\/enseignement\/etudes\/\"},{\"@type\":\"ListItem\",\"position\":4,\"name\":\"Structure des \u00e9tudes\"}]},{\"@type\":\"WebSite\",\"@id\":\"https:\/\/web.umons.ac.be\/langage\/#website\",\"url\":\"https:\/\/web.umons.ac.be\/langage\/\",\"name\":\"Institut \/ Langage\",\"description\":\"Un site utilisant Universit\u00e9 de Mons \u2013 UMONS\",\"potentialAction\":[{\"@type\":\"SearchAction\",\"target\":{\"@type\":\"EntryPoint\",\"urlTemplate\":\"https:\/\/web.umons.ac.be\/langage\/?s={search_term_string}\"},\"query-input\":{\"@type\":\"PropertyValueSpecification\",\"valueRequired\":true,\"valueName\":\"search_term_string\"}}],\"inLanguage\":\"fr-FR\"}]}<\/script>\n<!-- \/ Yoast SEO plugin. -->","yoast_head_json":{"title":"Structure des \u00e9tudes - Institut \/ Langage","robots":{"index":"index","follow":"follow","max-snippet":"max-snippet:-1","max-image-preview":"max-image-preview:large","max-video-preview":"max-video-preview:-1"},"canonical":"https:\/\/web.umons.ac.be\/langage\/fr\/enseignement\/etudes\/structure-des-etudes\/","og_locale":"fr_FR","og_type":"article","og_title":"Structure des \u00e9tudes - Institut \/ Langage","og_description":"Le programme comporte, outre un tronc\u00a0commun, divers parcours de formation : Sciences de la parole Immersion linguistique\u00a0et dispositifs d\u2019enseignement\/apprentissage\u00a0des langues Neuropsycholinguistique La\u00a0communication et le vivre ensemble dans\u00a0l\u2019espace scandinave Communication interculturelle\u00a0et interlinguistique M\u00e9diation technologique\u00a0: sous-titrage, doublage, respeaking\u00a0et audiodescription Genre, langage et communication \u00c9critures Discours philosophique Analyse critique des discours Chacun est\u00a0organis\u00e9 autour d\u2019une option et pr\u00e9pare [&hellip;]","og_url":"https:\/\/web.umons.ac.be\/langage\/fr\/enseignement\/etudes\/structure-des-etudes\/","og_site_name":"Institut \/ Langage","article_modified_time":"2017-10-27T13:21:45+00:00","og_image":[{"url":"https:\/\/web.umons.ac.be\/app\/uploads\/sites\/39\/2017\/09\/structure-des-etudes-1024x971.jpg","type":"","width":"","height":""}],"twitter_card":"summary_large_image","twitter_misc":{"Dur\u00e9e de lecture estim\u00e9e":"1 minute"},"schema":{"@context":"https:\/\/schema.org","@graph":[{"@type":"WebPage","@id":"https:\/\/web.umons.ac.be\/langage\/fr\/enseignement\/etudes\/structure-des-etudes\/","url":"https:\/\/web.umons.ac.be\/langage\/fr\/enseignement\/etudes\/structure-des-etudes\/","name":"Structure des \u00e9tudes - Institut \/ Langage","isPartOf":{"@id":"https:\/\/web.umons.ac.be\/langage\/#website"},"primaryImageOfPage":{"@id":"https:\/\/web.umons.ac.be\/langage\/fr\/enseignement\/etudes\/structure-des-etudes\/#primaryimage"},"image":{"@id":"https:\/\/web.umons.ac.be\/langage\/fr\/enseignement\/etudes\/structure-des-etudes\/#primaryimage"},"thumbnailUrl":"https:\/\/web.umons.ac.be\/app\/uploads\/sites\/39\/2017\/09\/structure-des-etudes-1024x971.jpg","datePublished":"2017-09-22T13:35:45+00:00","dateModified":"2017-10-27T13:21:45+00:00","breadcrumb":{"@id":"https:\/\/web.umons.ac.be\/langage\/fr\/enseignement\/etudes\/structure-des-etudes\/#breadcrumb"},"inLanguage":"fr-FR","potentialAction":[{"@type":"ReadAction","target":["https:\/\/web.umons.ac.be\/langage\/fr\/enseignement\/etudes\/structure-des-etudes\/"]}]},{"@type":"ImageObject","inLanguage":"fr-FR","@id":"https:\/\/web.umons.ac.be\/langage\/fr\/enseignement\/etudes\/structure-des-etudes\/#primaryimage","url":"https:\/\/web.umons.ac.be\/app\/uploads\/sites\/39\/2017\/09\/structure-des-etudes-1024x971.jpg","contentUrl":"https:\/\/web.umons.ac.be\/app\/uploads\/sites\/39\/2017\/09\/structure-des-etudes-1024x971.jpg"},{"@type":"BreadcrumbList","@id":"https:\/\/web.umons.ac.be\/langage\/fr\/enseignement\/etudes\/structure-des-etudes\/#breadcrumb","itemListElement":[{"@type":"ListItem","position":1,"name":"Accueil","item":"https:\/\/web.umons.ac.be\/langage\/fr\/"},{"@type":"ListItem","position":2,"name":"Enseignement","item":"https:\/\/web.umons.ac.be\/langage\/fr\/enseignement\/"},{"@type":"ListItem","position":3,"name":"Etudes","item":"https:\/\/web.umons.ac.be\/langage\/fr\/enseignement\/etudes\/"},{"@type":"ListItem","position":4,"name":"Structure des \u00e9tudes"}]},{"@type":"WebSite","@id":"https:\/\/web.umons.ac.be\/langage\/#website","url":"https:\/\/web.umons.ac.be\/langage\/","name":"Institut \/ Langage","description":"Un site utilisant Universit\u00e9 de Mons \u2013 UMONS","potentialAction":[{"@type":"SearchAction","target":{"@type":"EntryPoint","urlTemplate":"https:\/\/web.umons.ac.be\/langage\/?s={search_term_string}"},"query-input":{"@type":"PropertyValueSpecification","valueRequired":true,"valueName":"search_term_string"}}],"inLanguage":"fr-FR"}]}},"lang":"fr","translations":{"fr":84},"pll_sync_post":[],"_links":{"self":[{"href":"https:\/\/web.umons.ac.be\/langage\/wp-json\/wp\/v2\/pages\/84","targetHints":{"allow":["GET"]}}],"collection":[{"href":"https:\/\/web.umons.ac.be\/langage\/wp-json\/wp\/v2\/pages"}],"about":[{"href":"https:\/\/web.umons.ac.be\/langage\/wp-json\/wp\/v2\/types\/page"}],"author":[{"embeddable":true,"href":"https:\/\/web.umons.ac.be\/langage\/wp-json\/wp\/v2\/users\/2"}],"replies":[{"embeddable":true,"href":"https:\/\/web.umons.ac.be\/langage\/wp-json\/wp\/v2\/comments?post=84"}],"version-history":[{"count":2,"href":"https:\/\/web.umons.ac.be\/langage\/wp-json\/wp\/v2\/pages\/84\/revisions"}],"predecessor-version":[{"id":87,"href":"https:\/\/web.umons.ac.be\/langage\/wp-json\/wp\/v2\/pages\/84\/revisions\/87"}],"up":[{"embeddable":true,"href":"https:\/\/web.umons.ac.be\/langage\/wp-json\/wp\/v2\/pages\/81"}],"wp:attachment":[{"href":"https:\/\/web.umons.ac.be\/langage\/wp-json\/wp\/v2\/media?parent=84"}],"curies":[{"name":"wp","href":"https:\/\/api.w.org\/{rel}","templated":true}]}}