{"id":88,"date":"2017-09-22T15:37:22","date_gmt":"2017-09-22T13:37:22","guid":{"rendered":"https:\/\/web.umons.ac.be\/langage\/?page_id=88"},"modified":"2017-09-22T15:37:23","modified_gmt":"2017-09-22T13:37:23","slug":"aides-a-la-reussite","status":"publish","type":"page","link":"https:\/\/web.umons.ac.be\/langage\/fr\/enseignement\/etudes\/aides-a-la-reussite\/","title":{"rendered":"Aides \u00e0 la r\u00e9ussite"},"content":{"rendered":"<p>Sont organis\u00e9s :<\/p>\n<ul>\n<li>des rendez-vous personnalis\u00e9s tout au long\u00a0de l\u2019ann\u00e9e afin de conseiller l\u2019\u00e9tudiant vis-\u00e0-vis\u00a0des multiples choix qu\u2019il a \u00e0 op\u00e9rer dans le\u00a0cadre de sa formation.<\/li>\n<li>une guidance pour la r\u00e9alisation des travaux.<\/li>\n<\/ul>\n","protected":false},"excerpt":{"rendered":"<p>Sont organis\u00e9s : des rendez-vous personnalis\u00e9s tout au long\u00a0de l\u2019ann\u00e9e afin de conseiller l\u2019\u00e9tudiant vis-\u00e0-vis\u00a0des multiples choix qu\u2019il a \u00e0 op\u00e9rer dans le\u00a0cadre de sa formation. une guidance pour la r\u00e9alisation des travaux.<\/p>\n","protected":false},"author":2,"featured_media":0,"parent":81,"menu_order":2,"comment_status":"closed","ping_status":"closed","template":"","meta":{"footnotes":""},"class_list":["post-88","page","type-page","status-publish","hentry"],"yoast_head":"<!-- This site is optimized with the Yoast SEO plugin v27.2 - https:\/\/yoast.com\/product\/yoast-seo-wordpress\/ -->\n<title>Aides \u00e0 la r\u00e9ussite - Institut \/ Langage<\/title>\n<meta name=\"robots\" content=\"index, follow, max-snippet:-1, max-image-preview:large, max-video-preview:-1\" \/>\n<link rel=\"canonical\" href=\"https:\/\/web.umons.ac.be\/langage\/fr\/enseignement\/etudes\/aides-a-la-reussite\/\" \/>\n<meta property=\"og:locale\" content=\"fr_FR\" \/>\n<meta property=\"og:type\" content=\"article\" \/>\n<meta property=\"og:title\" content=\"Aides \u00e0 la r\u00e9ussite - Institut \/ Langage\" \/>\n<meta property=\"og:description\" content=\"Sont organis\u00e9s : des rendez-vous personnalis\u00e9s tout au long\u00a0de l\u2019ann\u00e9e afin de conseiller l\u2019\u00e9tudiant vis-\u00e0-vis\u00a0des multiples choix qu\u2019il a \u00e0 op\u00e9rer dans le\u00a0cadre de sa formation. une guidance pour la r\u00e9alisation des travaux.\" \/>\n<meta property=\"og:url\" content=\"https:\/\/web.umons.ac.be\/langage\/fr\/enseignement\/etudes\/aides-a-la-reussite\/\" \/>\n<meta property=\"og:site_name\" content=\"Institut \/ Langage\" \/>\n<meta property=\"article:modified_time\" content=\"2017-09-22T13:37:23+00:00\" \/>\n<meta name=\"twitter:card\" content=\"summary_large_image\" \/>\n<script type=\"application\/ld+json\" class=\"yoast-schema-graph\">{\"@context\":\"https:\/\/schema.org\",\"@graph\":[{\"@type\":\"WebPage\",\"@id\":\"https:\/\/web.umons.ac.be\/langage\/fr\/enseignement\/etudes\/aides-a-la-reussite\/\",\"url\":\"https:\/\/web.umons.ac.be\/langage\/fr\/enseignement\/etudes\/aides-a-la-reussite\/\",\"name\":\"Aides \u00e0 la r\u00e9ussite - Institut \/ Langage\",\"isPartOf\":{\"@id\":\"https:\/\/web.umons.ac.be\/langage\/#website\"},\"datePublished\":\"2017-09-22T13:37:22+00:00\",\"dateModified\":\"2017-09-22T13:37:23+00:00\",\"breadcrumb\":{\"@id\":\"https:\/\/web.umons.ac.be\/langage\/fr\/enseignement\/etudes\/aides-a-la-reussite\/#breadcrumb\"},\"inLanguage\":\"fr-FR\",\"potentialAction\":[{\"@type\":\"ReadAction\",\"target\":[\"https:\/\/web.umons.ac.be\/langage\/fr\/enseignement\/etudes\/aides-a-la-reussite\/\"]}]},{\"@type\":\"BreadcrumbList\",\"@id\":\"https:\/\/web.umons.ac.be\/langage\/fr\/enseignement\/etudes\/aides-a-la-reussite\/#breadcrumb\",\"itemListElement\":[{\"@type\":\"ListItem\",\"position\":1,\"name\":\"Accueil\",\"item\":\"https:\/\/web.umons.ac.be\/langage\/fr\/\"},{\"@type\":\"ListItem\",\"position\":2,\"name\":\"Enseignement\",\"item\":\"https:\/\/web.umons.ac.be\/langage\/fr\/enseignement\/\"},{\"@type\":\"ListItem\",\"position\":3,\"name\":\"Etudes\",\"item\":\"https:\/\/web.umons.ac.be\/langage\/fr\/enseignement\/etudes\/\"},{\"@type\":\"ListItem\",\"position\":4,\"name\":\"Aides \u00e0 la r\u00e9ussite\"}]},{\"@type\":\"WebSite\",\"@id\":\"https:\/\/web.umons.ac.be\/langage\/#website\",\"url\":\"https:\/\/web.umons.ac.be\/langage\/\",\"name\":\"Institut \/ Langage\",\"description\":\"Un site utilisant Universit\u00e9 de Mons \u2013 UMONS\",\"potentialAction\":[{\"@type\":\"SearchAction\",\"target\":{\"@type\":\"EntryPoint\",\"urlTemplate\":\"https:\/\/web.umons.ac.be\/langage\/?s={search_term_string}\"},\"query-input\":{\"@type\":\"PropertyValueSpecification\",\"valueRequired\":true,\"valueName\":\"search_term_string\"}}],\"inLanguage\":\"fr-FR\"}]}<\/script>\n<!-- \/ Yoast SEO plugin. -->","yoast_head_json":{"title":"Aides \u00e0 la r\u00e9ussite - Institut \/ Langage","robots":{"index":"index","follow":"follow","max-snippet":"max-snippet:-1","max-image-preview":"max-image-preview:large","max-video-preview":"max-video-preview:-1"},"canonical":"https:\/\/web.umons.ac.be\/langage\/fr\/enseignement\/etudes\/aides-a-la-reussite\/","og_locale":"fr_FR","og_type":"article","og_title":"Aides \u00e0 la r\u00e9ussite - Institut \/ Langage","og_description":"Sont organis\u00e9s : des rendez-vous personnalis\u00e9s tout au long\u00a0de l\u2019ann\u00e9e afin de conseiller l\u2019\u00e9tudiant vis-\u00e0-vis\u00a0des multiples choix qu\u2019il a \u00e0 op\u00e9rer dans le\u00a0cadre de sa formation. une guidance pour la r\u00e9alisation des travaux.","og_url":"https:\/\/web.umons.ac.be\/langage\/fr\/enseignement\/etudes\/aides-a-la-reussite\/","og_site_name":"Institut \/ Langage","article_modified_time":"2017-09-22T13:37:23+00:00","twitter_card":"summary_large_image","schema":{"@context":"https:\/\/schema.org","@graph":[{"@type":"WebPage","@id":"https:\/\/web.umons.ac.be\/langage\/fr\/enseignement\/etudes\/aides-a-la-reussite\/","url":"https:\/\/web.umons.ac.be\/langage\/fr\/enseignement\/etudes\/aides-a-la-reussite\/","name":"Aides \u00e0 la r\u00e9ussite - Institut \/ Langage","isPartOf":{"@id":"https:\/\/web.umons.ac.be\/langage\/#website"},"datePublished":"2017-09-22T13:37:22+00:00","dateModified":"2017-09-22T13:37:23+00:00","breadcrumb":{"@id":"https:\/\/web.umons.ac.be\/langage\/fr\/enseignement\/etudes\/aides-a-la-reussite\/#breadcrumb"},"inLanguage":"fr-FR","potentialAction":[{"@type":"ReadAction","target":["https:\/\/web.umons.ac.be\/langage\/fr\/enseignement\/etudes\/aides-a-la-reussite\/"]}]},{"@type":"BreadcrumbList","@id":"https:\/\/web.umons.ac.be\/langage\/fr\/enseignement\/etudes\/aides-a-la-reussite\/#breadcrumb","itemListElement":[{"@type":"ListItem","position":1,"name":"Accueil","item":"https:\/\/web.umons.ac.be\/langage\/fr\/"},{"@type":"ListItem","position":2,"name":"Enseignement","item":"https:\/\/web.umons.ac.be\/langage\/fr\/enseignement\/"},{"@type":"ListItem","position":3,"name":"Etudes","item":"https:\/\/web.umons.ac.be\/langage\/fr\/enseignement\/etudes\/"},{"@type":"ListItem","position":4,"name":"Aides \u00e0 la r\u00e9ussite"}]},{"@type":"WebSite","@id":"https:\/\/web.umons.ac.be\/langage\/#website","url":"https:\/\/web.umons.ac.be\/langage\/","name":"Institut \/ Langage","description":"Un site utilisant Universit\u00e9 de Mons \u2013 UMONS","potentialAction":[{"@type":"SearchAction","target":{"@type":"EntryPoint","urlTemplate":"https:\/\/web.umons.ac.be\/langage\/?s={search_term_string}"},"query-input":{"@type":"PropertyValueSpecification","valueRequired":true,"valueName":"search_term_string"}}],"inLanguage":"fr-FR"}]}},"lang":"fr","translations":{"fr":88},"pll_sync_post":[],"_links":{"self":[{"href":"https:\/\/web.umons.ac.be\/langage\/wp-json\/wp\/v2\/pages\/88","targetHints":{"allow":["GET"]}}],"collection":[{"href":"https:\/\/web.umons.ac.be\/langage\/wp-json\/wp\/v2\/pages"}],"about":[{"href":"https:\/\/web.umons.ac.be\/langage\/wp-json\/wp\/v2\/types\/page"}],"author":[{"embeddable":true,"href":"https:\/\/web.umons.ac.be\/langage\/wp-json\/wp\/v2\/users\/2"}],"replies":[{"embeddable":true,"href":"https:\/\/web.umons.ac.be\/langage\/wp-json\/wp\/v2\/comments?post=88"}],"version-history":[{"count":2,"href":"https:\/\/web.umons.ac.be\/langage\/wp-json\/wp\/v2\/pages\/88\/revisions"}],"predecessor-version":[{"id":90,"href":"https:\/\/web.umons.ac.be\/langage\/wp-json\/wp\/v2\/pages\/88\/revisions\/90"}],"up":[{"embeddable":true,"href":"https:\/\/web.umons.ac.be\/langage\/wp-json\/wp\/v2\/pages\/81"}],"wp:attachment":[{"href":"https:\/\/web.umons.ac.be\/langage\/wp-json\/wp\/v2\/media?parent=88"}],"curies":[{"name":"wp","href":"https:\/\/api.w.org\/{rel}","templated":true}]}}