{"id":91,"date":"2017-09-22T15:39:23","date_gmt":"2017-09-22T13:39:23","guid":{"rendered":"https:\/\/web.umons.ac.be\/langage\/?page_id=91"},"modified":"2017-09-22T15:39:24","modified_gmt":"2017-09-22T13:39:24","slug":"debouches","status":"publish","type":"page","link":"https:\/\/web.umons.ac.be\/langage\/fr\/enseignement\/etudes\/debouches\/","title":{"rendered":"D\u00e9bouch\u00e9s"},"content":{"rendered":"<p>Les d\u00e9bouch\u00e9s sont nombreux et d\u00e9pendent de\u00a0la th\u00e9matique qui aura \u00e9t\u00e9 choisie. Des secteurs\u00a0tels que ceux de la logop\u00e9die, de l\u2019\u00e9ducation,\u00a0des entreprises, de la culture, des relations\u00a0internationales, etc. sont accessibles apr\u00e8s nos\u00a0formations.<\/p>\n<p>De plus, pour les \u00e9tudiants qui d\u00e9cident\u00a0de s\u2019orienter vers une fili\u00e8re scientifique, le\u00a0Master de sp\u00e9cialisation constitue une pr\u00e9paration\u00a0de choix pour le Doctorat. La recherche\u00a0passionnante dans le domaine des sciences\u00a0du langage couvre un territoire tr\u00e8s vaste qui\u00a0permet \u00e0 tous de d\u00e9couvrir un pan essentiel \u00e0\u00a0leurs r\u00e9flexions.<\/p>\n","protected":false},"excerpt":{"rendered":"<p>Les d\u00e9bouch\u00e9s sont nombreux et d\u00e9pendent de\u00a0la th\u00e9matique qui aura \u00e9t\u00e9 choisie. Des secteurs\u00a0tels que ceux de la logop\u00e9die, de l\u2019\u00e9ducation,\u00a0des entreprises, de la culture, des relations\u00a0internationales, etc. sont accessibles apr\u00e8s nos\u00a0formations. De plus, pour les \u00e9tudiants qui d\u00e9cident\u00a0de s\u2019orienter vers une fili\u00e8re scientifique, le\u00a0Master de sp\u00e9cialisation constitue une pr\u00e9paration\u00a0de choix pour le Doctorat. La [&hellip;]<\/p>\n","protected":false},"author":2,"featured_media":0,"parent":81,"menu_order":3,"comment_status":"closed","ping_status":"closed","template":"","meta":{"footnotes":""},"class_list":["post-91","page","type-page","status-publish","hentry"],"yoast_head":"<!-- This site is optimized with the Yoast SEO plugin v27.2 - https:\/\/yoast.com\/product\/yoast-seo-wordpress\/ -->\n<title>D\u00e9bouch\u00e9s - Institut \/ Langage<\/title>\n<meta name=\"robots\" content=\"index, follow, max-snippet:-1, max-image-preview:large, max-video-preview:-1\" \/>\n<link rel=\"canonical\" href=\"https:\/\/web.umons.ac.be\/langage\/fr\/enseignement\/etudes\/debouches\/\" \/>\n<meta property=\"og:locale\" content=\"fr_FR\" \/>\n<meta property=\"og:type\" content=\"article\" \/>\n<meta property=\"og:title\" content=\"D\u00e9bouch\u00e9s - Institut \/ Langage\" \/>\n<meta property=\"og:description\" content=\"Les d\u00e9bouch\u00e9s sont nombreux et d\u00e9pendent de\u00a0la th\u00e9matique qui aura \u00e9t\u00e9 choisie. Des secteurs\u00a0tels que ceux de la logop\u00e9die, de l\u2019\u00e9ducation,\u00a0des entreprises, de la culture, des relations\u00a0internationales, etc. sont accessibles apr\u00e8s nos\u00a0formations. De plus, pour les \u00e9tudiants qui d\u00e9cident\u00a0de s\u2019orienter vers une fili\u00e8re scientifique, le\u00a0Master de sp\u00e9cialisation constitue une pr\u00e9paration\u00a0de choix pour le Doctorat. La [&hellip;]\" \/>\n<meta property=\"og:url\" content=\"https:\/\/web.umons.ac.be\/langage\/fr\/enseignement\/etudes\/debouches\/\" \/>\n<meta property=\"og:site_name\" content=\"Institut \/ Langage\" \/>\n<meta property=\"article:modified_time\" content=\"2017-09-22T13:39:24+00:00\" \/>\n<meta name=\"twitter:card\" content=\"summary_large_image\" \/>\n<meta name=\"twitter:label1\" content=\"Dur\u00e9e de lecture estim\u00e9e\" \/>\n\t<meta name=\"twitter:data1\" content=\"1 minute\" \/>\n<script type=\"application\/ld+json\" class=\"yoast-schema-graph\">{\"@context\":\"https:\/\/schema.org\",\"@graph\":[{\"@type\":\"WebPage\",\"@id\":\"https:\/\/web.umons.ac.be\/langage\/fr\/enseignement\/etudes\/debouches\/\",\"url\":\"https:\/\/web.umons.ac.be\/langage\/fr\/enseignement\/etudes\/debouches\/\",\"name\":\"D\u00e9bouch\u00e9s - Institut \/ Langage\",\"isPartOf\":{\"@id\":\"https:\/\/web.umons.ac.be\/langage\/#website\"},\"datePublished\":\"2017-09-22T13:39:23+00:00\",\"dateModified\":\"2017-09-22T13:39:24+00:00\",\"breadcrumb\":{\"@id\":\"https:\/\/web.umons.ac.be\/langage\/fr\/enseignement\/etudes\/debouches\/#breadcrumb\"},\"inLanguage\":\"fr-FR\",\"potentialAction\":[{\"@type\":\"ReadAction\",\"target\":[\"https:\/\/web.umons.ac.be\/langage\/fr\/enseignement\/etudes\/debouches\/\"]}]},{\"@type\":\"BreadcrumbList\",\"@id\":\"https:\/\/web.umons.ac.be\/langage\/fr\/enseignement\/etudes\/debouches\/#breadcrumb\",\"itemListElement\":[{\"@type\":\"ListItem\",\"position\":1,\"name\":\"Accueil\",\"item\":\"https:\/\/web.umons.ac.be\/langage\/fr\/\"},{\"@type\":\"ListItem\",\"position\":2,\"name\":\"Enseignement\",\"item\":\"https:\/\/web.umons.ac.be\/langage\/fr\/enseignement\/\"},{\"@type\":\"ListItem\",\"position\":3,\"name\":\"Etudes\",\"item\":\"https:\/\/web.umons.ac.be\/langage\/fr\/enseignement\/etudes\/\"},{\"@type\":\"ListItem\",\"position\":4,\"name\":\"D\u00e9bouch\u00e9s\"}]},{\"@type\":\"WebSite\",\"@id\":\"https:\/\/web.umons.ac.be\/langage\/#website\",\"url\":\"https:\/\/web.umons.ac.be\/langage\/\",\"name\":\"Institut \/ Langage\",\"description\":\"Un site utilisant Universit\u00e9 de Mons \u2013 UMONS\",\"potentialAction\":[{\"@type\":\"SearchAction\",\"target\":{\"@type\":\"EntryPoint\",\"urlTemplate\":\"https:\/\/web.umons.ac.be\/langage\/?s={search_term_string}\"},\"query-input\":{\"@type\":\"PropertyValueSpecification\",\"valueRequired\":true,\"valueName\":\"search_term_string\"}}],\"inLanguage\":\"fr-FR\"}]}<\/script>\n<!-- \/ Yoast SEO plugin. -->","yoast_head_json":{"title":"D\u00e9bouch\u00e9s - Institut \/ Langage","robots":{"index":"index","follow":"follow","max-snippet":"max-snippet:-1","max-image-preview":"max-image-preview:large","max-video-preview":"max-video-preview:-1"},"canonical":"https:\/\/web.umons.ac.be\/langage\/fr\/enseignement\/etudes\/debouches\/","og_locale":"fr_FR","og_type":"article","og_title":"D\u00e9bouch\u00e9s - Institut \/ Langage","og_description":"Les d\u00e9bouch\u00e9s sont nombreux et d\u00e9pendent de\u00a0la th\u00e9matique qui aura \u00e9t\u00e9 choisie. Des secteurs\u00a0tels que ceux de la logop\u00e9die, de l\u2019\u00e9ducation,\u00a0des entreprises, de la culture, des relations\u00a0internationales, etc. sont accessibles apr\u00e8s nos\u00a0formations. De plus, pour les \u00e9tudiants qui d\u00e9cident\u00a0de s\u2019orienter vers une fili\u00e8re scientifique, le\u00a0Master de sp\u00e9cialisation constitue une pr\u00e9paration\u00a0de choix pour le Doctorat. La [&hellip;]","og_url":"https:\/\/web.umons.ac.be\/langage\/fr\/enseignement\/etudes\/debouches\/","og_site_name":"Institut \/ Langage","article_modified_time":"2017-09-22T13:39:24+00:00","twitter_card":"summary_large_image","twitter_misc":{"Dur\u00e9e de lecture estim\u00e9e":"1 minute"},"schema":{"@context":"https:\/\/schema.org","@graph":[{"@type":"WebPage","@id":"https:\/\/web.umons.ac.be\/langage\/fr\/enseignement\/etudes\/debouches\/","url":"https:\/\/web.umons.ac.be\/langage\/fr\/enseignement\/etudes\/debouches\/","name":"D\u00e9bouch\u00e9s - Institut \/ Langage","isPartOf":{"@id":"https:\/\/web.umons.ac.be\/langage\/#website"},"datePublished":"2017-09-22T13:39:23+00:00","dateModified":"2017-09-22T13:39:24+00:00","breadcrumb":{"@id":"https:\/\/web.umons.ac.be\/langage\/fr\/enseignement\/etudes\/debouches\/#breadcrumb"},"inLanguage":"fr-FR","potentialAction":[{"@type":"ReadAction","target":["https:\/\/web.umons.ac.be\/langage\/fr\/enseignement\/etudes\/debouches\/"]}]},{"@type":"BreadcrumbList","@id":"https:\/\/web.umons.ac.be\/langage\/fr\/enseignement\/etudes\/debouches\/#breadcrumb","itemListElement":[{"@type":"ListItem","position":1,"name":"Accueil","item":"https:\/\/web.umons.ac.be\/langage\/fr\/"},{"@type":"ListItem","position":2,"name":"Enseignement","item":"https:\/\/web.umons.ac.be\/langage\/fr\/enseignement\/"},{"@type":"ListItem","position":3,"name":"Etudes","item":"https:\/\/web.umons.ac.be\/langage\/fr\/enseignement\/etudes\/"},{"@type":"ListItem","position":4,"name":"D\u00e9bouch\u00e9s"}]},{"@type":"WebSite","@id":"https:\/\/web.umons.ac.be\/langage\/#website","url":"https:\/\/web.umons.ac.be\/langage\/","name":"Institut \/ Langage","description":"Un site utilisant Universit\u00e9 de Mons \u2013 UMONS","potentialAction":[{"@type":"SearchAction","target":{"@type":"EntryPoint","urlTemplate":"https:\/\/web.umons.ac.be\/langage\/?s={search_term_string}"},"query-input":{"@type":"PropertyValueSpecification","valueRequired":true,"valueName":"search_term_string"}}],"inLanguage":"fr-FR"}]}},"lang":"fr","translations":{"fr":91},"pll_sync_post":[],"_links":{"self":[{"href":"https:\/\/web.umons.ac.be\/langage\/wp-json\/wp\/v2\/pages\/91","targetHints":{"allow":["GET"]}}],"collection":[{"href":"https:\/\/web.umons.ac.be\/langage\/wp-json\/wp\/v2\/pages"}],"about":[{"href":"https:\/\/web.umons.ac.be\/langage\/wp-json\/wp\/v2\/types\/page"}],"author":[{"embeddable":true,"href":"https:\/\/web.umons.ac.be\/langage\/wp-json\/wp\/v2\/users\/2"}],"replies":[{"embeddable":true,"href":"https:\/\/web.umons.ac.be\/langage\/wp-json\/wp\/v2\/comments?post=91"}],"version-history":[{"count":2,"href":"https:\/\/web.umons.ac.be\/langage\/wp-json\/wp\/v2\/pages\/91\/revisions"}],"predecessor-version":[{"id":93,"href":"https:\/\/web.umons.ac.be\/langage\/wp-json\/wp\/v2\/pages\/91\/revisions\/93"}],"up":[{"embeddable":true,"href":"https:\/\/web.umons.ac.be\/langage\/wp-json\/wp\/v2\/pages\/81"}],"wp:attachment":[{"href":"https:\/\/web.umons.ac.be\/langage\/wp-json\/wp\/v2\/media?parent=91"}],"curies":[{"name":"wp","href":"https:\/\/api.w.org\/{rel}","templated":true}]}}