{"id":22,"date":"2022-02-04T12:51:51","date_gmt":"2022-02-04T11:51:51","guid":{"rendered":"https:\/\/web.umons.ac.be\/lescedres\/?page_id=22"},"modified":"2024-10-29T13:47:36","modified_gmt":"2024-10-29T12:47:36","slug":"lequipe","status":"publish","type":"page","link":"https:\/\/web.umons.ac.be\/lescedres\/lequipe\/","title":{"rendered":"Qui sont LES CEDRES ?"},"content":{"rendered":"<p><span style=\"color: #009ee0; font-family: tahoma, arial, helvetica, sans-serif; font-size: 14pt;\"><strong>Le savais-tu\u00a0?<\/strong><\/span><\/p>\n<p><span style=\"font-family: tahoma, arial, helvetica, sans-serif;\">L\u2019ASBL a \u00e9t\u00e9 cr\u00e9\u00e9e en 1983 par le professeur Claude Marco, professeur de chimie \u00e0 l\u2019universit\u00e9 afin de permettre aux jeunes malentendants\/sourds d\u2019entreprendre des \u00e9tudes sup\u00e9rieures de leur choix avec les m\u00eames chances de r\u00e9ussite que les autres. <\/span><br \/>\n<span style=\"font-family: tahoma, arial, helvetica, sans-serif;\">\u00ab\u00a0CEDRES\u00a0\u00bb \u00e9tait l\u2019acronyme de <strong>C<\/strong>entre d&rsquo;<strong>E<\/strong>ducation et\u00a0<strong>D<\/strong>e\u00a0<strong>R<\/strong>\u00e9\u00e9ducation des\u00a0<strong>E<\/strong>nfants\/\u00e9tudiants\u00a0<strong>S<\/strong>ourds.<\/span><\/p>\n<p><span style=\"font-family: tahoma, arial, helvetica, sans-serif;\">\u00c0 pr\u00e9sent, \u00ab\u00a0CEDRES\u00a0\u00bb signifie CENTRE DE RECHERCHE ET D&rsquo;ACTION DE L&rsquo;UNIVERSITE DE MONS EN FAVEUR DES PERSONNES A BESOINS SPECIFIQUES \u2013 LES CEDRES \u2013 ASBL.<\/span><\/p>\n<p>&nbsp;<\/p>\n<p><span style=\"font-family: tahoma, arial, helvetica, sans-serif; color: #009ee0; font-size: 14pt;\"><strong>L\u2019\u00e9quipe<\/strong><\/span><\/p>\n<p><span style=\"font-family: tahoma, arial, helvetica, sans-serif;\">L\u2019aide p\u00e9dagogique est dispens\u00e9e par une \u00e9quipe qui se compose :<\/span><\/p>\n<ul>\n<li><span style=\"font-family: tahoma, arial, helvetica, sans-serif;\">de<span style=\"color: #009ee0;\"><strong> coordinateurs\/assistants p\u00e9dagogiques<\/strong>\u00a0<\/span>: leur r\u00f4le est d&rsquo;assurer le suivi p\u00e9dagogique de l&rsquo;\u00e9tudiant. Ils peuvent intervenir en prenant, restructurant, expliquant les notes de cours mais aussi en aidant \u00e0 l&rsquo;organisation et \u00e0 la planification de l\u2019emploi du temps de l\u2019\u00e9tudiant.<\/span><\/li>\n<\/ul>\n<p style=\"padding-left: 40px;\"><span style=\"font-family: tahoma, arial, helvetica, sans-serif;\">L\u2019\u00e9quipe de coordinateurs\/assistants est constitu\u00e9e :<\/span><\/p>\n<p style=\"padding-left: 80px;\"><span style=\"font-family: tahoma, arial, helvetica, sans-serif;\">&#8211; d\u2019une docteure en biologie (neuroscience) ;<br \/>\n<\/span><span style=\"font-family: tahoma, arial, helvetica, sans-serif;\">&#8211; d\u2019une docteure en sciences (chimie), qui conna\u00eet la langue des signes francophone belge (UE 12) ;<br \/>\n<\/span><span style=\"font-family: tahoma, arial, helvetica, sans-serif;\">&#8211; d\u2019un psychologue (sciences de la famille)\u00a0;<br \/>\n<\/span><span style=\"font-family: tahoma, arial, helvetica, sans-serif;\">&#8211; d\u2019une psychologue (orthop\u00e9dagogie), qui conna\u00eet la langue des signes francophone belge (UE 12);<br \/>\n<\/span><span style=\"font-family: tahoma, arial, helvetica, sans-serif;\">&#8211; d\u2019une <span class=\"ui-provider gz b c d e f g h i j k l m n o p q r s t u v w x y z ab ac ae af ag ah ai aj ak\" dir=\"ltr\">pharmacienne,<\/span>\u00a0interpr\u00e8te en langue des signes francophone belge et internationale ;<br \/>\n&#8211; d&rsquo;une logop\u00e8de \/ assistante p\u00e9dagogique.<\/span><\/p>\n<ul>\n<li><span style=\"font-family: tahoma, arial, helvetica, sans-serif;\">d\u2019une<strong><span style=\"color: #009ee0;\"> graphiste\/responsable des adaptations<\/span><\/strong>\u00a0: son r\u00f4le est d\u2019assurer les adaptions visuelles des cours et des \u00e9valuations en faisant des agrandissements, de la transcription braille, du thermogonflage, etc. De plus, elle r\u00e9alise et\/ou adapte des vid\u00e9os en langue des signes avec ou sans sous-titrage suivant la demande.<\/span><\/li>\n<li><span style=\"font-family: tahoma, arial, helvetica, sans-serif;\">d\u2019une <strong><span style=\"color: #009ee0;\">assistante sociale\/coordinatrice du service<\/span><\/strong>\u00a0: son r\u00f4le est d\u2019assurer l\u2019accueil et l\u2019accompagnement des \u00e9tudiants en situation de handicap, ainsi que la gestion de leurs dossiers. <\/span><br \/>\n<span style=\"font-family: tahoma, arial, helvetica, sans-serif;\">Elle s\u2019occupe \u00e9galement du secr\u00e9tariat du service.<\/span><\/li>\n<\/ul>\n<p><span style=\"font-family: tahoma, arial, helvetica, sans-serif;\">L&rsquo;ASBL \u00ab\u00a0LES CEDRES\u00a0\u00bb est pr\u00e9sid\u00e9 par le Professeur Alexandre LEGRAND, Doyen de la Facult\u00e9 de M\u00e9decine.<\/span><\/p>\n<p>&nbsp;<\/p>\n<h2><span style=\"color: #009ee0;\"><img loading=\"lazy\" decoding=\"async\" class=\"wp-image-316 alignleft\" src=\"https:\/\/web.umons.ac.be\/app\/uploads\/sites\/168\/2023\/04\/Cigle-LSFB.png\" alt=\"\" width=\"102\" height=\"119\" \/><\/span><\/h2>\n<h2><span style=\"color: #009ee0;\">Vid\u00e9os LSFB<\/span><\/h2>\n<p><a href=\"https:\/\/youtu.be\/LaSbUFWAuB8\">Le savais-tu ? &#8211; LSFB<\/a><\/p>\n<p><a href=\"https:\/\/youtu.be\/mehU5Hx8OcM\">L&rsquo;\u00e9quipe &#8211; LSFB<\/a><\/p>\n<p>&nbsp;<\/p>\n<p>&nbsp;<\/p>\n<h4>Retrouvez-nous sur&#8230;<\/h4>\n<h5 style=\"text-align: left;\"><img loading=\"lazy\" decoding=\"async\" class=\"wp-image-357 alignleft\" src=\"https:\/\/web.umons.ac.be\/app\/uploads\/sites\/168\/2023\/07\/Instagram-150x150.png\" alt=\"\" width=\"17\" height=\"17\" \/><a href=\"https:\/\/www.instagram.com\/lescedres_asbl\/\">Instagram<\/a><\/h5>\n<h5 style=\"text-align: left;\"><img loading=\"lazy\" decoding=\"async\" class=\"wp-image-358 alignleft\" src=\"https:\/\/web.umons.ac.be\/app\/uploads\/sites\/168\/2023\/07\/facebook.png\" alt=\"\" width=\"17\" height=\"17\" \/><a href=\"https:\/\/www.facebook.com\/LesCedresAsbl\/?locale=fr_FR\">Facebook\u00a0<\/a><\/h5>\n<h5><img loading=\"lazy\" decoding=\"async\" class=\"wp-image-360 alignleft\" src=\"https:\/\/web.umons.ac.be\/app\/uploads\/sites\/168\/2023\/07\/Youtube-300x215.png\" alt=\"\" width=\"17\" height=\"12\" \/><a href=\"https:\/\/www.youtube.com\/channel\/UCQUCVNJVq58cZdR1geIH8uA\">Youtube<\/a><\/h5>\n","protected":false},"excerpt":{"rendered":"<p>Le savais-tu\u00a0? L\u2019ASBL a \u00e9t\u00e9 cr\u00e9\u00e9e en 1983 par le professeur Claude Marco, professeur de chimie \u00e0 l\u2019universit\u00e9 afin de permettre aux jeunes malentendants\/sourds d\u2019entreprendre des \u00e9tudes sup\u00e9rieures de leur choix avec les m\u00eames chances de r\u00e9ussite que les autres. \u00ab\u00a0CEDRES\u00a0\u00bb \u00e9tait l\u2019acronyme de Centre d&rsquo;Education et\u00a0De\u00a0R\u00e9\u00e9ducation des\u00a0Enfants\/\u00e9tudiants\u00a0Sourds. \u00c0 pr\u00e9sent, \u00ab\u00a0CEDRES\u00a0\u00bb signifie CENTRE DE RECHERCHE [&hellip;]<\/p>\n","protected":false},"author":4,"featured_media":0,"parent":0,"menu_order":0,"comment_status":"closed","ping_status":"closed","template":"","meta":{"footnotes":""},"class_list":["post-22","page","type-page","status-publish","hentry"],"yoast_head":"<!-- This site is optimized with the Yoast SEO plugin v27.2 - https:\/\/yoast.com\/product\/yoast-seo-wordpress\/ -->\n<title>Qui sont LES CEDRES ? - LES CEDRES<\/title>\n<meta name=\"robots\" content=\"index, follow, max-snippet:-1, max-image-preview:large, max-video-preview:-1\" \/>\n<link rel=\"canonical\" href=\"https:\/\/web.umons.ac.be\/lescedres\/lequipe\/\" \/>\n<meta property=\"og:locale\" content=\"fr_FR\" \/>\n<meta property=\"og:type\" content=\"article\" \/>\n<meta property=\"og:title\" content=\"Qui sont LES CEDRES ? - LES CEDRES\" \/>\n<meta property=\"og:description\" content=\"Le savais-tu\u00a0? L\u2019ASBL a \u00e9t\u00e9 cr\u00e9\u00e9e en 1983 par le professeur Claude Marco, professeur de chimie \u00e0 l\u2019universit\u00e9 afin de permettre aux jeunes malentendants\/sourds d\u2019entreprendre des \u00e9tudes sup\u00e9rieures de leur choix avec les m\u00eames chances de r\u00e9ussite que les autres. \u00ab\u00a0CEDRES\u00a0\u00bb \u00e9tait l\u2019acronyme de Centre d&rsquo;Education et\u00a0De\u00a0R\u00e9\u00e9ducation des\u00a0Enfants\/\u00e9tudiants\u00a0Sourds. \u00c0 pr\u00e9sent, \u00ab\u00a0CEDRES\u00a0\u00bb signifie CENTRE DE RECHERCHE [&hellip;]\" \/>\n<meta property=\"og:url\" content=\"https:\/\/web.umons.ac.be\/lescedres\/lequipe\/\" \/>\n<meta property=\"og:site_name\" content=\"LES CEDRES\" \/>\n<meta property=\"article:modified_time\" content=\"2024-10-29T12:47:36+00:00\" \/>\n<meta property=\"og:image\" content=\"https:\/\/web.umons.ac.be\/app\/uploads\/sites\/168\/2023\/04\/Cigle-LSFB.png\" \/>\n<meta name=\"twitter:card\" content=\"summary_large_image\" \/>\n<meta name=\"twitter:label1\" content=\"Dur\u00e9e de lecture estim\u00e9e\" \/>\n\t<meta name=\"twitter:data1\" content=\"3 minutes\" \/>\n<script type=\"application\/ld+json\" class=\"yoast-schema-graph\">{\"@context\":\"https:\/\/schema.org\",\"@graph\":[{\"@type\":\"WebPage\",\"@id\":\"https:\/\/web.umons.ac.be\/lescedres\/lequipe\/\",\"url\":\"https:\/\/web.umons.ac.be\/lescedres\/lequipe\/\",\"name\":\"Qui sont LES CEDRES ? - LES CEDRES\",\"isPartOf\":{\"@id\":\"https:\/\/web.umons.ac.be\/lescedres\/#website\"},\"primaryImageOfPage\":{\"@id\":\"https:\/\/web.umons.ac.be\/lescedres\/lequipe\/#primaryimage\"},\"image\":{\"@id\":\"https:\/\/web.umons.ac.be\/lescedres\/lequipe\/#primaryimage\"},\"thumbnailUrl\":\"https:\/\/web.umons.ac.be\/app\/uploads\/sites\/168\/2023\/04\/Cigle-LSFB.png\",\"datePublished\":\"2022-02-04T11:51:51+00:00\",\"dateModified\":\"2024-10-29T12:47:36+00:00\",\"breadcrumb\":{\"@id\":\"https:\/\/web.umons.ac.be\/lescedres\/lequipe\/#breadcrumb\"},\"inLanguage\":\"fr-FR\",\"potentialAction\":[{\"@type\":\"ReadAction\",\"target\":[\"https:\/\/web.umons.ac.be\/lescedres\/lequipe\/\"]}]},{\"@type\":\"ImageObject\",\"inLanguage\":\"fr-FR\",\"@id\":\"https:\/\/web.umons.ac.be\/lescedres\/lequipe\/#primaryimage\",\"url\":\"https:\/\/web.umons.ac.be\/app\/uploads\/sites\/168\/2023\/04\/Cigle-LSFB.png\",\"contentUrl\":\"https:\/\/web.umons.ac.be\/app\/uploads\/sites\/168\/2023\/04\/Cigle-LSFB.png\"},{\"@type\":\"BreadcrumbList\",\"@id\":\"https:\/\/web.umons.ac.be\/lescedres\/lequipe\/#breadcrumb\",\"itemListElement\":[{\"@type\":\"ListItem\",\"position\":1,\"name\":\"Home\",\"item\":\"https:\/\/web.umons.ac.be\/lescedres\/\"},{\"@type\":\"ListItem\",\"position\":2,\"name\":\"Qui sont LES CEDRES ?\"}]},{\"@type\":\"WebSite\",\"@id\":\"https:\/\/web.umons.ac.be\/lescedres\/#website\",\"url\":\"https:\/\/web.umons.ac.be\/lescedres\/\",\"name\":\"LES CEDRES\",\"description\":\"Un site utilisant Universit\u00e9 de Mons \u2013 UMONS\",\"potentialAction\":[{\"@type\":\"SearchAction\",\"target\":{\"@type\":\"EntryPoint\",\"urlTemplate\":\"https:\/\/web.umons.ac.be\/lescedres\/?s={search_term_string}\"},\"query-input\":{\"@type\":\"PropertyValueSpecification\",\"valueRequired\":true,\"valueName\":\"search_term_string\"}}],\"inLanguage\":\"fr-FR\"}]}<\/script>\n<!-- \/ Yoast SEO plugin. -->","yoast_head_json":{"title":"Qui sont LES CEDRES ? - LES CEDRES","robots":{"index":"index","follow":"follow","max-snippet":"max-snippet:-1","max-image-preview":"max-image-preview:large","max-video-preview":"max-video-preview:-1"},"canonical":"https:\/\/web.umons.ac.be\/lescedres\/lequipe\/","og_locale":"fr_FR","og_type":"article","og_title":"Qui sont LES CEDRES ? - LES CEDRES","og_description":"Le savais-tu\u00a0? L\u2019ASBL a \u00e9t\u00e9 cr\u00e9\u00e9e en 1983 par le professeur Claude Marco, professeur de chimie \u00e0 l\u2019universit\u00e9 afin de permettre aux jeunes malentendants\/sourds d\u2019entreprendre des \u00e9tudes sup\u00e9rieures de leur choix avec les m\u00eames chances de r\u00e9ussite que les autres. \u00ab\u00a0CEDRES\u00a0\u00bb \u00e9tait l\u2019acronyme de Centre d&rsquo;Education et\u00a0De\u00a0R\u00e9\u00e9ducation des\u00a0Enfants\/\u00e9tudiants\u00a0Sourds. \u00c0 pr\u00e9sent, \u00ab\u00a0CEDRES\u00a0\u00bb signifie CENTRE DE RECHERCHE [&hellip;]","og_url":"https:\/\/web.umons.ac.be\/lescedres\/lequipe\/","og_site_name":"LES CEDRES","article_modified_time":"2024-10-29T12:47:36+00:00","og_image":[{"url":"https:\/\/web.umons.ac.be\/app\/uploads\/sites\/168\/2023\/04\/Cigle-LSFB.png","type":"","width":"","height":""}],"twitter_card":"summary_large_image","twitter_misc":{"Dur\u00e9e de lecture estim\u00e9e":"3 minutes"},"schema":{"@context":"https:\/\/schema.org","@graph":[{"@type":"WebPage","@id":"https:\/\/web.umons.ac.be\/lescedres\/lequipe\/","url":"https:\/\/web.umons.ac.be\/lescedres\/lequipe\/","name":"Qui sont LES CEDRES ? - LES CEDRES","isPartOf":{"@id":"https:\/\/web.umons.ac.be\/lescedres\/#website"},"primaryImageOfPage":{"@id":"https:\/\/web.umons.ac.be\/lescedres\/lequipe\/#primaryimage"},"image":{"@id":"https:\/\/web.umons.ac.be\/lescedres\/lequipe\/#primaryimage"},"thumbnailUrl":"https:\/\/web.umons.ac.be\/app\/uploads\/sites\/168\/2023\/04\/Cigle-LSFB.png","datePublished":"2022-02-04T11:51:51+00:00","dateModified":"2024-10-29T12:47:36+00:00","breadcrumb":{"@id":"https:\/\/web.umons.ac.be\/lescedres\/lequipe\/#breadcrumb"},"inLanguage":"fr-FR","potentialAction":[{"@type":"ReadAction","target":["https:\/\/web.umons.ac.be\/lescedres\/lequipe\/"]}]},{"@type":"ImageObject","inLanguage":"fr-FR","@id":"https:\/\/web.umons.ac.be\/lescedres\/lequipe\/#primaryimage","url":"https:\/\/web.umons.ac.be\/app\/uploads\/sites\/168\/2023\/04\/Cigle-LSFB.png","contentUrl":"https:\/\/web.umons.ac.be\/app\/uploads\/sites\/168\/2023\/04\/Cigle-LSFB.png"},{"@type":"BreadcrumbList","@id":"https:\/\/web.umons.ac.be\/lescedres\/lequipe\/#breadcrumb","itemListElement":[{"@type":"ListItem","position":1,"name":"Home","item":"https:\/\/web.umons.ac.be\/lescedres\/"},{"@type":"ListItem","position":2,"name":"Qui sont LES CEDRES ?"}]},{"@type":"WebSite","@id":"https:\/\/web.umons.ac.be\/lescedres\/#website","url":"https:\/\/web.umons.ac.be\/lescedres\/","name":"LES CEDRES","description":"Un site utilisant Universit\u00e9 de Mons \u2013 UMONS","potentialAction":[{"@type":"SearchAction","target":{"@type":"EntryPoint","urlTemplate":"https:\/\/web.umons.ac.be\/lescedres\/?s={search_term_string}"},"query-input":{"@type":"PropertyValueSpecification","valueRequired":true,"valueName":"search_term_string"}}],"inLanguage":"fr-FR"}]}},"lang":"fr","translations":{"fr":22},"pll_sync_post":[],"_links":{"self":[{"href":"https:\/\/web.umons.ac.be\/lescedres\/wp-json\/wp\/v2\/pages\/22","targetHints":{"allow":["GET"]}}],"collection":[{"href":"https:\/\/web.umons.ac.be\/lescedres\/wp-json\/wp\/v2\/pages"}],"about":[{"href":"https:\/\/web.umons.ac.be\/lescedres\/wp-json\/wp\/v2\/types\/page"}],"author":[{"embeddable":true,"href":"https:\/\/web.umons.ac.be\/lescedres\/wp-json\/wp\/v2\/users\/4"}],"replies":[{"embeddable":true,"href":"https:\/\/web.umons.ac.be\/lescedres\/wp-json\/wp\/v2\/comments?post=22"}],"version-history":[{"count":5,"href":"https:\/\/web.umons.ac.be\/lescedres\/wp-json\/wp\/v2\/pages\/22\/revisions"}],"predecessor-version":[{"id":418,"href":"https:\/\/web.umons.ac.be\/lescedres\/wp-json\/wp\/v2\/pages\/22\/revisions\/418"}],"wp:attachment":[{"href":"https:\/\/web.umons.ac.be\/lescedres\/wp-json\/wp\/v2\/media?parent=22"}],"curies":[{"name":"wp","href":"https:\/\/api.w.org\/{rel}","templated":true}]}}