{"id":36,"date":"2022-02-04T13:01:56","date_gmt":"2022-02-04T12:01:56","guid":{"rendered":"https:\/\/web.umons.ac.be\/lescedres\/?page_id=36"},"modified":"2023-04-04T11:17:42","modified_gmt":"2023-04-04T09:17:42","slug":"laide-pour-qui","status":"publish","type":"page","link":"https:\/\/web.umons.ac.be\/lescedres\/laide-pour-qui\/","title":{"rendered":"L&rsquo;aide pour qui ?"},"content":{"rendered":"<h1><span style=\"font-family: tahoma, arial, helvetica, sans-serif;\"><img loading=\"lazy\" decoding=\"async\" class=\"alignnone size-full wp-image-173\" src=\"https:\/\/web.umons.ac.be\/app\/uploads\/sites\/168\/2023\/03\/Image.png\" alt=\"\" width=\"1001\" height=\"707\" \/>Qui peut b\u00e9n\u00e9ficier de l&rsquo;aide p\u00e9dagogique ?<\/span><\/h1>\n<p><img class=\"alignnone size-full wp-image-129\" alt=\"\" \/><\/p>\n<p><img class=\"alignnone size-full wp-image-129\" alt=\"\" \/><\/p>\n<p><span style=\"font-family: tahoma, arial, helvetica, sans-serif;\">Tout \u00e9tudiant pr\u00e9sentant <\/span><span style=\"font-family: tahoma, arial, helvetica, sans-serif;\">une d\u00e9ficience av\u00e9r\u00e9e telle que :<\/span><\/p>\n<ul>\n<li><span style=\"font-family: tahoma, arial, helvetica, sans-serif;\"><span style=\"color: #009ee0;\"><span style=\"color: #5f686b;\">un<\/span><strong> trouble sensoriel et\/ou un trouble moteur<\/strong> <\/span>;<\/span><\/li>\n<li><span style=\"font-family: tahoma, arial, helvetica, sans-serif;\">un<span style=\"color: #009ee0;\"> <strong>trouble neurod\u00e9veloppemental<\/strong><\/span> :<\/span><\/li>\n<\/ul>\n<p style=\"padding-left: 40px;\"><span style=\"font-family: tahoma, arial, helvetica, sans-serif; font-size: 14px;\">&#8211; trouble du langage \u00e9crit\u00a0 (<span style=\"font-family: tahoma, arial, helvetica, sans-serif;\">dyslexie, dysorthographie et dysgraphie<\/span>) ;<\/span><\/p>\n<p style=\"padding-left: 40px;\"><span style=\"font-family: tahoma, arial, helvetica, sans-serif; color: #5f686b;\">&#8211; trouble d\u00e9veloppemental de la coordination (dyspraxie) ;<\/span><\/p>\n<p style=\"padding-left: 40px;\"><span style=\"font-family: tahoma, arial, helvetica, sans-serif; color: #5f686b;\">&#8211; trouble du raisonnement logicomath\u00e9matique (dyscalculie) ;<\/span><\/p>\n<p style=\"padding-left: 40px;\"><span style=\"font-family: tahoma, arial, helvetica, sans-serif; color: #5f686b;\">&#8211; trouble du langage oral (dysphasie) ;<\/span><\/p>\n<p style=\"padding-left: 40px;\"><span style=\"font-family: tahoma, arial, helvetica, sans-serif; color: #5f686b;\">&#8211; trouble de la communication ;<\/span><\/p>\n<p style=\"padding-left: 40px;\"><span style=\"font-family: tahoma, arial, helvetica, sans-serif; color: #5f686b;\">&#8211; trouble d\u00e9ficitaire de l\u2019attention avec ou sans hyperactivit\u00e9 (TDA\/H) ;<\/span><\/p>\n<p style=\"padding-left: 40px;\"><span style=\"font-family: tahoma, arial, helvetica, sans-serif; color: #5f686b;\">&#8211; trouble du spectre de l\u2019autisme (TSA).<\/span><\/p>\n<ul>\n<li style=\"text-align: left;\"><span style=\"font-family: tahoma, arial, helvetica, sans-serif;\"><span style=\"color: #5f686b;\">un <\/span><span style=\"color: #009ee0;\"><strong>trouble de la sant\u00e9 ou un trouble de la sant\u00e9 mentale<\/strong><\/span>, faisant obstacle \u00e0 sa pleine et effective participation \u00e0 la vie acad\u00e9mique sur base de l\u2019\u00e9galit\u00e9 avec les autres\u00a0;<\/span><\/li>\n<\/ul>\n<p><span style=\"font-family: tahoma, arial, helvetica, sans-serif;\">et qui souhaite entreprendre des \u00e9tudes sup\u00e9rieures, universitaires ou non universitaires, tous r\u00e9seaux confondus<br \/>\n(Communaut\u00e9 fran\u00e7aise &#8211; Officiel subventionn\u00e9 &#8211; Libre subventionn\u00e9), tant dans l&rsquo;enseignement de plein exercice qu&rsquo;en promotion sociale.<\/span><\/p>\n<p><span style=\"font-family: tahoma, arial, helvetica, sans-serif;\">De plus une aide ponctuelle peut \u00eatre fournie lors de formations professionnalisantes.<\/span><\/p>\n<p><span style=\"font-family: tahoma, arial, helvetica, sans-serif;\">LES CEDRES est un service d\u2019accompagnement reconnu par l&rsquo; <a href=\"https:\/\/www.aviq.be\">AVIQ<\/a> (Agence pour une Vie de Qualit\u00e9), le <a href=\"https:\/\/phare.irisnet.be\">Service PHARE<\/a> (Personne Handicap\u00e9e Autonomie Recherch\u00e9e) et d\u2019autres organismes \u00e9quivalents.<\/span><\/p>\n<p><span style=\"font-family: tahoma, arial, helvetica, sans-serif;\">L&rsquo;\u00e9tudiant b\u00e9n\u00e9ficie\u00a0gratuitement\u00a0de cette aide.<\/span><\/p>\n<p>&nbsp;<\/p>\n<h2><\/h2>\n<h2><\/h2>\n<h2 style=\"font-style: normal; font-variant-ligatures: normal; font-variant-caps: normal;\"><\/h2>\n<h2><\/h2>\n<h2><\/h2>\n<h2><span style=\"color: #009ee0;\"><img loading=\"lazy\" decoding=\"async\" class=\"wp-image-316 alignleft\" src=\"https:\/\/web.umons.ac.be\/app\/uploads\/sites\/168\/2023\/04\/Cigle-LSFB.png\" alt=\"\" width=\"102\" height=\"119\" \/><\/span><\/h2>\n<h2><span style=\"color: #009ee0;\">Vid\u00e9o LSFB<\/span><\/h2>\n<p>&nbsp;<\/p>\n<p><a href=\"https:\/\/youtu.be\/RcOF7PwwVHA\">Qui peut b\u00e9n\u00e9ficier de l\u2019aide p\u00e9dagogique ? &#8211; LSFB<\/a><\/p>\n","protected":false},"excerpt":{"rendered":"<p>Qui peut b\u00e9n\u00e9ficier de l&rsquo;aide p\u00e9dagogique ? Tout \u00e9tudiant pr\u00e9sentant une d\u00e9ficience av\u00e9r\u00e9e telle que : un trouble sensoriel et\/ou un trouble moteur ; un trouble neurod\u00e9veloppemental : &#8211; trouble du langage \u00e9crit\u00a0 (dyslexie, dysorthographie et dysgraphie) ; &#8211; trouble d\u00e9veloppemental de la coordination (dyspraxie) ; &#8211; trouble du raisonnement logicomath\u00e9matique (dyscalculie) ; &#8211; trouble [&hellip;]<\/p>\n","protected":false},"author":4,"featured_media":0,"parent":0,"menu_order":0,"comment_status":"closed","ping_status":"closed","template":"","meta":{"footnotes":""},"class_list":["post-36","page","type-page","status-publish","hentry"],"yoast_head":"<!-- This site is optimized with the Yoast SEO plugin v27.2 - https:\/\/yoast.com\/product\/yoast-seo-wordpress\/ -->\n<title>L&#039;aide pour qui ? - LES CEDRES<\/title>\n<meta name=\"robots\" content=\"index, follow, max-snippet:-1, max-image-preview:large, max-video-preview:-1\" \/>\n<link rel=\"canonical\" href=\"https:\/\/web.umons.ac.be\/lescedres\/laide-pour-qui\/\" \/>\n<meta property=\"og:locale\" content=\"fr_FR\" \/>\n<meta property=\"og:type\" content=\"article\" \/>\n<meta property=\"og:title\" content=\"L&#039;aide pour qui ? - LES CEDRES\" \/>\n<meta property=\"og:description\" content=\"Qui peut b\u00e9n\u00e9ficier de l&rsquo;aide p\u00e9dagogique ? Tout \u00e9tudiant pr\u00e9sentant une d\u00e9ficience av\u00e9r\u00e9e telle que : un trouble sensoriel et\/ou un trouble moteur ; un trouble neurod\u00e9veloppemental : &#8211; trouble du langage \u00e9crit\u00a0 (dyslexie, dysorthographie et dysgraphie) ; &#8211; trouble d\u00e9veloppemental de la coordination (dyspraxie) ; &#8211; trouble du raisonnement logicomath\u00e9matique (dyscalculie) ; &#8211; trouble [&hellip;]\" \/>\n<meta property=\"og:url\" content=\"https:\/\/web.umons.ac.be\/lescedres\/laide-pour-qui\/\" \/>\n<meta property=\"og:site_name\" content=\"LES CEDRES\" \/>\n<meta property=\"article:modified_time\" content=\"2023-04-04T09:17:42+00:00\" \/>\n<meta property=\"og:image\" content=\"https:\/\/web.umons.ac.be\/app\/uploads\/sites\/168\/2023\/03\/Image.png\" \/>\n<meta name=\"twitter:card\" content=\"summary_large_image\" \/>\n<meta name=\"twitter:label1\" content=\"Dur\u00e9e de lecture estim\u00e9e\" \/>\n\t<meta name=\"twitter:data1\" content=\"2 minutes\" \/>\n<script type=\"application\/ld+json\" class=\"yoast-schema-graph\">{\"@context\":\"https:\/\/schema.org\",\"@graph\":[{\"@type\":\"WebPage\",\"@id\":\"https:\/\/web.umons.ac.be\/lescedres\/laide-pour-qui\/\",\"url\":\"https:\/\/web.umons.ac.be\/lescedres\/laide-pour-qui\/\",\"name\":\"L'aide pour qui ? - LES CEDRES\",\"isPartOf\":{\"@id\":\"https:\/\/web.umons.ac.be\/lescedres\/#website\"},\"primaryImageOfPage\":{\"@id\":\"https:\/\/web.umons.ac.be\/lescedres\/laide-pour-qui\/#primaryimage\"},\"image\":{\"@id\":\"https:\/\/web.umons.ac.be\/lescedres\/laide-pour-qui\/#primaryimage\"},\"thumbnailUrl\":\"https:\/\/web.umons.ac.be\/app\/uploads\/sites\/168\/2023\/03\/Image.png\",\"datePublished\":\"2022-02-04T12:01:56+00:00\",\"dateModified\":\"2023-04-04T09:17:42+00:00\",\"breadcrumb\":{\"@id\":\"https:\/\/web.umons.ac.be\/lescedres\/laide-pour-qui\/#breadcrumb\"},\"inLanguage\":\"fr-FR\",\"potentialAction\":[{\"@type\":\"ReadAction\",\"target\":[\"https:\/\/web.umons.ac.be\/lescedres\/laide-pour-qui\/\"]}]},{\"@type\":\"ImageObject\",\"inLanguage\":\"fr-FR\",\"@id\":\"https:\/\/web.umons.ac.be\/lescedres\/laide-pour-qui\/#primaryimage\",\"url\":\"https:\/\/web.umons.ac.be\/app\/uploads\/sites\/168\/2023\/03\/Image.png\",\"contentUrl\":\"https:\/\/web.umons.ac.be\/app\/uploads\/sites\/168\/2023\/03\/Image.png\"},{\"@type\":\"BreadcrumbList\",\"@id\":\"https:\/\/web.umons.ac.be\/lescedres\/laide-pour-qui\/#breadcrumb\",\"itemListElement\":[{\"@type\":\"ListItem\",\"position\":1,\"name\":\"Home\",\"item\":\"https:\/\/web.umons.ac.be\/lescedres\/\"},{\"@type\":\"ListItem\",\"position\":2,\"name\":\"L&rsquo;aide pour qui ?\"}]},{\"@type\":\"WebSite\",\"@id\":\"https:\/\/web.umons.ac.be\/lescedres\/#website\",\"url\":\"https:\/\/web.umons.ac.be\/lescedres\/\",\"name\":\"LES CEDRES\",\"description\":\"Un site utilisant Universit\u00e9 de Mons \u2013 UMONS\",\"potentialAction\":[{\"@type\":\"SearchAction\",\"target\":{\"@type\":\"EntryPoint\",\"urlTemplate\":\"https:\/\/web.umons.ac.be\/lescedres\/?s={search_term_string}\"},\"query-input\":{\"@type\":\"PropertyValueSpecification\",\"valueRequired\":true,\"valueName\":\"search_term_string\"}}],\"inLanguage\":\"fr-FR\"}]}<\/script>\n<!-- \/ Yoast SEO plugin. -->","yoast_head_json":{"title":"L'aide pour qui ? - LES CEDRES","robots":{"index":"index","follow":"follow","max-snippet":"max-snippet:-1","max-image-preview":"max-image-preview:large","max-video-preview":"max-video-preview:-1"},"canonical":"https:\/\/web.umons.ac.be\/lescedres\/laide-pour-qui\/","og_locale":"fr_FR","og_type":"article","og_title":"L'aide pour qui ? - LES CEDRES","og_description":"Qui peut b\u00e9n\u00e9ficier de l&rsquo;aide p\u00e9dagogique ? Tout \u00e9tudiant pr\u00e9sentant une d\u00e9ficience av\u00e9r\u00e9e telle que : un trouble sensoriel et\/ou un trouble moteur ; un trouble neurod\u00e9veloppemental : &#8211; trouble du langage \u00e9crit\u00a0 (dyslexie, dysorthographie et dysgraphie) ; &#8211; trouble d\u00e9veloppemental de la coordination (dyspraxie) ; &#8211; trouble du raisonnement logicomath\u00e9matique (dyscalculie) ; &#8211; trouble [&hellip;]","og_url":"https:\/\/web.umons.ac.be\/lescedres\/laide-pour-qui\/","og_site_name":"LES CEDRES","article_modified_time":"2023-04-04T09:17:42+00:00","og_image":[{"url":"https:\/\/web.umons.ac.be\/app\/uploads\/sites\/168\/2023\/03\/Image.png","type":"","width":"","height":""}],"twitter_card":"summary_large_image","twitter_misc":{"Dur\u00e9e de lecture estim\u00e9e":"2 minutes"},"schema":{"@context":"https:\/\/schema.org","@graph":[{"@type":"WebPage","@id":"https:\/\/web.umons.ac.be\/lescedres\/laide-pour-qui\/","url":"https:\/\/web.umons.ac.be\/lescedres\/laide-pour-qui\/","name":"L'aide pour qui ? - LES CEDRES","isPartOf":{"@id":"https:\/\/web.umons.ac.be\/lescedres\/#website"},"primaryImageOfPage":{"@id":"https:\/\/web.umons.ac.be\/lescedres\/laide-pour-qui\/#primaryimage"},"image":{"@id":"https:\/\/web.umons.ac.be\/lescedres\/laide-pour-qui\/#primaryimage"},"thumbnailUrl":"https:\/\/web.umons.ac.be\/app\/uploads\/sites\/168\/2023\/03\/Image.png","datePublished":"2022-02-04T12:01:56+00:00","dateModified":"2023-04-04T09:17:42+00:00","breadcrumb":{"@id":"https:\/\/web.umons.ac.be\/lescedres\/laide-pour-qui\/#breadcrumb"},"inLanguage":"fr-FR","potentialAction":[{"@type":"ReadAction","target":["https:\/\/web.umons.ac.be\/lescedres\/laide-pour-qui\/"]}]},{"@type":"ImageObject","inLanguage":"fr-FR","@id":"https:\/\/web.umons.ac.be\/lescedres\/laide-pour-qui\/#primaryimage","url":"https:\/\/web.umons.ac.be\/app\/uploads\/sites\/168\/2023\/03\/Image.png","contentUrl":"https:\/\/web.umons.ac.be\/app\/uploads\/sites\/168\/2023\/03\/Image.png"},{"@type":"BreadcrumbList","@id":"https:\/\/web.umons.ac.be\/lescedres\/laide-pour-qui\/#breadcrumb","itemListElement":[{"@type":"ListItem","position":1,"name":"Home","item":"https:\/\/web.umons.ac.be\/lescedres\/"},{"@type":"ListItem","position":2,"name":"L&rsquo;aide pour qui ?"}]},{"@type":"WebSite","@id":"https:\/\/web.umons.ac.be\/lescedres\/#website","url":"https:\/\/web.umons.ac.be\/lescedres\/","name":"LES CEDRES","description":"Un site utilisant Universit\u00e9 de Mons \u2013 UMONS","potentialAction":[{"@type":"SearchAction","target":{"@type":"EntryPoint","urlTemplate":"https:\/\/web.umons.ac.be\/lescedres\/?s={search_term_string}"},"query-input":{"@type":"PropertyValueSpecification","valueRequired":true,"valueName":"search_term_string"}}],"inLanguage":"fr-FR"}]}},"lang":"fr","translations":{"fr":36},"pll_sync_post":[],"_links":{"self":[{"href":"https:\/\/web.umons.ac.be\/lescedres\/wp-json\/wp\/v2\/pages\/36","targetHints":{"allow":["GET"]}}],"collection":[{"href":"https:\/\/web.umons.ac.be\/lescedres\/wp-json\/wp\/v2\/pages"}],"about":[{"href":"https:\/\/web.umons.ac.be\/lescedres\/wp-json\/wp\/v2\/types\/page"}],"author":[{"embeddable":true,"href":"https:\/\/web.umons.ac.be\/lescedres\/wp-json\/wp\/v2\/users\/4"}],"replies":[{"embeddable":true,"href":"https:\/\/web.umons.ac.be\/lescedres\/wp-json\/wp\/v2\/comments?post=36"}],"version-history":[{"count":4,"href":"https:\/\/web.umons.ac.be\/lescedres\/wp-json\/wp\/v2\/pages\/36\/revisions"}],"predecessor-version":[{"id":322,"href":"https:\/\/web.umons.ac.be\/lescedres\/wp-json\/wp\/v2\/pages\/36\/revisions\/322"}],"wp:attachment":[{"href":"https:\/\/web.umons.ac.be\/lescedres\/wp-json\/wp\/v2\/media?parent=36"}],"curies":[{"name":"wp","href":"https:\/\/api.w.org\/{rel}","templated":true}]}}