{"id":441,"date":"2025-07-14T09:12:35","date_gmt":"2025-07-14T07:12:35","guid":{"rendered":"https:\/\/web.umons.ac.be\/lescedres\/?page_id=441"},"modified":"2025-07-14T09:50:20","modified_gmt":"2025-07-14T07:50:20","slug":"vers-quel-specialiste-se-tourner-pour-completer-lattestation-dexpertise-medicale","status":"publish","type":"page","link":"https:\/\/web.umons.ac.be\/lescedres\/vers-quel-specialiste-se-tourner-pour-completer-lattestation-dexpertise-medicale\/","title":{"rendered":"Vers quel sp\u00e9cialiste se tourner pour compl\u00e9ter l\u2019attestation d\u2019expertise m\u00e9dicale ?"},"content":{"rendered":"<p><span style=\"color: #009ee0; font-family: tahoma, arial, helvetica, sans-serif;\"><span style=\"font-size: 12pt;\"><strong>En cas de d\u00e9ficience visuelle<\/strong><\/span>\u00a0<\/span><\/p>\n<p><span style=\"font-family: tahoma, arial, helvetica, sans-serif;\">L\u2019attestation d\u2019expertise m\u00e9dicale doit \u00eatre compl\u00e9t\u00e9e et sign\u00e9e par un <strong>ophtalmologue<\/strong>.<\/span><\/p>\n<p><span style=\"font-family: tahoma, arial, helvetica, sans-serif;\">Vous pouvez \u00e9galement fournir une attestation de reconnaissance du handicap par l\u2019<strong>AVIQ<\/strong>, le <strong>Service PHARE<\/strong> ou le <strong>SPF S\u00e9curit\u00e9 Sociale<\/strong>.<\/span><\/p>\n<p><span style=\"color: #009ee0; font-family: tahoma, arial, helvetica, sans-serif; font-size: 12pt;\"><strong>En cas de d\u00e9ficience auditive<\/strong><\/span><\/p>\n<p><span style=\"font-family: tahoma, arial, helvetica, sans-serif;\">L\u2019attestation d\u2019expertise m\u00e9dicale doit \u00eatre compl\u00e9t\u00e9e et sign\u00e9e par un(e) <strong>ORL<\/strong> (Oto-Rhino-Laryngologue).<\/span><\/p>\n<p><span style=\"font-family: tahoma, arial, helvetica, sans-serif;\">Vous pouvez \u00e9galement fournir une attestation de reconnaissance du handicap par l\u2019<strong>AVIQ<\/strong>, le <strong>Service PHARE<\/strong> ou le <strong>SPF S\u00e9curit\u00e9 Sociale<\/strong>.<\/span><\/p>\n<p><span style=\"font-family: tahoma, arial, helvetica, sans-serif; font-size: 12pt;\"><span style=\"color: #009ee0;\"><strong>En cas de d\u00e9ficience motrice<\/strong><\/span>\u00a0<\/span><\/p>\n<p><span style=\"font-family: tahoma, arial, helvetica, sans-serif;\">L\u2019attestation d\u2019expertise m\u00e9dicale doit \u00eatre compl\u00e9t\u00e9e et sign\u00e9e par un <strong>sp\u00e9cialiste dans le domaine m\u00e9dical concern\u00e9<\/strong>.<\/span><\/p>\n<p><span style=\"font-family: tahoma, arial, helvetica, sans-serif;\">Vous pouvez \u00e9galement fournir une attestation de reconnaissance du handicap par l\u2019<strong>AVIQ<\/strong>, le <strong>Service PHARE<\/strong> ou le <strong>SPF S\u00e9curit\u00e9 Sociale<\/strong>.<\/span><\/p>\n<p><span style=\"font-family: tahoma, arial, helvetica, sans-serif;\"><span style=\"font-size: 12pt;\"><strong>\u00a0<\/strong><span style=\"color: #009ee0;\"><strong>En cas de trouble neurod\u00e9veloppemental <\/strong><\/span><\/span>(fournir un bilan datant de deux ans maximum) :<\/span><\/p>\n<ul>\n<li><span style=\"font-family: tahoma, arial, helvetica, sans-serif; color: #029687;\"><strong>trouble du langage \u00e9crit (dyslexie, dysorthographie et dysgraphie)<\/strong>\u00a0<\/span><\/li>\n<\/ul>\n<p style=\"padding-left: 40px;\"><span style=\"font-family: tahoma, arial, helvetica, sans-serif;\">L\u2019attestation d\u2019expertise m\u00e9dicale peut \u00eatre compl\u00e9t\u00e9e et sign\u00e9e par un(e) <strong>logop\u00e8de<\/strong>, un(e) <strong>neuropsychologue<\/strong> ou<br \/>\nun(e) <strong>neurologue<\/strong>.<\/span><\/p>\n<ul>\n<li><span style=\"color: #029687; font-family: tahoma, arial, helvetica, sans-serif;\"><strong>trouble d\u00e9veloppemental de la coordination (dyspraxie)<\/strong><\/span><\/li>\n<\/ul>\n<p style=\"padding-left: 40px;\"><span style=\"font-family: tahoma, arial, helvetica, sans-serif;\">L\u2019attestation d\u2019expertise m\u00e9dicale peut \u00eatre compl\u00e9t\u00e9e et sign\u00e9e par un(e) <strong>logop\u00e8de<\/strong>, un(e) <strong>neuropsychologue<\/strong> ou<br \/>\nun(e) <strong>neurologue<\/strong>.<\/span><\/p>\n<ul>\n<li><span style=\"color: #029687; font-family: tahoma, arial, helvetica, sans-serif;\"><strong>trouble du raisonnement logicomath\u00e9matique<\/strong> <strong>(dyscalculie)<\/strong><\/span><\/li>\n<\/ul>\n<p style=\"padding-left: 40px;\"><span style=\"font-family: tahoma, arial, helvetica, sans-serif;\">L\u2019attestation d\u2019expertise m\u00e9dicale peut \u00eatre compl\u00e9t\u00e9e et sign\u00e9e par un(e) <strong>logop\u00e8de<\/strong>, un(e) <strong>neuropsychologue<\/strong> ou<br \/>\nun(e) <strong>neurologue<\/strong>.<\/span><\/p>\n<ul>\n<li><span style=\"color: #029687; font-family: tahoma, arial, helvetica, sans-serif;\"><strong>trouble du langage oral (dysphasie)<\/strong><\/span><\/li>\n<\/ul>\n<p style=\"padding-left: 40px;\"><span style=\"font-family: tahoma, arial, helvetica, sans-serif;\">L\u2019attestation d\u2019expertise m\u00e9dicale peut \u00eatre compl\u00e9t\u00e9e et sign\u00e9e par un(e) <strong>logop\u00e8de<\/strong>, un(e) <strong>neuropsychologue<\/strong> ou<br \/>\nun(e) <strong>neurologue<\/strong>.<\/span><\/p>\n<ul>\n<li><span style=\"font-family: tahoma, arial, helvetica, sans-serif; color: #029687;\"><strong>trouble de la communication\u00a0<\/strong><\/span><\/li>\n<\/ul>\n<p style=\"padding-left: 40px;\"><span style=\"font-family: tahoma, arial, helvetica, sans-serif;\">L\u2019attestation d\u2019expertise m\u00e9dicale peut \u00eatre compl\u00e9t\u00e9e et sign\u00e9e par un(e) <strong>logop\u00e8de<\/strong>, un(e) <strong>ORL<\/strong> (Oto-Rhino-Laryngologue),<br \/>\nun(e) <strong>neuropsychologue<\/strong> ou un(e) <strong>neurologue<\/strong>.<\/span><\/p>\n<ul>\n<li><span style=\"color: #029687; font-family: tahoma, arial, helvetica, sans-serif;\"><strong>trouble d\u00e9ficitaire de l\u2019attention avec ou sans hyperactivit\u00e9 (TDA\/H)<\/strong><\/span><\/li>\n<\/ul>\n<p style=\"padding-left: 40px;\"><span style=\"font-family: tahoma, arial, helvetica, sans-serif;\">L\u2019attestation d\u2019expertise m\u00e9dicale doit \u00eatre compl\u00e9t\u00e9e et sign\u00e9e par un(e) <strong>neurologue<\/strong> ou un(e) <strong>psychiatre<\/strong>.<\/span><\/p>\n<ul>\n<li><span style=\"color: #029687; font-family: tahoma, arial, helvetica, sans-serif;\"><strong>trouble du spectre de l\u2019autisme (TSA)<\/strong><\/span><\/li>\n<\/ul>\n<p style=\"padding-left: 40px;\"><span style=\"font-family: tahoma, arial, helvetica, sans-serif;\">L\u2019attestation d\u2019expertise m\u00e9dicale doit \u00eatre compl\u00e9t\u00e9e et sign\u00e9e par un(e) <strong>neurologue<\/strong>, un(e) <strong>psychiatre<\/strong> ou une <strong>\u00e9quipe pluridisciplinaire<\/strong> (exemple : SUSA).<\/span><\/p>\n<p><span style=\"font-family: tahoma, arial, helvetica, sans-serif;\"><span style=\"color: #009ee0; font-size: 12pt;\"><strong>En cas de trouble de sant\u00e9 mentale<\/strong><\/span>\u00a0<\/span><\/p>\n<p><span style=\"font-family: tahoma, arial, helvetica, sans-serif;\">L\u2019attestation d\u2019expertise m\u00e9dicale doit \u00eatre compl\u00e9t\u00e9e et sign\u00e9e par un(e) <strong>psychiatre<\/strong> ou un(e) <strong>neuropsychiatre<\/strong>.<\/span><\/p>\n<p><span style=\"font-family: tahoma, arial, helvetica, sans-serif; font-size: 12pt;\"><span style=\"color: #009ee0;\"><strong>En cas de trouble de sant\u00e9<\/strong><\/span>\u00a0<\/span><\/p>\n<p><span style=\"font-family: tahoma, arial, helvetica, sans-serif;\">L\u2019attestation d\u2019expertise m\u00e9dicale doit \u00eatre compl\u00e9t\u00e9e et sign\u00e9e par un(e) <strong>sp\u00e9cialiste<\/strong> <strong>dans le domaine m\u00e9dical concern\u00e9<\/strong>.<\/span><span style=\"font-family: tahoma, arial, helvetica, sans-serif;\"><strong>\u00a0 \u00a0 \u00a0<\/strong><\/span><\/p>\n<p>&nbsp;<\/p>\n<h2><span style=\"color: #009ee0;\"><img loading=\"lazy\" decoding=\"async\" class=\"wp-image-316 alignleft\" src=\"https:\/\/web.umons.ac.be\/app\/uploads\/sites\/168\/2023\/04\/Cigle-LSFB.png\" alt=\"\" width=\"82\" height=\"91\" \/><\/span><\/h2>\n<h2><span style=\"color: #009ee0;\">Vid\u00e9o LSFB<\/span><\/h2>\n<p><a href=\"https:\/\/youtu.be\/_VOMtk1xGwg\">Vers quel sp\u00e9cialiste se tourner pour compl\u00e9ter l&rsquo;attestation d&rsquo;expertise m\u00e9dicale ? &#8211; LSFB<\/a><\/p>\n<h2><span style=\"color: #009ee0;\">\u00a0<\/span><\/h2>\n","protected":false},"excerpt":{"rendered":"<p>En cas de d\u00e9ficience visuelle\u00a0 L\u2019attestation d\u2019expertise m\u00e9dicale doit \u00eatre compl\u00e9t\u00e9e et sign\u00e9e par un ophtalmologue. Vous pouvez \u00e9galement fournir une attestation de reconnaissance du handicap par l\u2019AVIQ, le Service PHARE ou le SPF S\u00e9curit\u00e9 Sociale. En cas de d\u00e9ficience auditive L\u2019attestation d\u2019expertise m\u00e9dicale doit \u00eatre compl\u00e9t\u00e9e et sign\u00e9e par un(e) ORL (Oto-Rhino-Laryngologue). Vous pouvez [&hellip;]<\/p>\n","protected":false},"author":214,"featured_media":0,"parent":0,"menu_order":0,"comment_status":"closed","ping_status":"closed","template":"","meta":{"footnotes":""},"class_list":["post-441","page","type-page","status-publish","hentry"],"yoast_head":"<!-- This site is optimized with the Yoast SEO plugin v27.2 - https:\/\/yoast.com\/product\/yoast-seo-wordpress\/ -->\n<title>Vers quel sp\u00e9cialiste se tourner pour compl\u00e9ter l\u2019attestation d\u2019expertise m\u00e9dicale ? - LES CEDRES<\/title>\n<meta name=\"robots\" content=\"index, follow, max-snippet:-1, max-image-preview:large, max-video-preview:-1\" \/>\n<link rel=\"canonical\" href=\"https:\/\/web.umons.ac.be\/lescedres\/vers-quel-specialiste-se-tourner-pour-completer-lattestation-dexpertise-medicale\/\" \/>\n<meta property=\"og:locale\" content=\"fr_FR\" \/>\n<meta property=\"og:type\" content=\"article\" \/>\n<meta property=\"og:title\" content=\"Vers quel sp\u00e9cialiste se tourner pour compl\u00e9ter l\u2019attestation d\u2019expertise m\u00e9dicale ? - LES CEDRES\" \/>\n<meta property=\"og:description\" content=\"En cas de d\u00e9ficience visuelle\u00a0 L\u2019attestation d\u2019expertise m\u00e9dicale doit \u00eatre compl\u00e9t\u00e9e et sign\u00e9e par un ophtalmologue. Vous pouvez \u00e9galement fournir une attestation de reconnaissance du handicap par l\u2019AVIQ, le Service PHARE ou le SPF S\u00e9curit\u00e9 Sociale. En cas de d\u00e9ficience auditive L\u2019attestation d\u2019expertise m\u00e9dicale doit \u00eatre compl\u00e9t\u00e9e et sign\u00e9e par un(e) ORL (Oto-Rhino-Laryngologue). Vous pouvez [&hellip;]\" \/>\n<meta property=\"og:url\" content=\"https:\/\/web.umons.ac.be\/lescedres\/vers-quel-specialiste-se-tourner-pour-completer-lattestation-dexpertise-medicale\/\" \/>\n<meta property=\"og:site_name\" content=\"LES CEDRES\" \/>\n<meta property=\"article:modified_time\" content=\"2025-07-14T07:50:20+00:00\" \/>\n<meta property=\"og:image\" content=\"https:\/\/web.umons.ac.be\/app\/uploads\/sites\/168\/2023\/04\/Cigle-LSFB.png\" \/>\n<meta name=\"twitter:card\" content=\"summary_large_image\" \/>\n<meta name=\"twitter:label1\" content=\"Dur\u00e9e de lecture estim\u00e9e\" \/>\n\t<meta name=\"twitter:data1\" content=\"2 minutes\" \/>\n<script type=\"application\/ld+json\" class=\"yoast-schema-graph\">{\"@context\":\"https:\/\/schema.org\",\"@graph\":[{\"@type\":\"WebPage\",\"@id\":\"https:\/\/web.umons.ac.be\/lescedres\/vers-quel-specialiste-se-tourner-pour-completer-lattestation-dexpertise-medicale\/\",\"url\":\"https:\/\/web.umons.ac.be\/lescedres\/vers-quel-specialiste-se-tourner-pour-completer-lattestation-dexpertise-medicale\/\",\"name\":\"Vers quel sp\u00e9cialiste se tourner pour compl\u00e9ter l\u2019attestation d\u2019expertise m\u00e9dicale ? - LES CEDRES\",\"isPartOf\":{\"@id\":\"https:\/\/web.umons.ac.be\/lescedres\/#website\"},\"primaryImageOfPage\":{\"@id\":\"https:\/\/web.umons.ac.be\/lescedres\/vers-quel-specialiste-se-tourner-pour-completer-lattestation-dexpertise-medicale\/#primaryimage\"},\"image\":{\"@id\":\"https:\/\/web.umons.ac.be\/lescedres\/vers-quel-specialiste-se-tourner-pour-completer-lattestation-dexpertise-medicale\/#primaryimage\"},\"thumbnailUrl\":\"https:\/\/web.umons.ac.be\/app\/uploads\/sites\/168\/2023\/04\/Cigle-LSFB.png\",\"datePublished\":\"2025-07-14T07:12:35+00:00\",\"dateModified\":\"2025-07-14T07:50:20+00:00\",\"breadcrumb\":{\"@id\":\"https:\/\/web.umons.ac.be\/lescedres\/vers-quel-specialiste-se-tourner-pour-completer-lattestation-dexpertise-medicale\/#breadcrumb\"},\"inLanguage\":\"fr-FR\",\"potentialAction\":[{\"@type\":\"ReadAction\",\"target\":[\"https:\/\/web.umons.ac.be\/lescedres\/vers-quel-specialiste-se-tourner-pour-completer-lattestation-dexpertise-medicale\/\"]}]},{\"@type\":\"ImageObject\",\"inLanguage\":\"fr-FR\",\"@id\":\"https:\/\/web.umons.ac.be\/lescedres\/vers-quel-specialiste-se-tourner-pour-completer-lattestation-dexpertise-medicale\/#primaryimage\",\"url\":\"https:\/\/web.umons.ac.be\/app\/uploads\/sites\/168\/2023\/04\/Cigle-LSFB.png\",\"contentUrl\":\"https:\/\/web.umons.ac.be\/app\/uploads\/sites\/168\/2023\/04\/Cigle-LSFB.png\"},{\"@type\":\"BreadcrumbList\",\"@id\":\"https:\/\/web.umons.ac.be\/lescedres\/vers-quel-specialiste-se-tourner-pour-completer-lattestation-dexpertise-medicale\/#breadcrumb\",\"itemListElement\":[{\"@type\":\"ListItem\",\"position\":1,\"name\":\"Home\",\"item\":\"https:\/\/web.umons.ac.be\/lescedres\/\"},{\"@type\":\"ListItem\",\"position\":2,\"name\":\"Vers quel sp\u00e9cialiste se tourner pour compl\u00e9ter l\u2019attestation d\u2019expertise m\u00e9dicale ?\"}]},{\"@type\":\"WebSite\",\"@id\":\"https:\/\/web.umons.ac.be\/lescedres\/#website\",\"url\":\"https:\/\/web.umons.ac.be\/lescedres\/\",\"name\":\"LES CEDRES\",\"description\":\"Un site utilisant Universit\u00e9 de Mons \u2013 UMONS\",\"potentialAction\":[{\"@type\":\"SearchAction\",\"target\":{\"@type\":\"EntryPoint\",\"urlTemplate\":\"https:\/\/web.umons.ac.be\/lescedres\/?s={search_term_string}\"},\"query-input\":{\"@type\":\"PropertyValueSpecification\",\"valueRequired\":true,\"valueName\":\"search_term_string\"}}],\"inLanguage\":\"fr-FR\"}]}<\/script>\n<!-- \/ Yoast SEO plugin. -->","yoast_head_json":{"title":"Vers quel sp\u00e9cialiste se tourner pour compl\u00e9ter l\u2019attestation d\u2019expertise m\u00e9dicale ? - LES CEDRES","robots":{"index":"index","follow":"follow","max-snippet":"max-snippet:-1","max-image-preview":"max-image-preview:large","max-video-preview":"max-video-preview:-1"},"canonical":"https:\/\/web.umons.ac.be\/lescedres\/vers-quel-specialiste-se-tourner-pour-completer-lattestation-dexpertise-medicale\/","og_locale":"fr_FR","og_type":"article","og_title":"Vers quel sp\u00e9cialiste se tourner pour compl\u00e9ter l\u2019attestation d\u2019expertise m\u00e9dicale ? - LES CEDRES","og_description":"En cas de d\u00e9ficience visuelle\u00a0 L\u2019attestation d\u2019expertise m\u00e9dicale doit \u00eatre compl\u00e9t\u00e9e et sign\u00e9e par un ophtalmologue. Vous pouvez \u00e9galement fournir une attestation de reconnaissance du handicap par l\u2019AVIQ, le Service PHARE ou le SPF S\u00e9curit\u00e9 Sociale. En cas de d\u00e9ficience auditive L\u2019attestation d\u2019expertise m\u00e9dicale doit \u00eatre compl\u00e9t\u00e9e et sign\u00e9e par un(e) ORL (Oto-Rhino-Laryngologue). Vous pouvez [&hellip;]","og_url":"https:\/\/web.umons.ac.be\/lescedres\/vers-quel-specialiste-se-tourner-pour-completer-lattestation-dexpertise-medicale\/","og_site_name":"LES CEDRES","article_modified_time":"2025-07-14T07:50:20+00:00","og_image":[{"url":"https:\/\/web.umons.ac.be\/app\/uploads\/sites\/168\/2023\/04\/Cigle-LSFB.png","type":"","width":"","height":""}],"twitter_card":"summary_large_image","twitter_misc":{"Dur\u00e9e de lecture estim\u00e9e":"2 minutes"},"schema":{"@context":"https:\/\/schema.org","@graph":[{"@type":"WebPage","@id":"https:\/\/web.umons.ac.be\/lescedres\/vers-quel-specialiste-se-tourner-pour-completer-lattestation-dexpertise-medicale\/","url":"https:\/\/web.umons.ac.be\/lescedres\/vers-quel-specialiste-se-tourner-pour-completer-lattestation-dexpertise-medicale\/","name":"Vers quel sp\u00e9cialiste se tourner pour compl\u00e9ter l\u2019attestation d\u2019expertise m\u00e9dicale ? - LES CEDRES","isPartOf":{"@id":"https:\/\/web.umons.ac.be\/lescedres\/#website"},"primaryImageOfPage":{"@id":"https:\/\/web.umons.ac.be\/lescedres\/vers-quel-specialiste-se-tourner-pour-completer-lattestation-dexpertise-medicale\/#primaryimage"},"image":{"@id":"https:\/\/web.umons.ac.be\/lescedres\/vers-quel-specialiste-se-tourner-pour-completer-lattestation-dexpertise-medicale\/#primaryimage"},"thumbnailUrl":"https:\/\/web.umons.ac.be\/app\/uploads\/sites\/168\/2023\/04\/Cigle-LSFB.png","datePublished":"2025-07-14T07:12:35+00:00","dateModified":"2025-07-14T07:50:20+00:00","breadcrumb":{"@id":"https:\/\/web.umons.ac.be\/lescedres\/vers-quel-specialiste-se-tourner-pour-completer-lattestation-dexpertise-medicale\/#breadcrumb"},"inLanguage":"fr-FR","potentialAction":[{"@type":"ReadAction","target":["https:\/\/web.umons.ac.be\/lescedres\/vers-quel-specialiste-se-tourner-pour-completer-lattestation-dexpertise-medicale\/"]}]},{"@type":"ImageObject","inLanguage":"fr-FR","@id":"https:\/\/web.umons.ac.be\/lescedres\/vers-quel-specialiste-se-tourner-pour-completer-lattestation-dexpertise-medicale\/#primaryimage","url":"https:\/\/web.umons.ac.be\/app\/uploads\/sites\/168\/2023\/04\/Cigle-LSFB.png","contentUrl":"https:\/\/web.umons.ac.be\/app\/uploads\/sites\/168\/2023\/04\/Cigle-LSFB.png"},{"@type":"BreadcrumbList","@id":"https:\/\/web.umons.ac.be\/lescedres\/vers-quel-specialiste-se-tourner-pour-completer-lattestation-dexpertise-medicale\/#breadcrumb","itemListElement":[{"@type":"ListItem","position":1,"name":"Home","item":"https:\/\/web.umons.ac.be\/lescedres\/"},{"@type":"ListItem","position":2,"name":"Vers quel sp\u00e9cialiste se tourner pour compl\u00e9ter l\u2019attestation d\u2019expertise m\u00e9dicale ?"}]},{"@type":"WebSite","@id":"https:\/\/web.umons.ac.be\/lescedres\/#website","url":"https:\/\/web.umons.ac.be\/lescedres\/","name":"LES CEDRES","description":"Un site utilisant Universit\u00e9 de Mons \u2013 UMONS","potentialAction":[{"@type":"SearchAction","target":{"@type":"EntryPoint","urlTemplate":"https:\/\/web.umons.ac.be\/lescedres\/?s={search_term_string}"},"query-input":{"@type":"PropertyValueSpecification","valueRequired":true,"valueName":"search_term_string"}}],"inLanguage":"fr-FR"}]}},"lang":"fr","translations":{"fr":441},"pll_sync_post":[],"_links":{"self":[{"href":"https:\/\/web.umons.ac.be\/lescedres\/wp-json\/wp\/v2\/pages\/441","targetHints":{"allow":["GET"]}}],"collection":[{"href":"https:\/\/web.umons.ac.be\/lescedres\/wp-json\/wp\/v2\/pages"}],"about":[{"href":"https:\/\/web.umons.ac.be\/lescedres\/wp-json\/wp\/v2\/types\/page"}],"author":[{"embeddable":true,"href":"https:\/\/web.umons.ac.be\/lescedres\/wp-json\/wp\/v2\/users\/214"}],"replies":[{"embeddable":true,"href":"https:\/\/web.umons.ac.be\/lescedres\/wp-json\/wp\/v2\/comments?post=441"}],"version-history":[{"count":2,"href":"https:\/\/web.umons.ac.be\/lescedres\/wp-json\/wp\/v2\/pages\/441\/revisions"}],"predecessor-version":[{"id":443,"href":"https:\/\/web.umons.ac.be\/lescedres\/wp-json\/wp\/v2\/pages\/441\/revisions\/443"}],"wp:attachment":[{"href":"https:\/\/web.umons.ac.be\/lescedres\/wp-json\/wp\/v2\/media?parent=441"}],"curies":[{"name":"wp","href":"https:\/\/api.w.org\/{rel}","templated":true}]}}