{"id":136,"date":"2025-04-09T15:43:46","date_gmt":"2025-04-09T13:43:46","guid":{"rendered":"https:\/\/web.umons.ac.be\/mapa\/?page_id=136"},"modified":"2026-02-17T13:51:27","modified_gmt":"2026-02-17T12:51:27","slug":"slaag","status":"publish","type":"page","link":"https:\/\/web.umons.ac.be\/mapa\/slaag\/","title":{"rendered":"S\u00e9minaire"},"content":{"rendered":"<div style=\"text-align: center;\"><em><strong><span style=\"font-size: 18pt; font-family: helvetica, arial, sans-serif;\">Slaag!<\/span><\/strong><\/em><\/div>\n<div class=\"x_elementToProof\" style=\"text-align: center;\">\n<p><span style=\"font-size: 14pt;\"><span style=\"font-size: 14pt;\"><strong>S\u00e9minaire <\/strong><\/span><\/span><span style=\"font-size: 14pt;\"><strong>de Logique, Alg\u00e8bre, Arithm\u00e9tique et G\u00e9om\u00e9trie<\/strong><\/span><\/p>\n<\/div>\n<div class=\"x_elementToProof\"><\/div>\n<div class=\"x_elementToProof\" style=\"text-align: center;\">Organisation: Quentin Brouette, Christian Michaux &amp; Maja Volkov<\/div>\n<div class=\"x_elementToProof\"><\/div>\n<div class=\"x_elementToProof\" style=\"text-align: center;\">Les expos\u00e9s ont lieu sur le <a href=\"https:\/\/web.umons.ac.be\/app\/uploads\/sites\/10\/2017\/10\/UMONS_Plan-du-campus-de-la-plaine-de-Nimy2019.pdf\">campus de la plaine de Nimy<\/a><\/div>\n<div class=\"x_elementToProof\">\n<hr \/>\n<\/div>\n<p>&nbsp;<\/p>\n<p>&nbsp;<\/p>\n<ul>\n<li><span style=\"color: #004c93;\"><strong>Le mardi 17 f\u00e9vrier 2026 <\/strong><\/span><strong>(B\u00e2timent BSM, salle Kwolek)<\/strong><\/li>\n<\/ul>\n<p><strong>15h45-17h15: Vincent Bagayoko (Universit\u00e9 Paris Cit\u00e9)<\/strong>, A formal Lie correspondence<\/p>\n<p><a href=\"https:\/\/web.umons.ac.be\/app\/uploads\/sites\/88\/2026\/01\/slaag26-02-17.pdf\">R\u00e9sum\u00e9 de l&rsquo;expos\u00e9<\/a><\/p>\n<hr \/>\n<ul>\n<li><strong><span style=\"color: #004c93;\">Mars 2026 &#8211; Chaire Tits<\/span> (B\u00e2timent BSM)<\/strong><\/li>\n<\/ul>\n<p>Dans le cadre de la chaire Jacques Tits, nous aurons le plaisir d&rsquo;accueillir le professeur <strong>Fran\u00e7ois Loeser<\/strong> (Institut de Math\u00e9matiques de Jussieu-Paris Rive Gauche).<\/p>\n<p>Expos\u00e9 \u00e0 Bruxelles: le 5 mars (<a href=\"https:\/\/forms.gle\/hB9NBDetm6b6TkjQ8\">inscription obligatoire<\/a>)<br \/>\nExpos\u00e9s \u00e0 Leuven: les 4, 11, 18, 25 mars<br \/>\nExpos\u00e9s \u00e0 Mons: les 12, 19, 20, 31 mars et 1 avril (<a href=\"https:\/\/forms.gle\/hB9NBDetm6b6TkjQ8\">inscription obligatoire \u00e0 la premi\u00e8re s\u00e9ance<\/a>)<\/p>\n<p>Informations d\u00e9taill\u00e9s <a href=\"https:\/\/bms.ulb.ac.be\/conferences\/jacques-tits-chair-2025\/\">en cliquant ici<\/a>.<\/p>\n<h3><span style=\"font-size: 18pt;\">S\u00e9ances pass\u00e9es de l&rsquo;ann\u00e9e en cours<\/span><\/h3>\n<ul>\n<li><strong><span style=\"color: #004c93;\">Le mardi 13 janvier 2026<\/span> (B\u00e2timent BSM, salle Lonsdale)<\/strong><\/li>\n<\/ul>\n<p>La salle se situe dans le nouveau b\u00e2timent BSM (<a href=\"https:\/\/web.umons.ac.be\/app\/uploads\/sites\/10\/2017\/10\/UMONS_Plan-du-campus-de-la-plaine-de-Nimy2019.pdf\">entre le b\u00e2timent 4 et l&rsquo;Avenue du champ de mars<\/a>).<\/p>\n<p><strong>13h30-14h30: Lorenzo Furio (Sorbonne Universit\u00e9)<\/strong>, Recent progress on adelic Galois images for elliptic curves over $\\mathbb{Q}$ &#8211; part I<\/p>\n<p><strong>15h00-16h00: Davide Lombardo (Universit\u00e9 de Pise)<\/strong>, Recent progress on adelic Galois images for elliptic curves over $\\mathbb{Q}$ &#8211; part II<\/p>\n<p><a href=\"https:\/\/web.umons.ac.be\/app\/uploads\/sites\/88\/2025\/11\/slaag26-01-13.pdf\">R\u00e9sum\u00e9s des expos\u00e9s<\/a><\/p>\n<hr \/>\n<ul>\n<li><span style=\"color: #004c93;\"><strong>Le mercredi 28 janvier 2026 <\/strong><\/span><strong>(B\u00e2timent BSM, salle Kwolek)<\/strong><\/li>\n<\/ul>\n<p><strong>13h30-15h00: Allen Gehret <span data-olk-copy-source=\"MessageBody\">(Czech Technical University)<\/span><\/strong>, O-minimality, optimization, and deep learning<\/p>\n<p><a href=\"https:\/\/web.umons.ac.be\/app\/uploads\/sites\/88\/2026\/01\/slaag26-01-28.pdf\">R\u00e9sum\u00e9 de l&rsquo;expos\u00e9<\/a><\/p>\n<hr \/>\n<ul>\n<li><span style=\"color: #004c93;\"><strong>Le mardi 3 f\u00e9vrier 2026 <\/strong><\/span><strong>(B\u00e2timent BSM, salle Kwolek)<\/strong><\/li>\n<\/ul>\n<p><strong>15h45-17h15: Nigel Pynn-Coates <span data-olk-copy-source=\"MessageBody\">(University of Vienna)<\/span><\/strong>, Transserial tame pairs<\/p>\n<p><a href=\"https:\/\/web.umons.ac.be\/app\/uploads\/sites\/88\/2026\/01\/slaag26-02-03.pdf\">R\u00e9sum\u00e9 de l&rsquo;expos\u00e9<\/a><\/p>\n<p>&nbsp;<\/p>\n<h3>S\u00e9ances des ann\u00e9es ant\u00e9rieures<\/h3>\n<p><a href=\"https:\/\/web.umons.ac.be\/mapa\/slaag25\/\">Ann\u00e9e 2025<\/a><\/p>\n","protected":false},"excerpt":{"rendered":"<p>Slaag! S\u00e9minaire de Logique, Alg\u00e8bre, Arithm\u00e9tique et G\u00e9om\u00e9trie Organisation: Quentin Brouette, Christian Michaux &amp; Maja Volkov Les expos\u00e9s ont lieu sur le campus de la plaine de Nimy &nbsp; &nbsp; Le mardi 17 f\u00e9vrier 2026 (B\u00e2timent BSM, salle Kwolek) 15h45-17h15: Vincent Bagayoko (Universit\u00e9 Paris Cit\u00e9), A formal Lie correspondence R\u00e9sum\u00e9 de l&rsquo;expos\u00e9 Mars 2026 &#8211; [&hellip;]<\/p>\n","protected":false},"author":147,"featured_media":0,"parent":0,"menu_order":0,"comment_status":"closed","ping_status":"closed","template":"","meta":{"footnotes":""},"class_list":["post-136","page","type-page","status-publish","hentry"],"yoast_head":"<!-- This site is optimized with the Yoast SEO plugin v27.2 - https:\/\/yoast.com\/product\/yoast-seo-wordpress\/ -->\n<title>S\u00e9minaire - Service \/ FS - Math\u00e9matiques appliqu\u00e9es<\/title>\n<meta name=\"robots\" content=\"index, follow, max-snippet:-1, max-image-preview:large, max-video-preview:-1\" \/>\n<link rel=\"canonical\" href=\"https:\/\/web.umons.ac.be\/mapa\/slaag\/\" \/>\n<meta property=\"og:locale\" content=\"fr_FR\" \/>\n<meta property=\"og:type\" content=\"article\" \/>\n<meta property=\"og:title\" content=\"S\u00e9minaire - Service \/ FS - Math\u00e9matiques appliqu\u00e9es\" \/>\n<meta property=\"og:description\" content=\"Slaag! S\u00e9minaire de Logique, Alg\u00e8bre, Arithm\u00e9tique et G\u00e9om\u00e9trie Organisation: Quentin Brouette, Christian Michaux &amp; Maja Volkov Les expos\u00e9s ont lieu sur le campus de la plaine de Nimy &nbsp; &nbsp; Le mardi 17 f\u00e9vrier 2026 (B\u00e2timent BSM, salle Kwolek) 15h45-17h15: Vincent Bagayoko (Universit\u00e9 Paris Cit\u00e9), A formal Lie correspondence R\u00e9sum\u00e9 de l&rsquo;expos\u00e9 Mars 2026 &#8211; [&hellip;]\" \/>\n<meta property=\"og:url\" content=\"https:\/\/web.umons.ac.be\/mapa\/slaag\/\" \/>\n<meta property=\"og:site_name\" content=\"Service \/ FS - Math\u00e9matiques appliqu\u00e9es\" \/>\n<meta property=\"article:modified_time\" content=\"2026-02-17T12:51:27+00:00\" \/>\n<meta name=\"twitter:card\" content=\"summary_large_image\" \/>\n<meta name=\"twitter:label1\" content=\"Dur\u00e9e de lecture estim\u00e9e\" \/>\n\t<meta name=\"twitter:data1\" content=\"2 minutes\" \/>\n<script type=\"application\/ld+json\" class=\"yoast-schema-graph\">{\"@context\":\"https:\/\/schema.org\",\"@graph\":[{\"@type\":\"WebPage\",\"@id\":\"https:\/\/web.umons.ac.be\/mapa\/slaag\/\",\"url\":\"https:\/\/web.umons.ac.be\/mapa\/slaag\/\",\"name\":\"S\u00e9minaire - Service \/ FS - Math\u00e9matiques appliqu\u00e9es\",\"isPartOf\":{\"@id\":\"https:\/\/web.umons.ac.be\/mapa\/#website\"},\"datePublished\":\"2025-04-09T13:43:46+00:00\",\"dateModified\":\"2026-02-17T12:51:27+00:00\",\"breadcrumb\":{\"@id\":\"https:\/\/web.umons.ac.be\/mapa\/slaag\/#breadcrumb\"},\"inLanguage\":\"fr-FR\",\"potentialAction\":[{\"@type\":\"ReadAction\",\"target\":[\"https:\/\/web.umons.ac.be\/mapa\/slaag\/\"]}]},{\"@type\":\"BreadcrumbList\",\"@id\":\"https:\/\/web.umons.ac.be\/mapa\/slaag\/#breadcrumb\",\"itemListElement\":[{\"@type\":\"ListItem\",\"position\":1,\"name\":\"Home\",\"item\":\"https:\/\/web.umons.ac.be\/mapa\/\"},{\"@type\":\"ListItem\",\"position\":2,\"name\":\"S\u00e9minaire\"}]},{\"@type\":\"WebSite\",\"@id\":\"https:\/\/web.umons.ac.be\/mapa\/#website\",\"url\":\"https:\/\/web.umons.ac.be\/mapa\/\",\"name\":\"Service \/ FS - Math\u00e9matiques appliqu\u00e9es\",\"description\":\"\",\"potentialAction\":[{\"@type\":\"SearchAction\",\"target\":{\"@type\":\"EntryPoint\",\"urlTemplate\":\"https:\/\/web.umons.ac.be\/mapa\/?s={search_term_string}\"},\"query-input\":{\"@type\":\"PropertyValueSpecification\",\"valueRequired\":true,\"valueName\":\"search_term_string\"}}],\"inLanguage\":\"fr-FR\"}]}<\/script>\n<!-- \/ Yoast SEO plugin. -->","yoast_head_json":{"title":"S\u00e9minaire - Service \/ FS - Math\u00e9matiques appliqu\u00e9es","robots":{"index":"index","follow":"follow","max-snippet":"max-snippet:-1","max-image-preview":"max-image-preview:large","max-video-preview":"max-video-preview:-1"},"canonical":"https:\/\/web.umons.ac.be\/mapa\/slaag\/","og_locale":"fr_FR","og_type":"article","og_title":"S\u00e9minaire - Service \/ FS - Math\u00e9matiques appliqu\u00e9es","og_description":"Slaag! S\u00e9minaire de Logique, Alg\u00e8bre, Arithm\u00e9tique et G\u00e9om\u00e9trie Organisation: Quentin Brouette, Christian Michaux &amp; Maja Volkov Les expos\u00e9s ont lieu sur le campus de la plaine de Nimy &nbsp; &nbsp; Le mardi 17 f\u00e9vrier 2026 (B\u00e2timent BSM, salle Kwolek) 15h45-17h15: Vincent Bagayoko (Universit\u00e9 Paris Cit\u00e9), A formal Lie correspondence R\u00e9sum\u00e9 de l&rsquo;expos\u00e9 Mars 2026 &#8211; [&hellip;]","og_url":"https:\/\/web.umons.ac.be\/mapa\/slaag\/","og_site_name":"Service \/ FS - Math\u00e9matiques appliqu\u00e9es","article_modified_time":"2026-02-17T12:51:27+00:00","twitter_card":"summary_large_image","twitter_misc":{"Dur\u00e9e de lecture estim\u00e9e":"2 minutes"},"schema":{"@context":"https:\/\/schema.org","@graph":[{"@type":"WebPage","@id":"https:\/\/web.umons.ac.be\/mapa\/slaag\/","url":"https:\/\/web.umons.ac.be\/mapa\/slaag\/","name":"S\u00e9minaire - Service \/ FS - Math\u00e9matiques appliqu\u00e9es","isPartOf":{"@id":"https:\/\/web.umons.ac.be\/mapa\/#website"},"datePublished":"2025-04-09T13:43:46+00:00","dateModified":"2026-02-17T12:51:27+00:00","breadcrumb":{"@id":"https:\/\/web.umons.ac.be\/mapa\/slaag\/#breadcrumb"},"inLanguage":"fr-FR","potentialAction":[{"@type":"ReadAction","target":["https:\/\/web.umons.ac.be\/mapa\/slaag\/"]}]},{"@type":"BreadcrumbList","@id":"https:\/\/web.umons.ac.be\/mapa\/slaag\/#breadcrumb","itemListElement":[{"@type":"ListItem","position":1,"name":"Home","item":"https:\/\/web.umons.ac.be\/mapa\/"},{"@type":"ListItem","position":2,"name":"S\u00e9minaire"}]},{"@type":"WebSite","@id":"https:\/\/web.umons.ac.be\/mapa\/#website","url":"https:\/\/web.umons.ac.be\/mapa\/","name":"Service \/ FS - Math\u00e9matiques appliqu\u00e9es","description":"","potentialAction":[{"@type":"SearchAction","target":{"@type":"EntryPoint","urlTemplate":"https:\/\/web.umons.ac.be\/mapa\/?s={search_term_string}"},"query-input":{"@type":"PropertyValueSpecification","valueRequired":true,"valueName":"search_term_string"}}],"inLanguage":"fr-FR"}]}},"lang":"fr","translations":{"fr":136},"pll_sync_post":[],"_links":{"self":[{"href":"https:\/\/web.umons.ac.be\/mapa\/wp-json\/wp\/v2\/pages\/136","targetHints":{"allow":["GET"]}}],"collection":[{"href":"https:\/\/web.umons.ac.be\/mapa\/wp-json\/wp\/v2\/pages"}],"about":[{"href":"https:\/\/web.umons.ac.be\/mapa\/wp-json\/wp\/v2\/types\/page"}],"author":[{"embeddable":true,"href":"https:\/\/web.umons.ac.be\/mapa\/wp-json\/wp\/v2\/users\/147"}],"replies":[{"embeddable":true,"href":"https:\/\/web.umons.ac.be\/mapa\/wp-json\/wp\/v2\/comments?post=136"}],"version-history":[{"count":5,"href":"https:\/\/web.umons.ac.be\/mapa\/wp-json\/wp\/v2\/pages\/136\/revisions"}],"predecessor-version":[{"id":399,"href":"https:\/\/web.umons.ac.be\/mapa\/wp-json\/wp\/v2\/pages\/136\/revisions\/399"}],"wp:attachment":[{"href":"https:\/\/web.umons.ac.be\/mapa\/wp-json\/wp\/v2\/media?parent=136"}],"curies":[{"name":"wp","href":"https:\/\/api.w.org\/{rel}","templated":true}]}}