{"id":15,"date":"2021-11-05T09:04:41","date_gmt":"2021-11-05T08:04:41","guid":{"rendered":"https:\/\/web.umons.ac.be\/mapa\/activites-de-recherche\/"},"modified":"2024-10-21T13:35:16","modified_gmt":"2024-10-21T11:35:16","slug":"activites-de-recherche","status":"publish","type":"page","link":"https:\/\/web.umons.ac.be\/mapa\/activites-de-recherche\/","title":{"rendered":"Recherche"},"content":{"rendered":"<p>Les th\u00e8mes de recherche actuellement abord\u00e9s par les membres du service englobent la th\u00e9orie des mod\u00e8les et l&rsquo;application des math\u00e9matiques aux probl\u00e9matiques urbanistiques.<\/p>\n<hr \/>\n<p>Notre service est, par ailleurs rattach\u00e9 \u00e0 l&rsquo;Institut de recherche Complexys de l\u2019UMONS :<\/p>\n<start-cask-shortcode-wrapper>\t\t<div class=\"associated-institutes content-block scheme-fs\">\n\t\t\t<ul class=\"institutes-list\">\n\t\t\t\t\t\t\t\t\t\t<li>\n\t\t\t\t\t\t\t<a href=\"https:\/\/web.umons.ac.be\/complexys\" title=\"Acc\u00e9der au site web de : Institut \/ Complexys\" class=\"associated-institute\">\n\t\t\t\t\t\t\t\t<img loading=\"lazy\" decoding=\"async\" width=\"1\" height=\"1\" src=\"https:\/\/web.umons.ac.be\/app\/uploads\/sites\/31\/2017\/11\/complexys_logo_fr.svg\" class=\"attachment-thumbnail size-thumbnail\" alt=\"\" \/>\t\t\t\t\t\t\t<\/a>\t\t\t\n\t\t\t\t\t\t<\/li>\n\t\t\t\t\t\t\t<\/ul>\n\t\t<\/div>\n <end-cask-shortcode-wrapper>\n<hr \/>\n<p>Ainsi qu&rsquo;au centre de recherche AGIF :<\/p>\n<p><a href=\"https:\/\/agif.umons.ac.be\/AGIF.html\"><img loading=\"lazy\" decoding=\"async\" class=\"alignnone wp-image-130 size-medium\" src=\"https:\/\/web.umons.ac.be\/app\/uploads\/sites\/88\/2024\/10\/Logo_AGIF-300x167.jpg\" alt=\"\" width=\"300\" height=\"167\" srcset=\"https:\/\/web.umons.ac.be\/app\/uploads\/sites\/88\/2024\/10\/Logo_AGIF-300x167.jpg 300w, https:\/\/web.umons.ac.be\/app\/uploads\/sites\/88\/2024\/10\/Logo_AGIF-1024x570.jpg 1024w, https:\/\/web.umons.ac.be\/app\/uploads\/sites\/88\/2024\/10\/Logo_AGIF-768x427.jpg 768w, https:\/\/web.umons.ac.be\/app\/uploads\/sites\/88\/2024\/10\/Logo_AGIF-30x17.jpg 30w, https:\/\/web.umons.ac.be\/app\/uploads\/sites\/88\/2024\/10\/Logo_AGIF-60x33.jpg 60w, https:\/\/web.umons.ac.be\/app\/uploads\/sites\/88\/2024\/10\/Logo_AGIF-360x200.jpg 360w, https:\/\/web.umons.ac.be\/app\/uploads\/sites\/88\/2024\/10\/Logo_AGIF.jpg 1183w\" sizes=\"auto, (max-width: 300px) 100vw, 300px\" \/><\/a><\/p>\n<p>&nbsp;<\/p>\n<p>&nbsp;<\/p>\n","protected":false},"excerpt":{"rendered":"<p>Les th\u00e8mes de recherche actuellement abord\u00e9s par les membres du service englobent la th\u00e9orie des mod\u00e8les et l&rsquo;application des math\u00e9matiques aux probl\u00e9matiques urbanistiques. Notre service est, par ailleurs rattach\u00e9 \u00e0 l&rsquo;Institut de recherche Complexys de l\u2019UMONS : Ainsi qu&rsquo;au centre de recherche AGIF : &nbsp; &nbsp;<\/p>\n","protected":false},"author":4,"featured_media":0,"parent":0,"menu_order":0,"comment_status":"closed","ping_status":"closed","template":"","meta":{"footnotes":""},"class_list":["post-15","page","type-page","status-publish","hentry"],"yoast_head":"<!-- This site is optimized with the Yoast SEO plugin v27.2 - https:\/\/yoast.com\/product\/yoast-seo-wordpress\/ -->\n<title>Recherche - Service \/ FS - Math\u00e9matiques appliqu\u00e9es<\/title>\n<meta name=\"robots\" content=\"index, follow, max-snippet:-1, max-image-preview:large, max-video-preview:-1\" \/>\n<link rel=\"canonical\" href=\"https:\/\/web.umons.ac.be\/mapa\/activites-de-recherche\/\" \/>\n<meta property=\"og:locale\" content=\"fr_FR\" \/>\n<meta property=\"og:type\" content=\"article\" \/>\n<meta property=\"og:title\" content=\"Recherche - Service \/ FS - Math\u00e9matiques appliqu\u00e9es\" \/>\n<meta property=\"og:description\" content=\"Les th\u00e8mes de recherche actuellement abord\u00e9s par les membres du service englobent la th\u00e9orie des mod\u00e8les et l&rsquo;application des math\u00e9matiques aux probl\u00e9matiques urbanistiques. Notre service est, par ailleurs rattach\u00e9 \u00e0 l&rsquo;Institut de recherche Complexys de l\u2019UMONS : Ainsi qu&rsquo;au centre de recherche AGIF : &nbsp; &nbsp;\" \/>\n<meta property=\"og:url\" content=\"https:\/\/web.umons.ac.be\/mapa\/activites-de-recherche\/\" \/>\n<meta property=\"og:site_name\" content=\"Service \/ FS - Math\u00e9matiques appliqu\u00e9es\" \/>\n<meta property=\"article:modified_time\" content=\"2024-10-21T11:35:16+00:00\" \/>\n<meta property=\"og:image\" content=\"https:\/\/web.umons.ac.be\/app\/uploads\/sites\/88\/2024\/10\/Logo_AGIF-300x167.jpg\" \/>\n<meta name=\"twitter:card\" content=\"summary_large_image\" \/>\n<meta name=\"twitter:label1\" content=\"Dur\u00e9e de lecture estim\u00e9e\" \/>\n\t<meta name=\"twitter:data1\" content=\"1 minute\" \/>\n<script type=\"application\/ld+json\" class=\"yoast-schema-graph\">{\"@context\":\"https:\/\/schema.org\",\"@graph\":[{\"@type\":\"WebPage\",\"@id\":\"https:\/\/web.umons.ac.be\/mapa\/activites-de-recherche\/\",\"url\":\"https:\/\/web.umons.ac.be\/mapa\/activites-de-recherche\/\",\"name\":\"Recherche - Service \/ FS - Math\u00e9matiques appliqu\u00e9es\",\"isPartOf\":{\"@id\":\"https:\/\/web.umons.ac.be\/mapa\/#website\"},\"primaryImageOfPage\":{\"@id\":\"https:\/\/web.umons.ac.be\/mapa\/activites-de-recherche\/#primaryimage\"},\"image\":{\"@id\":\"https:\/\/web.umons.ac.be\/mapa\/activites-de-recherche\/#primaryimage\"},\"thumbnailUrl\":\"https:\/\/web.umons.ac.be\/app\/uploads\/sites\/88\/2024\/10\/Logo_AGIF-300x167.jpg\",\"datePublished\":\"2021-11-05T08:04:41+00:00\",\"dateModified\":\"2024-10-21T11:35:16+00:00\",\"breadcrumb\":{\"@id\":\"https:\/\/web.umons.ac.be\/mapa\/activites-de-recherche\/#breadcrumb\"},\"inLanguage\":\"fr-FR\",\"potentialAction\":[{\"@type\":\"ReadAction\",\"target\":[\"https:\/\/web.umons.ac.be\/mapa\/activites-de-recherche\/\"]}]},{\"@type\":\"ImageObject\",\"inLanguage\":\"fr-FR\",\"@id\":\"https:\/\/web.umons.ac.be\/mapa\/activites-de-recherche\/#primaryimage\",\"url\":\"https:\/\/web.umons.ac.be\/app\/uploads\/sites\/88\/2024\/10\/Logo_AGIF-300x167.jpg\",\"contentUrl\":\"https:\/\/web.umons.ac.be\/app\/uploads\/sites\/88\/2024\/10\/Logo_AGIF-300x167.jpg\"},{\"@type\":\"BreadcrumbList\",\"@id\":\"https:\/\/web.umons.ac.be\/mapa\/activites-de-recherche\/#breadcrumb\",\"itemListElement\":[{\"@type\":\"ListItem\",\"position\":1,\"name\":\"Home\",\"item\":\"https:\/\/web.umons.ac.be\/mapa\/\"},{\"@type\":\"ListItem\",\"position\":2,\"name\":\"Recherche\"}]},{\"@type\":\"WebSite\",\"@id\":\"https:\/\/web.umons.ac.be\/mapa\/#website\",\"url\":\"https:\/\/web.umons.ac.be\/mapa\/\",\"name\":\"Service \/ FS - Math\u00e9matiques appliqu\u00e9es\",\"description\":\"\",\"potentialAction\":[{\"@type\":\"SearchAction\",\"target\":{\"@type\":\"EntryPoint\",\"urlTemplate\":\"https:\/\/web.umons.ac.be\/mapa\/?s={search_term_string}\"},\"query-input\":{\"@type\":\"PropertyValueSpecification\",\"valueRequired\":true,\"valueName\":\"search_term_string\"}}],\"inLanguage\":\"fr-FR\"}]}<\/script>\n<!-- \/ Yoast SEO plugin. -->","yoast_head_json":{"title":"Recherche - Service \/ FS - Math\u00e9matiques appliqu\u00e9es","robots":{"index":"index","follow":"follow","max-snippet":"max-snippet:-1","max-image-preview":"max-image-preview:large","max-video-preview":"max-video-preview:-1"},"canonical":"https:\/\/web.umons.ac.be\/mapa\/activites-de-recherche\/","og_locale":"fr_FR","og_type":"article","og_title":"Recherche - Service \/ FS - Math\u00e9matiques appliqu\u00e9es","og_description":"Les th\u00e8mes de recherche actuellement abord\u00e9s par les membres du service englobent la th\u00e9orie des mod\u00e8les et l&rsquo;application des math\u00e9matiques aux probl\u00e9matiques urbanistiques. Notre service est, par ailleurs rattach\u00e9 \u00e0 l&rsquo;Institut de recherche Complexys de l\u2019UMONS : Ainsi qu&rsquo;au centre de recherche AGIF : &nbsp; &nbsp;","og_url":"https:\/\/web.umons.ac.be\/mapa\/activites-de-recherche\/","og_site_name":"Service \/ FS - Math\u00e9matiques appliqu\u00e9es","article_modified_time":"2024-10-21T11:35:16+00:00","og_image":[{"url":"https:\/\/web.umons.ac.be\/app\/uploads\/sites\/88\/2024\/10\/Logo_AGIF-300x167.jpg","type":"","width":"","height":""}],"twitter_card":"summary_large_image","twitter_misc":{"Dur\u00e9e de lecture estim\u00e9e":"1 minute"},"schema":{"@context":"https:\/\/schema.org","@graph":[{"@type":"WebPage","@id":"https:\/\/web.umons.ac.be\/mapa\/activites-de-recherche\/","url":"https:\/\/web.umons.ac.be\/mapa\/activites-de-recherche\/","name":"Recherche - Service \/ FS - Math\u00e9matiques appliqu\u00e9es","isPartOf":{"@id":"https:\/\/web.umons.ac.be\/mapa\/#website"},"primaryImageOfPage":{"@id":"https:\/\/web.umons.ac.be\/mapa\/activites-de-recherche\/#primaryimage"},"image":{"@id":"https:\/\/web.umons.ac.be\/mapa\/activites-de-recherche\/#primaryimage"},"thumbnailUrl":"https:\/\/web.umons.ac.be\/app\/uploads\/sites\/88\/2024\/10\/Logo_AGIF-300x167.jpg","datePublished":"2021-11-05T08:04:41+00:00","dateModified":"2024-10-21T11:35:16+00:00","breadcrumb":{"@id":"https:\/\/web.umons.ac.be\/mapa\/activites-de-recherche\/#breadcrumb"},"inLanguage":"fr-FR","potentialAction":[{"@type":"ReadAction","target":["https:\/\/web.umons.ac.be\/mapa\/activites-de-recherche\/"]}]},{"@type":"ImageObject","inLanguage":"fr-FR","@id":"https:\/\/web.umons.ac.be\/mapa\/activites-de-recherche\/#primaryimage","url":"https:\/\/web.umons.ac.be\/app\/uploads\/sites\/88\/2024\/10\/Logo_AGIF-300x167.jpg","contentUrl":"https:\/\/web.umons.ac.be\/app\/uploads\/sites\/88\/2024\/10\/Logo_AGIF-300x167.jpg"},{"@type":"BreadcrumbList","@id":"https:\/\/web.umons.ac.be\/mapa\/activites-de-recherche\/#breadcrumb","itemListElement":[{"@type":"ListItem","position":1,"name":"Home","item":"https:\/\/web.umons.ac.be\/mapa\/"},{"@type":"ListItem","position":2,"name":"Recherche"}]},{"@type":"WebSite","@id":"https:\/\/web.umons.ac.be\/mapa\/#website","url":"https:\/\/web.umons.ac.be\/mapa\/","name":"Service \/ FS - Math\u00e9matiques appliqu\u00e9es","description":"","potentialAction":[{"@type":"SearchAction","target":{"@type":"EntryPoint","urlTemplate":"https:\/\/web.umons.ac.be\/mapa\/?s={search_term_string}"},"query-input":{"@type":"PropertyValueSpecification","valueRequired":true,"valueName":"search_term_string"}}],"inLanguage":"fr-FR"}]}},"lang":"fr","translations":{"fr":15,"en":17},"pll_sync_post":[],"_links":{"self":[{"href":"https:\/\/web.umons.ac.be\/mapa\/wp-json\/wp\/v2\/pages\/15","targetHints":{"allow":["GET"]}}],"collection":[{"href":"https:\/\/web.umons.ac.be\/mapa\/wp-json\/wp\/v2\/pages"}],"about":[{"href":"https:\/\/web.umons.ac.be\/mapa\/wp-json\/wp\/v2\/types\/page"}],"author":[{"embeddable":true,"href":"https:\/\/web.umons.ac.be\/mapa\/wp-json\/wp\/v2\/users\/4"}],"replies":[{"embeddable":true,"href":"https:\/\/web.umons.ac.be\/mapa\/wp-json\/wp\/v2\/comments?post=15"}],"version-history":[{"count":3,"href":"https:\/\/web.umons.ac.be\/mapa\/wp-json\/wp\/v2\/pages\/15\/revisions"}],"predecessor-version":[{"id":86,"href":"https:\/\/web.umons.ac.be\/mapa\/wp-json\/wp\/v2\/pages\/15\/revisions\/86"}],"wp:attachment":[{"href":"https:\/\/web.umons.ac.be\/mapa\/wp-json\/wp\/v2\/media?parent=15"}],"curies":[{"name":"wp","href":"https:\/\/api.w.org\/{rel}","templated":true}]}}