{"id":7,"date":"2021-11-05T09:04:40","date_gmt":"2021-11-05T08:04:40","guid":{"rendered":"https:\/\/web.umons.ac.be\/mapa\/equipe\/"},"modified":"2025-07-17T16:36:01","modified_gmt":"2025-07-17T14:36:01","slug":"equipe","status":"publish","type":"page","link":"https:\/\/web.umons.ac.be\/mapa\/equipe\/","title":{"rendered":"\u00c9quipe"},"content":{"rendered":"<p>&nbsp;<\/p>\n<ul>\n<li><strong>C\u00e9dric Rivi\u00e8re :<\/strong> Charg\u00e9 de cours, Chef de Service<\/li>\n<\/ul>\n<p>&nbsp;<\/p>\n<ul>\n<li><strong>Quentin Brouette :<\/strong> Premier assistant<\/li>\n<\/ul>\n<p>&nbsp;<\/p>\n<ul>\n<li><strong>Kimmo Lehtonen :<\/strong> Doctorant<\/li>\n<\/ul>\n<p>&nbsp;<\/p>\n<ul>\n<li><strong>Gabriel NG <\/strong>: Postdoctorant<\/li>\n<\/ul>\n<p>&nbsp;<\/p>\n<p><a href=\"https:\/\/annuaire.umons.ac.be\/\">Lien vers l&rsquo;annuaire de l&rsquo;UMons<\/a><\/p>\n<p>&nbsp;<\/p>\n","protected":false},"excerpt":{"rendered":"<p>&nbsp; C\u00e9dric Rivi\u00e8re : Charg\u00e9 de cours, Chef de Service &nbsp; Quentin Brouette : Premier assistant &nbsp; Kimmo Lehtonen : Doctorant &nbsp; Gabriel NG : Postdoctorant &nbsp; Lien vers l&rsquo;annuaire de l&rsquo;UMons &nbsp;<\/p>\n","protected":false},"author":4,"featured_media":0,"parent":0,"menu_order":0,"comment_status":"closed","ping_status":"closed","template":"","meta":{"footnotes":""},"class_list":["post-7","page","type-page","status-publish","hentry"],"yoast_head":"<!-- This site is optimized with the Yoast SEO plugin v27.2 - https:\/\/yoast.com\/product\/yoast-seo-wordpress\/ -->\n<title>\u00c9quipe - Service \/ FS - Math\u00e9matiques appliqu\u00e9es<\/title>\n<meta name=\"robots\" content=\"index, follow, max-snippet:-1, max-image-preview:large, max-video-preview:-1\" \/>\n<link rel=\"canonical\" href=\"https:\/\/web.umons.ac.be\/mapa\/equipe\/\" \/>\n<meta property=\"og:locale\" content=\"fr_FR\" \/>\n<meta property=\"og:type\" content=\"article\" \/>\n<meta property=\"og:title\" content=\"\u00c9quipe - Service \/ FS - Math\u00e9matiques appliqu\u00e9es\" \/>\n<meta property=\"og:description\" content=\"&nbsp; C\u00e9dric Rivi\u00e8re : Charg\u00e9 de cours, Chef de Service &nbsp; Quentin Brouette : Premier assistant &nbsp; Kimmo Lehtonen : Doctorant &nbsp; Gabriel NG : Postdoctorant &nbsp; Lien vers l&rsquo;annuaire de l&rsquo;UMons &nbsp;\" \/>\n<meta property=\"og:url\" content=\"https:\/\/web.umons.ac.be\/mapa\/equipe\/\" \/>\n<meta property=\"og:site_name\" content=\"Service \/ FS - Math\u00e9matiques appliqu\u00e9es\" \/>\n<meta property=\"article:modified_time\" content=\"2025-07-17T14:36:01+00:00\" \/>\n<meta name=\"twitter:card\" content=\"summary_large_image\" \/>\n<meta name=\"twitter:label1\" content=\"Dur\u00e9e de lecture estim\u00e9e\" \/>\n\t<meta name=\"twitter:data1\" content=\"1 minute\" \/>\n<script type=\"application\/ld+json\" class=\"yoast-schema-graph\">{\"@context\":\"https:\/\/schema.org\",\"@graph\":[{\"@type\":\"WebPage\",\"@id\":\"https:\/\/web.umons.ac.be\/mapa\/equipe\/\",\"url\":\"https:\/\/web.umons.ac.be\/mapa\/equipe\/\",\"name\":\"\u00c9quipe - Service \/ FS - Math\u00e9matiques appliqu\u00e9es\",\"isPartOf\":{\"@id\":\"https:\/\/web.umons.ac.be\/mapa\/#website\"},\"datePublished\":\"2021-11-05T08:04:40+00:00\",\"dateModified\":\"2025-07-17T14:36:01+00:00\",\"breadcrumb\":{\"@id\":\"https:\/\/web.umons.ac.be\/mapa\/equipe\/#breadcrumb\"},\"inLanguage\":\"fr-FR\",\"potentialAction\":[{\"@type\":\"ReadAction\",\"target\":[\"https:\/\/web.umons.ac.be\/mapa\/equipe\/\"]}]},{\"@type\":\"BreadcrumbList\",\"@id\":\"https:\/\/web.umons.ac.be\/mapa\/equipe\/#breadcrumb\",\"itemListElement\":[{\"@type\":\"ListItem\",\"position\":1,\"name\":\"Home\",\"item\":\"https:\/\/web.umons.ac.be\/mapa\/\"},{\"@type\":\"ListItem\",\"position\":2,\"name\":\"\u00c9quipe\"}]},{\"@type\":\"WebSite\",\"@id\":\"https:\/\/web.umons.ac.be\/mapa\/#website\",\"url\":\"https:\/\/web.umons.ac.be\/mapa\/\",\"name\":\"Service \/ FS - Math\u00e9matiques appliqu\u00e9es\",\"description\":\"\",\"potentialAction\":[{\"@type\":\"SearchAction\",\"target\":{\"@type\":\"EntryPoint\",\"urlTemplate\":\"https:\/\/web.umons.ac.be\/mapa\/?s={search_term_string}\"},\"query-input\":{\"@type\":\"PropertyValueSpecification\",\"valueRequired\":true,\"valueName\":\"search_term_string\"}}],\"inLanguage\":\"fr-FR\"}]}<\/script>\n<!-- \/ Yoast SEO plugin. -->","yoast_head_json":{"title":"\u00c9quipe - Service \/ FS - Math\u00e9matiques appliqu\u00e9es","robots":{"index":"index","follow":"follow","max-snippet":"max-snippet:-1","max-image-preview":"max-image-preview:large","max-video-preview":"max-video-preview:-1"},"canonical":"https:\/\/web.umons.ac.be\/mapa\/equipe\/","og_locale":"fr_FR","og_type":"article","og_title":"\u00c9quipe - Service \/ FS - Math\u00e9matiques appliqu\u00e9es","og_description":"&nbsp; C\u00e9dric Rivi\u00e8re : Charg\u00e9 de cours, Chef de Service &nbsp; Quentin Brouette : Premier assistant &nbsp; Kimmo Lehtonen : Doctorant &nbsp; Gabriel NG : Postdoctorant &nbsp; Lien vers l&rsquo;annuaire de l&rsquo;UMons &nbsp;","og_url":"https:\/\/web.umons.ac.be\/mapa\/equipe\/","og_site_name":"Service \/ FS - Math\u00e9matiques appliqu\u00e9es","article_modified_time":"2025-07-17T14:36:01+00:00","twitter_card":"summary_large_image","twitter_misc":{"Dur\u00e9e de lecture estim\u00e9e":"1 minute"},"schema":{"@context":"https:\/\/schema.org","@graph":[{"@type":"WebPage","@id":"https:\/\/web.umons.ac.be\/mapa\/equipe\/","url":"https:\/\/web.umons.ac.be\/mapa\/equipe\/","name":"\u00c9quipe - Service \/ FS - Math\u00e9matiques appliqu\u00e9es","isPartOf":{"@id":"https:\/\/web.umons.ac.be\/mapa\/#website"},"datePublished":"2021-11-05T08:04:40+00:00","dateModified":"2025-07-17T14:36:01+00:00","breadcrumb":{"@id":"https:\/\/web.umons.ac.be\/mapa\/equipe\/#breadcrumb"},"inLanguage":"fr-FR","potentialAction":[{"@type":"ReadAction","target":["https:\/\/web.umons.ac.be\/mapa\/equipe\/"]}]},{"@type":"BreadcrumbList","@id":"https:\/\/web.umons.ac.be\/mapa\/equipe\/#breadcrumb","itemListElement":[{"@type":"ListItem","position":1,"name":"Home","item":"https:\/\/web.umons.ac.be\/mapa\/"},{"@type":"ListItem","position":2,"name":"\u00c9quipe"}]},{"@type":"WebSite","@id":"https:\/\/web.umons.ac.be\/mapa\/#website","url":"https:\/\/web.umons.ac.be\/mapa\/","name":"Service \/ FS - Math\u00e9matiques appliqu\u00e9es","description":"","potentialAction":[{"@type":"SearchAction","target":{"@type":"EntryPoint","urlTemplate":"https:\/\/web.umons.ac.be\/mapa\/?s={search_term_string}"},"query-input":{"@type":"PropertyValueSpecification","valueRequired":true,"valueName":"search_term_string"}}],"inLanguage":"fr-FR"}]}},"lang":"fr","translations":{"fr":7,"en":9},"pll_sync_post":[],"_links":{"self":[{"href":"https:\/\/web.umons.ac.be\/mapa\/wp-json\/wp\/v2\/pages\/7","targetHints":{"allow":["GET"]}}],"collection":[{"href":"https:\/\/web.umons.ac.be\/mapa\/wp-json\/wp\/v2\/pages"}],"about":[{"href":"https:\/\/web.umons.ac.be\/mapa\/wp-json\/wp\/v2\/types\/page"}],"author":[{"embeddable":true,"href":"https:\/\/web.umons.ac.be\/mapa\/wp-json\/wp\/v2\/users\/4"}],"replies":[{"embeddable":true,"href":"https:\/\/web.umons.ac.be\/mapa\/wp-json\/wp\/v2\/comments?post=7"}],"version-history":[{"count":3,"href":"https:\/\/web.umons.ac.be\/mapa\/wp-json\/wp\/v2\/pages\/7\/revisions"}],"predecessor-version":[{"id":218,"href":"https:\/\/web.umons.ac.be\/mapa\/wp-json\/wp\/v2\/pages\/7\/revisions\/218"}],"wp:attachment":[{"href":"https:\/\/web.umons.ac.be\/mapa\/wp-json\/wp\/v2\/media?parent=7"}],"curies":[{"name":"wp","href":"https:\/\/api.w.org\/{rel}","templated":true}]}}