{"id":11,"date":"2021-11-08T15:07:26","date_gmt":"2021-11-08T14:07:26","guid":{"rendered":"https:\/\/web.umons.ac.be\/maro\/activites-denseignement\/"},"modified":"2021-11-08T15:30:04","modified_gmt":"2021-11-08T14:30:04","slug":"activites-denseignement","status":"publish","type":"page","link":"https:\/\/web.umons.ac.be\/maro\/activites-denseignement\/","title":{"rendered":"Activit\u00e9s d&rsquo;enseignement"},"content":{"rendered":"<ul>\n<li>Advanced Machine Learning<\/li>\n<li>Advanced optimization<\/li>\n<li>Aide multicrit\u00e8re \u00e0 la d\u00e9cision<\/li>\n<li>Alg\u00e8bre 1<\/li>\n<li>Alg\u00e8bre 2<\/li>\n<li>Alg\u00e8bre lin\u00e9aire I<\/li>\n<li>Alg\u00e8bre lin\u00e9aire II<\/li>\n<li>Analyse 1<\/li>\n<li>Analyse 2<\/li>\n<li>Analyse des donn\u00e9es exp\u00e9rimentales<\/li>\n<li>Analyse num\u00e9rique<\/li>\n<li>Analyse num\u00e9rique des \u00e9quations aux d\u00e9riv\u00e9es partielles<\/li>\n<li>Ateliers de mod\u00e9lisation en R.O.<\/li>\n<li>BIM et optimisation<\/li>\n<li>Calcul diff\u00e9rentiel et int\u00e9gral I<\/li>\n<li>Calcul diff\u00e9rentiel et int\u00e9gral II<\/li>\n<li>Competitive Programming<\/li>\n<li>Data Mining<\/li>\n<li>Generative Algorithmic: from Design Maths to Creative Algorithms<\/li>\n<li>Gestion de production<\/li>\n<li>Graphes et optimisation combinatoire<\/li>\n<li>Graphes et optimisation combinatoire<\/li>\n<li>Math\u00e9matique<\/li>\n<li>Math\u00e9matiques Appliqu\u00e9es<\/li>\n<li>M\u00e9thode d&rsquo;optimisation<\/li>\n<li>M\u00e9thodes num\u00e9riques<\/li>\n<li>Mod\u00e8les al\u00e9atoires de recherche op\u00e9rationnelle<\/li>\n<li>Optimisation et gestion de la production<\/li>\n<li>Probabilit\u00e9<\/li>\n<li>Probabilit\u00e9 et Statistiques<\/li>\n<li>Processus de d\u00e9lib\u00e9ration interne<\/li>\n<li>Selected topics in numerical analysis<\/li>\n<li>Statistiques<\/li>\n<li>Streaming Data Analysis<\/li>\n<\/ul>\n","protected":false},"excerpt":{"rendered":"<p>Advanced Machine Learning Advanced optimization Aide multicrit\u00e8re \u00e0 la d\u00e9cision Alg\u00e8bre 1 Alg\u00e8bre 2 Alg\u00e8bre lin\u00e9aire I Alg\u00e8bre lin\u00e9aire II Analyse 1 Analyse 2 Analyse des donn\u00e9es exp\u00e9rimentales Analyse num\u00e9rique Analyse num\u00e9rique des \u00e9quations aux d\u00e9riv\u00e9es partielles Ateliers de mod\u00e9lisation en R.O. BIM et optimisation Calcul diff\u00e9rentiel et int\u00e9gral I Calcul diff\u00e9rentiel et int\u00e9gral II [&hellip;]<\/p>\n","protected":false},"author":4,"featured_media":0,"parent":0,"menu_order":0,"comment_status":"closed","ping_status":"closed","template":"","meta":{"footnotes":""},"class_list":["post-11","page","type-page","status-publish","hentry"],"yoast_head":"<!-- This site is optimized with the Yoast SEO plugin v27.2 - https:\/\/yoast.com\/product\/yoast-seo-wordpress\/ -->\n<title>Activit\u00e9s d&#039;enseignement - Service \/ FPMS - Math\u00e9matique et Recherche op\u00e9rationnelle<\/title>\n<meta name=\"robots\" content=\"index, follow, max-snippet:-1, max-image-preview:large, max-video-preview:-1\" \/>\n<link rel=\"canonical\" href=\"https:\/\/web.umons.ac.be\/maro\/activites-denseignement\/\" \/>\n<meta property=\"og:locale\" content=\"fr_FR\" \/>\n<meta property=\"og:type\" content=\"article\" \/>\n<meta property=\"og:title\" content=\"Activit\u00e9s d&#039;enseignement - Service \/ FPMS - Math\u00e9matique et Recherche op\u00e9rationnelle\" \/>\n<meta property=\"og:description\" content=\"Advanced Machine Learning Advanced optimization Aide multicrit\u00e8re \u00e0 la d\u00e9cision Alg\u00e8bre 1 Alg\u00e8bre 2 Alg\u00e8bre lin\u00e9aire I Alg\u00e8bre lin\u00e9aire II Analyse 1 Analyse 2 Analyse des donn\u00e9es exp\u00e9rimentales Analyse num\u00e9rique Analyse num\u00e9rique des \u00e9quations aux d\u00e9riv\u00e9es partielles Ateliers de mod\u00e9lisation en R.O. BIM et optimisation Calcul diff\u00e9rentiel et int\u00e9gral I Calcul diff\u00e9rentiel et int\u00e9gral II [&hellip;]\" \/>\n<meta property=\"og:url\" content=\"https:\/\/web.umons.ac.be\/maro\/activites-denseignement\/\" \/>\n<meta property=\"og:site_name\" content=\"Service \/ FPMS - Math\u00e9matique et Recherche op\u00e9rationnelle\" \/>\n<meta property=\"article:modified_time\" content=\"2021-11-08T14:30:04+00:00\" \/>\n<meta name=\"twitter:card\" content=\"summary_large_image\" \/>\n<meta name=\"twitter:label1\" content=\"Dur\u00e9e de lecture estim\u00e9e\" \/>\n\t<meta name=\"twitter:data1\" content=\"1 minute\" \/>\n<script type=\"application\/ld+json\" class=\"yoast-schema-graph\">{\"@context\":\"https:\/\/schema.org\",\"@graph\":[{\"@type\":\"WebPage\",\"@id\":\"https:\/\/web.umons.ac.be\/maro\/activites-denseignement\/\",\"url\":\"https:\/\/web.umons.ac.be\/maro\/activites-denseignement\/\",\"name\":\"Activit\u00e9s d'enseignement - Service \/ FPMS - Math\u00e9matique et Recherche op\u00e9rationnelle\",\"isPartOf\":{\"@id\":\"https:\/\/web.umons.ac.be\/maro\/#website\"},\"datePublished\":\"2021-11-08T14:07:26+00:00\",\"dateModified\":\"2021-11-08T14:30:04+00:00\",\"breadcrumb\":{\"@id\":\"https:\/\/web.umons.ac.be\/maro\/activites-denseignement\/#breadcrumb\"},\"inLanguage\":\"fr-FR\",\"potentialAction\":[{\"@type\":\"ReadAction\",\"target\":[\"https:\/\/web.umons.ac.be\/maro\/activites-denseignement\/\"]}]},{\"@type\":\"BreadcrumbList\",\"@id\":\"https:\/\/web.umons.ac.be\/maro\/activites-denseignement\/#breadcrumb\",\"itemListElement\":[{\"@type\":\"ListItem\",\"position\":1,\"name\":\"Home\",\"item\":\"https:\/\/web.umons.ac.be\/maro\/\"},{\"@type\":\"ListItem\",\"position\":2,\"name\":\"Activit\u00e9s d&rsquo;enseignement\"}]},{\"@type\":\"WebSite\",\"@id\":\"https:\/\/web.umons.ac.be\/maro\/#website\",\"url\":\"https:\/\/web.umons.ac.be\/maro\/\",\"name\":\"Service \/ FPMS - Math\u00e9matique et Recherche op\u00e9rationnelle\",\"description\":\"\",\"potentialAction\":[{\"@type\":\"SearchAction\",\"target\":{\"@type\":\"EntryPoint\",\"urlTemplate\":\"https:\/\/web.umons.ac.be\/maro\/?s={search_term_string}\"},\"query-input\":{\"@type\":\"PropertyValueSpecification\",\"valueRequired\":true,\"valueName\":\"search_term_string\"}}],\"inLanguage\":\"fr-FR\"}]}<\/script>\n<!-- \/ Yoast SEO plugin. -->","yoast_head_json":{"title":"Activit\u00e9s d'enseignement - Service \/ FPMS - Math\u00e9matique et Recherche op\u00e9rationnelle","robots":{"index":"index","follow":"follow","max-snippet":"max-snippet:-1","max-image-preview":"max-image-preview:large","max-video-preview":"max-video-preview:-1"},"canonical":"https:\/\/web.umons.ac.be\/maro\/activites-denseignement\/","og_locale":"fr_FR","og_type":"article","og_title":"Activit\u00e9s d'enseignement - Service \/ FPMS - Math\u00e9matique et Recherche op\u00e9rationnelle","og_description":"Advanced Machine Learning Advanced optimization Aide multicrit\u00e8re \u00e0 la d\u00e9cision Alg\u00e8bre 1 Alg\u00e8bre 2 Alg\u00e8bre lin\u00e9aire I Alg\u00e8bre lin\u00e9aire II Analyse 1 Analyse 2 Analyse des donn\u00e9es exp\u00e9rimentales Analyse num\u00e9rique Analyse num\u00e9rique des \u00e9quations aux d\u00e9riv\u00e9es partielles Ateliers de mod\u00e9lisation en R.O. BIM et optimisation Calcul diff\u00e9rentiel et int\u00e9gral I Calcul diff\u00e9rentiel et int\u00e9gral II [&hellip;]","og_url":"https:\/\/web.umons.ac.be\/maro\/activites-denseignement\/","og_site_name":"Service \/ FPMS - Math\u00e9matique et Recherche op\u00e9rationnelle","article_modified_time":"2021-11-08T14:30:04+00:00","twitter_card":"summary_large_image","twitter_misc":{"Dur\u00e9e de lecture estim\u00e9e":"1 minute"},"schema":{"@context":"https:\/\/schema.org","@graph":[{"@type":"WebPage","@id":"https:\/\/web.umons.ac.be\/maro\/activites-denseignement\/","url":"https:\/\/web.umons.ac.be\/maro\/activites-denseignement\/","name":"Activit\u00e9s d'enseignement - Service \/ FPMS - Math\u00e9matique et Recherche op\u00e9rationnelle","isPartOf":{"@id":"https:\/\/web.umons.ac.be\/maro\/#website"},"datePublished":"2021-11-08T14:07:26+00:00","dateModified":"2021-11-08T14:30:04+00:00","breadcrumb":{"@id":"https:\/\/web.umons.ac.be\/maro\/activites-denseignement\/#breadcrumb"},"inLanguage":"fr-FR","potentialAction":[{"@type":"ReadAction","target":["https:\/\/web.umons.ac.be\/maro\/activites-denseignement\/"]}]},{"@type":"BreadcrumbList","@id":"https:\/\/web.umons.ac.be\/maro\/activites-denseignement\/#breadcrumb","itemListElement":[{"@type":"ListItem","position":1,"name":"Home","item":"https:\/\/web.umons.ac.be\/maro\/"},{"@type":"ListItem","position":2,"name":"Activit\u00e9s d&rsquo;enseignement"}]},{"@type":"WebSite","@id":"https:\/\/web.umons.ac.be\/maro\/#website","url":"https:\/\/web.umons.ac.be\/maro\/","name":"Service \/ FPMS - Math\u00e9matique et Recherche op\u00e9rationnelle","description":"","potentialAction":[{"@type":"SearchAction","target":{"@type":"EntryPoint","urlTemplate":"https:\/\/web.umons.ac.be\/maro\/?s={search_term_string}"},"query-input":{"@type":"PropertyValueSpecification","valueRequired":true,"valueName":"search_term_string"}}],"inLanguage":"fr-FR"}]}},"lang":"fr","translations":{"fr":11,"en":13},"pll_sync_post":[],"_links":{"self":[{"href":"https:\/\/web.umons.ac.be\/maro\/wp-json\/wp\/v2\/pages\/11","targetHints":{"allow":["GET"]}}],"collection":[{"href":"https:\/\/web.umons.ac.be\/maro\/wp-json\/wp\/v2\/pages"}],"about":[{"href":"https:\/\/web.umons.ac.be\/maro\/wp-json\/wp\/v2\/types\/page"}],"author":[{"embeddable":true,"href":"https:\/\/web.umons.ac.be\/maro\/wp-json\/wp\/v2\/users\/4"}],"replies":[{"embeddable":true,"href":"https:\/\/web.umons.ac.be\/maro\/wp-json\/wp\/v2\/comments?post=11"}],"version-history":[{"count":1,"href":"https:\/\/web.umons.ac.be\/maro\/wp-json\/wp\/v2\/pages\/11\/revisions"}],"predecessor-version":[{"id":49,"href":"https:\/\/web.umons.ac.be\/maro\/wp-json\/wp\/v2\/pages\/11\/revisions\/49"}],"wp:attachment":[{"href":"https:\/\/web.umons.ac.be\/maro\/wp-json\/wp\/v2\/media?parent=11"}],"curies":[{"name":"wp","href":"https:\/\/api.w.org\/{rel}","templated":true}]}}