{"id":15,"date":"2021-11-08T15:07:27","date_gmt":"2021-11-08T14:07:27","guid":{"rendered":"https:\/\/web.umons.ac.be\/maro\/activites-de-recherche\/"},"modified":"2021-11-08T15:24:12","modified_gmt":"2021-11-08T14:24:12","slug":"activites-de-recherche","status":"publish","type":"page","link":"https:\/\/web.umons.ac.be\/maro\/activites-de-recherche\/","title":{"rendered":"Activit\u00e9s de recherche"},"content":{"rendered":"<p>Les activit\u00e9s de recherche du service s&rsquo;articulent autour des th\u00e8mes de recherche suivants :<\/p>\n<ul>\n<li>recherche op\u00e9rationnelle et plus particuli\u00e8rement l&rsquo;optimisation (continue, combinatoire, mono-objectif, multi-objectif, m\u00e9ta-mod\u00e9lisation, &#8230;),<\/li>\n<li>l&rsquo;analyse des donn\u00e9es (mod\u00e9lisation des impr\u00e9cisions et des pr\u00e9f\u00e9rences, repr\u00e9sentation et analyse de grands ensembles de donn\u00e9es, traitement des donn\u00e9es de type multim\u00e9dia, r\u00e9duction lin\u00e9aire de dimension et approximation de matrices par des matrices de rang faible et en particulier la \u00ab\u00a0nonnegative matrix factorization\u00a0\u00bb),<\/li>\n<li>et l&rsquo;intelligence artificielle (Machine learning, deep learning, apprentissage automatique, &#8230;).<\/li>\n<\/ul>\n<hr \/>\n<p>Notre service est, par ailleurs rattach\u00e9 \u00e0 un institut de recherche de l\u2019UMONS :<\/p>\n<start-cask-shortcode-wrapper>\t\t<div class=\"associated-institutes content-block scheme-fpms\">\n\t\t\t<ul class=\"institutes-list\">\n\t\t\t\t\t\t\t\t\t\t<li>\n\t\t\t\t\t\t\t<a href=\"https:\/\/web.umons.ac.be\/infortech\" title=\"Acc\u00e9der au site web de : Institut \/ Infortech\" class=\"associated-institute\">\n\t\t\t\t\t\t\t\t<img loading=\"lazy\" decoding=\"async\" width=\"1\" height=\"1\" src=\"https:\/\/web.umons.ac.be\/app\/uploads\/sites\/34\/2017\/12\/infortech_logo_fr.svg\" class=\"attachment-thumbnail size-thumbnail\" alt=\"\" \/>\t\t\t\t\t\t\t<\/a>\t\t\t\n\t\t\t\t\t\t<\/li>\n\t\t\t\t\t\t\t\t\t\t<li>\n\t\t\t\t\t\t\t<a href=\"https:\/\/web.umons.ac.be\/numediart\" title=\"Acc\u00e9der au site web de : Institut \/ Num\u00e9diart\" class=\"associated-institute\">\n\t\t\t\t\t\t\t\t<img loading=\"lazy\" decoding=\"async\" width=\"1\" height=\"1\" src=\"https:\/\/web.umons.ac.be\/app\/uploads\/sites\/37\/2017\/12\/numediart_logo_fr.svg\" class=\"attachment-thumbnail size-thumbnail\" alt=\"\" \/>\t\t\t\t\t\t\t<\/a>\t\t\t\n\t\t\t\t\t\t<\/li>\n\t\t\t\t\t\t\t<\/ul>\n\t\t<\/div>\n <end-cask-shortcode-wrapper>\n","protected":false},"excerpt":{"rendered":"<p>Les activit\u00e9s de recherche du service s&rsquo;articulent autour des th\u00e8mes de recherche suivants : recherche op\u00e9rationnelle et plus particuli\u00e8rement l&rsquo;optimisation (continue, combinatoire, mono-objectif, multi-objectif, m\u00e9ta-mod\u00e9lisation, &#8230;), l&rsquo;analyse des donn\u00e9es (mod\u00e9lisation des impr\u00e9cisions et des pr\u00e9f\u00e9rences, repr\u00e9sentation et analyse de grands ensembles de donn\u00e9es, traitement des donn\u00e9es de type multim\u00e9dia, r\u00e9duction lin\u00e9aire de dimension et approximation [&hellip;]<\/p>\n","protected":false},"author":4,"featured_media":0,"parent":0,"menu_order":0,"comment_status":"closed","ping_status":"closed","template":"","meta":{"footnotes":""},"class_list":["post-15","page","type-page","status-publish","hentry"],"yoast_head":"<!-- This site is optimized with the Yoast SEO plugin v27.2 - https:\/\/yoast.com\/product\/yoast-seo-wordpress\/ -->\n<title>Activit\u00e9s de recherche - Service \/ FPMS - Math\u00e9matique et Recherche op\u00e9rationnelle<\/title>\n<meta name=\"robots\" content=\"index, follow, max-snippet:-1, max-image-preview:large, max-video-preview:-1\" \/>\n<link rel=\"canonical\" href=\"https:\/\/web.umons.ac.be\/maro\/activites-de-recherche\/\" \/>\n<meta property=\"og:locale\" content=\"fr_FR\" \/>\n<meta property=\"og:type\" content=\"article\" \/>\n<meta property=\"og:title\" content=\"Activit\u00e9s de recherche - Service \/ FPMS - Math\u00e9matique et Recherche op\u00e9rationnelle\" \/>\n<meta property=\"og:description\" content=\"Les activit\u00e9s de recherche du service s&rsquo;articulent autour des th\u00e8mes de recherche suivants : recherche op\u00e9rationnelle et plus particuli\u00e8rement l&rsquo;optimisation (continue, combinatoire, mono-objectif, multi-objectif, m\u00e9ta-mod\u00e9lisation, &#8230;), l&rsquo;analyse des donn\u00e9es (mod\u00e9lisation des impr\u00e9cisions et des pr\u00e9f\u00e9rences, repr\u00e9sentation et analyse de grands ensembles de donn\u00e9es, traitement des donn\u00e9es de type multim\u00e9dia, r\u00e9duction lin\u00e9aire de dimension et approximation [&hellip;]\" \/>\n<meta property=\"og:url\" content=\"https:\/\/web.umons.ac.be\/maro\/activites-de-recherche\/\" \/>\n<meta property=\"og:site_name\" content=\"Service \/ FPMS - Math\u00e9matique et Recherche op\u00e9rationnelle\" \/>\n<meta property=\"article:modified_time\" content=\"2021-11-08T14:24:12+00:00\" \/>\n<meta name=\"twitter:card\" content=\"summary_large_image\" \/>\n<meta name=\"twitter:label1\" content=\"Dur\u00e9e de lecture estim\u00e9e\" \/>\n\t<meta name=\"twitter:data1\" content=\"1 minute\" \/>\n<script type=\"application\/ld+json\" class=\"yoast-schema-graph\">{\"@context\":\"https:\/\/schema.org\",\"@graph\":[{\"@type\":\"WebPage\",\"@id\":\"https:\/\/web.umons.ac.be\/maro\/activites-de-recherche\/\",\"url\":\"https:\/\/web.umons.ac.be\/maro\/activites-de-recherche\/\",\"name\":\"Activit\u00e9s de recherche - Service \/ FPMS - Math\u00e9matique et Recherche op\u00e9rationnelle\",\"isPartOf\":{\"@id\":\"https:\/\/web.umons.ac.be\/maro\/#website\"},\"datePublished\":\"2021-11-08T14:07:27+00:00\",\"dateModified\":\"2021-11-08T14:24:12+00:00\",\"breadcrumb\":{\"@id\":\"https:\/\/web.umons.ac.be\/maro\/activites-de-recherche\/#breadcrumb\"},\"inLanguage\":\"fr-FR\",\"potentialAction\":[{\"@type\":\"ReadAction\",\"target\":[\"https:\/\/web.umons.ac.be\/maro\/activites-de-recherche\/\"]}]},{\"@type\":\"BreadcrumbList\",\"@id\":\"https:\/\/web.umons.ac.be\/maro\/activites-de-recherche\/#breadcrumb\",\"itemListElement\":[{\"@type\":\"ListItem\",\"position\":1,\"name\":\"Home\",\"item\":\"https:\/\/web.umons.ac.be\/maro\/\"},{\"@type\":\"ListItem\",\"position\":2,\"name\":\"Activit\u00e9s de recherche\"}]},{\"@type\":\"WebSite\",\"@id\":\"https:\/\/web.umons.ac.be\/maro\/#website\",\"url\":\"https:\/\/web.umons.ac.be\/maro\/\",\"name\":\"Service \/ FPMS - Math\u00e9matique et Recherche op\u00e9rationnelle\",\"description\":\"\",\"potentialAction\":[{\"@type\":\"SearchAction\",\"target\":{\"@type\":\"EntryPoint\",\"urlTemplate\":\"https:\/\/web.umons.ac.be\/maro\/?s={search_term_string}\"},\"query-input\":{\"@type\":\"PropertyValueSpecification\",\"valueRequired\":true,\"valueName\":\"search_term_string\"}}],\"inLanguage\":\"fr-FR\"}]}<\/script>\n<!-- \/ Yoast SEO plugin. -->","yoast_head_json":{"title":"Activit\u00e9s de recherche - Service \/ FPMS - Math\u00e9matique et Recherche op\u00e9rationnelle","robots":{"index":"index","follow":"follow","max-snippet":"max-snippet:-1","max-image-preview":"max-image-preview:large","max-video-preview":"max-video-preview:-1"},"canonical":"https:\/\/web.umons.ac.be\/maro\/activites-de-recherche\/","og_locale":"fr_FR","og_type":"article","og_title":"Activit\u00e9s de recherche - Service \/ FPMS - Math\u00e9matique et Recherche op\u00e9rationnelle","og_description":"Les activit\u00e9s de recherche du service s&rsquo;articulent autour des th\u00e8mes de recherche suivants : recherche op\u00e9rationnelle et plus particuli\u00e8rement l&rsquo;optimisation (continue, combinatoire, mono-objectif, multi-objectif, m\u00e9ta-mod\u00e9lisation, &#8230;), l&rsquo;analyse des donn\u00e9es (mod\u00e9lisation des impr\u00e9cisions et des pr\u00e9f\u00e9rences, repr\u00e9sentation et analyse de grands ensembles de donn\u00e9es, traitement des donn\u00e9es de type multim\u00e9dia, r\u00e9duction lin\u00e9aire de dimension et approximation [&hellip;]","og_url":"https:\/\/web.umons.ac.be\/maro\/activites-de-recherche\/","og_site_name":"Service \/ FPMS - Math\u00e9matique et Recherche op\u00e9rationnelle","article_modified_time":"2021-11-08T14:24:12+00:00","twitter_card":"summary_large_image","twitter_misc":{"Dur\u00e9e de lecture estim\u00e9e":"1 minute"},"schema":{"@context":"https:\/\/schema.org","@graph":[{"@type":"WebPage","@id":"https:\/\/web.umons.ac.be\/maro\/activites-de-recherche\/","url":"https:\/\/web.umons.ac.be\/maro\/activites-de-recherche\/","name":"Activit\u00e9s de recherche - Service \/ FPMS - Math\u00e9matique et Recherche op\u00e9rationnelle","isPartOf":{"@id":"https:\/\/web.umons.ac.be\/maro\/#website"},"datePublished":"2021-11-08T14:07:27+00:00","dateModified":"2021-11-08T14:24:12+00:00","breadcrumb":{"@id":"https:\/\/web.umons.ac.be\/maro\/activites-de-recherche\/#breadcrumb"},"inLanguage":"fr-FR","potentialAction":[{"@type":"ReadAction","target":["https:\/\/web.umons.ac.be\/maro\/activites-de-recherche\/"]}]},{"@type":"BreadcrumbList","@id":"https:\/\/web.umons.ac.be\/maro\/activites-de-recherche\/#breadcrumb","itemListElement":[{"@type":"ListItem","position":1,"name":"Home","item":"https:\/\/web.umons.ac.be\/maro\/"},{"@type":"ListItem","position":2,"name":"Activit\u00e9s de recherche"}]},{"@type":"WebSite","@id":"https:\/\/web.umons.ac.be\/maro\/#website","url":"https:\/\/web.umons.ac.be\/maro\/","name":"Service \/ FPMS - Math\u00e9matique et Recherche op\u00e9rationnelle","description":"","potentialAction":[{"@type":"SearchAction","target":{"@type":"EntryPoint","urlTemplate":"https:\/\/web.umons.ac.be\/maro\/?s={search_term_string}"},"query-input":{"@type":"PropertyValueSpecification","valueRequired":true,"valueName":"search_term_string"}}],"inLanguage":"fr-FR"}]}},"lang":"fr","translations":{"fr":15,"en":17},"pll_sync_post":[],"_links":{"self":[{"href":"https:\/\/web.umons.ac.be\/maro\/wp-json\/wp\/v2\/pages\/15","targetHints":{"allow":["GET"]}}],"collection":[{"href":"https:\/\/web.umons.ac.be\/maro\/wp-json\/wp\/v2\/pages"}],"about":[{"href":"https:\/\/web.umons.ac.be\/maro\/wp-json\/wp\/v2\/types\/page"}],"author":[{"embeddable":true,"href":"https:\/\/web.umons.ac.be\/maro\/wp-json\/wp\/v2\/users\/4"}],"replies":[{"embeddable":true,"href":"https:\/\/web.umons.ac.be\/maro\/wp-json\/wp\/v2\/comments?post=15"}],"version-history":[{"count":1,"href":"https:\/\/web.umons.ac.be\/maro\/wp-json\/wp\/v2\/pages\/15\/revisions"}],"predecessor-version":[{"id":47,"href":"https:\/\/web.umons.ac.be\/maro\/wp-json\/wp\/v2\/pages\/15\/revisions\/47"}],"wp:attachment":[{"href":"https:\/\/web.umons.ac.be\/maro\/wp-json\/wp\/v2\/media?parent=15"}],"curies":[{"name":"wp","href":"https:\/\/api.w.org\/{rel}","templated":true}]}}