{"id":116,"date":"2017-07-18T14:34:30","date_gmt":"2017-07-18T12:34:30","guid":{"rendered":"https:\/\/web.umons.ac.be\/materiaux\/?page_id=116"},"modified":"2021-10-06T11:55:05","modified_gmt":"2021-10-06T09:55:05","slug":"spin-off","status":"publish","type":"page","link":"https:\/\/web.umons.ac.be\/materiaux\/fr\/spin-off\/","title":{"rendered":"SPIN-OFF"},"content":{"rendered":"<h2>B-SENS (SPIN-OFF)<\/h2>\n<p><img loading=\"lazy\" decoding=\"async\" class=\"alignleft size-full wp-image-236\" src=\"https:\/\/web.umons.ac.be\/app\/uploads\/sites\/38\/2017\/07\/Brochure_IR_FR_web.pdf-Adobe-Acrobat-Pro-DC.jpg\" alt=\"\" width=\"64\" height=\"14\" srcset=\"https:\/\/web.umons.ac.be\/app\/uploads\/sites\/38\/2017\/07\/Brochure_IR_FR_web.pdf-Adobe-Acrobat-Pro-DC.jpg 64w, https:\/\/web.umons.ac.be\/app\/uploads\/sites\/38\/2017\/07\/Brochure_IR_FR_web.pdf-Adobe-Acrobat-Pro-DC-30x7.jpg 30w, https:\/\/web.umons.ac.be\/app\/uploads\/sites\/38\/2017\/07\/Brochure_IR_FR_web.pdf-Adobe-Acrobat-Pro-DC-60x13.jpg 60w\" sizes=\"auto, (max-width: 64px) 100vw, 64px\" \/>Cr\u00e9\u00e9e en 2016, la spin-off <strong>B-SENS<\/strong> <strong>con\u00e7oit et fabrique des capteurs physiques et (bio)chimiques sur fibres optiques, essentiellement destin\u00e9s \u00e0 assurer la s\u00e9curit\u00e9 de biens et de personnes.<\/strong><\/p>\n","protected":false},"excerpt":{"rendered":"<p>B-SENS (SPIN-OFF) Cr\u00e9\u00e9e en 2016, la spin-off B-SENS con\u00e7oit et fabrique des capteurs physiques et (bio)chimiques sur fibres optiques, essentiellement destin\u00e9s \u00e0 assurer la s\u00e9curit\u00e9 de biens et de personnes.<\/p>\n","protected":false},"author":2,"featured_media":0,"parent":0,"menu_order":20,"comment_status":"closed","ping_status":"closed","template":"","meta":{"footnotes":""},"class_list":["post-116","page","type-page","status-publish","hentry"],"yoast_head":"<!-- This site is optimized with the Yoast SEO plugin v27.2 - https:\/\/yoast.com\/product\/yoast-seo-wordpress\/ -->\n<title>SPIN-OFF - Institut \/ Mat\u00e9riaux<\/title>\n<meta name=\"robots\" content=\"index, follow, max-snippet:-1, max-image-preview:large, max-video-preview:-1\" \/>\n<link rel=\"canonical\" href=\"https:\/\/web.umons.ac.be\/materiaux\/fr\/spin-off\/\" \/>\n<meta property=\"og:locale\" content=\"fr_FR\" \/>\n<meta property=\"og:type\" content=\"article\" \/>\n<meta property=\"og:title\" content=\"SPIN-OFF - Institut \/ Mat\u00e9riaux\" \/>\n<meta property=\"og:description\" content=\"B-SENS (SPIN-OFF) Cr\u00e9\u00e9e en 2016, la spin-off B-SENS con\u00e7oit et fabrique des capteurs physiques et (bio)chimiques sur fibres optiques, essentiellement destin\u00e9s \u00e0 assurer la s\u00e9curit\u00e9 de biens et de personnes.\" \/>\n<meta property=\"og:url\" content=\"https:\/\/web.umons.ac.be\/materiaux\/fr\/spin-off\/\" \/>\n<meta property=\"og:site_name\" content=\"Institut \/ Mat\u00e9riaux\" \/>\n<meta property=\"article:modified_time\" content=\"2021-10-06T09:55:05+00:00\" \/>\n<meta property=\"og:image\" content=\"https:\/\/web.umons.ac.be\/app\/uploads\/sites\/38\/2017\/07\/Brochure_IR_FR_web.pdf-Adobe-Acrobat-Pro-DC.jpg\" \/>\n<meta name=\"twitter:card\" content=\"summary_large_image\" \/>\n<script type=\"application\/ld+json\" class=\"yoast-schema-graph\">{\"@context\":\"https:\/\/schema.org\",\"@graph\":[{\"@type\":\"WebPage\",\"@id\":\"https:\/\/web.umons.ac.be\/materiaux\/fr\/spin-off\/\",\"url\":\"https:\/\/web.umons.ac.be\/materiaux\/fr\/spin-off\/\",\"name\":\"SPIN-OFF - Institut \/ Mat\u00e9riaux\",\"isPartOf\":{\"@id\":\"https:\/\/web.umons.ac.be\/materiaux\/#website\"},\"primaryImageOfPage\":{\"@id\":\"https:\/\/web.umons.ac.be\/materiaux\/fr\/spin-off\/#primaryimage\"},\"image\":{\"@id\":\"https:\/\/web.umons.ac.be\/materiaux\/fr\/spin-off\/#primaryimage\"},\"thumbnailUrl\":\"https:\/\/web.umons.ac.be\/app\/uploads\/sites\/38\/2017\/07\/Brochure_IR_FR_web.pdf-Adobe-Acrobat-Pro-DC.jpg\",\"datePublished\":\"2017-07-18T12:34:30+00:00\",\"dateModified\":\"2021-10-06T09:55:05+00:00\",\"breadcrumb\":{\"@id\":\"https:\/\/web.umons.ac.be\/materiaux\/fr\/spin-off\/#breadcrumb\"},\"inLanguage\":\"fr-FR\",\"potentialAction\":[{\"@type\":\"ReadAction\",\"target\":[\"https:\/\/web.umons.ac.be\/materiaux\/fr\/spin-off\/\"]}]},{\"@type\":\"ImageObject\",\"inLanguage\":\"fr-FR\",\"@id\":\"https:\/\/web.umons.ac.be\/materiaux\/fr\/spin-off\/#primaryimage\",\"url\":\"https:\/\/web.umons.ac.be\/app\/uploads\/sites\/38\/2017\/07\/Brochure_IR_FR_web.pdf-Adobe-Acrobat-Pro-DC.jpg\",\"contentUrl\":\"https:\/\/web.umons.ac.be\/app\/uploads\/sites\/38\/2017\/07\/Brochure_IR_FR_web.pdf-Adobe-Acrobat-Pro-DC.jpg\"},{\"@type\":\"BreadcrumbList\",\"@id\":\"https:\/\/web.umons.ac.be\/materiaux\/fr\/spin-off\/#breadcrumb\",\"itemListElement\":[{\"@type\":\"ListItem\",\"position\":1,\"name\":\"Accueil\",\"item\":\"https:\/\/web.umons.ac.be\/materiaux\/\"},{\"@type\":\"ListItem\",\"position\":2,\"name\":\"SPIN-OFF\"}]},{\"@type\":\"WebSite\",\"@id\":\"https:\/\/web.umons.ac.be\/materiaux\/#website\",\"url\":\"https:\/\/web.umons.ac.be\/materiaux\/\",\"name\":\"Institut \/ Mat\u00e9riaux\",\"description\":\"Un site utilisant Universit\u00e9 de Mons \u2013 UMONS\",\"potentialAction\":[{\"@type\":\"SearchAction\",\"target\":{\"@type\":\"EntryPoint\",\"urlTemplate\":\"https:\/\/web.umons.ac.be\/materiaux\/?s={search_term_string}\"},\"query-input\":{\"@type\":\"PropertyValueSpecification\",\"valueRequired\":true,\"valueName\":\"search_term_string\"}}],\"inLanguage\":\"fr-FR\"}]}<\/script>\n<!-- \/ Yoast SEO plugin. -->","yoast_head_json":{"title":"SPIN-OFF - Institut \/ Mat\u00e9riaux","robots":{"index":"index","follow":"follow","max-snippet":"max-snippet:-1","max-image-preview":"max-image-preview:large","max-video-preview":"max-video-preview:-1"},"canonical":"https:\/\/web.umons.ac.be\/materiaux\/fr\/spin-off\/","og_locale":"fr_FR","og_type":"article","og_title":"SPIN-OFF - Institut \/ Mat\u00e9riaux","og_description":"B-SENS (SPIN-OFF) Cr\u00e9\u00e9e en 2016, la spin-off B-SENS con\u00e7oit et fabrique des capteurs physiques et (bio)chimiques sur fibres optiques, essentiellement destin\u00e9s \u00e0 assurer la s\u00e9curit\u00e9 de biens et de personnes.","og_url":"https:\/\/web.umons.ac.be\/materiaux\/fr\/spin-off\/","og_site_name":"Institut \/ Mat\u00e9riaux","article_modified_time":"2021-10-06T09:55:05+00:00","og_image":[{"url":"https:\/\/web.umons.ac.be\/app\/uploads\/sites\/38\/2017\/07\/Brochure_IR_FR_web.pdf-Adobe-Acrobat-Pro-DC.jpg","type":"","width":"","height":""}],"twitter_card":"summary_large_image","schema":{"@context":"https:\/\/schema.org","@graph":[{"@type":"WebPage","@id":"https:\/\/web.umons.ac.be\/materiaux\/fr\/spin-off\/","url":"https:\/\/web.umons.ac.be\/materiaux\/fr\/spin-off\/","name":"SPIN-OFF - Institut \/ Mat\u00e9riaux","isPartOf":{"@id":"https:\/\/web.umons.ac.be\/materiaux\/#website"},"primaryImageOfPage":{"@id":"https:\/\/web.umons.ac.be\/materiaux\/fr\/spin-off\/#primaryimage"},"image":{"@id":"https:\/\/web.umons.ac.be\/materiaux\/fr\/spin-off\/#primaryimage"},"thumbnailUrl":"https:\/\/web.umons.ac.be\/app\/uploads\/sites\/38\/2017\/07\/Brochure_IR_FR_web.pdf-Adobe-Acrobat-Pro-DC.jpg","datePublished":"2017-07-18T12:34:30+00:00","dateModified":"2021-10-06T09:55:05+00:00","breadcrumb":{"@id":"https:\/\/web.umons.ac.be\/materiaux\/fr\/spin-off\/#breadcrumb"},"inLanguage":"fr-FR","potentialAction":[{"@type":"ReadAction","target":["https:\/\/web.umons.ac.be\/materiaux\/fr\/spin-off\/"]}]},{"@type":"ImageObject","inLanguage":"fr-FR","@id":"https:\/\/web.umons.ac.be\/materiaux\/fr\/spin-off\/#primaryimage","url":"https:\/\/web.umons.ac.be\/app\/uploads\/sites\/38\/2017\/07\/Brochure_IR_FR_web.pdf-Adobe-Acrobat-Pro-DC.jpg","contentUrl":"https:\/\/web.umons.ac.be\/app\/uploads\/sites\/38\/2017\/07\/Brochure_IR_FR_web.pdf-Adobe-Acrobat-Pro-DC.jpg"},{"@type":"BreadcrumbList","@id":"https:\/\/web.umons.ac.be\/materiaux\/fr\/spin-off\/#breadcrumb","itemListElement":[{"@type":"ListItem","position":1,"name":"Accueil","item":"https:\/\/web.umons.ac.be\/materiaux\/"},{"@type":"ListItem","position":2,"name":"SPIN-OFF"}]},{"@type":"WebSite","@id":"https:\/\/web.umons.ac.be\/materiaux\/#website","url":"https:\/\/web.umons.ac.be\/materiaux\/","name":"Institut \/ Mat\u00e9riaux","description":"Un site utilisant Universit\u00e9 de Mons \u2013 UMONS","potentialAction":[{"@type":"SearchAction","target":{"@type":"EntryPoint","urlTemplate":"https:\/\/web.umons.ac.be\/materiaux\/?s={search_term_string}"},"query-input":{"@type":"PropertyValueSpecification","valueRequired":true,"valueName":"search_term_string"}}],"inLanguage":"fr-FR"}]}},"lang":"fr","translations":{"fr":116},"pll_sync_post":[],"_links":{"self":[{"href":"https:\/\/web.umons.ac.be\/materiaux\/wp-json\/wp\/v2\/pages\/116","targetHints":{"allow":["GET"]}}],"collection":[{"href":"https:\/\/web.umons.ac.be\/materiaux\/wp-json\/wp\/v2\/pages"}],"about":[{"href":"https:\/\/web.umons.ac.be\/materiaux\/wp-json\/wp\/v2\/types\/page"}],"author":[{"embeddable":true,"href":"https:\/\/web.umons.ac.be\/materiaux\/wp-json\/wp\/v2\/users\/2"}],"replies":[{"embeddable":true,"href":"https:\/\/web.umons.ac.be\/materiaux\/wp-json\/wp\/v2\/comments?post=116"}],"version-history":[{"count":1,"href":"https:\/\/web.umons.ac.be\/materiaux\/wp-json\/wp\/v2\/pages\/116\/revisions"}],"predecessor-version":[{"id":237,"href":"https:\/\/web.umons.ac.be\/materiaux\/wp-json\/wp\/v2\/pages\/116\/revisions\/237"}],"wp:attachment":[{"href":"https:\/\/web.umons.ac.be\/materiaux\/wp-json\/wp\/v2\/media?parent=116"}],"curies":[{"name":"wp","href":"https:\/\/api.w.org\/{rel}","templated":true}]}}