{"id":128,"date":"2017-07-18T15:17:02","date_gmt":"2017-07-18T13:17:02","guid":{"rendered":"https:\/\/web.umons.ac.be\/materiaux\/?page_id=128"},"modified":"2017-11-09T15:01:48","modified_gmt":"2017-11-09T14:01:48","slug":"centres-de-recherche-associes","status":"publish","type":"page","link":"https:\/\/web.umons.ac.be\/materiaux\/fr\/centres-de-recherche-associes\/","title":{"rendered":"Centres de recherche associ\u00e9s"},"content":{"rendered":"<ul>\n<li><strong><span class=\"ms-rteCustom-TexteRouge\">Le Centre d\u2019Innovation et de Recherche en Mat\u00e9riaux Polym\u00e8res &#8211; CIRMAP<\/span><\/strong><\/li>\n<\/ul>\n<p style=\"padding-left: 30px;\">Le Centre d\u2019Innovation et de Recherche en Mat\u00e9riaux Polym\u00e8res (CIRMAP) de la Facult\u00e9 des Sciences regroupe 152 chercheurs dont 43 doctorants et 46 postdocs repr\u00e9sentant 25 nationalit\u00e9s diff\u00e9rentes. Les comp\u00e9tences du Centre concernent la chimie des mat\u00e9riaux nouveaux, des interactions plasma-surface, des interfaces et fluides complexes ainsi que des mat\u00e9riaux polym\u00e8res et composites.<\/p>\n<ul>\n<li><strong>Le Centre de Recherche en Ing\u00e9nierie des Mat\u00e9riaux &#8211; CRIM<\/strong><\/li>\n<\/ul>\n<p style=\"padding-left: 30px;\">Le Centre de Recherche en Ing\u00e9nierie des Mat\u00e9riaux de la Facult\u00e9 Polytechnique de l\u2019Universit\u00e9 de Mons (CRIM), f\u00e9d\u00e8re les activit\u00e9s de ses services d\u00e9veloppant leur th\u00e9matique de recherche dans le domaine des mat\u00e9riaux. Ce Centre se veut un centre de comp\u00e9tences dans le domaine des mat\u00e9riaux, depuis leur conception jusqu\u2019\u00e0 leur utilisation, en passant par leur caract\u00e9risation et par les diff\u00e9rents proc\u00e9d\u00e9s de mise en forme.<\/p>\n<ul>\n<li><strong>Le Centre de Recherche en Physique des Mat\u00e9riaux &#8211; CRPM<\/strong><\/li>\n<\/ul>\n<p style=\"padding-left: 30px;\">Le CRPM int\u00e8gre les diff\u00e9rents groupes de recherche du D\u00e9partement de Physique de l\u2019UMONS actifs dans la recherche en physique des mat\u00e9riaux. Les th\u00e9matiques couvertes par l\u2019expertise des membres actuels sont entre autres la physique des surfaces et des interfaces, les biosenseurs, les propri\u00e9t\u00e9s optiques et magn\u00e9tiques des mat\u00e9riaux ainsi que la micro- et la nanophotonique.<\/p>\n","protected":false},"excerpt":{"rendered":"<p>Le Centre d\u2019Innovation et de Recherche en Mat\u00e9riaux Polym\u00e8res &#8211; CIRMAP Le Centre d\u2019Innovation et de Recherche en Mat\u00e9riaux Polym\u00e8res (CIRMAP) de la Facult\u00e9 des Sciences regroupe 152 chercheurs dont 43 doctorants et 46 postdocs repr\u00e9sentant 25 nationalit\u00e9s diff\u00e9rentes. Les comp\u00e9tences du Centre concernent la chimie des mat\u00e9riaux nouveaux, des interactions plasma-surface, des interfaces et [&hellip;]<\/p>\n","protected":false},"author":2,"featured_media":0,"parent":0,"menu_order":2,"comment_status":"closed","ping_status":"closed","template":"","meta":{"footnotes":""},"class_list":["post-128","page","type-page","status-publish","hentry"],"yoast_head":"<!-- This site is optimized with the Yoast SEO plugin v27.2 - https:\/\/yoast.com\/product\/yoast-seo-wordpress\/ -->\n<title>Centres de recherche associ\u00e9s - Institut \/ Mat\u00e9riaux<\/title>\n<meta name=\"robots\" content=\"index, follow, max-snippet:-1, max-image-preview:large, max-video-preview:-1\" \/>\n<link rel=\"canonical\" href=\"https:\/\/web.umons.ac.be\/materiaux\/fr\/centres-de-recherche-associes\/\" \/>\n<meta property=\"og:locale\" content=\"fr_FR\" \/>\n<meta property=\"og:type\" content=\"article\" \/>\n<meta property=\"og:title\" content=\"Centres de recherche associ\u00e9s - Institut \/ Mat\u00e9riaux\" \/>\n<meta property=\"og:description\" content=\"Le Centre d\u2019Innovation et de Recherche en Mat\u00e9riaux Polym\u00e8res &#8211; CIRMAP Le Centre d\u2019Innovation et de Recherche en Mat\u00e9riaux Polym\u00e8res (CIRMAP) de la Facult\u00e9 des Sciences regroupe 152 chercheurs dont 43 doctorants et 46 postdocs repr\u00e9sentant 25 nationalit\u00e9s diff\u00e9rentes. Les comp\u00e9tences du Centre concernent la chimie des mat\u00e9riaux nouveaux, des interactions plasma-surface, des interfaces et [&hellip;]\" \/>\n<meta property=\"og:url\" content=\"https:\/\/web.umons.ac.be\/materiaux\/fr\/centres-de-recherche-associes\/\" \/>\n<meta property=\"og:site_name\" content=\"Institut \/ Mat\u00e9riaux\" \/>\n<meta property=\"article:modified_time\" content=\"2017-11-09T14:01:48+00:00\" \/>\n<meta name=\"twitter:card\" content=\"summary_large_image\" \/>\n<meta name=\"twitter:label1\" content=\"Dur\u00e9e de lecture estim\u00e9e\" \/>\n\t<meta name=\"twitter:data1\" content=\"1 minute\" \/>\n<script type=\"application\/ld+json\" class=\"yoast-schema-graph\">{\"@context\":\"https:\/\/schema.org\",\"@graph\":[{\"@type\":\"WebPage\",\"@id\":\"https:\/\/web.umons.ac.be\/materiaux\/fr\/centres-de-recherche-associes\/\",\"url\":\"https:\/\/web.umons.ac.be\/materiaux\/fr\/centres-de-recherche-associes\/\",\"name\":\"Centres de recherche associ\u00e9s - Institut \/ Mat\u00e9riaux\",\"isPartOf\":{\"@id\":\"https:\/\/web.umons.ac.be\/materiaux\/#website\"},\"datePublished\":\"2017-07-18T13:17:02+00:00\",\"dateModified\":\"2017-11-09T14:01:48+00:00\",\"breadcrumb\":{\"@id\":\"https:\/\/web.umons.ac.be\/materiaux\/fr\/centres-de-recherche-associes\/#breadcrumb\"},\"inLanguage\":\"fr-FR\",\"potentialAction\":[{\"@type\":\"ReadAction\",\"target\":[\"https:\/\/web.umons.ac.be\/materiaux\/fr\/centres-de-recherche-associes\/\"]}]},{\"@type\":\"BreadcrumbList\",\"@id\":\"https:\/\/web.umons.ac.be\/materiaux\/fr\/centres-de-recherche-associes\/#breadcrumb\",\"itemListElement\":[{\"@type\":\"ListItem\",\"position\":1,\"name\":\"Accueil\",\"item\":\"https:\/\/web.umons.ac.be\/materiaux\/\"},{\"@type\":\"ListItem\",\"position\":2,\"name\":\"Centres de recherche associ\u00e9s\"}]},{\"@type\":\"WebSite\",\"@id\":\"https:\/\/web.umons.ac.be\/materiaux\/#website\",\"url\":\"https:\/\/web.umons.ac.be\/materiaux\/\",\"name\":\"Institut \/ Mat\u00e9riaux\",\"description\":\"Un site utilisant Universit\u00e9 de Mons \u2013 UMONS\",\"potentialAction\":[{\"@type\":\"SearchAction\",\"target\":{\"@type\":\"EntryPoint\",\"urlTemplate\":\"https:\/\/web.umons.ac.be\/materiaux\/?s={search_term_string}\"},\"query-input\":{\"@type\":\"PropertyValueSpecification\",\"valueRequired\":true,\"valueName\":\"search_term_string\"}}],\"inLanguage\":\"fr-FR\"}]}<\/script>\n<!-- \/ Yoast SEO plugin. -->","yoast_head_json":{"title":"Centres de recherche associ\u00e9s - Institut \/ Mat\u00e9riaux","robots":{"index":"index","follow":"follow","max-snippet":"max-snippet:-1","max-image-preview":"max-image-preview:large","max-video-preview":"max-video-preview:-1"},"canonical":"https:\/\/web.umons.ac.be\/materiaux\/fr\/centres-de-recherche-associes\/","og_locale":"fr_FR","og_type":"article","og_title":"Centres de recherche associ\u00e9s - Institut \/ Mat\u00e9riaux","og_description":"Le Centre d\u2019Innovation et de Recherche en Mat\u00e9riaux Polym\u00e8res &#8211; CIRMAP Le Centre d\u2019Innovation et de Recherche en Mat\u00e9riaux Polym\u00e8res (CIRMAP) de la Facult\u00e9 des Sciences regroupe 152 chercheurs dont 43 doctorants et 46 postdocs repr\u00e9sentant 25 nationalit\u00e9s diff\u00e9rentes. Les comp\u00e9tences du Centre concernent la chimie des mat\u00e9riaux nouveaux, des interactions plasma-surface, des interfaces et [&hellip;]","og_url":"https:\/\/web.umons.ac.be\/materiaux\/fr\/centres-de-recherche-associes\/","og_site_name":"Institut \/ Mat\u00e9riaux","article_modified_time":"2017-11-09T14:01:48+00:00","twitter_card":"summary_large_image","twitter_misc":{"Dur\u00e9e de lecture estim\u00e9e":"1 minute"},"schema":{"@context":"https:\/\/schema.org","@graph":[{"@type":"WebPage","@id":"https:\/\/web.umons.ac.be\/materiaux\/fr\/centres-de-recherche-associes\/","url":"https:\/\/web.umons.ac.be\/materiaux\/fr\/centres-de-recherche-associes\/","name":"Centres de recherche associ\u00e9s - Institut \/ Mat\u00e9riaux","isPartOf":{"@id":"https:\/\/web.umons.ac.be\/materiaux\/#website"},"datePublished":"2017-07-18T13:17:02+00:00","dateModified":"2017-11-09T14:01:48+00:00","breadcrumb":{"@id":"https:\/\/web.umons.ac.be\/materiaux\/fr\/centres-de-recherche-associes\/#breadcrumb"},"inLanguage":"fr-FR","potentialAction":[{"@type":"ReadAction","target":["https:\/\/web.umons.ac.be\/materiaux\/fr\/centres-de-recherche-associes\/"]}]},{"@type":"BreadcrumbList","@id":"https:\/\/web.umons.ac.be\/materiaux\/fr\/centres-de-recherche-associes\/#breadcrumb","itemListElement":[{"@type":"ListItem","position":1,"name":"Accueil","item":"https:\/\/web.umons.ac.be\/materiaux\/"},{"@type":"ListItem","position":2,"name":"Centres de recherche associ\u00e9s"}]},{"@type":"WebSite","@id":"https:\/\/web.umons.ac.be\/materiaux\/#website","url":"https:\/\/web.umons.ac.be\/materiaux\/","name":"Institut \/ Mat\u00e9riaux","description":"Un site utilisant Universit\u00e9 de Mons \u2013 UMONS","potentialAction":[{"@type":"SearchAction","target":{"@type":"EntryPoint","urlTemplate":"https:\/\/web.umons.ac.be\/materiaux\/?s={search_term_string}"},"query-input":{"@type":"PropertyValueSpecification","valueRequired":true,"valueName":"search_term_string"}}],"inLanguage":"fr-FR"}]}},"lang":"fr","translations":{"fr":128,"en":267},"pll_sync_post":[],"_links":{"self":[{"href":"https:\/\/web.umons.ac.be\/materiaux\/wp-json\/wp\/v2\/pages\/128","targetHints":{"allow":["GET"]}}],"collection":[{"href":"https:\/\/web.umons.ac.be\/materiaux\/wp-json\/wp\/v2\/pages"}],"about":[{"href":"https:\/\/web.umons.ac.be\/materiaux\/wp-json\/wp\/v2\/types\/page"}],"author":[{"embeddable":true,"href":"https:\/\/web.umons.ac.be\/materiaux\/wp-json\/wp\/v2\/users\/2"}],"replies":[{"embeddable":true,"href":"https:\/\/web.umons.ac.be\/materiaux\/wp-json\/wp\/v2\/comments?post=128"}],"version-history":[{"count":1,"href":"https:\/\/web.umons.ac.be\/materiaux\/wp-json\/wp\/v2\/pages\/128\/revisions"}],"predecessor-version":[{"id":258,"href":"https:\/\/web.umons.ac.be\/materiaux\/wp-json\/wp\/v2\/pages\/128\/revisions\/258"}],"wp:attachment":[{"href":"https:\/\/web.umons.ac.be\/materiaux\/wp-json\/wp\/v2\/media?parent=128"}],"curies":[{"name":"wp","href":"https:\/\/api.w.org\/{rel}","templated":true}]}}