{"id":242,"date":"2017-11-07T16:33:44","date_gmt":"2017-11-07T15:33:44","guid":{"rendered":"https:\/\/web.umons.ac.be\/materiaux\/?page_id=242"},"modified":"2020-02-12T15:15:55","modified_gmt":"2020-02-12T14:15:55","slug":"materia-nova","status":"publish","type":"page","link":"https:\/\/web.umons.ac.be\/materiaux\/fr\/materia-nova\/","title":{"rendered":"Materia Nova"},"content":{"rendered":"<h2><img loading=\"lazy\" decoding=\"async\" class=\"alignright wp-image-421 size-medium\" src=\"https:\/\/web.umons.ac.be\/app\/uploads\/sites\/38\/2019\/07\/MaNo_V1_color-300x170.png\" alt=\"\" width=\"300\" height=\"170\" srcset=\"https:\/\/web.umons.ac.be\/app\/uploads\/sites\/38\/2019\/07\/MaNo_V1_color-300x170.png 300w, https:\/\/web.umons.ac.be\/app\/uploads\/sites\/38\/2019\/07\/MaNo_V1_color-768x436.png 768w, https:\/\/web.umons.ac.be\/app\/uploads\/sites\/38\/2019\/07\/MaNo_V1_color-1024x582.png 1024w, https:\/\/web.umons.ac.be\/app\/uploads\/sites\/38\/2019\/07\/MaNo_V1_color-1162x660.png 1162w, https:\/\/web.umons.ac.be\/app\/uploads\/sites\/38\/2019\/07\/MaNo_V1_color-30x17.png 30w, https:\/\/web.umons.ac.be\/app\/uploads\/sites\/38\/2019\/07\/MaNo_V1_color-60x34.png 60w, https:\/\/web.umons.ac.be\/app\/uploads\/sites\/38\/2019\/07\/MaNo_V1_color-360x204.png 360w\" sizes=\"auto, (max-width: 300px) 100vw, 300px\" \/>Centre de recherche agr\u00e9\u00e9 fond\u00e9 par l\u2019UMONS pour la mise au point des mat\u00e9riaux de demain dans le domaine des polym\u00e8res et des rev\u00eatements de surface.<\/h2>\n<p>Depuis la cr\u00e9ation de Materia Nova par l\u2019UMONS en 2000, les\u00a0deux institutions collaborent de mani\u00e8re tr\u00e8s \u00e9troite.<\/p>\n<p>Cette collaboration constitue un atout consid\u00e9rable car elle\u00a0permet de <strong>combiner une expertise en mati\u00e8re de recherche\u00a0fondamentale et appliqu\u00e9e afin d\u2019am\u00e9liorer les possibilit\u00e9s\u00a0de transferts du laboratoire universitaire vers l\u2019industrie.<\/strong><\/p>\n<p><img loading=\"lazy\" decoding=\"async\" class=\"wp-image-241 size-medium alignnone\" src=\"https:\/\/web.umons.ac.be\/app\/uploads\/sites\/38\/2017\/11\/materianova-274x300.jpg\" alt=\"\" width=\"274\" height=\"300\" srcset=\"https:\/\/web.umons.ac.be\/app\/uploads\/sites\/38\/2017\/11\/materianova-274x300.jpg 274w, https:\/\/web.umons.ac.be\/app\/uploads\/sites\/38\/2017\/11\/materianova-768x840.jpg 768w, https:\/\/web.umons.ac.be\/app\/uploads\/sites\/38\/2017\/11\/materianova-30x33.jpg 30w, https:\/\/web.umons.ac.be\/app\/uploads\/sites\/38\/2017\/11\/materianova-55x60.jpg 55w, https:\/\/web.umons.ac.be\/app\/uploads\/sites\/38\/2017\/11\/materianova-360x394.jpg 360w, https:\/\/web.umons.ac.be\/app\/uploads\/sites\/38\/2017\/11\/materianova.jpg 873w\" sizes=\"auto, (max-width: 274px) 100vw, 274px\" \/><\/p>\n<h3>Domaines d&rsquo;applications<\/h3>\n<ul>\n<li>Mat\u00e9riaux avanc\u00e9s &amp; solutions pour des applications\u00a0dans le domaine de l\u2019\u00c9nergie<img loading=\"lazy\" decoding=\"async\" class=\"alignright size-thumbnail wp-image-14\" src=\"https:\/\/web.umons.ac.be\/app\/uploads\/sites\/38\/2017\/07\/Plasma_2-150x150.jpg\" alt=\"\" width=\"150\" height=\"150\" srcset=\"https:\/\/web.umons.ac.be\/app\/uploads\/sites\/38\/2017\/07\/Plasma_2-150x150.jpg 150w, https:\/\/web.umons.ac.be\/app\/uploads\/sites\/38\/2017\/07\/Plasma_2-80x80.jpg 80w, https:\/\/web.umons.ac.be\/app\/uploads\/sites\/38\/2017\/07\/Plasma_2-400x400.jpg 400w, https:\/\/web.umons.ac.be\/app\/uploads\/sites\/38\/2017\/07\/Plasma_2-200x200.jpg 200w\" sizes=\"auto, (max-width: 150px) 100vw, 150px\" \/><\/li>\n<li>Mat\u00e9riaux polym\u00e8res durables et innovants<\/li>\n<li>Cellules pour mat\u00e9riaux et mat\u00e9riaux pour cellules<\/li>\n<li>Surfaces multifonctionnelles<\/li>\n<li>R\u00e9flexion sur le cycle de la vie<\/li>\n<li>Plateforme de caract\u00e9risation<\/li>\n<\/ul>\n<h3>Equipements remarquables<\/h3>\n<p>Materia nova, c\u2019est aussi un vaste parc d\u2019\u00e9quipements :<\/p>\n<ul>\n<li>un ensemble complet d\u2019\u00e9quipements pour les d\u00e9p\u00f4ts par\u00a0voies s\u00e8che (plasma) et humide (sol-gel) de l\u2019\u00e9chelle des<br \/>\n\u00e9chantillons de laboratoire \u00e0 l\u2019\u00e9chelle pilote,<img loading=\"lazy\" decoding=\"async\" class=\"alignright wp-image-12 size-thumbnail\" src=\"https:\/\/web.umons.ac.be\/app\/uploads\/sites\/38\/2017\/07\/P3311939-150x150.jpg\" alt=\"\" width=\"150\" height=\"150\" srcset=\"https:\/\/web.umons.ac.be\/app\/uploads\/sites\/38\/2017\/07\/P3311939-150x150.jpg 150w, https:\/\/web.umons.ac.be\/app\/uploads\/sites\/38\/2017\/07\/P3311939-80x80.jpg 80w, https:\/\/web.umons.ac.be\/app\/uploads\/sites\/38\/2017\/07\/P3311939-400x400.jpg 400w, https:\/\/web.umons.ac.be\/app\/uploads\/sites\/38\/2017\/07\/P3311939-200x200.jpg 200w\" sizes=\"auto, (max-width: 150px) 100vw, 150px\" \/><\/li>\n<li>une plateforme d\u00e9di\u00e9e \u00e0 la r\u00e9alisation de composants\u00a0opto-\u00e9lectroniques organiques,<\/li>\n<li>des \u00e9quipements de synth\u00e8se et\u00a0de mise en oeuvre de mat\u00e9riaux\u00a0composites et de polym\u00e8res\u00a0biosourc\u00e9s,<\/li>\n<li>et enfin une plateforme\u00a0d\u2019analyse et de caract\u00e9risation\u00a0des mat\u00e9riaux ouverte aux\u00a0industriels.<\/li>\n<\/ul>\n<h3>Materia Nova aujourd&rsquo;hui c&rsquo;est :<\/h3>\n<ul>\n<li>un noyau interne de pr\u00e8s de 100 scientifiques reconnus et des collaborations \u00e9troites avec plus de 300 sp\u00e9cialistes externes<\/li>\n<li>Une organisation flexible et agile capable de relever de vrais\u00a0d\u00e9fis<\/li>\n<li>Une localisation unique au centre de l\u2019Europe<\/li>\n<li>Des partenaires en Belgique et \u00e0 l\u2019international parmi les\u00a0plus grands op\u00e9rateurs du monde industriel<\/li>\n<\/ul>\n<h3>Contact<\/h3>\n<p>+32 (0)65 55 49 02<br \/>\n<a href=\"mailto:info@materianova.be\">info@materianova.be\u00a0<\/a><br \/>\n<a href=\"http:\/\/www.materianova.be\">materianova.be<\/a><\/p>\n<p>&nbsp;<\/p>\n<p>&nbsp;<\/p>\n<p>&nbsp;<\/p>\n<p>&nbsp;<\/p>\n<p>&nbsp;<\/p>\n<p>&nbsp;<\/p>\n<p>&nbsp;<\/p>\n<p>&nbsp;<\/p>\n<p>&nbsp;<\/p>\n<p>&nbsp;<\/p>\n<p>&nbsp;<\/p>\n","protected":false},"excerpt":{"rendered":"<p>Centre de recherche agr\u00e9\u00e9 fond\u00e9 par l\u2019UMONS pour la mise au point des mat\u00e9riaux de demain dans le domaine des polym\u00e8res et des rev\u00eatements de surface. Depuis la cr\u00e9ation de Materia Nova par l\u2019UMONS en 2000, les\u00a0deux institutions collaborent de mani\u00e8re tr\u00e8s \u00e9troite. Cette collaboration constitue un atout consid\u00e9rable car elle\u00a0permet de combiner une expertise [&hellip;]<\/p>\n","protected":false},"author":2,"featured_media":0,"parent":0,"menu_order":1,"comment_status":"closed","ping_status":"closed","template":"","meta":{"footnotes":""},"class_list":["post-242","page","type-page","status-publish","hentry"],"yoast_head":"<!-- This site is optimized with the Yoast SEO plugin v27.2 - https:\/\/yoast.com\/product\/yoast-seo-wordpress\/ -->\n<title>Materia Nova - Institut \/ Mat\u00e9riaux<\/title>\n<meta name=\"robots\" content=\"index, follow, max-snippet:-1, max-image-preview:large, max-video-preview:-1\" \/>\n<link rel=\"canonical\" href=\"https:\/\/web.umons.ac.be\/materiaux\/fr\/materia-nova\/\" \/>\n<meta property=\"og:locale\" content=\"fr_FR\" \/>\n<meta property=\"og:type\" content=\"article\" \/>\n<meta property=\"og:title\" content=\"Materia Nova - Institut \/ Mat\u00e9riaux\" \/>\n<meta property=\"og:description\" content=\"Centre de recherche agr\u00e9\u00e9 fond\u00e9 par l\u2019UMONS pour la mise au point des mat\u00e9riaux de demain dans le domaine des polym\u00e8res et des rev\u00eatements de surface. Depuis la cr\u00e9ation de Materia Nova par l\u2019UMONS en 2000, les\u00a0deux institutions collaborent de mani\u00e8re tr\u00e8s \u00e9troite. Cette collaboration constitue un atout consid\u00e9rable car elle\u00a0permet de combiner une expertise [&hellip;]\" \/>\n<meta property=\"og:url\" content=\"https:\/\/web.umons.ac.be\/materiaux\/fr\/materia-nova\/\" \/>\n<meta property=\"og:site_name\" content=\"Institut \/ Mat\u00e9riaux\" \/>\n<meta property=\"article:modified_time\" content=\"2020-02-12T14:15:55+00:00\" \/>\n<meta property=\"og:image\" content=\"https:\/\/web.umons.ac.be\/app\/uploads\/sites\/38\/2019\/07\/MaNo_V1_color-300x170.png\" \/>\n<meta name=\"twitter:card\" content=\"summary_large_image\" \/>\n<meta name=\"twitter:label1\" content=\"Dur\u00e9e de lecture estim\u00e9e\" \/>\n\t<meta name=\"twitter:data1\" content=\"2 minutes\" \/>\n<script type=\"application\/ld+json\" class=\"yoast-schema-graph\">{\"@context\":\"https:\/\/schema.org\",\"@graph\":[{\"@type\":\"WebPage\",\"@id\":\"https:\/\/web.umons.ac.be\/materiaux\/fr\/materia-nova\/\",\"url\":\"https:\/\/web.umons.ac.be\/materiaux\/fr\/materia-nova\/\",\"name\":\"Materia Nova - Institut \/ Mat\u00e9riaux\",\"isPartOf\":{\"@id\":\"https:\/\/web.umons.ac.be\/materiaux\/#website\"},\"primaryImageOfPage\":{\"@id\":\"https:\/\/web.umons.ac.be\/materiaux\/fr\/materia-nova\/#primaryimage\"},\"image\":{\"@id\":\"https:\/\/web.umons.ac.be\/materiaux\/fr\/materia-nova\/#primaryimage\"},\"thumbnailUrl\":\"https:\/\/web.umons.ac.be\/app\/uploads\/sites\/38\/2019\/07\/MaNo_V1_color-300x170.png\",\"datePublished\":\"2017-11-07T15:33:44+00:00\",\"dateModified\":\"2020-02-12T14:15:55+00:00\",\"breadcrumb\":{\"@id\":\"https:\/\/web.umons.ac.be\/materiaux\/fr\/materia-nova\/#breadcrumb\"},\"inLanguage\":\"fr-FR\",\"potentialAction\":[{\"@type\":\"ReadAction\",\"target\":[\"https:\/\/web.umons.ac.be\/materiaux\/fr\/materia-nova\/\"]}]},{\"@type\":\"ImageObject\",\"inLanguage\":\"fr-FR\",\"@id\":\"https:\/\/web.umons.ac.be\/materiaux\/fr\/materia-nova\/#primaryimage\",\"url\":\"https:\/\/web.umons.ac.be\/app\/uploads\/sites\/38\/2019\/07\/MaNo_V1_color-300x170.png\",\"contentUrl\":\"https:\/\/web.umons.ac.be\/app\/uploads\/sites\/38\/2019\/07\/MaNo_V1_color-300x170.png\"},{\"@type\":\"BreadcrumbList\",\"@id\":\"https:\/\/web.umons.ac.be\/materiaux\/fr\/materia-nova\/#breadcrumb\",\"itemListElement\":[{\"@type\":\"ListItem\",\"position\":1,\"name\":\"Accueil\",\"item\":\"https:\/\/web.umons.ac.be\/materiaux\/\"},{\"@type\":\"ListItem\",\"position\":2,\"name\":\"Materia Nova\"}]},{\"@type\":\"WebSite\",\"@id\":\"https:\/\/web.umons.ac.be\/materiaux\/#website\",\"url\":\"https:\/\/web.umons.ac.be\/materiaux\/\",\"name\":\"Institut \/ Mat\u00e9riaux\",\"description\":\"Un site utilisant Universit\u00e9 de Mons \u2013 UMONS\",\"potentialAction\":[{\"@type\":\"SearchAction\",\"target\":{\"@type\":\"EntryPoint\",\"urlTemplate\":\"https:\/\/web.umons.ac.be\/materiaux\/?s={search_term_string}\"},\"query-input\":{\"@type\":\"PropertyValueSpecification\",\"valueRequired\":true,\"valueName\":\"search_term_string\"}}],\"inLanguage\":\"fr-FR\"}]}<\/script>\n<!-- \/ Yoast SEO plugin. -->","yoast_head_json":{"title":"Materia Nova - Institut \/ Mat\u00e9riaux","robots":{"index":"index","follow":"follow","max-snippet":"max-snippet:-1","max-image-preview":"max-image-preview:large","max-video-preview":"max-video-preview:-1"},"canonical":"https:\/\/web.umons.ac.be\/materiaux\/fr\/materia-nova\/","og_locale":"fr_FR","og_type":"article","og_title":"Materia Nova - Institut \/ Mat\u00e9riaux","og_description":"Centre de recherche agr\u00e9\u00e9 fond\u00e9 par l\u2019UMONS pour la mise au point des mat\u00e9riaux de demain dans le domaine des polym\u00e8res et des rev\u00eatements de surface. Depuis la cr\u00e9ation de Materia Nova par l\u2019UMONS en 2000, les\u00a0deux institutions collaborent de mani\u00e8re tr\u00e8s \u00e9troite. Cette collaboration constitue un atout consid\u00e9rable car elle\u00a0permet de combiner une expertise [&hellip;]","og_url":"https:\/\/web.umons.ac.be\/materiaux\/fr\/materia-nova\/","og_site_name":"Institut \/ Mat\u00e9riaux","article_modified_time":"2020-02-12T14:15:55+00:00","og_image":[{"url":"https:\/\/web.umons.ac.be\/app\/uploads\/sites\/38\/2019\/07\/MaNo_V1_color-300x170.png","type":"","width":"","height":""}],"twitter_card":"summary_large_image","twitter_misc":{"Dur\u00e9e de lecture estim\u00e9e":"2 minutes"},"schema":{"@context":"https:\/\/schema.org","@graph":[{"@type":"WebPage","@id":"https:\/\/web.umons.ac.be\/materiaux\/fr\/materia-nova\/","url":"https:\/\/web.umons.ac.be\/materiaux\/fr\/materia-nova\/","name":"Materia Nova - Institut \/ Mat\u00e9riaux","isPartOf":{"@id":"https:\/\/web.umons.ac.be\/materiaux\/#website"},"primaryImageOfPage":{"@id":"https:\/\/web.umons.ac.be\/materiaux\/fr\/materia-nova\/#primaryimage"},"image":{"@id":"https:\/\/web.umons.ac.be\/materiaux\/fr\/materia-nova\/#primaryimage"},"thumbnailUrl":"https:\/\/web.umons.ac.be\/app\/uploads\/sites\/38\/2019\/07\/MaNo_V1_color-300x170.png","datePublished":"2017-11-07T15:33:44+00:00","dateModified":"2020-02-12T14:15:55+00:00","breadcrumb":{"@id":"https:\/\/web.umons.ac.be\/materiaux\/fr\/materia-nova\/#breadcrumb"},"inLanguage":"fr-FR","potentialAction":[{"@type":"ReadAction","target":["https:\/\/web.umons.ac.be\/materiaux\/fr\/materia-nova\/"]}]},{"@type":"ImageObject","inLanguage":"fr-FR","@id":"https:\/\/web.umons.ac.be\/materiaux\/fr\/materia-nova\/#primaryimage","url":"https:\/\/web.umons.ac.be\/app\/uploads\/sites\/38\/2019\/07\/MaNo_V1_color-300x170.png","contentUrl":"https:\/\/web.umons.ac.be\/app\/uploads\/sites\/38\/2019\/07\/MaNo_V1_color-300x170.png"},{"@type":"BreadcrumbList","@id":"https:\/\/web.umons.ac.be\/materiaux\/fr\/materia-nova\/#breadcrumb","itemListElement":[{"@type":"ListItem","position":1,"name":"Accueil","item":"https:\/\/web.umons.ac.be\/materiaux\/"},{"@type":"ListItem","position":2,"name":"Materia Nova"}]},{"@type":"WebSite","@id":"https:\/\/web.umons.ac.be\/materiaux\/#website","url":"https:\/\/web.umons.ac.be\/materiaux\/","name":"Institut \/ Mat\u00e9riaux","description":"Un site utilisant Universit\u00e9 de Mons \u2013 UMONS","potentialAction":[{"@type":"SearchAction","target":{"@type":"EntryPoint","urlTemplate":"https:\/\/web.umons.ac.be\/materiaux\/?s={search_term_string}"},"query-input":{"@type":"PropertyValueSpecification","valueRequired":true,"valueName":"search_term_string"}}],"inLanguage":"fr-FR"}]}},"lang":"fr","translations":{"fr":242,"en":260},"pll_sync_post":[],"_links":{"self":[{"href":"https:\/\/web.umons.ac.be\/materiaux\/wp-json\/wp\/v2\/pages\/242","targetHints":{"allow":["GET"]}}],"collection":[{"href":"https:\/\/web.umons.ac.be\/materiaux\/wp-json\/wp\/v2\/pages"}],"about":[{"href":"https:\/\/web.umons.ac.be\/materiaux\/wp-json\/wp\/v2\/types\/page"}],"author":[{"embeddable":true,"href":"https:\/\/web.umons.ac.be\/materiaux\/wp-json\/wp\/v2\/users\/2"}],"replies":[{"embeddable":true,"href":"https:\/\/web.umons.ac.be\/materiaux\/wp-json\/wp\/v2\/comments?post=242"}],"version-history":[{"count":9,"href":"https:\/\/web.umons.ac.be\/materiaux\/wp-json\/wp\/v2\/pages\/242\/revisions"}],"predecessor-version":[{"id":530,"href":"https:\/\/web.umons.ac.be\/materiaux\/wp-json\/wp\/v2\/pages\/242\/revisions\/530"}],"wp:attachment":[{"href":"https:\/\/web.umons.ac.be\/materiaux\/wp-json\/wp\/v2\/media?parent=242"}],"curies":[{"name":"wp","href":"https:\/\/api.w.org\/{rel}","templated":true}]}}