{"id":267,"date":"2017-11-09T15:12:51","date_gmt":"2017-11-09T14:12:51","guid":{"rendered":"https:\/\/web.umons.ac.be\/materiaux\/?page_id=267"},"modified":"2017-11-09T15:13:06","modified_gmt":"2017-11-09T14:13:06","slug":"centres-de-recherche-associes","status":"publish","type":"page","link":"https:\/\/web.umons.ac.be\/materiaux\/en\/centres-de-recherche-associes\/","title":{"rendered":"Associated Research Centres"},"content":{"rendered":"<ul>\n<li><strong>Centre of Innovation and Research in MAterials &amp; Polymers &#8211; CIRMAP<\/strong><\/li>\n<\/ul>\n<p style=\"padding-left: 30px;\">The Centre of Innovation and Research in MAterials &amp; Polymers (CIRMAP) of the Faculty of Science gathers 160 researchers including 43 PhD students and 46 postdocs, representing 25 different nationalities. The Centre focuses its expertise on the chemistry of novel materials, plasma-surface interactions, interfaces and complex fluids as well as polymeric and composite materials.<\/p>\n<ul>\n<li><strong>Materials Engineering Research Centre &#8211; CRIM<\/strong><\/li>\n<\/ul>\n<p style=\"padding-left: 30px;\">The Materials Engineering Research Centre (CRIM) of the UMONS Faculty of Engineering combines all activities of the Faculty\u2019s departments, all the while developing its research in the field of materials. CRIM aims to be a centre of expertise active in the field of materials, from the design stage to use, including their characterisation and the various forming processes.<\/p>\n<ul>\n<li><strong>LCentre for Research in Materials Physics \u2013 CRPM<\/strong><\/li>\n<\/ul>\n<p style=\"padding-left: 30px;\">The CRPM integrates different research groups of the UMONS Physics Department, active in materials physics. The themes covered by the expertise of current members include physics of surfaces and interfaces, biosensors, optical and magnetic properties of materials, and micro- and nanophotonics.<\/p>\n","protected":false},"excerpt":{"rendered":"<p>Centre of Innovation and Research in MAterials &amp; Polymers &#8211; CIRMAP The Centre of Innovation and Research in MAterials &amp; Polymers (CIRMAP) of the Faculty of Science gathers 160 researchers including 43 PhD students and 46 postdocs, representing 25 different nationalities. The Centre focuses its expertise on the chemistry of novel materials, plasma-surface interactions, interfaces [&hellip;]<\/p>\n","protected":false},"author":2,"featured_media":0,"parent":0,"menu_order":2,"comment_status":"closed","ping_status":"closed","template":"","meta":{"footnotes":""},"class_list":["post-267","page","type-page","status-publish","hentry"],"yoast_head":"<!-- This site is optimized with the Yoast SEO plugin v27.2 - https:\/\/yoast.com\/product\/yoast-seo-wordpress\/ -->\n<title>Associated Research Centres - Institut \/ Mat\u00e9riaux<\/title>\n<meta name=\"robots\" content=\"index, follow, max-snippet:-1, max-image-preview:large, max-video-preview:-1\" \/>\n<link rel=\"canonical\" href=\"https:\/\/web.umons.ac.be\/materiaux\/en\/centres-de-recherche-associes\/\" \/>\n<meta property=\"og:locale\" content=\"fr_FR\" \/>\n<meta property=\"og:type\" content=\"article\" \/>\n<meta property=\"og:title\" content=\"Associated Research Centres - Institut \/ Mat\u00e9riaux\" \/>\n<meta property=\"og:description\" content=\"Centre of Innovation and Research in MAterials &amp; Polymers &#8211; CIRMAP The Centre of Innovation and Research in MAterials &amp; Polymers (CIRMAP) of the Faculty of Science gathers 160 researchers including 43 PhD students and 46 postdocs, representing 25 different nationalities. The Centre focuses its expertise on the chemistry of novel materials, plasma-surface interactions, interfaces [&hellip;]\" \/>\n<meta property=\"og:url\" content=\"https:\/\/web.umons.ac.be\/materiaux\/en\/centres-de-recherche-associes\/\" \/>\n<meta property=\"og:site_name\" content=\"Institut \/ Mat\u00e9riaux\" \/>\n<meta property=\"article:modified_time\" content=\"2017-11-09T14:13:06+00:00\" \/>\n<meta name=\"twitter:card\" content=\"summary_large_image\" \/>\n<meta name=\"twitter:label1\" content=\"Dur\u00e9e de lecture estim\u00e9e\" \/>\n\t<meta name=\"twitter:data1\" content=\"1 minute\" \/>\n<script type=\"application\/ld+json\" class=\"yoast-schema-graph\">{\"@context\":\"https:\/\/schema.org\",\"@graph\":[{\"@type\":\"WebPage\",\"@id\":\"https:\/\/web.umons.ac.be\/materiaux\/en\/centres-de-recherche-associes\/\",\"url\":\"https:\/\/web.umons.ac.be\/materiaux\/en\/centres-de-recherche-associes\/\",\"name\":\"Associated Research Centres - Institut \/ Mat\u00e9riaux\",\"isPartOf\":{\"@id\":\"https:\/\/web.umons.ac.be\/materiaux\/#website\"},\"datePublished\":\"2017-11-09T14:12:51+00:00\",\"dateModified\":\"2017-11-09T14:13:06+00:00\",\"breadcrumb\":{\"@id\":\"https:\/\/web.umons.ac.be\/materiaux\/en\/centres-de-recherche-associes\/#breadcrumb\"},\"inLanguage\":\"fr-FR\",\"potentialAction\":[{\"@type\":\"ReadAction\",\"target\":[\"https:\/\/web.umons.ac.be\/materiaux\/en\/centres-de-recherche-associes\/\"]}]},{\"@type\":\"BreadcrumbList\",\"@id\":\"https:\/\/web.umons.ac.be\/materiaux\/en\/centres-de-recherche-associes\/#breadcrumb\",\"itemListElement\":[{\"@type\":\"ListItem\",\"position\":1,\"name\":\"Accueil\",\"item\":\"https:\/\/web.umons.ac.be\/materiaux\/\"},{\"@type\":\"ListItem\",\"position\":2,\"name\":\"Associated Research Centres\"}]},{\"@type\":\"WebSite\",\"@id\":\"https:\/\/web.umons.ac.be\/materiaux\/#website\",\"url\":\"https:\/\/web.umons.ac.be\/materiaux\/\",\"name\":\"Institut \/ Mat\u00e9riaux\",\"description\":\"Un site utilisant Universit\u00e9 de Mons \u2013 UMONS\",\"potentialAction\":[{\"@type\":\"SearchAction\",\"target\":{\"@type\":\"EntryPoint\",\"urlTemplate\":\"https:\/\/web.umons.ac.be\/materiaux\/?s={search_term_string}\"},\"query-input\":{\"@type\":\"PropertyValueSpecification\",\"valueRequired\":true,\"valueName\":\"search_term_string\"}}],\"inLanguage\":\"fr-FR\"}]}<\/script>\n<!-- \/ Yoast SEO plugin. -->","yoast_head_json":{"title":"Associated Research Centres - Institut \/ Mat\u00e9riaux","robots":{"index":"index","follow":"follow","max-snippet":"max-snippet:-1","max-image-preview":"max-image-preview:large","max-video-preview":"max-video-preview:-1"},"canonical":"https:\/\/web.umons.ac.be\/materiaux\/en\/centres-de-recherche-associes\/","og_locale":"fr_FR","og_type":"article","og_title":"Associated Research Centres - Institut \/ Mat\u00e9riaux","og_description":"Centre of Innovation and Research in MAterials &amp; Polymers &#8211; CIRMAP The Centre of Innovation and Research in MAterials &amp; Polymers (CIRMAP) of the Faculty of Science gathers 160 researchers including 43 PhD students and 46 postdocs, representing 25 different nationalities. The Centre focuses its expertise on the chemistry of novel materials, plasma-surface interactions, interfaces [&hellip;]","og_url":"https:\/\/web.umons.ac.be\/materiaux\/en\/centres-de-recherche-associes\/","og_site_name":"Institut \/ Mat\u00e9riaux","article_modified_time":"2017-11-09T14:13:06+00:00","twitter_card":"summary_large_image","twitter_misc":{"Dur\u00e9e de lecture estim\u00e9e":"1 minute"},"schema":{"@context":"https:\/\/schema.org","@graph":[{"@type":"WebPage","@id":"https:\/\/web.umons.ac.be\/materiaux\/en\/centres-de-recherche-associes\/","url":"https:\/\/web.umons.ac.be\/materiaux\/en\/centres-de-recherche-associes\/","name":"Associated Research Centres - Institut \/ Mat\u00e9riaux","isPartOf":{"@id":"https:\/\/web.umons.ac.be\/materiaux\/#website"},"datePublished":"2017-11-09T14:12:51+00:00","dateModified":"2017-11-09T14:13:06+00:00","breadcrumb":{"@id":"https:\/\/web.umons.ac.be\/materiaux\/en\/centres-de-recherche-associes\/#breadcrumb"},"inLanguage":"fr-FR","potentialAction":[{"@type":"ReadAction","target":["https:\/\/web.umons.ac.be\/materiaux\/en\/centres-de-recherche-associes\/"]}]},{"@type":"BreadcrumbList","@id":"https:\/\/web.umons.ac.be\/materiaux\/en\/centres-de-recherche-associes\/#breadcrumb","itemListElement":[{"@type":"ListItem","position":1,"name":"Accueil","item":"https:\/\/web.umons.ac.be\/materiaux\/"},{"@type":"ListItem","position":2,"name":"Associated Research Centres"}]},{"@type":"WebSite","@id":"https:\/\/web.umons.ac.be\/materiaux\/#website","url":"https:\/\/web.umons.ac.be\/materiaux\/","name":"Institut \/ Mat\u00e9riaux","description":"Un site utilisant Universit\u00e9 de Mons \u2013 UMONS","potentialAction":[{"@type":"SearchAction","target":{"@type":"EntryPoint","urlTemplate":"https:\/\/web.umons.ac.be\/materiaux\/?s={search_term_string}"},"query-input":{"@type":"PropertyValueSpecification","valueRequired":true,"valueName":"search_term_string"}}],"inLanguage":"fr-FR"}]}},"lang":"en","translations":{"en":267,"fr":128},"pll_sync_post":[],"_links":{"self":[{"href":"https:\/\/web.umons.ac.be\/materiaux\/wp-json\/wp\/v2\/pages\/267","targetHints":{"allow":["GET"]}}],"collection":[{"href":"https:\/\/web.umons.ac.be\/materiaux\/wp-json\/wp\/v2\/pages"}],"about":[{"href":"https:\/\/web.umons.ac.be\/materiaux\/wp-json\/wp\/v2\/types\/page"}],"author":[{"embeddable":true,"href":"https:\/\/web.umons.ac.be\/materiaux\/wp-json\/wp\/v2\/users\/2"}],"replies":[{"embeddable":true,"href":"https:\/\/web.umons.ac.be\/materiaux\/wp-json\/wp\/v2\/comments?post=267"}],"version-history":[{"count":2,"href":"https:\/\/web.umons.ac.be\/materiaux\/wp-json\/wp\/v2\/pages\/267\/revisions"}],"predecessor-version":[{"id":269,"href":"https:\/\/web.umons.ac.be\/materiaux\/wp-json\/wp\/v2\/pages\/267\/revisions\/269"}],"wp:attachment":[{"href":"https:\/\/web.umons.ac.be\/materiaux\/wp-json\/wp\/v2\/media?parent=267"}],"curies":[{"name":"wp","href":"https:\/\/api.w.org\/{rel}","templated":true}]}}