{"id":29,"date":"2017-07-18T12:15:24","date_gmt":"2017-07-18T10:15:24","guid":{"rendered":"https:\/\/web.umons.ac.be\/materiaux\/?page_id=29"},"modified":"2017-11-09T14:42:25","modified_gmt":"2017-11-09T13:42:25","slug":"expertises-et-thematiques","status":"publish","type":"page","link":"https:\/\/web.umons.ac.be\/materiaux\/fr\/expertises-et-thematiques\/","title":{"rendered":"Expertises et th\u00e9matiques"},"content":{"rendered":"<ul>\n<li>\n<h5><strong>Chimie bio-inspir\u00e9e<\/strong>\u00a0:<\/h5>\n<\/li>\n<\/ul>\n<p>Conception et synth\u00e8se de mat\u00e9riaux respectueux de l\u2019environnement par la valorisation de la biomasse et du CO<sub>2\u00a0<\/sub>; design de catalyseurs bio-inspir\u00e9s d\u00e9di\u00e9s \u00e0 la synth\u00e8se macromol\u00e9culaire\u00a0; d\u00e9veloppement de gels polym\u00e8res pour applications biom\u00e9dicales et \u00e9tude de syst\u00e8mes fonctionnels hybrides biomol\u00e9cules-polym\u00e8res.<\/p>\n<ul>\n<li>\n<h5><strong>Mat\u00e9riaux polym\u00e8res et nanocomposites<\/strong>\u00a0:<\/h5>\n<\/li>\n<\/ul>\n<p>Synth\u00e8se d\u2019architectures macromol\u00e9culaires et composites complexes par des voies de polym\u00e9risation contr\u00f4l\u00e9e\u00a0et des m\u00e9thodes de couplage s\u00e9lectif ; caract\u00e9risation mol\u00e9culaire de pointe des polym\u00e8res\u00a0; relations structure-propri\u00e9t\u00e9-interface-morphologie des nanocomposites.<\/p>\n<ul>\n<li><strong>Mat\u00e9riaux c\u00e9ramiques\u00a0:<\/strong><\/li>\n<\/ul>\n<p>Synth\u00e8se et caract\u00e9risation de c\u00e9ramiques et vitroc\u00e9ramiques fonctionnelles tels que des mat\u00e9riaux \u00e0 propri\u00e9t\u00e9s pi\u00e9zo\u00e9lectriques\u00a0; synth\u00e8se et caract\u00e9risation de b\u00e9tons innovants.<\/p>\n<ul>\n<li>\n<h5><strong>D\u00e9p\u00f4t de couches minces et traitements de surface<\/strong> :<\/h5>\n<\/li>\n<\/ul>\n<p>Technologies employant des plasmas froids pour la fonctionnalisation de surface de nombreux substrats, pour le d\u00e9p\u00f4t de films minces organiques ou inorganiques, et pour la synth\u00e8se, \u00e0 partir de gaz \u00e0 effet de serre tels CO<sub>2<\/sub> ou CH<sub>4<\/sub>, de petites mol\u00e9cules valorisables.<\/p>\n<ul>\n<li>\n<h5><strong>Couches minces fonctionnelles organiques et hybrides<\/strong>\u00a0:<\/h5>\n<\/li>\n<\/ul>\n<p>Synth\u00e8se de mat\u00e9riaux semiconducteurs organiques ou hybrides, mod\u00e9lisation de leurs propri\u00e9t\u00e9s optiques et \u00e9lectroniques, et incorporation dans des dispositifs pour la collecte, la conversion ou le stockage d\u2019\u00e9nergie.<\/p>\n<ul>\n<li>\n<h5><strong>Corrosion<\/strong> <strong>et traitement de surface <\/strong>:<\/h5>\n<\/li>\n<\/ul>\n<p>Etude des m\u00e9canismes de corrosion de nouveaux substrats m\u00e9talliques, alliages ou assemblages en utilisant des techniques d\u2019analyses \u00e9lectrochimiques\u00a0; des syst\u00e8mes de protection sont synth\u00e9tis\u00e9s et \u00e9valu\u00e9s.<\/p>\n<ul>\n<li>\n<h5><strong>Capteurs<\/strong> :<\/h5>\n<\/li>\n<\/ul>\n<p>D\u00e9veloppement de capteurs chimiques utilisant des mat\u00e9riaux semi-conducteurs ou bas\u00e9s sur fibre optique, munis de couches sensibles r\u00e9actives \u00e0 l\u2019environnement\u00a0; d\u00e9tection d\u2019analytes, de gaz polluants atmosph\u00e9riques, de fuites de gaz, \u2026<\/p>\n<ul>\n<li>\n<h5><strong>M\u00e9canique de la mati\u00e8re molle<\/strong>\u00a0:<\/h5>\n<\/li>\n<\/ul>\n<p>R\u00e9ponse m\u00e9canique d\u2019objets \u00e9lastiques ou visco\u00e9lastiques soumis \u00e0 des contraintes ext\u00e9rieures par une approche combinant exp\u00e9riences, mod\u00e8les et approches th\u00e9oriques.<\/p>\n<ul>\n<li>\n<h5><strong>Ressources et d\u00e9veloppements technologiques de g\u00e9omat\u00e9riaux<\/strong>,<\/h5>\n<\/li>\n<\/ul>\n<p>par les techniques de la g\u00e9ologie, la min\u00e9ralogie, la p\u00e9trographie, la p\u00e9trophysique, la m\u00e9canique des roches et la tectonique.<\/p>\n","protected":false},"excerpt":{"rendered":"<p>Chimie bio-inspir\u00e9e\u00a0: Conception et synth\u00e8se de mat\u00e9riaux respectueux de l\u2019environnement par la valorisation de la biomasse et du CO2\u00a0; design de catalyseurs bio-inspir\u00e9s d\u00e9di\u00e9s \u00e0 la synth\u00e8se macromol\u00e9culaire\u00a0; d\u00e9veloppement de gels polym\u00e8res pour applications biom\u00e9dicales et \u00e9tude de syst\u00e8mes fonctionnels hybrides biomol\u00e9cules-polym\u00e8res. Mat\u00e9riaux polym\u00e8res et nanocomposites\u00a0: Synth\u00e8se d\u2019architectures macromol\u00e9culaires et composites complexes par des voies [&hellip;]<\/p>\n","protected":false},"author":2,"featured_media":0,"parent":0,"menu_order":1,"comment_status":"closed","ping_status":"closed","template":"","meta":{"footnotes":""},"class_list":["post-29","page","type-page","status-publish","hentry"],"yoast_head":"<!-- This site is optimized with the Yoast SEO plugin v27.2 - https:\/\/yoast.com\/product\/yoast-seo-wordpress\/ -->\n<title>Expertises et th\u00e9matiques - Institut \/ Mat\u00e9riaux<\/title>\n<meta name=\"robots\" content=\"index, follow, max-snippet:-1, max-image-preview:large, max-video-preview:-1\" \/>\n<link rel=\"canonical\" href=\"https:\/\/web.umons.ac.be\/materiaux\/fr\/expertises-et-thematiques\/\" \/>\n<meta property=\"og:locale\" content=\"fr_FR\" \/>\n<meta property=\"og:type\" content=\"article\" \/>\n<meta property=\"og:title\" content=\"Expertises et th\u00e9matiques - Institut \/ Mat\u00e9riaux\" \/>\n<meta property=\"og:description\" content=\"Chimie bio-inspir\u00e9e\u00a0: Conception et synth\u00e8se de mat\u00e9riaux respectueux de l\u2019environnement par la valorisation de la biomasse et du CO2\u00a0; design de catalyseurs bio-inspir\u00e9s d\u00e9di\u00e9s \u00e0 la synth\u00e8se macromol\u00e9culaire\u00a0; d\u00e9veloppement de gels polym\u00e8res pour applications biom\u00e9dicales et \u00e9tude de syst\u00e8mes fonctionnels hybrides biomol\u00e9cules-polym\u00e8res. Mat\u00e9riaux polym\u00e8res et nanocomposites\u00a0: Synth\u00e8se d\u2019architectures macromol\u00e9culaires et composites complexes par des voies [&hellip;]\" \/>\n<meta property=\"og:url\" content=\"https:\/\/web.umons.ac.be\/materiaux\/fr\/expertises-et-thematiques\/\" \/>\n<meta property=\"og:site_name\" content=\"Institut \/ Mat\u00e9riaux\" \/>\n<meta property=\"article:modified_time\" content=\"2017-11-09T13:42:25+00:00\" \/>\n<meta name=\"twitter:card\" content=\"summary_large_image\" \/>\n<meta name=\"twitter:label1\" content=\"Dur\u00e9e de lecture estim\u00e9e\" \/>\n\t<meta name=\"twitter:data1\" content=\"2 minutes\" \/>\n<script type=\"application\/ld+json\" class=\"yoast-schema-graph\">{\"@context\":\"https:\/\/schema.org\",\"@graph\":[{\"@type\":\"WebPage\",\"@id\":\"https:\/\/web.umons.ac.be\/materiaux\/fr\/expertises-et-thematiques\/\",\"url\":\"https:\/\/web.umons.ac.be\/materiaux\/fr\/expertises-et-thematiques\/\",\"name\":\"Expertises et th\u00e9matiques - Institut \/ Mat\u00e9riaux\",\"isPartOf\":{\"@id\":\"https:\/\/web.umons.ac.be\/materiaux\/#website\"},\"datePublished\":\"2017-07-18T10:15:24+00:00\",\"dateModified\":\"2017-11-09T13:42:25+00:00\",\"breadcrumb\":{\"@id\":\"https:\/\/web.umons.ac.be\/materiaux\/fr\/expertises-et-thematiques\/#breadcrumb\"},\"inLanguage\":\"fr-FR\",\"potentialAction\":[{\"@type\":\"ReadAction\",\"target\":[\"https:\/\/web.umons.ac.be\/materiaux\/fr\/expertises-et-thematiques\/\"]}]},{\"@type\":\"BreadcrumbList\",\"@id\":\"https:\/\/web.umons.ac.be\/materiaux\/fr\/expertises-et-thematiques\/#breadcrumb\",\"itemListElement\":[{\"@type\":\"ListItem\",\"position\":1,\"name\":\"Accueil\",\"item\":\"https:\/\/web.umons.ac.be\/materiaux\/\"},{\"@type\":\"ListItem\",\"position\":2,\"name\":\"Expertises et th\u00e9matiques\"}]},{\"@type\":\"WebSite\",\"@id\":\"https:\/\/web.umons.ac.be\/materiaux\/#website\",\"url\":\"https:\/\/web.umons.ac.be\/materiaux\/\",\"name\":\"Institut \/ Mat\u00e9riaux\",\"description\":\"Un site utilisant Universit\u00e9 de Mons \u2013 UMONS\",\"potentialAction\":[{\"@type\":\"SearchAction\",\"target\":{\"@type\":\"EntryPoint\",\"urlTemplate\":\"https:\/\/web.umons.ac.be\/materiaux\/?s={search_term_string}\"},\"query-input\":{\"@type\":\"PropertyValueSpecification\",\"valueRequired\":true,\"valueName\":\"search_term_string\"}}],\"inLanguage\":\"fr-FR\"}]}<\/script>\n<!-- \/ Yoast SEO plugin. -->","yoast_head_json":{"title":"Expertises et th\u00e9matiques - Institut \/ Mat\u00e9riaux","robots":{"index":"index","follow":"follow","max-snippet":"max-snippet:-1","max-image-preview":"max-image-preview:large","max-video-preview":"max-video-preview:-1"},"canonical":"https:\/\/web.umons.ac.be\/materiaux\/fr\/expertises-et-thematiques\/","og_locale":"fr_FR","og_type":"article","og_title":"Expertises et th\u00e9matiques - Institut \/ Mat\u00e9riaux","og_description":"Chimie bio-inspir\u00e9e\u00a0: Conception et synth\u00e8se de mat\u00e9riaux respectueux de l\u2019environnement par la valorisation de la biomasse et du CO2\u00a0; design de catalyseurs bio-inspir\u00e9s d\u00e9di\u00e9s \u00e0 la synth\u00e8se macromol\u00e9culaire\u00a0; d\u00e9veloppement de gels polym\u00e8res pour applications biom\u00e9dicales et \u00e9tude de syst\u00e8mes fonctionnels hybrides biomol\u00e9cules-polym\u00e8res. Mat\u00e9riaux polym\u00e8res et nanocomposites\u00a0: Synth\u00e8se d\u2019architectures macromol\u00e9culaires et composites complexes par des voies [&hellip;]","og_url":"https:\/\/web.umons.ac.be\/materiaux\/fr\/expertises-et-thematiques\/","og_site_name":"Institut \/ Mat\u00e9riaux","article_modified_time":"2017-11-09T13:42:25+00:00","twitter_card":"summary_large_image","twitter_misc":{"Dur\u00e9e de lecture estim\u00e9e":"2 minutes"},"schema":{"@context":"https:\/\/schema.org","@graph":[{"@type":"WebPage","@id":"https:\/\/web.umons.ac.be\/materiaux\/fr\/expertises-et-thematiques\/","url":"https:\/\/web.umons.ac.be\/materiaux\/fr\/expertises-et-thematiques\/","name":"Expertises et th\u00e9matiques - Institut \/ Mat\u00e9riaux","isPartOf":{"@id":"https:\/\/web.umons.ac.be\/materiaux\/#website"},"datePublished":"2017-07-18T10:15:24+00:00","dateModified":"2017-11-09T13:42:25+00:00","breadcrumb":{"@id":"https:\/\/web.umons.ac.be\/materiaux\/fr\/expertises-et-thematiques\/#breadcrumb"},"inLanguage":"fr-FR","potentialAction":[{"@type":"ReadAction","target":["https:\/\/web.umons.ac.be\/materiaux\/fr\/expertises-et-thematiques\/"]}]},{"@type":"BreadcrumbList","@id":"https:\/\/web.umons.ac.be\/materiaux\/fr\/expertises-et-thematiques\/#breadcrumb","itemListElement":[{"@type":"ListItem","position":1,"name":"Accueil","item":"https:\/\/web.umons.ac.be\/materiaux\/"},{"@type":"ListItem","position":2,"name":"Expertises et th\u00e9matiques"}]},{"@type":"WebSite","@id":"https:\/\/web.umons.ac.be\/materiaux\/#website","url":"https:\/\/web.umons.ac.be\/materiaux\/","name":"Institut \/ Mat\u00e9riaux","description":"Un site utilisant Universit\u00e9 de Mons \u2013 UMONS","potentialAction":[{"@type":"SearchAction","target":{"@type":"EntryPoint","urlTemplate":"https:\/\/web.umons.ac.be\/materiaux\/?s={search_term_string}"},"query-input":{"@type":"PropertyValueSpecification","valueRequired":true,"valueName":"search_term_string"}}],"inLanguage":"fr-FR"}]}},"lang":"fr","translations":{"fr":29,"en":255},"pll_sync_post":[],"_links":{"self":[{"href":"https:\/\/web.umons.ac.be\/materiaux\/wp-json\/wp\/v2\/pages\/29","targetHints":{"allow":["GET"]}}],"collection":[{"href":"https:\/\/web.umons.ac.be\/materiaux\/wp-json\/wp\/v2\/pages"}],"about":[{"href":"https:\/\/web.umons.ac.be\/materiaux\/wp-json\/wp\/v2\/types\/page"}],"author":[{"embeddable":true,"href":"https:\/\/web.umons.ac.be\/materiaux\/wp-json\/wp\/v2\/users\/2"}],"replies":[{"embeddable":true,"href":"https:\/\/web.umons.ac.be\/materiaux\/wp-json\/wp\/v2\/comments?post=29"}],"version-history":[{"count":2,"href":"https:\/\/web.umons.ac.be\/materiaux\/wp-json\/wp\/v2\/pages\/29\/revisions"}],"predecessor-version":[{"id":251,"href":"https:\/\/web.umons.ac.be\/materiaux\/wp-json\/wp\/v2\/pages\/29\/revisions\/251"}],"wp:attachment":[{"href":"https:\/\/web.umons.ac.be\/materiaux\/wp-json\/wp\/v2\/media?parent=29"}],"curies":[{"name":"wp","href":"https:\/\/api.w.org\/{rel}","templated":true}]}}