{"id":323,"date":"2017-11-16T09:52:47","date_gmt":"2017-11-16T08:52:47","guid":{"rendered":"https:\/\/web.umons.ac.be\/materiaux\/?page_id=323"},"modified":"2022-02-01T16:41:40","modified_gmt":"2022-02-01T15:41:40","slug":"members","status":"publish","type":"page","link":"https:\/\/web.umons.ac.be\/materiaux\/en\/members\/","title":{"rendered":"Members"},"content":{"rendered":"<h2>Effective member services of the Research Institute\u00a0:<\/h2>\n<table width=\"579\">\n<tbody>\n<tr>\n<td width=\"466\">Plasma-Surface Interaction Chemistry Unit<\/p>\n<p><a href=\"https:\/\/staff.umons.ac.be\/carla.bittencourt\/\">BITTENCOURT Carla<\/a><\/p>\n<p>email : <a href=\"mailto:carla.bittencourt@umons.ac.be\">carla.bittencourt@umons.ac.be<\/a><\/p>\n<p><a href=\"https:\/\/staff.umons.ac.be\/stephanos.konstantinidis\/\">KONSTANTINIDIS Stephanos<\/a><\/p>\n<p>email : <a href=\"mailto:st\u00e9phanos.konstantinidis@umons.ac.be\">st\u00e9phanos.konstantinidis@umons.ac.be<\/a><\/p>\n<p><a href=\"https:\/\/staff.umons.ac.be\/rony.snyders\/\">SNYDERS Rony (Head of the Laboratory)<\/a><\/p>\n<p>email : <a href=\"mailto:ronny.snyders@umons.ac.be\">rony.snyders@umons.ac.be<\/a><\/p>\n<p><a href=\"https:\/\/staff.umons.ac.be\/damien.thiry\/\">THIRY Damien<\/a><\/p>\n<p>email : <a href=\"mailto:damien.thiry@umons.ac.be\">damien.thiry@umons.ac.be<\/a><\/td>\n<td width=\"113\">FS<\/td>\n<\/tr>\n<tr>\n<td>Laboratory for Chemistry of Novel Materials<\/p>\n<p><a href=\"mailto:avid.beljonne@umons.ac.be\">BELJONNE David<\/a><\/p>\n<p><a href=\"https:\/\/staff.umons.ac.be\/jerome.cornil\/\">CORNIL J\u00e9r\u00f4me<\/a><\/p>\n<p>email : <a href=\"mailto:Jerome.cornil@umons.ac.be\">Jerome.cornil@umons.ac.be<\/a><\/p>\n<p><a href=\"https:\/\/staff.umons.ac.be\/mathieu.surin\/\">SURIN Mathieu<\/a><\/p>\n<p>email : <a href=\"mailto:mathieu.surin@umons.ac.be\">mathieu.surin@umons.ac.be<\/a><\/p>\n<p><a href=\"https:\/\/staff.umons.ac.be\/roberto.lazzaroni\/\">LAZZARONI Roberto (Head of the Laboratory)<\/a><\/p>\n<p>email : <a href=\"mailto:Roberto.lazzaroni@umons.ac.be\">Roberto.lazzaroni@umons.ac.be<\/a><\/p>\n<p><a href=\"https:\/\/staff.umons.ac.be\/patrick.brocorens\/\">BROCORENS Patrick<\/a><\/p>\n<p>Email\u00a0: <a href=\"mailto:patrick.brocorens@umons.ac.be\">patrick.brocorens@umons.ac.be<\/a><\/td>\n<td>FS<\/td>\n<\/tr>\n<tr>\n<td>Electromagnetism and Telecommunications Unit<\/p>\n<p><a href=\"https:\/\/staff.umons.ac.be\/christophe.caucheteur\/\">CAUCHETEUR Christophe<\/a><\/p>\n<p>email : <a href=\"mailto:Christophe.caucheteur@umons.ac.be\">Christophe.caucheteur@umons.ac.be<\/a><\/p>\n<p><a href=\"https:\/\/staff.umons.ac.be\/patrice.megret\/\">MEGRET Patrice (Head of the Laboratory)<\/a><\/p>\n<p>email : <a href=\"mailto:patrice.megret@umons.ac.be\">patrice.megret@umons.ac.be<\/a><\/p>\n<p><a href=\"https:\/\/staff.umons.ac.be\/veronique.moeyaert\/\">MOEYAERT V\u00e9ronique<\/a><\/p>\n<p>email : <a href=\"mailto:veronique.moeyaert@umons.ac.be\">veronique.moeyaert@umons.ac.be<\/a><\/p>\n<p><a href=\"https:\/\/staff.umons.ac.be\/marc.wuilpart\/\">WUILPART Marc<\/a><\/p>\n<p>email : <a href=\"mailto:marc.wuilpart@umons.ac.be\">marc.wuilpart@umons.ac.be<\/a><\/td>\n<td>FPMs<\/td>\n<\/tr>\n<tr>\n<td>Civil Engineering and Structural Mechanics Unit<\/p>\n<p><a href=\"https:\/\/staff.umons.ac.be\/selim.datoussaid\/\">DATOUSSAID S\u00e9lim (Head of the Laboratory)<\/a><\/p>\n<p>email : <a href=\"mailto:selim.datoussaid@umons.ac.be\">selim.datoussaid@umons.ac.be<\/a><\/p>\n<p><a href=\"https:\/\/staff.umons.ac.be\/thierry.descamps\/\">DESCAMPS Thierry<\/a><\/p>\n<p>email : <a href=\"mailto:thierry.descamps@umons.ac.be\">thierry.descamps@umons.ac.be<\/a><\/p>\n<p><a href=\"https:\/\/staff.umons.ac.be\/laurent.vanparys\/\">VAN PARYS Laurent<\/a><\/p>\n<p>email : <a href=\"mailto:laurent.vanparys@umons.ac.be\">laurent.vanparys@umons.ac.be<\/a><\/td>\n<td>FPMs<\/td>\n<\/tr>\n<tr>\n<td>Mechanical Engineering Unit<\/p>\n<p><a href=\"https:\/\/staff.umons.ac.be\/pierre.dehombreux\/\">DEHOMBREUX Pierre (Head of the Laboratory)<\/a><\/p>\n<p>email : <a href=\"mailto:pierre.dehombreux@umons.ac.be\">pierre.dehombreux@umons.ac.be<\/a><\/p>\n<p><a href=\"https:\/\/staff.umons.ac.be\/francois.ducobu\/\">DUCOBU Fran\u00e7ois<\/a><\/p>\n<p>email : <a href=\"mailto:Francois.ducobu@umons.ac.be\">Francois.ducobu@umons.ac.be<\/a><\/p>\n<p><a href=\"https:\/\/staff.umons.ac.be\/Edouard.RIVIERELORPHEVRE\/\">RIVIERE LORPHEVRE Edouard<\/a><\/p>\n<p>email : <a href=\"mailto:edouard.rivierelorphevre@umons.ac.be\">edouard.rivierelorphevre@umons.ac.be<\/a><\/p>\n<p><a href=\"https:\/\/staff.umons.ac.be\/lucas.equeter\/\">EQUETER Lucas<\/a><\/p>\n<p>Email\u00a0: <a href=\"mailto:lucas.equeter@umons.ac.be\">lucas.equeter@umons.ac.be<\/a><\/td>\n<td>FPMs<\/td>\n<\/tr>\n<tr>\n<td>Mining Engineering Unit<\/p>\n<p><a href=\"https:\/\/staff.umons.ac.be\/philippe.ancia\/\">ANCIA Philippe<\/a><\/p>\n<p>email : <a href=\"mailto:Philippe.ancia@umons.ac.be\">Philippe.ancia@umons.ac.be<\/a><\/p>\n<p><a href=\"https:\/\/staff.umons.ac.be\/katshidikaya.tshibangu\/\">TSHIBANGU Katshidikaya (Head of the Laboratory)<\/a><\/p>\n<p>email : <a href=\"mailto:katshidikaya.tshibangu@umons.ac.be\">katshidikaya.tshibangu@umons.ac.be<\/a><\/p>\n<p><a href=\"https:\/\/staff.umons.ac.be\/sara.vandycke\/\">VANDYCKE Sara<\/a><\/p>\n<p>email : <a href=\"mailto:sara.vandycke@umons.ac.be\">sara.vandycke@umons.ac.be<\/a><\/td>\n<td>FPMs<\/td>\n<\/tr>\n<tr>\n<td>Interfaces and Complex Fluids Laboratory<\/p>\n<p><a href=\"https:\/\/staff.umons.ac.be\/pascal.damman\/\">DAMMAN Pascal (Head of the Laboratory)<\/a><\/p>\n<p>email : <a href=\"mailto:pascal.damman@umons.ac.be\">pascal.damman@umons.ac.be<\/a><\/p>\n<p>GABRIELE Sylvain<\/p>\n<p>Email\u00a0: <a href=\"mailto:sylvain.gabriele@umons.ac.be\">sylvain.gabriele@umons.ac.be<\/a><\/td>\n<td>FS<\/td>\n<\/tr>\n<tr>\n<td>Physics of Nanomaterials and Energy<\/p>\n<p><a href=\"https:\/\/staff.umons.ac.be\/philippe.leclere\/index.html\"><strong><span style=\"color: #c40242\"><span style=\"color: #7f2816\">LECLERE Philippe (Head of the laboratory<\/span>)<\/span><\/strong><\/a><\/p>\n<p>email : <a href=\"mailto:philippe.leclere@umons.ac.be\">philippe.leclere@umons.ac.be<\/a><\/td>\n<td>FS<\/td>\n<\/tr>\n<tr>\n<td>Micro- and Nanophotonic Materials Unit<\/p>\n<p><a href=\"https:\/\/staff.umons.ac.be\/bjorn.maes\/\">MAES Bjorn (Head of the Laboratory)<\/a><\/p>\n<p style=\"text-align: left\">email : <a href=\"mailto:Bjorn.maes@umons.ac.be\">Bjorn.maes@umons.ac.be<\/a><\/p>\n<\/td>\n<td>FS<\/td>\n<\/tr>\n<tr>\n<td>Laboratory of Polymeric and Composite Materials<\/p>\n<p><a href=\"https:\/\/staff.umons.ac.be\/olivier.coulembier\/\">COULEMBIER Olivier<\/a><\/p>\n<p>email : <a href=\"mailto:olivier.coulembier@umons.ac.be\">olivier.coulembier@umons.ac.be<\/a><\/p>\n<p><a href=\"https:\/\/staff.umons.ac.be\/philippe.dubois\/\">DUBOIS Philippe<\/a><\/p>\n<p>email : <a href=\"mailto:Philippe.dubois@umons.ac.be\">Philippe.dubois@umons.ac.be<\/a><\/p>\n<p><a href=\"https:\/\/staff.umons.ac.be\/jeremy.odent\/\">ODENT J\u00e9r\u00e9my<\/a><\/p>\n<p>email : <a href=\"mailto:Jeremy.odent@umons.ac.be\">Jeremy.odent@umons.ac.be<\/a><\/p>\n<p><a href=\"https:\/\/staff.umons.ac.be\/jean-marie.raquez\/\">RAQUEZ Jean-Marie (Head of the Laboratory)<\/a><\/p>\n<p>email : <a href=\"mailto:jean-marie.raquez@umons.ac.be\">jean-marie.raquez@umons.ac.be<\/a><\/td>\n<td>FS<\/td>\n<\/tr>\n<tr>\n<td>Metallurgy Unit<\/p>\n<p><a href=\"https:\/\/staff.umons.ac.be\/fabienne.delaunois\/\">DELAUNOIS Fabienne (Head of the Laboratory)<\/a><\/p>\n<p>email : <a href=\"mailto:Fabienne.delaunois@umons.ac.be\">Fabienne.delaunois@umons.ac.be<\/a><\/p>\n<p><a href=\"https:\/\/staff.umons.ac.be\/veronique.vitry\/\">V\u00e9ronique Vitry<\/a><\/p>\n<p>Email\u00a0: <a href=\"mailto:veronique.vitry@umons.ac.be\">veronique.vitry@umons.ac.be<\/a><\/td>\n<td>FPMs<\/td>\n<\/tr>\n<tr>\n<td>Biomedical Physics Unit<\/p>\n<p><a href=\"https:\/\/staff.umons.ac.be\/yves.gossuin\/\">GOSSUIN Yves (Head of the Laboratory)<\/a><\/p>\n<p>email : <a href=\"mailto:yves.gossuin@umons.ac.be\">yves.gossuin@umons.ac.be<\/a><\/p>\n<p>VUONG Quoc Lam<\/p>\n<p>Email\u00a0: <a href=\"mailto:quoclam.vuong@umons.ac.be\">quoclam.vuong@umons.ac.be<\/a><\/td>\n<td>FMP<\/td>\n<\/tr>\n<tr>\n<td>Materials Physics and Optics Unit<\/p>\n<p><a href=\"https:\/\/staff.umons.ac.be\/michel.voue\/\">VOUE Michel (Head of the Laboratory)<\/a><\/p>\n<p>email : <a href=\"mailto:michel.voue@umons.ac.be\">michel.voue@umons.ac.be<\/a><\/td>\n<td>FS<\/td>\n<\/tr>\n<tr>\n<td>Materials Science Unit<\/p>\n<p><a href=\"https:\/\/staff.umons.ac.be\/andre.decroly\/\">DECROLY Andr\u00e9<\/a><\/p>\n<p>email : <a href=\"mailto:andre.decroly@umons.ac.be\">andre.decroly@umons.ac.be<\/a><\/p>\n<p><a href=\"https:\/\/staff.umons.ac.be\/maurice.gonon\/\">GONON Maurice Fran\u00e7ois<\/a><\/p>\n<p>email : <a href=\"mailto:maurice.gonon@umons.ac.be\">maurice.gonon@umons.ac.be<\/a><\/p>\n<p><a href=\"https:\/\/staff.umons.ac.be\/marjorie.olivier\/\">OLIVIER Marie-Georges (Head of the Laboratory)<\/a><\/p>\n<p>email : <a href=\"mailto:marjorie.olivier@umons.ac.be\">marjorie.olivier@umons.ac.be<\/a><\/td>\n<td>FPMs<\/td>\n<\/tr>\n<tr>\n<td>Organic Synthesis and Mass Spectrometry Laboratory<\/p>\n<p><a href=\"https:\/\/staff.umons.ac.be\/pascal.gerbaux\/\">GERBAUX Pascal (Head of the Laboratory)<\/a><\/p>\n<p>email : <a href=\"mailto:pascal.gerbaux@umons.ac.be\">pascal.gerbaux@umons.ac.be<\/a><\/p>\n<p><a href=\"https:\/\/staff.umons.ac.be\/julien.dewinter\/\">DE WINTER Julien<\/a><\/p>\n<p>Email\u00a0: <a href=\"mailto:julien.dewinter@umons.ac.be\">julien.dewinter@umons.ac.be<\/a><\/td>\n<td>FS<\/td>\n<\/tr>\n<tr>\n<td>Thermodynamics and Mathematical Physics Unit<\/p>\n<p><a href=\"https:\/\/staff.umons.ac.be\/guy.deweireld\/\">DE WEIRELD Guy<\/a><\/p>\n<p>email : <a href=\"mailto:guy.deweireld@umons.ac.be\">guy.deweireld@umons.ac.be<\/a><\/p>\n<p><a href=\"https:\/\/staff.umons.ac.be\/marc.frere\/\">FRERE Marc (Head of the Laboratory)<\/a><\/p>\n<p>email : <a href=\"mailto:marc.frere@umons.ac.be\">marc.frere@umons.ac.be<\/a><\/p>\n<p><a href=\"https:\/\/staff.umons.ac.be\/eric.dumont\/\">DUMONT Eric<\/a><\/p>\n<p>Email : <a href=\"mailto:eric.dumont@umons.ac.be\">eric.dumont@umons.ac.be<\/a><\/td>\n<td>FPMs<\/td>\n<\/tr>\n<\/tbody>\n<\/table>\n<p>&nbsp;<\/p>\n","protected":false},"excerpt":{"rendered":"<p>Effective member services of the Research Institute\u00a0: Plasma-Surface Interaction Chemistry Unit BITTENCOURT Carla email : carla.bittencourt@umons.ac.be KONSTANTINIDIS Stephanos email : st\u00e9phanos.konstantinidis@umons.ac.be SNYDERS Rony (Head of the Laboratory) email : rony.snyders@umons.ac.be THIRY Damien email : damien.thiry@umons.ac.be FS Laboratory for Chemistry of Novel Materials BELJONNE David CORNIL J\u00e9r\u00f4me email : Jerome.cornil@umons.ac.be SURIN Mathieu email : mathieu.surin@umons.ac.be LAZZARONI [&hellip;]<\/p>\n","protected":false},"author":2,"featured_media":0,"parent":0,"menu_order":4,"comment_status":"closed","ping_status":"closed","template":"","meta":{"footnotes":""},"class_list":["post-323","page","type-page","status-publish","hentry"],"yoast_head":"<!-- This site is optimized with the Yoast SEO plugin v27.2 - https:\/\/yoast.com\/product\/yoast-seo-wordpress\/ -->\n<title>Members - Institut \/ Mat\u00e9riaux<\/title>\n<meta name=\"robots\" content=\"index, follow, max-snippet:-1, max-image-preview:large, max-video-preview:-1\" \/>\n<link rel=\"canonical\" href=\"https:\/\/web.umons.ac.be\/materiaux\/en\/members\/\" \/>\n<meta property=\"og:locale\" content=\"fr_FR\" \/>\n<meta property=\"og:type\" content=\"article\" \/>\n<meta property=\"og:title\" content=\"Members - Institut \/ Mat\u00e9riaux\" \/>\n<meta property=\"og:description\" content=\"Effective member services of the Research Institute\u00a0: Plasma-Surface Interaction Chemistry Unit BITTENCOURT Carla email : carla.bittencourt@umons.ac.be KONSTANTINIDIS Stephanos email : st\u00e9phanos.konstantinidis@umons.ac.be SNYDERS Rony (Head of the Laboratory) email : rony.snyders@umons.ac.be THIRY Damien email : damien.thiry@umons.ac.be FS Laboratory for Chemistry of Novel Materials BELJONNE David CORNIL J\u00e9r\u00f4me email : Jerome.cornil@umons.ac.be SURIN Mathieu email : mathieu.surin@umons.ac.be LAZZARONI [&hellip;]\" \/>\n<meta property=\"og:url\" content=\"https:\/\/web.umons.ac.be\/materiaux\/en\/members\/\" \/>\n<meta property=\"og:site_name\" content=\"Institut \/ Mat\u00e9riaux\" \/>\n<meta property=\"article:modified_time\" content=\"2022-02-01T15:41:40+00:00\" \/>\n<meta name=\"twitter:card\" content=\"summary_large_image\" \/>\n<meta name=\"twitter:label1\" content=\"Dur\u00e9e de lecture estim\u00e9e\" \/>\n\t<meta name=\"twitter:data1\" content=\"2 minutes\" \/>\n<script type=\"application\/ld+json\" class=\"yoast-schema-graph\">{\"@context\":\"https:\/\/schema.org\",\"@graph\":[{\"@type\":\"WebPage\",\"@id\":\"https:\/\/web.umons.ac.be\/materiaux\/en\/members\/\",\"url\":\"https:\/\/web.umons.ac.be\/materiaux\/en\/members\/\",\"name\":\"Members - Institut \/ Mat\u00e9riaux\",\"isPartOf\":{\"@id\":\"https:\/\/web.umons.ac.be\/materiaux\/#website\"},\"datePublished\":\"2017-11-16T08:52:47+00:00\",\"dateModified\":\"2022-02-01T15:41:40+00:00\",\"breadcrumb\":{\"@id\":\"https:\/\/web.umons.ac.be\/materiaux\/en\/members\/#breadcrumb\"},\"inLanguage\":\"fr-FR\",\"potentialAction\":[{\"@type\":\"ReadAction\",\"target\":[\"https:\/\/web.umons.ac.be\/materiaux\/en\/members\/\"]}]},{\"@type\":\"BreadcrumbList\",\"@id\":\"https:\/\/web.umons.ac.be\/materiaux\/en\/members\/#breadcrumb\",\"itemListElement\":[{\"@type\":\"ListItem\",\"position\":1,\"name\":\"Accueil\",\"item\":\"https:\/\/web.umons.ac.be\/materiaux\/\"},{\"@type\":\"ListItem\",\"position\":2,\"name\":\"Members\"}]},{\"@type\":\"WebSite\",\"@id\":\"https:\/\/web.umons.ac.be\/materiaux\/#website\",\"url\":\"https:\/\/web.umons.ac.be\/materiaux\/\",\"name\":\"Institut \/ Mat\u00e9riaux\",\"description\":\"Un site utilisant Universit\u00e9 de Mons \u2013 UMONS\",\"potentialAction\":[{\"@type\":\"SearchAction\",\"target\":{\"@type\":\"EntryPoint\",\"urlTemplate\":\"https:\/\/web.umons.ac.be\/materiaux\/?s={search_term_string}\"},\"query-input\":{\"@type\":\"PropertyValueSpecification\",\"valueRequired\":true,\"valueName\":\"search_term_string\"}}],\"inLanguage\":\"fr-FR\"}]}<\/script>\n<!-- \/ Yoast SEO plugin. -->","yoast_head_json":{"title":"Members - Institut \/ Mat\u00e9riaux","robots":{"index":"index","follow":"follow","max-snippet":"max-snippet:-1","max-image-preview":"max-image-preview:large","max-video-preview":"max-video-preview:-1"},"canonical":"https:\/\/web.umons.ac.be\/materiaux\/en\/members\/","og_locale":"fr_FR","og_type":"article","og_title":"Members - Institut \/ Mat\u00e9riaux","og_description":"Effective member services of the Research Institute\u00a0: Plasma-Surface Interaction Chemistry Unit BITTENCOURT Carla email : carla.bittencourt@umons.ac.be KONSTANTINIDIS Stephanos email : st\u00e9phanos.konstantinidis@umons.ac.be SNYDERS Rony (Head of the Laboratory) email : rony.snyders@umons.ac.be THIRY Damien email : damien.thiry@umons.ac.be FS Laboratory for Chemistry of Novel Materials BELJONNE David CORNIL J\u00e9r\u00f4me email : Jerome.cornil@umons.ac.be SURIN Mathieu email : mathieu.surin@umons.ac.be LAZZARONI [&hellip;]","og_url":"https:\/\/web.umons.ac.be\/materiaux\/en\/members\/","og_site_name":"Institut \/ Mat\u00e9riaux","article_modified_time":"2022-02-01T15:41:40+00:00","twitter_card":"summary_large_image","twitter_misc":{"Dur\u00e9e de lecture estim\u00e9e":"2 minutes"},"schema":{"@context":"https:\/\/schema.org","@graph":[{"@type":"WebPage","@id":"https:\/\/web.umons.ac.be\/materiaux\/en\/members\/","url":"https:\/\/web.umons.ac.be\/materiaux\/en\/members\/","name":"Members - Institut \/ Mat\u00e9riaux","isPartOf":{"@id":"https:\/\/web.umons.ac.be\/materiaux\/#website"},"datePublished":"2017-11-16T08:52:47+00:00","dateModified":"2022-02-01T15:41:40+00:00","breadcrumb":{"@id":"https:\/\/web.umons.ac.be\/materiaux\/en\/members\/#breadcrumb"},"inLanguage":"fr-FR","potentialAction":[{"@type":"ReadAction","target":["https:\/\/web.umons.ac.be\/materiaux\/en\/members\/"]}]},{"@type":"BreadcrumbList","@id":"https:\/\/web.umons.ac.be\/materiaux\/en\/members\/#breadcrumb","itemListElement":[{"@type":"ListItem","position":1,"name":"Accueil","item":"https:\/\/web.umons.ac.be\/materiaux\/"},{"@type":"ListItem","position":2,"name":"Members"}]},{"@type":"WebSite","@id":"https:\/\/web.umons.ac.be\/materiaux\/#website","url":"https:\/\/web.umons.ac.be\/materiaux\/","name":"Institut \/ Mat\u00e9riaux","description":"Un site utilisant Universit\u00e9 de Mons \u2013 UMONS","potentialAction":[{"@type":"SearchAction","target":{"@type":"EntryPoint","urlTemplate":"https:\/\/web.umons.ac.be\/materiaux\/?s={search_term_string}"},"query-input":{"@type":"PropertyValueSpecification","valueRequired":true,"valueName":"search_term_string"}}],"inLanguage":"fr-FR"}]}},"lang":"en","translations":{"en":323,"fr":45},"pll_sync_post":[],"_links":{"self":[{"href":"https:\/\/web.umons.ac.be\/materiaux\/wp-json\/wp\/v2\/pages\/323","targetHints":{"allow":["GET"]}}],"collection":[{"href":"https:\/\/web.umons.ac.be\/materiaux\/wp-json\/wp\/v2\/pages"}],"about":[{"href":"https:\/\/web.umons.ac.be\/materiaux\/wp-json\/wp\/v2\/types\/page"}],"author":[{"embeddable":true,"href":"https:\/\/web.umons.ac.be\/materiaux\/wp-json\/wp\/v2\/users\/2"}],"replies":[{"embeddable":true,"href":"https:\/\/web.umons.ac.be\/materiaux\/wp-json\/wp\/v2\/comments?post=323"}],"version-history":[{"count":5,"href":"https:\/\/web.umons.ac.be\/materiaux\/wp-json\/wp\/v2\/pages\/323\/revisions"}],"predecessor-version":[{"id":632,"href":"https:\/\/web.umons.ac.be\/materiaux\/wp-json\/wp\/v2\/pages\/323\/revisions\/632"}],"wp:attachment":[{"href":"https:\/\/web.umons.ac.be\/materiaux\/wp-json\/wp\/v2\/media?parent=323"}],"curies":[{"name":"wp","href":"https:\/\/api.w.org\/{rel}","templated":true}]}}