{"id":38,"date":"2017-07-18T12:18:32","date_gmt":"2017-07-18T10:18:32","guid":{"rendered":"https:\/\/web.umons.ac.be\/materiaux\/?page_id=38"},"modified":"2017-07-18T14:48:09","modified_gmt":"2017-07-18T12:48:09","slug":"equipements-remarquables","status":"publish","type":"page","link":"https:\/\/web.umons.ac.be\/materiaux\/fr\/equipements-remarquables\/","title":{"rendered":"Equipements remarquables"},"content":{"rendered":"<ul>\n<li><img loading=\"lazy\" decoding=\"async\" class=\"alignright size-thumbnail wp-image-17\" src=\"https:\/\/web.umons.ac.be\/app\/uploads\/sites\/38\/2017\/07\/P3311938_Brun-150x150.jpg\" alt=\"\" width=\"150\" height=\"150\" srcset=\"https:\/\/web.umons.ac.be\/app\/uploads\/sites\/38\/2017\/07\/P3311938_Brun-150x150.jpg 150w, https:\/\/web.umons.ac.be\/app\/uploads\/sites\/38\/2017\/07\/P3311938_Brun-80x80.jpg 80w, https:\/\/web.umons.ac.be\/app\/uploads\/sites\/38\/2017\/07\/P3311938_Brun-400x400.jpg 400w, https:\/\/web.umons.ac.be\/app\/uploads\/sites\/38\/2017\/07\/P3311938_Brun-200x200.jpg 200w\" sizes=\"auto, (max-width: 150px) 100vw, 150px\" \/>Techniques de <strong>mise en \u0153uvre \u00e0 l\u2019\u00e9tat fondu de mat\u00e9riaux polym\u00e8res<\/strong> \u00e0 l\u2019\u00e9chelle laboratoire et semi-pilote (extrusion r\u00e9active, \u2026)<\/li>\n<li>Techniques de <strong>d\u00e9p\u00f4t et<\/strong> de <strong>structuration de couches minces<\/strong> (d\u00e9p\u00f4t par sublimation sous vide, d\u00e9p\u00f4t par plasma, ALD, impression 3D et par jet d\u2019encre)<\/li>\n<li>Techniques de <strong>caract\u00e9risation approfondie de la structure mol\u00e9culaire<\/strong> (spectrom\u00e9trie de masse &#8211; MALDI-ToF, ESI-ToF, LC-MS(MS), HRMS, GC-MS, ion mobility \u2013 spectroscopie infra-rouge, spectroscopie de r\u00e9sonance magn\u00e9tique nucl\u00e9aire, \u2026)<\/li>\n<li>Techniques de <strong>caract\u00e9risation des propri\u00e9t\u00e9s physiques des mat\u00e9riaux<\/strong> (ellipsom\u00e9trie, conductivit\u00e9 \u00e9lectrique, perm\u00e9ation aux gaz,\u2026)<\/li>\n<li>Techniques de <strong>caract\u00e9risation m\u00e9canique et thermom\u00e9canique des mat\u00e9riaux <\/strong>(banc de traction, DSC, TGA, DMTA, \u2026)<\/li>\n<li>Techniques de <strong>caract\u00e9risation de surface des mat\u00e9riaux<\/strong> (XPS, TOF-SIMS, microscopies \u00e0 sonde locale)<\/li>\n<li>Techniques de <strong>caract\u00e9risation physicochimiques et structurales<\/strong> (rh\u00e9om\u00e8tre, FTIR, Z\u00eatam\u00e8tre, Turbiscan, UV-Vis, DRX, \u2026 )<\/li>\n<li>Techniques de <strong>caract\u00e9risation optiques, morphologiques et m\u00e9caniques<\/strong> (rugosim\u00e9trie 2D et 3D, microscopie num\u00e9rique 3D, analyse d\u2019images, macro- et microdurom\u00e8tres)<\/li>\n<li><strong>Identification des alliages m\u00e9talliques<\/strong> (FluoX)<\/li>\n<li><strong><img loading=\"lazy\" decoding=\"async\" class=\"alignright size-thumbnail wp-image-16\" src=\"https:\/\/web.umons.ac.be\/app\/uploads\/sites\/38\/2017\/07\/P3291689_Couleur_IR-150x150.jpg\" alt=\"\" width=\"150\" height=\"150\" srcset=\"https:\/\/web.umons.ac.be\/app\/uploads\/sites\/38\/2017\/07\/P3291689_Couleur_IR-150x150.jpg 150w, https:\/\/web.umons.ac.be\/app\/uploads\/sites\/38\/2017\/07\/P3291689_Couleur_IR-80x80.jpg 80w, https:\/\/web.umons.ac.be\/app\/uploads\/sites\/38\/2017\/07\/P3291689_Couleur_IR-400x400.jpg 400w, https:\/\/web.umons.ac.be\/app\/uploads\/sites\/38\/2017\/07\/P3291689_Couleur_IR-200x200.jpg 200w\" sizes=\"auto, (max-width: 150px) 100vw, 150px\" \/>Calculateurs \u00e0 haute <em>performance<\/em> pour mod\u00e9lisation des propri\u00e9t\u00e9s structurales, optiques et \u00e9lectroniques <\/strong>des mat\u00e9riaux<\/li>\n<li><strong>Tests de vieillissement et de corrosion <\/strong><\/li>\n<li><strong>Techniques \u00e9lectrochimiques<\/strong>\u00a0 <em>(courbes<\/em> de polarisation, EIS, SVET, SECM, DEA)<\/li>\n<li><strong>Analyseurs de gaz<\/strong><\/li>\n<li><strong>Diagnostic des plasmas<\/strong> par spectrom\u00e9trie de masse r\u00e9solue en \u00e9nergie et en temps, LIF (Laser Induced Fluorescence), sonde \u00e9lectrostatique, absorption et \u00e9mission optique,\u2026<\/li>\n<\/ul>\n","protected":false},"excerpt":{"rendered":"<p>Techniques de mise en \u0153uvre \u00e0 l\u2019\u00e9tat fondu de mat\u00e9riaux polym\u00e8res \u00e0 l\u2019\u00e9chelle laboratoire et semi-pilote (extrusion r\u00e9active, \u2026) Techniques de d\u00e9p\u00f4t et de structuration de couches minces (d\u00e9p\u00f4t par sublimation sous vide, d\u00e9p\u00f4t par plasma, ALD, impression 3D et par jet d\u2019encre) Techniques de caract\u00e9risation approfondie de la structure mol\u00e9culaire (spectrom\u00e9trie de masse &#8211; [&hellip;]<\/p>\n","protected":false},"author":2,"featured_media":0,"parent":0,"menu_order":4,"comment_status":"closed","ping_status":"closed","template":"","meta":{"footnotes":""},"class_list":["post-38","page","type-page","status-publish","hentry"],"yoast_head":"<!-- This site is optimized with the Yoast SEO plugin v27.2 - https:\/\/yoast.com\/product\/yoast-seo-wordpress\/ -->\n<title>Equipements remarquables - Institut \/ Mat\u00e9riaux<\/title>\n<meta name=\"robots\" content=\"index, follow, max-snippet:-1, max-image-preview:large, max-video-preview:-1\" \/>\n<link rel=\"canonical\" href=\"https:\/\/web.umons.ac.be\/materiaux\/fr\/equipements-remarquables\/\" \/>\n<meta property=\"og:locale\" content=\"fr_FR\" \/>\n<meta property=\"og:type\" content=\"article\" \/>\n<meta property=\"og:title\" content=\"Equipements remarquables - Institut \/ Mat\u00e9riaux\" \/>\n<meta property=\"og:description\" content=\"Techniques de mise en \u0153uvre \u00e0 l\u2019\u00e9tat fondu de mat\u00e9riaux polym\u00e8res \u00e0 l\u2019\u00e9chelle laboratoire et semi-pilote (extrusion r\u00e9active, \u2026) Techniques de d\u00e9p\u00f4t et de structuration de couches minces (d\u00e9p\u00f4t par sublimation sous vide, d\u00e9p\u00f4t par plasma, ALD, impression 3D et par jet d\u2019encre) Techniques de caract\u00e9risation approfondie de la structure mol\u00e9culaire (spectrom\u00e9trie de masse &#8211; [&hellip;]\" \/>\n<meta property=\"og:url\" content=\"https:\/\/web.umons.ac.be\/materiaux\/fr\/equipements-remarquables\/\" \/>\n<meta property=\"og:site_name\" content=\"Institut \/ Mat\u00e9riaux\" \/>\n<meta property=\"article:modified_time\" content=\"2017-07-18T12:48:09+00:00\" \/>\n<meta property=\"og:image\" content=\"https:\/\/web.umons.ac.be\/app\/uploads\/sites\/38\/2017\/07\/P3311938_Brun-150x150.jpg\" \/>\n<meta name=\"twitter:card\" content=\"summary_large_image\" \/>\n<meta name=\"twitter:label1\" content=\"Dur\u00e9e de lecture estim\u00e9e\" \/>\n\t<meta name=\"twitter:data1\" content=\"1 minute\" \/>\n<script type=\"application\/ld+json\" class=\"yoast-schema-graph\">{\"@context\":\"https:\/\/schema.org\",\"@graph\":[{\"@type\":\"WebPage\",\"@id\":\"https:\/\/web.umons.ac.be\/materiaux\/fr\/equipements-remarquables\/\",\"url\":\"https:\/\/web.umons.ac.be\/materiaux\/fr\/equipements-remarquables\/\",\"name\":\"Equipements remarquables - Institut \/ Mat\u00e9riaux\",\"isPartOf\":{\"@id\":\"https:\/\/web.umons.ac.be\/materiaux\/#website\"},\"primaryImageOfPage\":{\"@id\":\"https:\/\/web.umons.ac.be\/materiaux\/fr\/equipements-remarquables\/#primaryimage\"},\"image\":{\"@id\":\"https:\/\/web.umons.ac.be\/materiaux\/fr\/equipements-remarquables\/#primaryimage\"},\"thumbnailUrl\":\"https:\/\/web.umons.ac.be\/app\/uploads\/sites\/38\/2017\/07\/P3311938_Brun-150x150.jpg\",\"datePublished\":\"2017-07-18T10:18:32+00:00\",\"dateModified\":\"2017-07-18T12:48:09+00:00\",\"breadcrumb\":{\"@id\":\"https:\/\/web.umons.ac.be\/materiaux\/fr\/equipements-remarquables\/#breadcrumb\"},\"inLanguage\":\"fr-FR\",\"potentialAction\":[{\"@type\":\"ReadAction\",\"target\":[\"https:\/\/web.umons.ac.be\/materiaux\/fr\/equipements-remarquables\/\"]}]},{\"@type\":\"ImageObject\",\"inLanguage\":\"fr-FR\",\"@id\":\"https:\/\/web.umons.ac.be\/materiaux\/fr\/equipements-remarquables\/#primaryimage\",\"url\":\"https:\/\/web.umons.ac.be\/app\/uploads\/sites\/38\/2017\/07\/P3311938_Brun-150x150.jpg\",\"contentUrl\":\"https:\/\/web.umons.ac.be\/app\/uploads\/sites\/38\/2017\/07\/P3311938_Brun-150x150.jpg\"},{\"@type\":\"BreadcrumbList\",\"@id\":\"https:\/\/web.umons.ac.be\/materiaux\/fr\/equipements-remarquables\/#breadcrumb\",\"itemListElement\":[{\"@type\":\"ListItem\",\"position\":1,\"name\":\"Accueil\",\"item\":\"https:\/\/web.umons.ac.be\/materiaux\/\"},{\"@type\":\"ListItem\",\"position\":2,\"name\":\"Equipements remarquables\"}]},{\"@type\":\"WebSite\",\"@id\":\"https:\/\/web.umons.ac.be\/materiaux\/#website\",\"url\":\"https:\/\/web.umons.ac.be\/materiaux\/\",\"name\":\"Institut \/ Mat\u00e9riaux\",\"description\":\"Un site utilisant Universit\u00e9 de Mons \u2013 UMONS\",\"potentialAction\":[{\"@type\":\"SearchAction\",\"target\":{\"@type\":\"EntryPoint\",\"urlTemplate\":\"https:\/\/web.umons.ac.be\/materiaux\/?s={search_term_string}\"},\"query-input\":{\"@type\":\"PropertyValueSpecification\",\"valueRequired\":true,\"valueName\":\"search_term_string\"}}],\"inLanguage\":\"fr-FR\"}]}<\/script>\n<!-- \/ Yoast SEO plugin. -->","yoast_head_json":{"title":"Equipements remarquables - Institut \/ Mat\u00e9riaux","robots":{"index":"index","follow":"follow","max-snippet":"max-snippet:-1","max-image-preview":"max-image-preview:large","max-video-preview":"max-video-preview:-1"},"canonical":"https:\/\/web.umons.ac.be\/materiaux\/fr\/equipements-remarquables\/","og_locale":"fr_FR","og_type":"article","og_title":"Equipements remarquables - Institut \/ Mat\u00e9riaux","og_description":"Techniques de mise en \u0153uvre \u00e0 l\u2019\u00e9tat fondu de mat\u00e9riaux polym\u00e8res \u00e0 l\u2019\u00e9chelle laboratoire et semi-pilote (extrusion r\u00e9active, \u2026) Techniques de d\u00e9p\u00f4t et de structuration de couches minces (d\u00e9p\u00f4t par sublimation sous vide, d\u00e9p\u00f4t par plasma, ALD, impression 3D et par jet d\u2019encre) Techniques de caract\u00e9risation approfondie de la structure mol\u00e9culaire (spectrom\u00e9trie de masse &#8211; [&hellip;]","og_url":"https:\/\/web.umons.ac.be\/materiaux\/fr\/equipements-remarquables\/","og_site_name":"Institut \/ Mat\u00e9riaux","article_modified_time":"2017-07-18T12:48:09+00:00","og_image":[{"url":"https:\/\/web.umons.ac.be\/app\/uploads\/sites\/38\/2017\/07\/P3311938_Brun-150x150.jpg","type":"","width":"","height":""}],"twitter_card":"summary_large_image","twitter_misc":{"Dur\u00e9e de lecture estim\u00e9e":"1 minute"},"schema":{"@context":"https:\/\/schema.org","@graph":[{"@type":"WebPage","@id":"https:\/\/web.umons.ac.be\/materiaux\/fr\/equipements-remarquables\/","url":"https:\/\/web.umons.ac.be\/materiaux\/fr\/equipements-remarquables\/","name":"Equipements remarquables - Institut \/ Mat\u00e9riaux","isPartOf":{"@id":"https:\/\/web.umons.ac.be\/materiaux\/#website"},"primaryImageOfPage":{"@id":"https:\/\/web.umons.ac.be\/materiaux\/fr\/equipements-remarquables\/#primaryimage"},"image":{"@id":"https:\/\/web.umons.ac.be\/materiaux\/fr\/equipements-remarquables\/#primaryimage"},"thumbnailUrl":"https:\/\/web.umons.ac.be\/app\/uploads\/sites\/38\/2017\/07\/P3311938_Brun-150x150.jpg","datePublished":"2017-07-18T10:18:32+00:00","dateModified":"2017-07-18T12:48:09+00:00","breadcrumb":{"@id":"https:\/\/web.umons.ac.be\/materiaux\/fr\/equipements-remarquables\/#breadcrumb"},"inLanguage":"fr-FR","potentialAction":[{"@type":"ReadAction","target":["https:\/\/web.umons.ac.be\/materiaux\/fr\/equipements-remarquables\/"]}]},{"@type":"ImageObject","inLanguage":"fr-FR","@id":"https:\/\/web.umons.ac.be\/materiaux\/fr\/equipements-remarquables\/#primaryimage","url":"https:\/\/web.umons.ac.be\/app\/uploads\/sites\/38\/2017\/07\/P3311938_Brun-150x150.jpg","contentUrl":"https:\/\/web.umons.ac.be\/app\/uploads\/sites\/38\/2017\/07\/P3311938_Brun-150x150.jpg"},{"@type":"BreadcrumbList","@id":"https:\/\/web.umons.ac.be\/materiaux\/fr\/equipements-remarquables\/#breadcrumb","itemListElement":[{"@type":"ListItem","position":1,"name":"Accueil","item":"https:\/\/web.umons.ac.be\/materiaux\/"},{"@type":"ListItem","position":2,"name":"Equipements remarquables"}]},{"@type":"WebSite","@id":"https:\/\/web.umons.ac.be\/materiaux\/#website","url":"https:\/\/web.umons.ac.be\/materiaux\/","name":"Institut \/ Mat\u00e9riaux","description":"Un site utilisant Universit\u00e9 de Mons \u2013 UMONS","potentialAction":[{"@type":"SearchAction","target":{"@type":"EntryPoint","urlTemplate":"https:\/\/web.umons.ac.be\/materiaux\/?s={search_term_string}"},"query-input":{"@type":"PropertyValueSpecification","valueRequired":true,"valueName":"search_term_string"}}],"inLanguage":"fr-FR"}]}},"lang":"fr","translations":{"fr":38,"en":326},"pll_sync_post":[],"_links":{"self":[{"href":"https:\/\/web.umons.ac.be\/materiaux\/wp-json\/wp\/v2\/pages\/38","targetHints":{"allow":["GET"]}}],"collection":[{"href":"https:\/\/web.umons.ac.be\/materiaux\/wp-json\/wp\/v2\/pages"}],"about":[{"href":"https:\/\/web.umons.ac.be\/materiaux\/wp-json\/wp\/v2\/types\/page"}],"author":[{"embeddable":true,"href":"https:\/\/web.umons.ac.be\/materiaux\/wp-json\/wp\/v2\/users\/2"}],"replies":[{"embeddable":true,"href":"https:\/\/web.umons.ac.be\/materiaux\/wp-json\/wp\/v2\/comments?post=38"}],"version-history":[{"count":0,"href":"https:\/\/web.umons.ac.be\/materiaux\/wp-json\/wp\/v2\/pages\/38\/revisions"}],"wp:attachment":[{"href":"https:\/\/web.umons.ac.be\/materiaux\/wp-json\/wp\/v2\/media?parent=38"}],"curies":[{"name":"wp","href":"https:\/\/api.w.org\/{rel}","templated":true}]}}