{"id":729,"date":"2026-03-04T06:59:11","date_gmt":"2026-03-04T05:59:11","guid":{"rendered":"https:\/\/web.umons.ac.be\/materiaux\/?page_id=729"},"modified":"2026-03-10T09:34:27","modified_gmt":"2026-03-10T08:34:27","slug":"umons-science-des-materiaux-bsm","status":"publish","type":"page","link":"https:\/\/web.umons.ac.be\/materiaux\/fr\/umons-science-des-materiaux-bsm\/","title":{"rendered":"B\u00e2timent Science des Mat\u00e9riaux (BSM)"},"content":{"rendered":"<h5 style=\"font-weight: 400;\"><strong>Le nouveau B\u00e2timent Science des Mat\u00e9riaux (BSM)\u00a0: un tremplin pour la recherche et la formation de demain \u00e0 l\u2019UMONS<\/strong><\/h5>\n<table style=\"border-collapse: collapse; width: 100%;\">\n<tbody>\n<tr>\n<td style=\"width: 100%;\"><img loading=\"lazy\" decoding=\"async\" class=\"wp-image-740 aligncenter\" src=\"https:\/\/web.umons.ac.be\/app\/uploads\/sites\/38\/2026\/03\/BSM_BandeauLogos-300x75.jpg\" alt=\"\" width=\"844\" height=\"211\" srcset=\"https:\/\/web.umons.ac.be\/app\/uploads\/sites\/38\/2026\/03\/BSM_BandeauLogos-300x75.jpg 300w, https:\/\/web.umons.ac.be\/app\/uploads\/sites\/38\/2026\/03\/BSM_BandeauLogos-1024x256.jpg 1024w, https:\/\/web.umons.ac.be\/app\/uploads\/sites\/38\/2026\/03\/BSM_BandeauLogos-768x192.jpg 768w, https:\/\/web.umons.ac.be\/app\/uploads\/sites\/38\/2026\/03\/BSM_BandeauLogos-1536x384.jpg 1536w, https:\/\/web.umons.ac.be\/app\/uploads\/sites\/38\/2026\/03\/BSM_BandeauLogos-1600x400.jpg 1600w, https:\/\/web.umons.ac.be\/app\/uploads\/sites\/38\/2026\/03\/BSM_BandeauLogos-30x8.jpg 30w, https:\/\/web.umons.ac.be\/app\/uploads\/sites\/38\/2026\/03\/BSM_BandeauLogos-60x15.jpg 60w, https:\/\/web.umons.ac.be\/app\/uploads\/sites\/38\/2026\/03\/BSM_BandeauLogos-360x90.jpg 360w, https:\/\/web.umons.ac.be\/app\/uploads\/sites\/38\/2026\/03\/BSM_BandeauLogos.jpg 1920w\" sizes=\"auto, (max-width: 844px) 100vw, 844px\" \/><\/td>\n<\/tr>\n<\/tbody>\n<\/table>\n<div class=\"highlighted-block\">\n<p style=\"font-weight: 400;\"><strong>\u00c0 la crois\u00e9e de l\u2019innovation, de la formation et de la recherche, l\u2019UMONS a mis en service, en septembre 2025, son nouveau B\u00e2timent Science des Mat\u00e9riaux (BSM). Cette infrastructure de pointe illustre l\u2019ambition de l\u2019Universit\u00e9 de Mons: pr\u00e9parer ses \u00e9tudiants et chercheurs aux d\u00e9fis industriels et environnementaux de demain\u00a0!<\/strong><\/p>\n<\/div>\n<p>&nbsp;<\/p>\n<table style=\"border-collapse: collapse; width: 100%;\">\n<tbody>\n<tr>\n<td style=\"width: 33.333333%;\"><img loading=\"lazy\" decoding=\"async\" class=\"size-medium wp-image-739 aligncenter\" src=\"https:\/\/web.umons.ac.be\/app\/uploads\/sites\/38\/2026\/03\/BSM_3-225x300.jpeg\" alt=\"\" width=\"225\" height=\"300\" srcset=\"https:\/\/web.umons.ac.be\/app\/uploads\/sites\/38\/2026\/03\/BSM_3-225x300.jpeg 225w, https:\/\/web.umons.ac.be\/app\/uploads\/sites\/38\/2026\/03\/BSM_3-768x1024.jpeg 768w, https:\/\/web.umons.ac.be\/app\/uploads\/sites\/38\/2026\/03\/BSM_3-1152x1536.jpeg 1152w, https:\/\/web.umons.ac.be\/app\/uploads\/sites\/38\/2026\/03\/BSM_3-1536x2048.jpeg 1536w, https:\/\/web.umons.ac.be\/app\/uploads\/sites\/38\/2026\/03\/BSM_3-495x660.jpeg 495w, https:\/\/web.umons.ac.be\/app\/uploads\/sites\/38\/2026\/03\/BSM_3-30x40.jpeg 30w, https:\/\/web.umons.ac.be\/app\/uploads\/sites\/38\/2026\/03\/BSM_3-45x60.jpeg 45w, https:\/\/web.umons.ac.be\/app\/uploads\/sites\/38\/2026\/03\/BSM_3-360x480.jpeg 360w, https:\/\/web.umons.ac.be\/app\/uploads\/sites\/38\/2026\/03\/BSM_3-scaled.jpeg 1920w\" sizes=\"auto, (max-width: 225px) 100vw, 225px\" \/><\/td>\n<td style=\"width: 33.333333%;\"><img loading=\"lazy\" decoding=\"async\" class=\"size-medium wp-image-738 aligncenter\" src=\"https:\/\/web.umons.ac.be\/app\/uploads\/sites\/38\/2026\/03\/BSM_1-203x300.jpg\" alt=\"\" width=\"203\" height=\"300\" srcset=\"https:\/\/web.umons.ac.be\/app\/uploads\/sites\/38\/2026\/03\/BSM_1-203x300.jpg 203w, https:\/\/web.umons.ac.be\/app\/uploads\/sites\/38\/2026\/03\/BSM_1-691x1024.jpg 691w, https:\/\/web.umons.ac.be\/app\/uploads\/sites\/38\/2026\/03\/BSM_1-768x1137.jpg 768w, https:\/\/web.umons.ac.be\/app\/uploads\/sites\/38\/2026\/03\/BSM_1-1037x1536.jpg 1037w, https:\/\/web.umons.ac.be\/app\/uploads\/sites\/38\/2026\/03\/BSM_1-446x660.jpg 446w, https:\/\/web.umons.ac.be\/app\/uploads\/sites\/38\/2026\/03\/BSM_1-30x44.jpg 30w, https:\/\/web.umons.ac.be\/app\/uploads\/sites\/38\/2026\/03\/BSM_1-41x60.jpg 41w, https:\/\/web.umons.ac.be\/app\/uploads\/sites\/38\/2026\/03\/BSM_1-360x533.jpg 360w, https:\/\/web.umons.ac.be\/app\/uploads\/sites\/38\/2026\/03\/BSM_1.jpg 1164w\" sizes=\"auto, (max-width: 203px) 100vw, 203px\" \/><\/td>\n<td style=\"width: 33.333333%;\">\n<blockquote>\n<p style=\"font-weight: 400;\">Avec la mise en service du tout nouveau B\u00e2timent Science des Mat\u00e9riaux (BSM), l\u2019Universit\u00e9 de Mons franchit une \u00e9tape majeure dans sa mission de formation et de recherche au service de la transition \u00e9cologique et industrielle.<\/p>\n<\/blockquote>\n<\/td>\n<\/tr>\n<\/tbody>\n<\/table>\n<p style=\"font-weight: 400;\">\u00c9rig\u00e9e au Chemin du Champ de Mars, cette infrastructure d\u2019exception de plus de 7.000 m\u00b2, construite sur six niveaux, mat\u00e9rialise l\u2019ambition de l\u2019UMONS de renforcer son r\u00f4le de p\u00f4le d\u2019excellence dans le domaine des mat\u00e9riaux avanc\u00e9s.<\/p>\n<p style=\"font-weight: 400;\">Con\u00e7u dans une logique de durabilit\u00e9, de modularit\u00e9 et d\u2019innovation, le BSM n\u2019est pas un simple b\u00e2timent universitaire. Il constitue l\u2019\u00e9pine dorsale du \u00ab Centre des EcoTechnologies Contemporaines et Nouveaux Mat\u00e9riaux \u00bb (CETCNM), une plateforme technologique n\u00e9e d\u2019un partenariat strat\u00e9gique entre l\u2019UMONS et le FOREM. Ce centre incarne la convergence entre formation de haut niveau, recherche scientifique de pointe et d\u00e9veloppement de comp\u00e9tences professionnelles adapt\u00e9es aux enjeux industriels et soci\u00e9taux contemporains.<\/p>\n<h5>UN INVESTISSEMENT STRUCTURANT POUR LA RECHERCHE ET LA FORMATION<\/h5>\n<p style=\"font-weight: 400;\">Au-del\u00e0 de sa valeur symbolique, le BSM s\u2019inscrit dans une strat\u00e9gie d\u2019investissements massifs consentis par l\u2019UMONS pour moderniser ses infrastructures de recherche. Durant les trois derni\u00e8res ann\u00e9es, plus de 15 millions d\u2019euros ont d\u00e9j\u00e0 \u00e9t\u00e9 consacr\u00e9s aux plateformes technologiques dans les domaines de l\u2019\u00e9nergie, des mat\u00e9riaux et des biotechnologies d\u00e9di\u00e9es \u00e0 la sant\u00e9 et \u00e0 l\u2019environnement, via le Plan de relance wallon, le Plan de r\u00e9silience europ\u00e9en et la F\u00e9d\u00e9ration Wallonie-Bruxelles.<\/p>\n<p style=\"font-weight: 400;\">Le BSM repr\u00e9sente un budget total de plus de 30 millions d\u2019euros, dont 26,4 millions sont consacr\u00e9s \u00e0 la construction du b\u00e2timent. Ce projet est cofinanc\u00e9 par 13,2 millions d\u2019euros de subsides europ\u00e9ens hors TVA \u2013 r\u00e9partis en 9,6 millions pour la construction et 3,6 millions pour les \u00e9quipements \u2013 ainsi que par 1,29 million d\u2019euros de subsides de la R\u00e9gion wallonne, correspondant \u00e0 la TVA sur la partie financ\u00e9e par l\u2019Europe. L\u2019UMONS prend en charge le reste du financement sur ses fonds propres.<\/p>\n<p style=\"font-weight: 400;\">Cet investissement a permis non seulement de doter l\u2019Universit\u00e9 d\u2019espaces p\u00e9dagogiques modernes \u2014 neuf auditoires \u00e9quip\u00e9s, un studio d\u2019enregistrement, une salle d\u00e9di\u00e9e \u00e0 la r\u00e9alit\u00e9 virtuelle, des espaces de coworking et des laboratoires d\u2019enseignement \u2014 mais aussi de donner aux chercheurs un outil de pointe pour la conception, la caract\u00e9risation et l\u2019analyse des mat\u00e9riaux.<\/p>\n<blockquote>\n<p style=\"font-weight: 400;\">\u00ab <em>Nous tenions \u00e0 am\u00e9liorer le cadre de travail de nos chercheurs\u2026 certains \u00e9tant log\u00e9s dans des pr\u00e9fabriqu\u00e9s, les fameux chavilles du campus de la plaine de Nimy \u00e2g\u00e9s de plus de 50 ans. Pour ce faire, nous avons innov\u00e9 en concevant un nouveau b\u00e2timent associant l\u2019enseignement et la formation dans un cadre recherche<\/em> \u00bb, souligne le Professeur Ruddy Wattiez, Vice-Recteur \u00e0 la Recherche de l\u2019UMONS.<\/p>\n<\/blockquote>\n<start-cask-shortcode-wrapper>    <div class=\"accordion content-block scheme-materiaux\">\n                <div class=\"accordion-inner\">\n            <div class=\"accordion-bellow\">\n                <button class=\"accordion-bellow-toggle scheme-background-hover\" data-target=\"#accordion-content-69a80f5f1db74\">\n                    <span class=\"icon umons-icon-chevron-down\" aria-hidden=\"true\"><\/span> UN PARC INSTRUMENTAL DE HAUT NIVEAU                <\/button>\n            <\/div>\n            <div id=\"accordion-content-69a80f5f1db74\" class=\"accordion-content\">\n            \t<div class=\"inner editor-front\">\n            \t\t<p style=\"font-weight: 400;\">Plus de 4 millions d\u2019euros ont \u00e9t\u00e9 sp\u00e9cifiquement consacr\u00e9s \u00e0 l\u2019acquisition d\u2019instrumentation scientifique avanc\u00e9e. L\u2019espace de 2.000 m\u00b2 de laboratoires abrite d\u00e9sormais un ensemble unique d\u2019\u00e9quipements pour l\u2019\u00e9tude des m\u00e9taux, c\u00e9ramiques, polym\u00e8res et mat\u00e9riaux biologiques.<\/p>\n<p style=\"font-weight: 400;\">Ces \u00e9quipements incluent des ellipsom\u00e8tres, des microscopes optiques, \u00e9lectroniques et \u00e0 sonde locale, ainsi qu\u2019une flotte de sept microscopes \u00e0 force atomique (AFM) offrant des modes d\u2019imagerie et de spectrom\u00e9trie parmi les plus r\u00e9cents. Ces technologies permettent une analyse multi-\u00e9chelle des propri\u00e9t\u00e9s optiques, m\u00e9caniques, \u00e9lectriques, magn\u00e9tiques, pi\u00e9zo\u00e9lectriques, \u00e9lectrochimiques et chimiques des mat\u00e9riaux.<\/p>\n<p style=\"font-weight: 400;\">En combinant ces diff\u00e9rentes approches, les chercheurs sont en mesure de d\u00e9crire et de pr\u00e9dire l\u2019\u00e9volution des mat\u00e9riaux soumis \u00e0 la lumi\u00e8re, \u00e0 des contraintes m\u00e9caniques, \u00e9lectriques ou thermiques, ouvrant ainsi de nouvelles perspectives en mati\u00e8re d\u2019innovation technologique et industrielle.<\/p>\n            \t<\/div>\n            <\/div>\n        <\/div>\n                <div class=\"accordion-inner\">\n            <div class=\"accordion-bellow\">\n                <button class=\"accordion-bellow-toggle scheme-background-hover\" data-target=\"#accordion-content-69a80f64d3fe3\">\n                    <span class=\"icon umons-icon-chevron-down\" aria-hidden=\"true\"><\/span> UNE INFRASTRUCTURE AU SERVICE DE LA COMMUNAUT\u00c9 SCIENTIFIQUE ET \u00c9TUDIANTE                <\/button>\n            <\/div>\n            <div id=\"accordion-content-69a80f64d3fe3\" class=\"accordion-content\">\n            \t<div class=\"inner editor-front\">\n            \t\t<p style=\"font-weight: 400;\">Pens\u00e9 d\u00e8s sa conception comme un lieu d\u2019apprentissage \u00e9volutif, le BSM associe enseignement, formation et recherche dans un cadre moderne et respectueux de l\u2019environnement. Trois niveaux sont enti\u00e8rement d\u00e9di\u00e9s \u00e0 la recherche dans le domaine des mat\u00e9riaux, avec une attention particuli\u00e8re port\u00e9e au confort, \u00e0 la qualit\u00e9 de l\u2019air et \u00e0 l\u2019efficacit\u00e9 \u00e9nerg\u00e9tique.<\/p>\n<p style=\"font-weight: 400;\">La convivialit\u00e9 et les \u00e9changes interdisciplinaires ont \u00e9t\u00e9 privil\u00e9gi\u00e9s gr\u00e2ce \u00e0 la cr\u00e9ation d\u2019espaces de coworking, de salles de r\u00e9union et de zones de d\u00e9tente communes \u00e0 chaque \u00e9tage. Cette organisation vise \u00e0 encourager la collaboration entre chercheurs, doctorants et \u00e9tudiants.<\/p>\n            \t<\/div>\n            <\/div>\n        <\/div>\n                <div class=\"accordion-inner\">\n            <div class=\"accordion-bellow\">\n                <button class=\"accordion-bellow-toggle scheme-background-hover\" data-target=\"#accordion-content-69a80f926da84\">\n                    <span class=\"icon umons-icon-chevron-down\" aria-hidden=\"true\"><\/span> UN PROJET EXEMPLAIRE ET DURABLE                <\/button>\n            <\/div>\n            <div id=\"accordion-content-69a80f926da84\" class=\"accordion-content\">\n            \t<div class=\"inner editor-front\">\n            \t\t<p style=\"font-weight: 400;\">Inscrit dans le Plan national de Relance et de R\u00e9silience (PNRR), le BSM s\u2019impose comme un projet exemplaire en mati\u00e8re de durabilit\u00e9. Conforme au principe europ\u00e9en DNSH (\u00ab Do No Significant Harm \u00bb), il d\u00e9passe de 20 % les normes QZEN (\u00ab\u00a0Quasi Z\u00e9ro \u00c9nergie\u00a0\u00bb), gr\u00e2ce notamment \u00e0 l\u2019usage exclusif de pompes \u00e0 chaleur, de panneaux photovolta\u00efques, de toitures v\u00e9g\u00e9talis\u00e9es et d\u2019un syst\u00e8me de gestion technique centralis\u00e9e.<\/p>\n<p style=\"font-weight: 400;\">L\u2019eau y est g\u00e9r\u00e9e intelligemment via des citernes de r\u00e9cup\u00e9ration pour les sanitaires, des r\u00e9seaux s\u00e9par\u00e9s pour les eaux chimiques et des dispositifs \u00e9conomes. L\u2019int\u00e9gration paysag\u00e8re a \u00e9galement \u00e9t\u00e9 soign\u00e9e, avec la replantation des arbres d\u00e9plac\u00e9s et la rev\u00e9g\u00e9talisation des abords selon les principes du label R\u00e9seau Nature Entreprise de Natagora.<\/p>\n<p style=\"font-weight: 400;\">Les travaux ont d\u00e9but\u00e9 le 22 janvier 2024 et le b\u00e2timent a \u00e9t\u00e9 livr\u00e9 provisoirement le 30 juin 2025.<\/p>\n<p style=\"font-weight: 400;\">Une inauguration officielle sera organis\u00e9e \u00e0 l\u2019\u00e9t\u00e9 2026 pour marquer cette r\u00e9alisation.<\/p>\n            \t<\/div>\n            <\/div>\n        <\/div>\n            <\/div>\n<end-cask-shortcode-wrapper>\n","protected":false},"excerpt":{"rendered":"<p>Le nouveau B\u00e2timent Science des Mat\u00e9riaux (BSM)\u00a0: un tremplin pour la recherche et la formation de demain \u00e0 l\u2019UMONS \u00c0 la crois\u00e9e de l\u2019innovation, de la formation et de la recherche, l\u2019UMONS a mis en service, en septembre 2025, son nouveau B\u00e2timent Science des Mat\u00e9riaux (BSM). Cette infrastructure de pointe illustre l\u2019ambition de l\u2019Universit\u00e9 de [&hellip;]<\/p>\n","protected":false},"author":2,"featured_media":0,"parent":0,"menu_order":0,"comment_status":"closed","ping_status":"closed","template":"","meta":{"footnotes":""},"class_list":["post-729","page","type-page","status-publish","hentry"],"yoast_head":"<!-- This site is optimized with the Yoast SEO plugin v27.2 - https:\/\/yoast.com\/product\/yoast-seo-wordpress\/ -->\n<title>B\u00e2timent Science des Mat\u00e9riaux (BSM) - Institut \/ Mat\u00e9riaux<\/title>\n<meta name=\"description\" content=\"\u00c0 la crois\u00e9e de l\u2019innovation, de la formation et de la recherche, l\u2019UMONS a mis en service, en septembre 2025, son nouveau B\u00e2timent Science des Mat\u00e9riaux (BSM). Cette infrastructure de pointe illustre l\u2019ambition de l\u2019Universit\u00e9 de Mons: pr\u00e9parer ses \u00e9tudiants et chercheurs aux d\u00e9fis industriels et environnementaux de demain.\" \/>\n<meta name=\"robots\" content=\"index, follow, max-snippet:-1, max-image-preview:large, max-video-preview:-1\" \/>\n<link rel=\"canonical\" href=\"https:\/\/web.umons.ac.be\/materiaux\/fr\/umons-science-des-materiaux-bsm\/\" \/>\n<meta property=\"og:locale\" content=\"fr_FR\" \/>\n<meta property=\"og:type\" content=\"article\" \/>\n<meta property=\"og:title\" content=\"B\u00e2timent Science des Mat\u00e9riaux (BSM) - Institut \/ Mat\u00e9riaux\" \/>\n<meta property=\"og:description\" content=\"\u00c0 la crois\u00e9e de l\u2019innovation, de la formation et de la recherche, l\u2019UMONS a mis en service, en septembre 2025, son nouveau B\u00e2timent Science des Mat\u00e9riaux (BSM). Cette infrastructure de pointe illustre l\u2019ambition de l\u2019Universit\u00e9 de Mons: pr\u00e9parer ses \u00e9tudiants et chercheurs aux d\u00e9fis industriels et environnementaux de demain.\" \/>\n<meta property=\"og:url\" content=\"https:\/\/web.umons.ac.be\/materiaux\/fr\/umons-science-des-materiaux-bsm\/\" \/>\n<meta property=\"og:site_name\" content=\"Institut \/ Mat\u00e9riaux\" \/>\n<meta property=\"article:modified_time\" content=\"2026-03-10T08:34:27+00:00\" \/>\n<meta property=\"og:image\" content=\"https:\/\/web.umons.ac.be\/app\/uploads\/sites\/38\/2026\/03\/BSM_BandeauLogos.jpg\" \/>\n\t<meta property=\"og:image:width\" content=\"1920\" \/>\n\t<meta property=\"og:image:height\" content=\"480\" \/>\n\t<meta property=\"og:image:type\" content=\"image\/jpeg\" \/>\n<meta name=\"twitter:card\" content=\"summary_large_image\" \/>\n<meta name=\"twitter:label1\" content=\"Dur\u00e9e de lecture estim\u00e9e\" \/>\n\t<meta name=\"twitter:data1\" content=\"3 minutes\" \/>\n<script type=\"application\/ld+json\" class=\"yoast-schema-graph\">{\"@context\":\"https:\/\/schema.org\",\"@graph\":[{\"@type\":\"WebPage\",\"@id\":\"https:\/\/web.umons.ac.be\/materiaux\/fr\/umons-science-des-materiaux-bsm\/\",\"url\":\"https:\/\/web.umons.ac.be\/materiaux\/fr\/umons-science-des-materiaux-bsm\/\",\"name\":\"B\u00e2timent Science des Mat\u00e9riaux (BSM) - Institut \/ Mat\u00e9riaux\",\"isPartOf\":{\"@id\":\"https:\/\/web.umons.ac.be\/materiaux\/#website\"},\"primaryImageOfPage\":{\"@id\":\"https:\/\/web.umons.ac.be\/materiaux\/fr\/umons-science-des-materiaux-bsm\/#primaryimage\"},\"image\":{\"@id\":\"https:\/\/web.umons.ac.be\/materiaux\/fr\/umons-science-des-materiaux-bsm\/#primaryimage\"},\"thumbnailUrl\":\"https:\/\/web.umons.ac.be\/app\/uploads\/sites\/38\/2026\/03\/BSM_BandeauLogos-300x75.jpg\",\"datePublished\":\"2026-03-04T05:59:11+00:00\",\"dateModified\":\"2026-03-10T08:34:27+00:00\",\"description\":\"\u00c0 la crois\u00e9e de l\u2019innovation, de la formation et de la recherche, l\u2019UMONS a mis en service, en septembre 2025, son nouveau B\u00e2timent Science des Mat\u00e9riaux (BSM). Cette infrastructure de pointe illustre l\u2019ambition de l\u2019Universit\u00e9 de Mons: pr\u00e9parer ses \u00e9tudiants et chercheurs aux d\u00e9fis industriels et environnementaux de demain.\",\"breadcrumb\":{\"@id\":\"https:\/\/web.umons.ac.be\/materiaux\/fr\/umons-science-des-materiaux-bsm\/#breadcrumb\"},\"inLanguage\":\"fr-FR\",\"potentialAction\":[{\"@type\":\"ReadAction\",\"target\":[\"https:\/\/web.umons.ac.be\/materiaux\/fr\/umons-science-des-materiaux-bsm\/\"]}]},{\"@type\":\"ImageObject\",\"inLanguage\":\"fr-FR\",\"@id\":\"https:\/\/web.umons.ac.be\/materiaux\/fr\/umons-science-des-materiaux-bsm\/#primaryimage\",\"url\":\"https:\/\/web.umons.ac.be\/app\/uploads\/sites\/38\/2026\/03\/BSM_BandeauLogos-300x75.jpg\",\"contentUrl\":\"https:\/\/web.umons.ac.be\/app\/uploads\/sites\/38\/2026\/03\/BSM_BandeauLogos-300x75.jpg\"},{\"@type\":\"BreadcrumbList\",\"@id\":\"https:\/\/web.umons.ac.be\/materiaux\/fr\/umons-science-des-materiaux-bsm\/#breadcrumb\",\"itemListElement\":[{\"@type\":\"ListItem\",\"position\":1,\"name\":\"Accueil\",\"item\":\"https:\/\/web.umons.ac.be\/materiaux\/\"},{\"@type\":\"ListItem\",\"position\":2,\"name\":\"B\u00e2timent Science des Mat\u00e9riaux (BSM)\"}]},{\"@type\":\"WebSite\",\"@id\":\"https:\/\/web.umons.ac.be\/materiaux\/#website\",\"url\":\"https:\/\/web.umons.ac.be\/materiaux\/\",\"name\":\"Institut \/ Mat\u00e9riaux\",\"description\":\"Un site utilisant Universit\u00e9 de Mons \u2013 UMONS\",\"potentialAction\":[{\"@type\":\"SearchAction\",\"target\":{\"@type\":\"EntryPoint\",\"urlTemplate\":\"https:\/\/web.umons.ac.be\/materiaux\/?s={search_term_string}\"},\"query-input\":{\"@type\":\"PropertyValueSpecification\",\"valueRequired\":true,\"valueName\":\"search_term_string\"}}],\"inLanguage\":\"fr-FR\"}]}<\/script>\n<!-- \/ Yoast SEO plugin. -->","yoast_head_json":{"title":"B\u00e2timent Science des Mat\u00e9riaux (BSM) - Institut \/ Mat\u00e9riaux","description":"\u00c0 la crois\u00e9e de l\u2019innovation, de la formation et de la recherche, l\u2019UMONS a mis en service, en septembre 2025, son nouveau B\u00e2timent Science des Mat\u00e9riaux (BSM). Cette infrastructure de pointe illustre l\u2019ambition de l\u2019Universit\u00e9 de Mons: pr\u00e9parer ses \u00e9tudiants et chercheurs aux d\u00e9fis industriels et environnementaux de demain.","robots":{"index":"index","follow":"follow","max-snippet":"max-snippet:-1","max-image-preview":"max-image-preview:large","max-video-preview":"max-video-preview:-1"},"canonical":"https:\/\/web.umons.ac.be\/materiaux\/fr\/umons-science-des-materiaux-bsm\/","og_locale":"fr_FR","og_type":"article","og_title":"B\u00e2timent Science des Mat\u00e9riaux (BSM) - Institut \/ Mat\u00e9riaux","og_description":"\u00c0 la crois\u00e9e de l\u2019innovation, de la formation et de la recherche, l\u2019UMONS a mis en service, en septembre 2025, son nouveau B\u00e2timent Science des Mat\u00e9riaux (BSM). Cette infrastructure de pointe illustre l\u2019ambition de l\u2019Universit\u00e9 de Mons: pr\u00e9parer ses \u00e9tudiants et chercheurs aux d\u00e9fis industriels et environnementaux de demain.","og_url":"https:\/\/web.umons.ac.be\/materiaux\/fr\/umons-science-des-materiaux-bsm\/","og_site_name":"Institut \/ Mat\u00e9riaux","article_modified_time":"2026-03-10T08:34:27+00:00","og_image":[{"width":1920,"height":480,"url":"https:\/\/web.umons.ac.be\/app\/uploads\/sites\/38\/2026\/03\/BSM_BandeauLogos.jpg","type":"image\/jpeg"}],"twitter_card":"summary_large_image","twitter_misc":{"Dur\u00e9e de lecture estim\u00e9e":"3 minutes"},"schema":{"@context":"https:\/\/schema.org","@graph":[{"@type":"WebPage","@id":"https:\/\/web.umons.ac.be\/materiaux\/fr\/umons-science-des-materiaux-bsm\/","url":"https:\/\/web.umons.ac.be\/materiaux\/fr\/umons-science-des-materiaux-bsm\/","name":"B\u00e2timent Science des Mat\u00e9riaux (BSM) - Institut \/ Mat\u00e9riaux","isPartOf":{"@id":"https:\/\/web.umons.ac.be\/materiaux\/#website"},"primaryImageOfPage":{"@id":"https:\/\/web.umons.ac.be\/materiaux\/fr\/umons-science-des-materiaux-bsm\/#primaryimage"},"image":{"@id":"https:\/\/web.umons.ac.be\/materiaux\/fr\/umons-science-des-materiaux-bsm\/#primaryimage"},"thumbnailUrl":"https:\/\/web.umons.ac.be\/app\/uploads\/sites\/38\/2026\/03\/BSM_BandeauLogos-300x75.jpg","datePublished":"2026-03-04T05:59:11+00:00","dateModified":"2026-03-10T08:34:27+00:00","description":"\u00c0 la crois\u00e9e de l\u2019innovation, de la formation et de la recherche, l\u2019UMONS a mis en service, en septembre 2025, son nouveau B\u00e2timent Science des Mat\u00e9riaux (BSM). Cette infrastructure de pointe illustre l\u2019ambition de l\u2019Universit\u00e9 de Mons: pr\u00e9parer ses \u00e9tudiants et chercheurs aux d\u00e9fis industriels et environnementaux de demain.","breadcrumb":{"@id":"https:\/\/web.umons.ac.be\/materiaux\/fr\/umons-science-des-materiaux-bsm\/#breadcrumb"},"inLanguage":"fr-FR","potentialAction":[{"@type":"ReadAction","target":["https:\/\/web.umons.ac.be\/materiaux\/fr\/umons-science-des-materiaux-bsm\/"]}]},{"@type":"ImageObject","inLanguage":"fr-FR","@id":"https:\/\/web.umons.ac.be\/materiaux\/fr\/umons-science-des-materiaux-bsm\/#primaryimage","url":"https:\/\/web.umons.ac.be\/app\/uploads\/sites\/38\/2026\/03\/BSM_BandeauLogos-300x75.jpg","contentUrl":"https:\/\/web.umons.ac.be\/app\/uploads\/sites\/38\/2026\/03\/BSM_BandeauLogos-300x75.jpg"},{"@type":"BreadcrumbList","@id":"https:\/\/web.umons.ac.be\/materiaux\/fr\/umons-science-des-materiaux-bsm\/#breadcrumb","itemListElement":[{"@type":"ListItem","position":1,"name":"Accueil","item":"https:\/\/web.umons.ac.be\/materiaux\/"},{"@type":"ListItem","position":2,"name":"B\u00e2timent Science des Mat\u00e9riaux (BSM)"}]},{"@type":"WebSite","@id":"https:\/\/web.umons.ac.be\/materiaux\/#website","url":"https:\/\/web.umons.ac.be\/materiaux\/","name":"Institut \/ Mat\u00e9riaux","description":"Un site utilisant Universit\u00e9 de Mons \u2013 UMONS","potentialAction":[{"@type":"SearchAction","target":{"@type":"EntryPoint","urlTemplate":"https:\/\/web.umons.ac.be\/materiaux\/?s={search_term_string}"},"query-input":{"@type":"PropertyValueSpecification","valueRequired":true,"valueName":"search_term_string"}}],"inLanguage":"fr-FR"}]}},"lang":"fr","translations":{"fr":729,"en":731},"pll_sync_post":[],"_links":{"self":[{"href":"https:\/\/web.umons.ac.be\/materiaux\/wp-json\/wp\/v2\/pages\/729","targetHints":{"allow":["GET"]}}],"collection":[{"href":"https:\/\/web.umons.ac.be\/materiaux\/wp-json\/wp\/v2\/pages"}],"about":[{"href":"https:\/\/web.umons.ac.be\/materiaux\/wp-json\/wp\/v2\/types\/page"}],"author":[{"embeddable":true,"href":"https:\/\/web.umons.ac.be\/materiaux\/wp-json\/wp\/v2\/users\/2"}],"replies":[{"embeddable":true,"href":"https:\/\/web.umons.ac.be\/materiaux\/wp-json\/wp\/v2\/comments?post=729"}],"version-history":[{"count":3,"href":"https:\/\/web.umons.ac.be\/materiaux\/wp-json\/wp\/v2\/pages\/729\/revisions"}],"predecessor-version":[{"id":745,"href":"https:\/\/web.umons.ac.be\/materiaux\/wp-json\/wp\/v2\/pages\/729\/revisions\/745"}],"wp:attachment":[{"href":"https:\/\/web.umons.ac.be\/materiaux\/wp-json\/wp\/v2\/media?parent=729"}],"curies":[{"name":"wp","href":"https:\/\/api.w.org\/{rel}","templated":true}]}}