{"id":11,"date":"2024-09-11T15:27:37","date_gmt":"2024-09-11T13:27:37","guid":{"rendered":"https:\/\/web.umons.ac.be\/meco\/activites-denseignement\/"},"modified":"2024-09-16T14:53:10","modified_gmt":"2024-09-16T12:53:10","slug":"activites-denseignement","status":"publish","type":"page","link":"https:\/\/web.umons.ac.be\/meco\/fr\/activites-denseignement\/","title":{"rendered":"Activit\u00e9s d&rsquo;enseignement"},"content":{"rendered":"<p>Le service est impliqu\u00e9 dans l\u2019enseignement dans le cadre des Bacheliers et Masters de la Facult\u00e9 de M\u00e9decine et en particulier le Bachelier en M\u00e9decine et le Master en M\u00e9decine. Nous invitons les chercheurs, les \u00e9tudiants, et les partenaires institutionnels \u00e0 collaborer avec nous pour faire avancer la science au service de la sant\u00e9.<\/p>\n<start-cask-shortcode-wrapper><article class=\"shortcode-training training-small content-block scheme-fmp\">\n\t<a href=\"https:\/\/web.umons.ac.be\/fmp\/fr\/training\/ba-medeci\/\" class=\"training-link scheme-border-hover\">\n\t\t<header class=\"training-small-header\">\n\t\t\t<div class=\"training-small-entity scheme-color\">\n\t\t\t\tFacult\u00e9 \/ FMPB\t\t\t\t\t           \t<img decoding=\"async\" src=\"https:\/\/web.umons.ac.be\/app\/uploads\/sites\/2\/2017\/12\/fmp.svg\" class=\"training-small-entity-logo\" alt=\"Ic\u00f4ne de Facult\u00e9 \/ FMPB\">\n\t        \t\t\t\t<\/div>\n\t\t\t<div class=\"training-small-degree\">\n\t\t\t\tBachelier en\t\t\t<\/div>\n\n\t\t\t<h1 class=\"training-small-title\">M\u00e9decine<\/h1>\n\n\t\t\t\t\t<\/header>\n\t\t\t\t<div class=\"training-small-content\">\n\t\t\t<div class=\"training-small-location\">\n\t\t\t\t<span class=\"icon umons-icon-pin\" aria-hidden=\"true\"><\/span>\n\t\t\t\t<span class=\"location\">Mons<\/span>\n\t\t\t<\/div>\n\n\t\t\t\t\t\t<div class=\"training-small-side-info\">\n\t\t\t\t<ul class=\"training-small-side-info-list\">\n\t\t\t\t\t\t\t\t\t\t<li>\n\t\t\t\t\t\t<div class=\"training-single-schedule\">\n\t\t\t\t\t\t\t<div class=\"label\">Horaire<\/div>\n\t\t\t\t\t\t\t<div class=\"value\">Horaire de jour<\/div>\n\t\t\t\t\t\t<\/div>\n\t\t\t\t\t<\/li>\n\t\t\t\t\t\t\t\t\t\t\t\t\t\t\t<li>\n\t\t\t\t\t\t<div class=\"training-single-credits\">\n\t\t\t\t\t\t\t<div class=\"label\">Cr\u00e9dits ECTS<\/div>\n\t\t\t\t\t\t\t<div class=\"value\">180<\/div>\n\t\t\t\t\t\t<\/div>\n\t\t\t\t\t<\/li>\n\t\t\t\t\t\t\t\t\t\t\t\t\t\t\t<li>\n\t\t\t\t\t\t<div class=\"training-single-languages\">\n\t\t\t\t\t\t\t<div class=\"label\">Langue<\/div>\n\t\t\t\t\t\t\t<div class=\"value\">\n\t\t\t\t\t\t\t\t<span class=\"lang\">Fran\u00e7ais<\/span>\n\t\t\t\t\t\t\t<\/div>\n\t\t\t\t\t\t<\/div>\n\t\t\t\t\t<\/li>\n\t\t\t\t\t\t\t\t\t<\/ul>\n\t\t\t<\/div>\n\t\t\t\t\t<\/div>\n\t\t\t<\/a>\n<\/article>\n<end-cask-shortcode-wrapper>\n<hr \/>\n<start-cask-shortcode-wrapper><article class=\"shortcode-training training-small content-block scheme-fmp\">\n\t<a href=\"https:\/\/web.umons.ac.be\/fmp\/fr\/training\/m3-mamede\/\" class=\"training-link scheme-border-hover\">\n\t\t<header class=\"training-small-header\">\n\t\t\t<div class=\"training-small-entity scheme-color\">\n\t\t\t\tFacult\u00e9 \/ FMPB\t\t\t\t\t           \t<img decoding=\"async\" src=\"https:\/\/web.umons.ac.be\/app\/uploads\/sites\/2\/2017\/12\/fmp.svg\" class=\"training-small-entity-logo\" alt=\"Ic\u00f4ne de Facult\u00e9 \/ FMPB\">\n\t        \t\t\t\t<\/div>\n\t\t\t<div class=\"training-small-degree\">\n\t\t\t\tMaster en\t\t\t<\/div>\n\n\t\t\t<h1 class=\"training-small-title\">M\u00e9decine<\/h1>\n\n\t\t\t\t\t<\/header>\n\t\t\t\t<div class=\"training-small-content\">\n\t\t\t<div class=\"training-small-location\">\n\t\t\t\t<span class=\"icon umons-icon-pin\" aria-hidden=\"true\"><\/span>\n\t\t\t\t<span class=\"location\">Mons, Bruxelles<\/span>\n\t\t\t<\/div>\n\n\t\t\t\t\t\t<div class=\"training-small-side-info\">\n\t\t\t\t<ul class=\"training-small-side-info-list\">\n\t\t\t\t\t\t\t\t\t\t<li>\n\t\t\t\t\t\t<div class=\"training-single-schedule\">\n\t\t\t\t\t\t\t<div class=\"label\">Horaire<\/div>\n\t\t\t\t\t\t\t<div class=\"value\">Horaire de jour<\/div>\n\t\t\t\t\t\t<\/div>\n\t\t\t\t\t<\/li>\n\t\t\t\t\t\t\t\t\t\t\t\t\t\t\t<li>\n\t\t\t\t\t\t<div class=\"training-single-credits\">\n\t\t\t\t\t\t\t<div class=\"label\">Cr\u00e9dits ECTS<\/div>\n\t\t\t\t\t\t\t<div class=\"value\">180<\/div>\n\t\t\t\t\t\t<\/div>\n\t\t\t\t\t<\/li>\n\t\t\t\t\t\t\t\t\t\t\t\t\t\t<\/ul>\n\t\t\t<\/div>\n\t\t\t\t\t<\/div>\n\t\t\t<\/a>\n<\/article>\n<end-cask-shortcode-wrapper>\n","protected":false},"excerpt":{"rendered":"<p>Le service est impliqu\u00e9 dans l\u2019enseignement dans le cadre des Bacheliers et Masters de la Facult\u00e9 de M\u00e9decine et en particulier le Bachelier en M\u00e9decine et le Master en M\u00e9decine. Nous invitons les chercheurs, les \u00e9tudiants, et les partenaires institutionnels \u00e0 collaborer avec nous pour faire avancer la science au service de la sant\u00e9.<\/p>\n","protected":false},"author":2,"featured_media":0,"parent":0,"menu_order":0,"comment_status":"closed","ping_status":"closed","template":"","meta":{"footnotes":""},"class_list":["post-11","page","type-page","status-publish","hentry"],"yoast_head":"<!-- This site is optimized with the Yoast SEO plugin v27.2 - https:\/\/yoast.com\/product\/yoast-seo-wordpress\/ -->\n<title>Activit\u00e9s d&#039;enseignement - Service \/ FMPB - M\u00e9decine Computationnelle et Neuropsychiatrie<\/title>\n<meta name=\"robots\" content=\"index, follow, max-snippet:-1, max-image-preview:large, max-video-preview:-1\" \/>\n<link rel=\"canonical\" href=\"https:\/\/web.umons.ac.be\/meco\/fr\/activites-denseignement\/\" \/>\n<meta property=\"og:locale\" content=\"fr_FR\" \/>\n<meta property=\"og:type\" content=\"article\" \/>\n<meta property=\"og:title\" content=\"Activit\u00e9s d&#039;enseignement - Service \/ FMPB - M\u00e9decine Computationnelle et Neuropsychiatrie\" \/>\n<meta property=\"og:description\" content=\"Le service est impliqu\u00e9 dans l\u2019enseignement dans le cadre des Bacheliers et Masters de la Facult\u00e9 de M\u00e9decine et en particulier le Bachelier en M\u00e9decine et le Master en M\u00e9decine. Nous invitons les chercheurs, les \u00e9tudiants, et les partenaires institutionnels \u00e0 collaborer avec nous pour faire avancer la science au service de la sant\u00e9.\" \/>\n<meta property=\"og:url\" content=\"https:\/\/web.umons.ac.be\/meco\/fr\/activites-denseignement\/\" \/>\n<meta property=\"og:site_name\" content=\"Service \/ FMPB - M\u00e9decine Computationnelle et Neuropsychiatrie\" \/>\n<meta property=\"article:modified_time\" content=\"2024-09-16T12:53:10+00:00\" \/>\n<meta name=\"twitter:card\" content=\"summary_large_image\" \/>\n<meta name=\"twitter:label1\" content=\"Dur\u00e9e de lecture estim\u00e9e\" \/>\n\t<meta name=\"twitter:data1\" content=\"1 minute\" \/>\n<script type=\"application\/ld+json\" class=\"yoast-schema-graph\">{\"@context\":\"https:\/\/schema.org\",\"@graph\":[{\"@type\":\"WebPage\",\"@id\":\"https:\/\/web.umons.ac.be\/meco\/fr\/activites-denseignement\/\",\"url\":\"https:\/\/web.umons.ac.be\/meco\/fr\/activites-denseignement\/\",\"name\":\"Activit\u00e9s d'enseignement - Service \/ FMPB - M\u00e9decine Computationnelle et Neuropsychiatrie\",\"isPartOf\":{\"@id\":\"https:\/\/web.umons.ac.be\/meco\/#website\"},\"datePublished\":\"2024-09-11T13:27:37+00:00\",\"dateModified\":\"2024-09-16T12:53:10+00:00\",\"breadcrumb\":{\"@id\":\"https:\/\/web.umons.ac.be\/meco\/fr\/activites-denseignement\/#breadcrumb\"},\"inLanguage\":\"fr-FR\",\"potentialAction\":[{\"@type\":\"ReadAction\",\"target\":[\"https:\/\/web.umons.ac.be\/meco\/fr\/activites-denseignement\/\"]}]},{\"@type\":\"BreadcrumbList\",\"@id\":\"https:\/\/web.umons.ac.be\/meco\/fr\/activites-denseignement\/#breadcrumb\",\"itemListElement\":[{\"@type\":\"ListItem\",\"position\":1,\"name\":\"Accueil\",\"item\":\"https:\/\/web.umons.ac.be\/meco\/fr\/\"},{\"@type\":\"ListItem\",\"position\":2,\"name\":\"Activit\u00e9s d&rsquo;enseignement\"}]},{\"@type\":\"WebSite\",\"@id\":\"https:\/\/web.umons.ac.be\/meco\/#website\",\"url\":\"https:\/\/web.umons.ac.be\/meco\/\",\"name\":\"Service \/ FMPB - M\u00e9decine Computationnelle et Neuropsychiatrie\",\"description\":\"\",\"potentialAction\":[{\"@type\":\"SearchAction\",\"target\":{\"@type\":\"EntryPoint\",\"urlTemplate\":\"https:\/\/web.umons.ac.be\/meco\/?s={search_term_string}\"},\"query-input\":{\"@type\":\"PropertyValueSpecification\",\"valueRequired\":true,\"valueName\":\"search_term_string\"}}],\"inLanguage\":\"fr-FR\"}]}<\/script>\n<!-- \/ Yoast SEO plugin. -->","yoast_head_json":{"title":"Activit\u00e9s d'enseignement - Service \/ FMPB - M\u00e9decine Computationnelle et Neuropsychiatrie","robots":{"index":"index","follow":"follow","max-snippet":"max-snippet:-1","max-image-preview":"max-image-preview:large","max-video-preview":"max-video-preview:-1"},"canonical":"https:\/\/web.umons.ac.be\/meco\/fr\/activites-denseignement\/","og_locale":"fr_FR","og_type":"article","og_title":"Activit\u00e9s d'enseignement - Service \/ FMPB - M\u00e9decine Computationnelle et Neuropsychiatrie","og_description":"Le service est impliqu\u00e9 dans l\u2019enseignement dans le cadre des Bacheliers et Masters de la Facult\u00e9 de M\u00e9decine et en particulier le Bachelier en M\u00e9decine et le Master en M\u00e9decine. Nous invitons les chercheurs, les \u00e9tudiants, et les partenaires institutionnels \u00e0 collaborer avec nous pour faire avancer la science au service de la sant\u00e9.","og_url":"https:\/\/web.umons.ac.be\/meco\/fr\/activites-denseignement\/","og_site_name":"Service \/ FMPB - M\u00e9decine Computationnelle et Neuropsychiatrie","article_modified_time":"2024-09-16T12:53:10+00:00","twitter_card":"summary_large_image","twitter_misc":{"Dur\u00e9e de lecture estim\u00e9e":"1 minute"},"schema":{"@context":"https:\/\/schema.org","@graph":[{"@type":"WebPage","@id":"https:\/\/web.umons.ac.be\/meco\/fr\/activites-denseignement\/","url":"https:\/\/web.umons.ac.be\/meco\/fr\/activites-denseignement\/","name":"Activit\u00e9s d'enseignement - Service \/ FMPB - M\u00e9decine Computationnelle et Neuropsychiatrie","isPartOf":{"@id":"https:\/\/web.umons.ac.be\/meco\/#website"},"datePublished":"2024-09-11T13:27:37+00:00","dateModified":"2024-09-16T12:53:10+00:00","breadcrumb":{"@id":"https:\/\/web.umons.ac.be\/meco\/fr\/activites-denseignement\/#breadcrumb"},"inLanguage":"fr-FR","potentialAction":[{"@type":"ReadAction","target":["https:\/\/web.umons.ac.be\/meco\/fr\/activites-denseignement\/"]}]},{"@type":"BreadcrumbList","@id":"https:\/\/web.umons.ac.be\/meco\/fr\/activites-denseignement\/#breadcrumb","itemListElement":[{"@type":"ListItem","position":1,"name":"Accueil","item":"https:\/\/web.umons.ac.be\/meco\/fr\/"},{"@type":"ListItem","position":2,"name":"Activit\u00e9s d&rsquo;enseignement"}]},{"@type":"WebSite","@id":"https:\/\/web.umons.ac.be\/meco\/#website","url":"https:\/\/web.umons.ac.be\/meco\/","name":"Service \/ FMPB - M\u00e9decine Computationnelle et Neuropsychiatrie","description":"","potentialAction":[{"@type":"SearchAction","target":{"@type":"EntryPoint","urlTemplate":"https:\/\/web.umons.ac.be\/meco\/?s={search_term_string}"},"query-input":{"@type":"PropertyValueSpecification","valueRequired":true,"valueName":"search_term_string"}}],"inLanguage":"fr-FR"}]}},"lang":"fr","translations":{"fr":11,"en":13},"pll_sync_post":[],"_links":{"self":[{"href":"https:\/\/web.umons.ac.be\/meco\/wp-json\/wp\/v2\/pages\/11","targetHints":{"allow":["GET"]}}],"collection":[{"href":"https:\/\/web.umons.ac.be\/meco\/wp-json\/wp\/v2\/pages"}],"about":[{"href":"https:\/\/web.umons.ac.be\/meco\/wp-json\/wp\/v2\/types\/page"}],"author":[{"embeddable":true,"href":"https:\/\/web.umons.ac.be\/meco\/wp-json\/wp\/v2\/users\/2"}],"replies":[{"embeddable":true,"href":"https:\/\/web.umons.ac.be\/meco\/wp-json\/wp\/v2\/comments?post=11"}],"version-history":[{"count":2,"href":"https:\/\/web.umons.ac.be\/meco\/wp-json\/wp\/v2\/pages\/11\/revisions"}],"predecessor-version":[{"id":83,"href":"https:\/\/web.umons.ac.be\/meco\/wp-json\/wp\/v2\/pages\/11\/revisions\/83"}],"wp:attachment":[{"href":"https:\/\/web.umons.ac.be\/meco\/wp-json\/wp\/v2\/media?parent=11"}],"curies":[{"name":"wp","href":"https:\/\/api.w.org\/{rel}","templated":true}]}}