{"id":11,"date":"2021-11-05T12:32:32","date_gmt":"2021-11-05T11:32:32","guid":{"rendered":"https:\/\/web.umons.ac.be\/egee\/activites-denseignement\/"},"modified":"2025-11-20T15:47:05","modified_gmt":"2025-11-20T14:47:05","slug":"activites-denseignement","status":"publish","type":"page","link":"https:\/\/web.umons.ac.be\/meo\/activites-denseignement\/","title":{"rendered":"Activit\u00e9s d&rsquo;enseignement"},"content":{"rendered":"<ul>\n<li>Management et analyse des organisations<\/li>\n<li>Principes de management<\/li>\n<li>Etudes de cas en management strat\u00e9gique<\/li>\n<li>Strategic Management<\/li>\n<li>Economic and Business Current Affairs<\/li>\n<li>Management de projet<\/li>\n<li>Finance sociale et microfinance<\/li>\n<li>Politique et \u00e9conomie sociale<\/li>\n<li>S\u00e9minaire de politique et \u00e9conomie sociales<\/li>\n<li>M\u00e9thodes et techniques de recherche<\/li>\n<\/ul>\n","protected":false},"excerpt":{"rendered":"<p>Management et analyse des organisations Principes de management Etudes de cas en management strat\u00e9gique Strategic Management Economic and Business Current Affairs Management de projet Finance sociale et microfinance Politique et \u00e9conomie sociale S\u00e9minaire de politique et \u00e9conomie sociales M\u00e9thodes et techniques de recherche<\/p>\n","protected":false},"author":4,"featured_media":0,"parent":0,"menu_order":0,"comment_status":"closed","ping_status":"closed","template":"","meta":{"footnotes":""},"class_list":["post-11","page","type-page","status-publish","hentry"],"yoast_head":"<!-- This site is optimized with the Yoast SEO plugin v27.2 - https:\/\/yoast.com\/product\/yoast-seo-wordpress\/ -->\n<title>Activit\u00e9s d&#039;enseignement - Service \/ FWEG - Management et \u00e9tude des organisations<\/title>\n<meta name=\"robots\" content=\"index, follow, max-snippet:-1, max-image-preview:large, max-video-preview:-1\" \/>\n<link rel=\"canonical\" href=\"https:\/\/web.umons.ac.be\/meo\/activites-denseignement\/\" \/>\n<meta property=\"og:locale\" content=\"fr_FR\" \/>\n<meta property=\"og:type\" content=\"article\" \/>\n<meta property=\"og:title\" content=\"Activit\u00e9s d&#039;enseignement - Service \/ FWEG - Management et \u00e9tude des organisations\" \/>\n<meta property=\"og:description\" content=\"Management et analyse des organisations Principes de management Etudes de cas en management strat\u00e9gique Strategic Management Economic and Business Current Affairs Management de projet Finance sociale et microfinance Politique et \u00e9conomie sociale S\u00e9minaire de politique et \u00e9conomie sociales M\u00e9thodes et techniques de recherche\" \/>\n<meta property=\"og:url\" content=\"https:\/\/web.umons.ac.be\/meo\/activites-denseignement\/\" \/>\n<meta property=\"og:site_name\" content=\"Service \/ FWEG - Management et \u00e9tude des organisations\" \/>\n<meta property=\"article:modified_time\" content=\"2025-11-20T14:47:05+00:00\" \/>\n<meta name=\"twitter:card\" content=\"summary_large_image\" \/>\n<meta name=\"twitter:label1\" content=\"Dur\u00e9e de lecture estim\u00e9e\" \/>\n\t<meta name=\"twitter:data1\" content=\"1 minute\" \/>\n<script type=\"application\/ld+json\" class=\"yoast-schema-graph\">{\"@context\":\"https:\/\/schema.org\",\"@graph\":[{\"@type\":\"WebPage\",\"@id\":\"https:\/\/web.umons.ac.be\/meo\/activites-denseignement\/\",\"url\":\"https:\/\/web.umons.ac.be\/meo\/activites-denseignement\/\",\"name\":\"Activit\u00e9s d'enseignement - Service \/ FWEG - Management et \u00e9tude des organisations\",\"isPartOf\":{\"@id\":\"https:\/\/web.umons.ac.be\/meo\/#website\"},\"datePublished\":\"2021-11-05T11:32:32+00:00\",\"dateModified\":\"2025-11-20T14:47:05+00:00\",\"breadcrumb\":{\"@id\":\"https:\/\/web.umons.ac.be\/meo\/activites-denseignement\/#breadcrumb\"},\"inLanguage\":\"fr-FR\",\"potentialAction\":[{\"@type\":\"ReadAction\",\"target\":[\"https:\/\/web.umons.ac.be\/meo\/activites-denseignement\/\"]}]},{\"@type\":\"BreadcrumbList\",\"@id\":\"https:\/\/web.umons.ac.be\/meo\/activites-denseignement\/#breadcrumb\",\"itemListElement\":[{\"@type\":\"ListItem\",\"position\":1,\"name\":\"Home\",\"item\":\"https:\/\/web.umons.ac.be\/meo\/\"},{\"@type\":\"ListItem\",\"position\":2,\"name\":\"Activit\u00e9s d&rsquo;enseignement\"}]},{\"@type\":\"WebSite\",\"@id\":\"https:\/\/web.umons.ac.be\/meo\/#website\",\"url\":\"https:\/\/web.umons.ac.be\/meo\/\",\"name\":\"Service \/ FWEG - Management et \u00e9tude des organisations\",\"description\":\"\",\"potentialAction\":[{\"@type\":\"SearchAction\",\"target\":{\"@type\":\"EntryPoint\",\"urlTemplate\":\"https:\/\/web.umons.ac.be\/meo\/?s={search_term_string}\"},\"query-input\":{\"@type\":\"PropertyValueSpecification\",\"valueRequired\":true,\"valueName\":\"search_term_string\"}}],\"inLanguage\":\"fr-FR\"}]}<\/script>\n<!-- \/ Yoast SEO plugin. -->","yoast_head_json":{"title":"Activit\u00e9s d'enseignement - Service \/ FWEG - Management et \u00e9tude des organisations","robots":{"index":"index","follow":"follow","max-snippet":"max-snippet:-1","max-image-preview":"max-image-preview:large","max-video-preview":"max-video-preview:-1"},"canonical":"https:\/\/web.umons.ac.be\/meo\/activites-denseignement\/","og_locale":"fr_FR","og_type":"article","og_title":"Activit\u00e9s d'enseignement - Service \/ FWEG - Management et \u00e9tude des organisations","og_description":"Management et analyse des organisations Principes de management Etudes de cas en management strat\u00e9gique Strategic Management Economic and Business Current Affairs Management de projet Finance sociale et microfinance Politique et \u00e9conomie sociale S\u00e9minaire de politique et \u00e9conomie sociales M\u00e9thodes et techniques de recherche","og_url":"https:\/\/web.umons.ac.be\/meo\/activites-denseignement\/","og_site_name":"Service \/ FWEG - Management et \u00e9tude des organisations","article_modified_time":"2025-11-20T14:47:05+00:00","twitter_card":"summary_large_image","twitter_misc":{"Dur\u00e9e de lecture estim\u00e9e":"1 minute"},"schema":{"@context":"https:\/\/schema.org","@graph":[{"@type":"WebPage","@id":"https:\/\/web.umons.ac.be\/meo\/activites-denseignement\/","url":"https:\/\/web.umons.ac.be\/meo\/activites-denseignement\/","name":"Activit\u00e9s d'enseignement - Service \/ FWEG - Management et \u00e9tude des organisations","isPartOf":{"@id":"https:\/\/web.umons.ac.be\/meo\/#website"},"datePublished":"2021-11-05T11:32:32+00:00","dateModified":"2025-11-20T14:47:05+00:00","breadcrumb":{"@id":"https:\/\/web.umons.ac.be\/meo\/activites-denseignement\/#breadcrumb"},"inLanguage":"fr-FR","potentialAction":[{"@type":"ReadAction","target":["https:\/\/web.umons.ac.be\/meo\/activites-denseignement\/"]}]},{"@type":"BreadcrumbList","@id":"https:\/\/web.umons.ac.be\/meo\/activites-denseignement\/#breadcrumb","itemListElement":[{"@type":"ListItem","position":1,"name":"Home","item":"https:\/\/web.umons.ac.be\/meo\/"},{"@type":"ListItem","position":2,"name":"Activit\u00e9s d&rsquo;enseignement"}]},{"@type":"WebSite","@id":"https:\/\/web.umons.ac.be\/meo\/#website","url":"https:\/\/web.umons.ac.be\/meo\/","name":"Service \/ FWEG - Management et \u00e9tude des organisations","description":"","potentialAction":[{"@type":"SearchAction","target":{"@type":"EntryPoint","urlTemplate":"https:\/\/web.umons.ac.be\/meo\/?s={search_term_string}"},"query-input":{"@type":"PropertyValueSpecification","valueRequired":true,"valueName":"search_term_string"}}],"inLanguage":"fr-FR"}]}},"lang":"fr","translations":{"fr":11,"en":13},"pll_sync_post":[],"_links":{"self":[{"href":"https:\/\/web.umons.ac.be\/meo\/wp-json\/wp\/v2\/pages\/11","targetHints":{"allow":["GET"]}}],"collection":[{"href":"https:\/\/web.umons.ac.be\/meo\/wp-json\/wp\/v2\/pages"}],"about":[{"href":"https:\/\/web.umons.ac.be\/meo\/wp-json\/wp\/v2\/types\/page"}],"author":[{"embeddable":true,"href":"https:\/\/web.umons.ac.be\/meo\/wp-json\/wp\/v2\/users\/4"}],"replies":[{"embeddable":true,"href":"https:\/\/web.umons.ac.be\/meo\/wp-json\/wp\/v2\/comments?post=11"}],"version-history":[{"count":3,"href":"https:\/\/web.umons.ac.be\/meo\/wp-json\/wp\/v2\/pages\/11\/revisions"}],"predecessor-version":[{"id":58,"href":"https:\/\/web.umons.ac.be\/meo\/wp-json\/wp\/v2\/pages\/11\/revisions\/58"}],"wp:attachment":[{"href":"https:\/\/web.umons.ac.be\/meo\/wp-json\/wp\/v2\/media?parent=11"}],"curies":[{"name":"wp","href":"https:\/\/api.w.org\/{rel}","templated":true}]}}