{"id":66,"date":"2025-11-20T15:59:01","date_gmt":"2025-11-20T14:59:01","guid":{"rendered":"https:\/\/web.umons.ac.be\/meo\/?page_id=66"},"modified":"2025-11-28T15:30:16","modified_gmt":"2025-11-28T14:30:16","slug":"chaire-en-economie-sociale-chaires","status":"publish","type":"page","link":"https:\/\/web.umons.ac.be\/meo\/activites-de-recherche\/chaire-en-economie-sociale-chaires\/","title":{"rendered":"Chaire en \u00c9conomie Sociale (chairES)"},"content":{"rendered":"<h2>Qui sommes-nous ?<\/h2>\n<p>La Chaire en \u00c9conomie Sociale (chairES) de l\u2019UMONS est l\u2019une des quatre chairES (ULi\u00e8ge, UMONS, ULB et UCLouvain) soutenues par la R\u00e9gion wallonne pour renforcer l\u2019enseignement et la recherche en \u00e9conomie sociale, en lien \u00e9troit avec l\u2019\u00e9cosyst\u00e8me des entreprises sociales.<\/p>\n<h2>Que faisons-nous ?<\/h2>\n<div>\n<div>Plus sp\u00e9cifiquement, la chairES UMONS :<\/div>\n<ul>\n<li>M\u00e8ne des recherches sur les th\u00e9matiques suivantes :\n<ul>\n<li>la participation des organisations d\u2019\u00e9conomie sociale \u00e0 la transition socio-environnementale ;<\/li>\n<li>la Gestion des Ressources Humaines en entreprises d\u2019\u00e9conomie sociale (turnover, motivation et sens au travail) ;<\/li>\n<li>la r\u00e9silience des coop\u00e9ratives.<\/li>\n<\/ul>\n<\/li>\n<li>Participe \u00e0 la gestion et aux enseignements dans deux certificats : un <a href=\"http:\/\/www.ces.uliege.be\/certificat-management-entreprises-deconomie-sociale\/\">certificat interuniversitaire en management des entreprises d\u2019\u00e9conomie sociale<\/a> et <a href=\"https:\/\/www.ulb.be\/fr\/programme\/fc-491\">un certificat en management associatif<\/a>.<\/li>\n<li>Participe \u00e0 des groupes de travail d\u00e9di\u00e9s au transfert de connaissances entre la recherche et les organisations de terrain. Elle contribue \u00e0 la co-construction d\u2019outils et de connaissances en faveur du d\u00e9veloppement de l\u2019\u00e9conomie sociale, notamment via le projet <a href=\"https:\/\/escap.be\/\">escap<\/a>.<\/li>\n<li>Encadre des stages, m\u00e9moires et th\u00e8ses de doctorat dans le domaine de l\u2019\u00e9conomie sociale.<\/li>\n<li>R\u00e9alise sur demande des \u00e9tudes sp\u00e9cifiques au profit des organisations actives en \u00e9conomie sociale.<\/li>\n<\/ul>\n<h2>L\u2019\u00e9quipe<\/h2>\n<p>Titulaires :<br \/>\n<strong>C\u00e9cile Godfroid<\/strong><br \/>\n<a href=\"https:\/\/staff.umons.ac.be\/cecile.godfroid\/pubsfr.html\">Publications UMONS<\/a> \/ <a href=\"https:\/\/scholar.google.com\/citations?user=gzJfrgEAAAAJ&amp;hl=en\">Google Scholar<\/a><\/p>\n<p><strong>Coralie Muylaert<\/strong><br \/>\n<a href=\"https:\/\/staff.umons.ac.be\/Coralie.MUYLAERT\/pubsfr.html\">Publications UMONS<\/a> \/ <a href=\"https:\/\/scholar.google.com\/citations?user=xDr3QI4AAAAJ&amp;hl=fr\">Google Scholar<\/a><\/p>\n<p>Chercheur :<br \/>\n<strong>Pau Bofill Sala<\/strong><br \/>\n<a href=\"https:\/\/orbi.umons.ac.be\/profile?uid=539282\">ORBI UMONS<\/a><\/p>\n<\/div>\n","protected":false},"excerpt":{"rendered":"<p>Qui sommes-nous ? La Chaire en \u00c9conomie Sociale (chairES) de l\u2019UMONS est l\u2019une des quatre chairES (ULi\u00e8ge, UMONS, ULB et UCLouvain) soutenues par la R\u00e9gion wallonne pour renforcer l\u2019enseignement et la recherche en \u00e9conomie sociale, en lien \u00e9troit avec l\u2019\u00e9cosyst\u00e8me des entreprises sociales. Que faisons-nous ? Plus sp\u00e9cifiquement, la chairES UMONS : M\u00e8ne des recherches [&hellip;]<\/p>\n","protected":false},"author":1,"featured_media":0,"parent":15,"menu_order":0,"comment_status":"closed","ping_status":"closed","template":"page-templates\/page-fullwidth.php","meta":{"footnotes":""},"class_list":["post-66","page","type-page","status-publish","hentry"],"yoast_head":"<!-- This site is optimized with the Yoast SEO plugin v27.2 - https:\/\/yoast.com\/product\/yoast-seo-wordpress\/ -->\n<title>Chaire en \u00c9conomie Sociale (chairES) - Service \/ FWEG - Management et \u00e9tude des organisations<\/title>\n<meta name=\"robots\" content=\"index, follow, max-snippet:-1, max-image-preview:large, max-video-preview:-1\" \/>\n<link rel=\"canonical\" href=\"https:\/\/web.umons.ac.be\/meo\/activites-de-recherche\/chaire-en-economie-sociale-chaires\/\" \/>\n<meta property=\"og:locale\" content=\"fr_FR\" \/>\n<meta property=\"og:type\" content=\"article\" \/>\n<meta property=\"og:title\" content=\"Chaire en \u00c9conomie Sociale (chairES) - Service \/ FWEG - Management et \u00e9tude des organisations\" \/>\n<meta property=\"og:description\" content=\"Qui sommes-nous ? La Chaire en \u00c9conomie Sociale (chairES) de l\u2019UMONS est l\u2019une des quatre chairES (ULi\u00e8ge, UMONS, ULB et UCLouvain) soutenues par la R\u00e9gion wallonne pour renforcer l\u2019enseignement et la recherche en \u00e9conomie sociale, en lien \u00e9troit avec l\u2019\u00e9cosyst\u00e8me des entreprises sociales. Que faisons-nous ? Plus sp\u00e9cifiquement, la chairES UMONS : M\u00e8ne des recherches [&hellip;]\" \/>\n<meta property=\"og:url\" content=\"https:\/\/web.umons.ac.be\/meo\/activites-de-recherche\/chaire-en-economie-sociale-chaires\/\" \/>\n<meta property=\"og:site_name\" content=\"Service \/ FWEG - Management et \u00e9tude des organisations\" \/>\n<meta property=\"article:modified_time\" content=\"2025-11-28T14:30:16+00:00\" \/>\n<meta name=\"twitter:card\" content=\"summary_large_image\" \/>\n<meta name=\"twitter:label1\" content=\"Dur\u00e9e de lecture estim\u00e9e\" \/>\n\t<meta name=\"twitter:data1\" content=\"2 minutes\" \/>\n<script type=\"application\/ld+json\" class=\"yoast-schema-graph\">{\"@context\":\"https:\/\/schema.org\",\"@graph\":[{\"@type\":\"WebPage\",\"@id\":\"https:\/\/web.umons.ac.be\/meo\/activites-de-recherche\/chaire-en-economie-sociale-chaires\/\",\"url\":\"https:\/\/web.umons.ac.be\/meo\/activites-de-recherche\/chaire-en-economie-sociale-chaires\/\",\"name\":\"Chaire en \u00c9conomie Sociale (chairES) - Service \/ FWEG - Management et \u00e9tude des organisations\",\"isPartOf\":{\"@id\":\"https:\/\/web.umons.ac.be\/meo\/#website\"},\"datePublished\":\"2025-11-20T14:59:01+00:00\",\"dateModified\":\"2025-11-28T14:30:16+00:00\",\"breadcrumb\":{\"@id\":\"https:\/\/web.umons.ac.be\/meo\/activites-de-recherche\/chaire-en-economie-sociale-chaires\/#breadcrumb\"},\"inLanguage\":\"fr-FR\",\"potentialAction\":[{\"@type\":\"ReadAction\",\"target\":[\"https:\/\/web.umons.ac.be\/meo\/activites-de-recherche\/chaire-en-economie-sociale-chaires\/\"]}]},{\"@type\":\"BreadcrumbList\",\"@id\":\"https:\/\/web.umons.ac.be\/meo\/activites-de-recherche\/chaire-en-economie-sociale-chaires\/#breadcrumb\",\"itemListElement\":[{\"@type\":\"ListItem\",\"position\":1,\"name\":\"Home\",\"item\":\"https:\/\/web.umons.ac.be\/meo\/\"},{\"@type\":\"ListItem\",\"position\":2,\"name\":\"Activit\u00e9s de recherche\",\"item\":\"https:\/\/web.umons.ac.be\/meo\/activites-de-recherche\/\"},{\"@type\":\"ListItem\",\"position\":3,\"name\":\"Chaire en \u00c9conomie Sociale (chairES)\"}]},{\"@type\":\"WebSite\",\"@id\":\"https:\/\/web.umons.ac.be\/meo\/#website\",\"url\":\"https:\/\/web.umons.ac.be\/meo\/\",\"name\":\"Service \/ FWEG - Management et \u00e9tude des organisations\",\"description\":\"\",\"potentialAction\":[{\"@type\":\"SearchAction\",\"target\":{\"@type\":\"EntryPoint\",\"urlTemplate\":\"https:\/\/web.umons.ac.be\/meo\/?s={search_term_string}\"},\"query-input\":{\"@type\":\"PropertyValueSpecification\",\"valueRequired\":true,\"valueName\":\"search_term_string\"}}],\"inLanguage\":\"fr-FR\"}]}<\/script>\n<!-- \/ Yoast SEO plugin. -->","yoast_head_json":{"title":"Chaire en \u00c9conomie Sociale (chairES) - Service \/ FWEG - Management et \u00e9tude des organisations","robots":{"index":"index","follow":"follow","max-snippet":"max-snippet:-1","max-image-preview":"max-image-preview:large","max-video-preview":"max-video-preview:-1"},"canonical":"https:\/\/web.umons.ac.be\/meo\/activites-de-recherche\/chaire-en-economie-sociale-chaires\/","og_locale":"fr_FR","og_type":"article","og_title":"Chaire en \u00c9conomie Sociale (chairES) - Service \/ FWEG - Management et \u00e9tude des organisations","og_description":"Qui sommes-nous ? La Chaire en \u00c9conomie Sociale (chairES) de l\u2019UMONS est l\u2019une des quatre chairES (ULi\u00e8ge, UMONS, ULB et UCLouvain) soutenues par la R\u00e9gion wallonne pour renforcer l\u2019enseignement et la recherche en \u00e9conomie sociale, en lien \u00e9troit avec l\u2019\u00e9cosyst\u00e8me des entreprises sociales. Que faisons-nous ? Plus sp\u00e9cifiquement, la chairES UMONS : M\u00e8ne des recherches [&hellip;]","og_url":"https:\/\/web.umons.ac.be\/meo\/activites-de-recherche\/chaire-en-economie-sociale-chaires\/","og_site_name":"Service \/ FWEG - Management et \u00e9tude des organisations","article_modified_time":"2025-11-28T14:30:16+00:00","twitter_card":"summary_large_image","twitter_misc":{"Dur\u00e9e de lecture estim\u00e9e":"2 minutes"},"schema":{"@context":"https:\/\/schema.org","@graph":[{"@type":"WebPage","@id":"https:\/\/web.umons.ac.be\/meo\/activites-de-recherche\/chaire-en-economie-sociale-chaires\/","url":"https:\/\/web.umons.ac.be\/meo\/activites-de-recherche\/chaire-en-economie-sociale-chaires\/","name":"Chaire en \u00c9conomie Sociale (chairES) - Service \/ FWEG - Management et \u00e9tude des organisations","isPartOf":{"@id":"https:\/\/web.umons.ac.be\/meo\/#website"},"datePublished":"2025-11-20T14:59:01+00:00","dateModified":"2025-11-28T14:30:16+00:00","breadcrumb":{"@id":"https:\/\/web.umons.ac.be\/meo\/activites-de-recherche\/chaire-en-economie-sociale-chaires\/#breadcrumb"},"inLanguage":"fr-FR","potentialAction":[{"@type":"ReadAction","target":["https:\/\/web.umons.ac.be\/meo\/activites-de-recherche\/chaire-en-economie-sociale-chaires\/"]}]},{"@type":"BreadcrumbList","@id":"https:\/\/web.umons.ac.be\/meo\/activites-de-recherche\/chaire-en-economie-sociale-chaires\/#breadcrumb","itemListElement":[{"@type":"ListItem","position":1,"name":"Home","item":"https:\/\/web.umons.ac.be\/meo\/"},{"@type":"ListItem","position":2,"name":"Activit\u00e9s de recherche","item":"https:\/\/web.umons.ac.be\/meo\/activites-de-recherche\/"},{"@type":"ListItem","position":3,"name":"Chaire en \u00c9conomie Sociale (chairES)"}]},{"@type":"WebSite","@id":"https:\/\/web.umons.ac.be\/meo\/#website","url":"https:\/\/web.umons.ac.be\/meo\/","name":"Service \/ FWEG - Management et \u00e9tude des organisations","description":"","potentialAction":[{"@type":"SearchAction","target":{"@type":"EntryPoint","urlTemplate":"https:\/\/web.umons.ac.be\/meo\/?s={search_term_string}"},"query-input":{"@type":"PropertyValueSpecification","valueRequired":true,"valueName":"search_term_string"}}],"inLanguage":"fr-FR"}]}},"lang":"fr","translations":{"fr":66,"en":68},"pll_sync_post":[],"_links":{"self":[{"href":"https:\/\/web.umons.ac.be\/meo\/wp-json\/wp\/v2\/pages\/66","targetHints":{"allow":["GET"]}}],"collection":[{"href":"https:\/\/web.umons.ac.be\/meo\/wp-json\/wp\/v2\/pages"}],"about":[{"href":"https:\/\/web.umons.ac.be\/meo\/wp-json\/wp\/v2\/types\/page"}],"author":[{"embeddable":true,"href":"https:\/\/web.umons.ac.be\/meo\/wp-json\/wp\/v2\/users\/1"}],"replies":[{"embeddable":true,"href":"https:\/\/web.umons.ac.be\/meo\/wp-json\/wp\/v2\/comments?post=66"}],"version-history":[{"count":1,"href":"https:\/\/web.umons.ac.be\/meo\/wp-json\/wp\/v2\/pages\/66\/revisions"}],"predecessor-version":[{"id":67,"href":"https:\/\/web.umons.ac.be\/meo\/wp-json\/wp\/v2\/pages\/66\/revisions\/67"}],"up":[{"embeddable":true,"href":"https:\/\/web.umons.ac.be\/meo\/wp-json\/wp\/v2\/pages\/15"}],"wp:attachment":[{"href":"https:\/\/web.umons.ac.be\/meo\/wp-json\/wp\/v2\/media?parent=66"}],"curies":[{"name":"wp","href":"https:\/\/api.w.org\/{rel}","templated":true}]}}