{"id":103,"date":"2021-11-29T10:26:13","date_gmt":"2021-11-29T09:26:13","guid":{"rendered":"https:\/\/web.umons.ac.be\/meta\/?page_id=103"},"modified":"2022-01-20T09:19:35","modified_gmt":"2022-01-20T08:19:35","slug":"projets-en-cours","status":"publish","type":"page","link":"https:\/\/web.umons.ac.be\/meta\/projets-en-cours\/","title":{"rendered":"Projets en cours"},"content":{"rendered":"<ul>\n<li><strong>D\u00e9p\u00f4ts chimiques de Nickel-Bore<\/strong>\n<ul>\n<li>Duplex\/multi-couches<\/li>\n<li>D\u00e9p\u00f4ts assist\u00e9s par ultra-sons<\/li>\n<li>Renforcement par incorporation de particules dures\n<ul>\n<li>D\u00e9veloppement de rev\u00eatements composites Ni-B chimique\/nanodiamant (FNRS)<\/li>\n<\/ul>\n<\/li>\n<li>D\u00e9p\u00f4ts sans plomb<\/li>\n<li>Rev\u00eatements \u00e0 base de nickel pour l&rsquo;am\u00e9lioration de l&rsquo;\u00e9tat de surface de pi\u00e8ces de fabrication additive (Communaut\u00e9 fran\u00e7aise &#8211; BPF)<\/li>\n<\/ul>\n<\/li>\n<\/ul>\n<p>&nbsp;<\/p>\n<ul>\n<li><strong>Composites WC-Co<\/strong>\n<ul>\n<li>Application du \u00ab\u00a0mechanical alloying\u00a0\u00bb \u00e0 la synth\u00e8se de WC-Co\n<ul>\n<li>Production de WC par \u00ab\u00a0mechanical alloying\u00a0\u00bb de WO3<\/li>\n<li>M\u00e9langes Co-inhibiteurs<\/li>\n<\/ul>\n<\/li>\n<li>Composites WC-Co nanostructur\u00e9s obtenus par plusieurs m\u00e9thodes<\/li>\n<li>Recyclabilit\u00e9 des outils WC-Co<\/li>\n<li>D\u00e9p\u00f4ts chimiques sur des particules de WC (Projet E-WC \/ CRD)<\/li>\n<li>Alternatives durables \u00e0 l&rsquo;utilisation de Co comme liant\n<ul>\n<li>Etude de liants alternatifs au cobalt pour les outils en carbure de tungst\u00e8ne, en particulier des HEA (FRIA)<\/li>\n<\/ul>\n<\/li>\n<\/ul>\n<\/li>\n<\/ul>\n<p>&nbsp;<\/p>\n<ul>\n<li><strong>Gestion des d\u00e9chets d&rsquo;\u00e9quipements \u00e9lectriques et \u00e9lectroniques (DEEE) (ARES-CCD \/ PRD)<br \/>\n<\/strong><\/li>\n<\/ul>\n<p style=\"padding-left: 40px;\">S\u00e9paration et concentration des m\u00e9taux dans les DEEE en vue de leur recyclage : le but de cette recherche est de pr\u00e9parer des concentr\u00e9s m\u00e9talliques ou une solution concentr\u00e9e pour la r\u00e9cup\u00e9ration des m\u00e9taux par traitement \u00e9lectrochimique dans un eutectique profond solvant.<\/p>\n<p>&nbsp;<\/p>\n<ul>\n<li><strong>SEALCERA (Projet ARC)<\/strong><\/li>\n<\/ul>\n<p style=\"padding-left: 40px;\">Scellement de rev\u00eatements PEO par technologie Sol-gel pour une meilleure r\u00e9sistance \u00e0 l&rsquo;usure et \u00e0 la corrosion. D\u00e9veloppement de traitements de surface combinant PEO et sol-gel pour am\u00e9liorer la r\u00e9sistance \u00e0 la corrosion et \u00e0 la tribocorrosion d&rsquo;alliages l\u00e9gers (Al-Ti).<\/p>\n<p>&nbsp;<\/p>\n<ul>\n<li><strong>AltCtrlTrans (R\u00e9gion Wallonne)<\/strong> &#8211; ALTernative au Chrome TRi et hexavaLent pour le secteur du TRANSport et de la TRANSformation.<\/li>\n<\/ul>\n<p style=\"padding-left: 40px;\">Alternatives au chromage dur exavalent pour les industries du transport et de la transformation. D\u00e9veloppement et pr\u00e9-industrialisation de technologies bas\u00e9es sur NiB chimique, sur les d\u00e9p\u00f4ts \u00e9lectrolytiques d&rsquo;alliages et sur le PTA<\/p>\n<p>&nbsp;<\/p>\n<ul>\n<li><strong>Soudage d\u2019alliages m\u00e9talliques semblables et non-semblables (WBI-Alg\u00e9rie)<\/strong><\/li>\n<\/ul>\n<p style=\"padding-left: 40px;\">Etudes m\u00e9tallurgiques de joints de soudure pour garantir une utilisation ad\u00e9quate en milieux industriels et \u00e9viter les ruptures inopin\u00e9es ; soudage d\u2019alliages m\u00e9talliques non-semblables comme l\u2019assemblage de pi\u00e8ces en acier et en aluminium.<\/p>\n<p>&nbsp;<\/p>\n","protected":false},"excerpt":{"rendered":"<p>D\u00e9p\u00f4ts chimiques de Nickel-Bore Duplex\/multi-couches D\u00e9p\u00f4ts assist\u00e9s par ultra-sons Renforcement par incorporation de particules dures D\u00e9veloppement de rev\u00eatements composites Ni-B chimique\/nanodiamant (FNRS) D\u00e9p\u00f4ts sans plomb Rev\u00eatements \u00e0 base de nickel pour l&rsquo;am\u00e9lioration de l&rsquo;\u00e9tat de surface de pi\u00e8ces de fabrication additive (Communaut\u00e9 fran\u00e7aise &#8211; BPF) &nbsp; Composites WC-Co Application du \u00ab\u00a0mechanical alloying\u00a0\u00bb \u00e0 la synth\u00e8se [&hellip;]<\/p>\n","protected":false},"author":109,"featured_media":0,"parent":0,"menu_order":0,"comment_status":"closed","ping_status":"closed","template":"","meta":{"footnotes":""},"class_list":["post-103","page","type-page","status-publish","hentry"],"yoast_head":"<!-- This site is optimized with the Yoast SEO plugin v27.2 - https:\/\/yoast.com\/product\/yoast-seo-wordpress\/ -->\n<title>Projets en cours - Service \/ FPMS - M\u00e9tallurgie<\/title>\n<meta name=\"robots\" content=\"index, follow, max-snippet:-1, max-image-preview:large, max-video-preview:-1\" \/>\n<link rel=\"canonical\" href=\"https:\/\/web.umons.ac.be\/meta\/projets-en-cours\/\" \/>\n<meta property=\"og:locale\" content=\"fr_FR\" \/>\n<meta property=\"og:type\" content=\"article\" \/>\n<meta property=\"og:title\" content=\"Projets en cours - Service \/ FPMS - M\u00e9tallurgie\" \/>\n<meta property=\"og:description\" content=\"D\u00e9p\u00f4ts chimiques de Nickel-Bore Duplex\/multi-couches D\u00e9p\u00f4ts assist\u00e9s par ultra-sons Renforcement par incorporation de particules dures D\u00e9veloppement de rev\u00eatements composites Ni-B chimique\/nanodiamant (FNRS) D\u00e9p\u00f4ts sans plomb Rev\u00eatements \u00e0 base de nickel pour l&rsquo;am\u00e9lioration de l&rsquo;\u00e9tat de surface de pi\u00e8ces de fabrication additive (Communaut\u00e9 fran\u00e7aise &#8211; BPF) &nbsp; Composites WC-Co Application du \u00ab\u00a0mechanical alloying\u00a0\u00bb \u00e0 la synth\u00e8se [&hellip;]\" \/>\n<meta property=\"og:url\" content=\"https:\/\/web.umons.ac.be\/meta\/projets-en-cours\/\" \/>\n<meta property=\"og:site_name\" content=\"Service \/ FPMS - M\u00e9tallurgie\" \/>\n<meta property=\"article:modified_time\" content=\"2022-01-20T08:19:35+00:00\" \/>\n<meta name=\"twitter:card\" content=\"summary_large_image\" \/>\n<meta name=\"twitter:label1\" content=\"Dur\u00e9e de lecture estim\u00e9e\" \/>\n\t<meta name=\"twitter:data1\" content=\"2 minutes\" \/>\n<script type=\"application\/ld+json\" class=\"yoast-schema-graph\">{\"@context\":\"https:\/\/schema.org\",\"@graph\":[{\"@type\":\"WebPage\",\"@id\":\"https:\/\/web.umons.ac.be\/meta\/projets-en-cours\/\",\"url\":\"https:\/\/web.umons.ac.be\/meta\/projets-en-cours\/\",\"name\":\"Projets en cours - Service \/ FPMS - M\u00e9tallurgie\",\"isPartOf\":{\"@id\":\"https:\/\/web.umons.ac.be\/meta\/#website\"},\"datePublished\":\"2021-11-29T09:26:13+00:00\",\"dateModified\":\"2022-01-20T08:19:35+00:00\",\"breadcrumb\":{\"@id\":\"https:\/\/web.umons.ac.be\/meta\/projets-en-cours\/#breadcrumb\"},\"inLanguage\":\"fr-FR\",\"potentialAction\":[{\"@type\":\"ReadAction\",\"target\":[\"https:\/\/web.umons.ac.be\/meta\/projets-en-cours\/\"]}]},{\"@type\":\"BreadcrumbList\",\"@id\":\"https:\/\/web.umons.ac.be\/meta\/projets-en-cours\/#breadcrumb\",\"itemListElement\":[{\"@type\":\"ListItem\",\"position\":1,\"name\":\"Home\",\"item\":\"https:\/\/web.umons.ac.be\/meta\/\"},{\"@type\":\"ListItem\",\"position\":2,\"name\":\"Projets en cours\"}]},{\"@type\":\"WebSite\",\"@id\":\"https:\/\/web.umons.ac.be\/meta\/#website\",\"url\":\"https:\/\/web.umons.ac.be\/meta\/\",\"name\":\"Service \/ FPMS - M\u00e9tallurgie\",\"description\":\"\",\"potentialAction\":[{\"@type\":\"SearchAction\",\"target\":{\"@type\":\"EntryPoint\",\"urlTemplate\":\"https:\/\/web.umons.ac.be\/meta\/?s={search_term_string}\"},\"query-input\":{\"@type\":\"PropertyValueSpecification\",\"valueRequired\":true,\"valueName\":\"search_term_string\"}}],\"inLanguage\":\"fr-FR\"}]}<\/script>\n<!-- \/ Yoast SEO plugin. -->","yoast_head_json":{"title":"Projets en cours - Service \/ FPMS - M\u00e9tallurgie","robots":{"index":"index","follow":"follow","max-snippet":"max-snippet:-1","max-image-preview":"max-image-preview:large","max-video-preview":"max-video-preview:-1"},"canonical":"https:\/\/web.umons.ac.be\/meta\/projets-en-cours\/","og_locale":"fr_FR","og_type":"article","og_title":"Projets en cours - Service \/ FPMS - M\u00e9tallurgie","og_description":"D\u00e9p\u00f4ts chimiques de Nickel-Bore Duplex\/multi-couches D\u00e9p\u00f4ts assist\u00e9s par ultra-sons Renforcement par incorporation de particules dures D\u00e9veloppement de rev\u00eatements composites Ni-B chimique\/nanodiamant (FNRS) D\u00e9p\u00f4ts sans plomb Rev\u00eatements \u00e0 base de nickel pour l&rsquo;am\u00e9lioration de l&rsquo;\u00e9tat de surface de pi\u00e8ces de fabrication additive (Communaut\u00e9 fran\u00e7aise &#8211; BPF) &nbsp; Composites WC-Co Application du \u00ab\u00a0mechanical alloying\u00a0\u00bb \u00e0 la synth\u00e8se [&hellip;]","og_url":"https:\/\/web.umons.ac.be\/meta\/projets-en-cours\/","og_site_name":"Service \/ FPMS - M\u00e9tallurgie","article_modified_time":"2022-01-20T08:19:35+00:00","twitter_card":"summary_large_image","twitter_misc":{"Dur\u00e9e de lecture estim\u00e9e":"2 minutes"},"schema":{"@context":"https:\/\/schema.org","@graph":[{"@type":"WebPage","@id":"https:\/\/web.umons.ac.be\/meta\/projets-en-cours\/","url":"https:\/\/web.umons.ac.be\/meta\/projets-en-cours\/","name":"Projets en cours - Service \/ FPMS - M\u00e9tallurgie","isPartOf":{"@id":"https:\/\/web.umons.ac.be\/meta\/#website"},"datePublished":"2021-11-29T09:26:13+00:00","dateModified":"2022-01-20T08:19:35+00:00","breadcrumb":{"@id":"https:\/\/web.umons.ac.be\/meta\/projets-en-cours\/#breadcrumb"},"inLanguage":"fr-FR","potentialAction":[{"@type":"ReadAction","target":["https:\/\/web.umons.ac.be\/meta\/projets-en-cours\/"]}]},{"@type":"BreadcrumbList","@id":"https:\/\/web.umons.ac.be\/meta\/projets-en-cours\/#breadcrumb","itemListElement":[{"@type":"ListItem","position":1,"name":"Home","item":"https:\/\/web.umons.ac.be\/meta\/"},{"@type":"ListItem","position":2,"name":"Projets en cours"}]},{"@type":"WebSite","@id":"https:\/\/web.umons.ac.be\/meta\/#website","url":"https:\/\/web.umons.ac.be\/meta\/","name":"Service \/ FPMS - M\u00e9tallurgie","description":"","potentialAction":[{"@type":"SearchAction","target":{"@type":"EntryPoint","urlTemplate":"https:\/\/web.umons.ac.be\/meta\/?s={search_term_string}"},"query-input":{"@type":"PropertyValueSpecification","valueRequired":true,"valueName":"search_term_string"}}],"inLanguage":"fr-FR"}]}},"lang":"fr","translations":{"fr":103},"pll_sync_post":[],"_links":{"self":[{"href":"https:\/\/web.umons.ac.be\/meta\/wp-json\/wp\/v2\/pages\/103","targetHints":{"allow":["GET"]}}],"collection":[{"href":"https:\/\/web.umons.ac.be\/meta\/wp-json\/wp\/v2\/pages"}],"about":[{"href":"https:\/\/web.umons.ac.be\/meta\/wp-json\/wp\/v2\/types\/page"}],"author":[{"embeddable":true,"href":"https:\/\/web.umons.ac.be\/meta\/wp-json\/wp\/v2\/users\/109"}],"replies":[{"embeddable":true,"href":"https:\/\/web.umons.ac.be\/meta\/wp-json\/wp\/v2\/comments?post=103"}],"version-history":[{"count":3,"href":"https:\/\/web.umons.ac.be\/meta\/wp-json\/wp\/v2\/pages\/103\/revisions"}],"predecessor-version":[{"id":135,"href":"https:\/\/web.umons.ac.be\/meta\/wp-json\/wp\/v2\/pages\/103\/revisions\/135"}],"wp:attachment":[{"href":"https:\/\/web.umons.ac.be\/meta\/wp-json\/wp\/v2\/media?parent=103"}],"curies":[{"name":"wp","href":"https:\/\/api.w.org\/{rel}","templated":true}]}}