{"id":11,"date":"2021-10-27T10:58:56","date_gmt":"2021-10-27T08:58:56","guid":{"rendered":"https:\/\/web.umons.ac.be\/meta\/activites-denseignement\/"},"modified":"2021-11-26T15:46:39","modified_gmt":"2021-11-26T14:46:39","slug":"activites-denseignement","status":"publish","type":"page","link":"https:\/\/web.umons.ac.be\/meta\/activites-denseignement\/","title":{"rendered":"Activit\u00e9s d&rsquo;enseignement"},"content":{"rendered":"<p>Les enseignements assur\u00e9s par les <strong>Professeures Fabienne Delaunois et V\u00e9ronique Vitry<\/strong> concernent les alliages m\u00e9talliques, depuis leur \u00e9laboration et leur traitement, leur caract\u00e9risation, jusqu&rsquo;\u00e0 leur utilisation et leur fin de vie.<\/p>\n<p>La plupart de ces enseignements, dispens\u00e9s depuis la BAB2 jusqu&rsquo;\u00e0 la MAB2, sont illustr\u00e9s par des <em>travaux pratiques<\/em> et par des <em>visites industrielles<\/em>.<\/p>\n<ul>\n<li>S\u00e9lection des mat\u00e9riaux et cycle de vie<\/li>\n<li>Alliages m\u00e9talliques<\/li>\n<li>Gestion durable des mat\u00e9riaux<\/li>\n<li>Mat\u00e9riaux m\u00e9talliques fonctionnels<\/li>\n<li>M\u00e9tallurgie structurale<\/li>\n<li>Mise en oeuvre des traitements des mat\u00e9riaux<\/li>\n<li>Mod\u00e9lisation des proc\u00e9d\u00e9s<\/li>\n<li>Pratique industrielle des traitements des mat\u00e9riaux<\/li>\n<li>Process Metallurgy<\/li>\n<li>Production et structures des m\u00e9taux<\/li>\n<li>Projet d&rsquo;analyse de d\u00e9faillance<\/li>\n<li>Synthesis and characterization of nanosized and nanostructured materials<\/li>\n<\/ul>\n<p>&nbsp;<\/p>\n","protected":false},"excerpt":{"rendered":"<p>Les enseignements assur\u00e9s par les Professeures Fabienne Delaunois et V\u00e9ronique Vitry concernent les alliages m\u00e9talliques, depuis leur \u00e9laboration et leur traitement, leur caract\u00e9risation, jusqu&rsquo;\u00e0 leur utilisation et leur fin de vie. La plupart de ces enseignements, dispens\u00e9s depuis la BAB2 jusqu&rsquo;\u00e0 la MAB2, sont illustr\u00e9s par des travaux pratiques et par des visites industrielles. S\u00e9lection [&hellip;]<\/p>\n","protected":false},"author":2,"featured_media":0,"parent":0,"menu_order":0,"comment_status":"closed","ping_status":"closed","template":"","meta":{"footnotes":""},"class_list":["post-11","page","type-page","status-publish","hentry"],"yoast_head":"<!-- This site is optimized with the Yoast SEO plugin v27.2 - https:\/\/yoast.com\/product\/yoast-seo-wordpress\/ -->\n<title>Activit\u00e9s d&#039;enseignement - Service \/ FPMS - M\u00e9tallurgie<\/title>\n<meta name=\"description\" content=\"Les enseignements concernent les alliages m\u00e9talliques, depuis leur \u00e9laboration et leur traitement, leur caract\u00e9risation, jusqu&#039;\u00e0 leur utilisation et leur fin de vie.\" \/>\n<meta name=\"robots\" content=\"index, follow, max-snippet:-1, max-image-preview:large, max-video-preview:-1\" \/>\n<link rel=\"canonical\" href=\"https:\/\/web.umons.ac.be\/meta\/activites-denseignement\/\" \/>\n<meta property=\"og:locale\" content=\"fr_FR\" \/>\n<meta property=\"og:type\" content=\"article\" \/>\n<meta property=\"og:title\" content=\"Activit\u00e9s d&#039;enseignement - Service \/ FPMS - M\u00e9tallurgie\" \/>\n<meta property=\"og:description\" content=\"Les enseignements concernent les alliages m\u00e9talliques, depuis leur \u00e9laboration et leur traitement, leur caract\u00e9risation, jusqu&#039;\u00e0 leur utilisation et leur fin de vie.\" \/>\n<meta property=\"og:url\" content=\"https:\/\/web.umons.ac.be\/meta\/activites-denseignement\/\" \/>\n<meta property=\"og:site_name\" content=\"Service \/ FPMS - M\u00e9tallurgie\" \/>\n<meta property=\"article:modified_time\" content=\"2021-11-26T14:46:39+00:00\" \/>\n<meta name=\"twitter:card\" content=\"summary_large_image\" \/>\n<meta name=\"twitter:label1\" content=\"Dur\u00e9e de lecture estim\u00e9e\" \/>\n\t<meta name=\"twitter:data1\" content=\"1 minute\" \/>\n<script type=\"application\/ld+json\" class=\"yoast-schema-graph\">{\"@context\":\"https:\/\/schema.org\",\"@graph\":[{\"@type\":\"WebPage\",\"@id\":\"https:\/\/web.umons.ac.be\/meta\/activites-denseignement\/\",\"url\":\"https:\/\/web.umons.ac.be\/meta\/activites-denseignement\/\",\"name\":\"Activit\u00e9s d'enseignement - Service \/ FPMS - M\u00e9tallurgie\",\"isPartOf\":{\"@id\":\"https:\/\/web.umons.ac.be\/meta\/#website\"},\"datePublished\":\"2021-10-27T08:58:56+00:00\",\"dateModified\":\"2021-11-26T14:46:39+00:00\",\"description\":\"Les enseignements concernent les alliages m\u00e9talliques, depuis leur \u00e9laboration et leur traitement, leur caract\u00e9risation, jusqu'\u00e0 leur utilisation et leur fin de vie.\",\"breadcrumb\":{\"@id\":\"https:\/\/web.umons.ac.be\/meta\/activites-denseignement\/#breadcrumb\"},\"inLanguage\":\"fr-FR\",\"potentialAction\":[{\"@type\":\"ReadAction\",\"target\":[\"https:\/\/web.umons.ac.be\/meta\/activites-denseignement\/\"]}]},{\"@type\":\"BreadcrumbList\",\"@id\":\"https:\/\/web.umons.ac.be\/meta\/activites-denseignement\/#breadcrumb\",\"itemListElement\":[{\"@type\":\"ListItem\",\"position\":1,\"name\":\"Home\",\"item\":\"https:\/\/web.umons.ac.be\/meta\/\"},{\"@type\":\"ListItem\",\"position\":2,\"name\":\"Activit\u00e9s d&rsquo;enseignement\"}]},{\"@type\":\"WebSite\",\"@id\":\"https:\/\/web.umons.ac.be\/meta\/#website\",\"url\":\"https:\/\/web.umons.ac.be\/meta\/\",\"name\":\"Service \/ FPMS - M\u00e9tallurgie\",\"description\":\"\",\"potentialAction\":[{\"@type\":\"SearchAction\",\"target\":{\"@type\":\"EntryPoint\",\"urlTemplate\":\"https:\/\/web.umons.ac.be\/meta\/?s={search_term_string}\"},\"query-input\":{\"@type\":\"PropertyValueSpecification\",\"valueRequired\":true,\"valueName\":\"search_term_string\"}}],\"inLanguage\":\"fr-FR\"}]}<\/script>\n<!-- \/ Yoast SEO plugin. -->","yoast_head_json":{"title":"Activit\u00e9s d'enseignement - Service \/ FPMS - M\u00e9tallurgie","description":"Les enseignements concernent les alliages m\u00e9talliques, depuis leur \u00e9laboration et leur traitement, leur caract\u00e9risation, jusqu'\u00e0 leur utilisation et leur fin de vie.","robots":{"index":"index","follow":"follow","max-snippet":"max-snippet:-1","max-image-preview":"max-image-preview:large","max-video-preview":"max-video-preview:-1"},"canonical":"https:\/\/web.umons.ac.be\/meta\/activites-denseignement\/","og_locale":"fr_FR","og_type":"article","og_title":"Activit\u00e9s d'enseignement - Service \/ FPMS - M\u00e9tallurgie","og_description":"Les enseignements concernent les alliages m\u00e9talliques, depuis leur \u00e9laboration et leur traitement, leur caract\u00e9risation, jusqu'\u00e0 leur utilisation et leur fin de vie.","og_url":"https:\/\/web.umons.ac.be\/meta\/activites-denseignement\/","og_site_name":"Service \/ FPMS - M\u00e9tallurgie","article_modified_time":"2021-11-26T14:46:39+00:00","twitter_card":"summary_large_image","twitter_misc":{"Dur\u00e9e de lecture estim\u00e9e":"1 minute"},"schema":{"@context":"https:\/\/schema.org","@graph":[{"@type":"WebPage","@id":"https:\/\/web.umons.ac.be\/meta\/activites-denseignement\/","url":"https:\/\/web.umons.ac.be\/meta\/activites-denseignement\/","name":"Activit\u00e9s d'enseignement - Service \/ FPMS - M\u00e9tallurgie","isPartOf":{"@id":"https:\/\/web.umons.ac.be\/meta\/#website"},"datePublished":"2021-10-27T08:58:56+00:00","dateModified":"2021-11-26T14:46:39+00:00","description":"Les enseignements concernent les alliages m\u00e9talliques, depuis leur \u00e9laboration et leur traitement, leur caract\u00e9risation, jusqu'\u00e0 leur utilisation et leur fin de vie.","breadcrumb":{"@id":"https:\/\/web.umons.ac.be\/meta\/activites-denseignement\/#breadcrumb"},"inLanguage":"fr-FR","potentialAction":[{"@type":"ReadAction","target":["https:\/\/web.umons.ac.be\/meta\/activites-denseignement\/"]}]},{"@type":"BreadcrumbList","@id":"https:\/\/web.umons.ac.be\/meta\/activites-denseignement\/#breadcrumb","itemListElement":[{"@type":"ListItem","position":1,"name":"Home","item":"https:\/\/web.umons.ac.be\/meta\/"},{"@type":"ListItem","position":2,"name":"Activit\u00e9s d&rsquo;enseignement"}]},{"@type":"WebSite","@id":"https:\/\/web.umons.ac.be\/meta\/#website","url":"https:\/\/web.umons.ac.be\/meta\/","name":"Service \/ FPMS - M\u00e9tallurgie","description":"","potentialAction":[{"@type":"SearchAction","target":{"@type":"EntryPoint","urlTemplate":"https:\/\/web.umons.ac.be\/meta\/?s={search_term_string}"},"query-input":{"@type":"PropertyValueSpecification","valueRequired":true,"valueName":"search_term_string"}}],"inLanguage":"fr-FR"}]}},"lang":"fr","translations":{"fr":11,"en":13},"pll_sync_post":[],"_links":{"self":[{"href":"https:\/\/web.umons.ac.be\/meta\/wp-json\/wp\/v2\/pages\/11","targetHints":{"allow":["GET"]}}],"collection":[{"href":"https:\/\/web.umons.ac.be\/meta\/wp-json\/wp\/v2\/pages"}],"about":[{"href":"https:\/\/web.umons.ac.be\/meta\/wp-json\/wp\/v2\/types\/page"}],"author":[{"embeddable":true,"href":"https:\/\/web.umons.ac.be\/meta\/wp-json\/wp\/v2\/users\/2"}],"replies":[{"embeddable":true,"href":"https:\/\/web.umons.ac.be\/meta\/wp-json\/wp\/v2\/comments?post=11"}],"version-history":[{"count":4,"href":"https:\/\/web.umons.ac.be\/meta\/wp-json\/wp\/v2\/pages\/11\/revisions"}],"predecessor-version":[{"id":83,"href":"https:\/\/web.umons.ac.be\/meta\/wp-json\/wp\/v2\/pages\/11\/revisions\/83"}],"wp:attachment":[{"href":"https:\/\/web.umons.ac.be\/meta\/wp-json\/wp\/v2\/media?parent=11"}],"curies":[{"name":"wp","href":"https:\/\/api.w.org\/{rel}","templated":true}]}}