{"id":15,"date":"2021-10-27T10:58:57","date_gmt":"2021-10-27T08:58:57","guid":{"rendered":"https:\/\/web.umons.ac.be\/meta\/activites-de-recherche\/"},"modified":"2021-11-26T16:10:18","modified_gmt":"2021-11-26T15:10:18","slug":"activites-de-recherche","status":"publish","type":"page","link":"https:\/\/web.umons.ac.be\/meta\/activites-de-recherche\/","title":{"rendered":"Activit\u00e9s de recherche"},"content":{"rendered":"<p>Les principaux domaines de recherche du laboratoire de M\u00e9tallurgie sont les d\u00e9p\u00f4ts chimiques de nickel, la corrosion des alliages m\u00e9talliques, le recyclage des DEEE et les composites \u00e0 matrice m\u00e9tallique.<\/p>\n<p>L&rsquo;expertise du laboratoire dans le domaine des <strong>d\u00e9p\u00f4ts chimiques de nickel<\/strong> est reconnue au niveau international. Le laboratoire collabore avec les principales entreprises dans le domaine du nickelage chimique et du placage au bore.<\/p>\n<p>En ce qui concerne la <strong>corrosion des alliages m\u00e9talliques<\/strong>, le laboratoire m\u00e8ne des \u00e9tudes sp\u00e9cifiques sur la corrosion sous contrainte, la biocorrosion de l&rsquo;acier galvanis\u00e9 et la corrosion par rouging en milieu pharmaceutique.<\/p>\n<p>Il se concentre \u00e9galement sur l&rsquo;utilisation du \u00ab\u00a0<strong>mechanical alloying<\/strong>\u00a0\u00bb pour am\u00e9liorer les propri\u00e9t\u00e9s des composites WC-Co et sur les technologies de frittage utilis\u00e9es pour densifier le mat\u00e9riau.<\/p>\n<hr \/>\n<p>Notre service est, par ailleurs rattach\u00e9 \u00e0 un institut de recherche de l\u2019UMONS :<\/p>\n<start-cask-shortcode-wrapper>\t\t<div class=\"associated-institutes content-block scheme-fpms\">\n\t\t\t<ul class=\"institutes-list\">\n\t\t\t\t\t\t\t\t\t\t<li>\n\t\t\t\t\t\t\t<a href=\"https:\/\/web.umons.ac.be\/materiaux\" title=\"Acc\u00e9der au site web de : Institut \/ Mat\u00e9riaux\" class=\"associated-institute\">\n\t\t\t\t\t\t\t\t<img loading=\"lazy\" decoding=\"async\" width=\"1\" height=\"1\" src=\"https:\/\/web.umons.ac.be\/app\/uploads\/sites\/38\/2017\/12\/materiaux_logo_fr.svg\" class=\"attachment-thumbnail size-thumbnail\" alt=\"\" \/>\t\t\t\t\t\t\t<\/a>\t\t\t\n\t\t\t\t\t\t<\/li>\n\t\t\t\t\t\t\t<\/ul>\n\t\t<\/div>\n <end-cask-shortcode-wrapper>\n","protected":false},"excerpt":{"rendered":"<p>Les principaux domaines de recherche du laboratoire de M\u00e9tallurgie sont les d\u00e9p\u00f4ts chimiques de nickel, la corrosion des alliages m\u00e9talliques, le recyclage des DEEE et les composites \u00e0 matrice m\u00e9tallique. L&rsquo;expertise du laboratoire dans le domaine des d\u00e9p\u00f4ts chimiques de nickel est reconnue au niveau international. Le laboratoire collabore avec les principales entreprises dans le [&hellip;]<\/p>\n","protected":false},"author":2,"featured_media":0,"parent":0,"menu_order":0,"comment_status":"closed","ping_status":"closed","template":"","meta":{"footnotes":""},"class_list":["post-15","page","type-page","status-publish","hentry"],"yoast_head":"<!-- This site is optimized with the Yoast SEO plugin v27.2 - https:\/\/yoast.com\/product\/yoast-seo-wordpress\/ -->\n<title>Activit\u00e9s de recherche - Service \/ FPMS - M\u00e9tallurgie<\/title>\n<meta name=\"description\" content=\"Les principaux domaines de recherche du laboratoire de M\u00e9tallurgie sont les d\u00e9p\u00f4ts chimiques de nickel, la corrosion des alliages m\u00e9talliques, le recyclage des DEEE et les composites \u00e0 matrice m\u00e9tallique.\" \/>\n<meta name=\"robots\" content=\"index, follow, max-snippet:-1, max-image-preview:large, max-video-preview:-1\" \/>\n<link rel=\"canonical\" href=\"https:\/\/web.umons.ac.be\/meta\/activites-de-recherche\/\" \/>\n<meta property=\"og:locale\" content=\"fr_FR\" \/>\n<meta property=\"og:type\" content=\"article\" \/>\n<meta property=\"og:title\" content=\"Activit\u00e9s de recherche - Service \/ FPMS - M\u00e9tallurgie\" \/>\n<meta property=\"og:description\" content=\"Les principaux domaines de recherche du laboratoire de M\u00e9tallurgie sont les d\u00e9p\u00f4ts chimiques de nickel, la corrosion des alliages m\u00e9talliques, le recyclage des DEEE et les composites \u00e0 matrice m\u00e9tallique.\" \/>\n<meta property=\"og:url\" content=\"https:\/\/web.umons.ac.be\/meta\/activites-de-recherche\/\" \/>\n<meta property=\"og:site_name\" content=\"Service \/ FPMS - M\u00e9tallurgie\" \/>\n<meta property=\"article:modified_time\" content=\"2021-11-26T15:10:18+00:00\" \/>\n<meta name=\"twitter:card\" content=\"summary_large_image\" \/>\n<meta name=\"twitter:label1\" content=\"Dur\u00e9e de lecture estim\u00e9e\" \/>\n\t<meta name=\"twitter:data1\" content=\"1 minute\" \/>\n<script type=\"application\/ld+json\" class=\"yoast-schema-graph\">{\"@context\":\"https:\/\/schema.org\",\"@graph\":[{\"@type\":\"WebPage\",\"@id\":\"https:\/\/web.umons.ac.be\/meta\/activites-de-recherche\/\",\"url\":\"https:\/\/web.umons.ac.be\/meta\/activites-de-recherche\/\",\"name\":\"Activit\u00e9s de recherche - Service \/ FPMS - M\u00e9tallurgie\",\"isPartOf\":{\"@id\":\"https:\/\/web.umons.ac.be\/meta\/#website\"},\"datePublished\":\"2021-10-27T08:58:57+00:00\",\"dateModified\":\"2021-11-26T15:10:18+00:00\",\"description\":\"Les principaux domaines de recherche du laboratoire de M\u00e9tallurgie sont les d\u00e9p\u00f4ts chimiques de nickel, la corrosion des alliages m\u00e9talliques, le recyclage des DEEE et les composites \u00e0 matrice m\u00e9tallique.\",\"breadcrumb\":{\"@id\":\"https:\/\/web.umons.ac.be\/meta\/activites-de-recherche\/#breadcrumb\"},\"inLanguage\":\"fr-FR\",\"potentialAction\":[{\"@type\":\"ReadAction\",\"target\":[\"https:\/\/web.umons.ac.be\/meta\/activites-de-recherche\/\"]}]},{\"@type\":\"BreadcrumbList\",\"@id\":\"https:\/\/web.umons.ac.be\/meta\/activites-de-recherche\/#breadcrumb\",\"itemListElement\":[{\"@type\":\"ListItem\",\"position\":1,\"name\":\"Home\",\"item\":\"https:\/\/web.umons.ac.be\/meta\/\"},{\"@type\":\"ListItem\",\"position\":2,\"name\":\"Activit\u00e9s de recherche\"}]},{\"@type\":\"WebSite\",\"@id\":\"https:\/\/web.umons.ac.be\/meta\/#website\",\"url\":\"https:\/\/web.umons.ac.be\/meta\/\",\"name\":\"Service \/ FPMS - M\u00e9tallurgie\",\"description\":\"\",\"potentialAction\":[{\"@type\":\"SearchAction\",\"target\":{\"@type\":\"EntryPoint\",\"urlTemplate\":\"https:\/\/web.umons.ac.be\/meta\/?s={search_term_string}\"},\"query-input\":{\"@type\":\"PropertyValueSpecification\",\"valueRequired\":true,\"valueName\":\"search_term_string\"}}],\"inLanguage\":\"fr-FR\"}]}<\/script>\n<!-- \/ Yoast SEO plugin. -->","yoast_head_json":{"title":"Activit\u00e9s de recherche - Service \/ FPMS - M\u00e9tallurgie","description":"Les principaux domaines de recherche du laboratoire de M\u00e9tallurgie sont les d\u00e9p\u00f4ts chimiques de nickel, la corrosion des alliages m\u00e9talliques, le recyclage des DEEE et les composites \u00e0 matrice m\u00e9tallique.","robots":{"index":"index","follow":"follow","max-snippet":"max-snippet:-1","max-image-preview":"max-image-preview:large","max-video-preview":"max-video-preview:-1"},"canonical":"https:\/\/web.umons.ac.be\/meta\/activites-de-recherche\/","og_locale":"fr_FR","og_type":"article","og_title":"Activit\u00e9s de recherche - Service \/ FPMS - M\u00e9tallurgie","og_description":"Les principaux domaines de recherche du laboratoire de M\u00e9tallurgie sont les d\u00e9p\u00f4ts chimiques de nickel, la corrosion des alliages m\u00e9talliques, le recyclage des DEEE et les composites \u00e0 matrice m\u00e9tallique.","og_url":"https:\/\/web.umons.ac.be\/meta\/activites-de-recherche\/","og_site_name":"Service \/ FPMS - M\u00e9tallurgie","article_modified_time":"2021-11-26T15:10:18+00:00","twitter_card":"summary_large_image","twitter_misc":{"Dur\u00e9e de lecture estim\u00e9e":"1 minute"},"schema":{"@context":"https:\/\/schema.org","@graph":[{"@type":"WebPage","@id":"https:\/\/web.umons.ac.be\/meta\/activites-de-recherche\/","url":"https:\/\/web.umons.ac.be\/meta\/activites-de-recherche\/","name":"Activit\u00e9s de recherche - Service \/ FPMS - M\u00e9tallurgie","isPartOf":{"@id":"https:\/\/web.umons.ac.be\/meta\/#website"},"datePublished":"2021-10-27T08:58:57+00:00","dateModified":"2021-11-26T15:10:18+00:00","description":"Les principaux domaines de recherche du laboratoire de M\u00e9tallurgie sont les d\u00e9p\u00f4ts chimiques de nickel, la corrosion des alliages m\u00e9talliques, le recyclage des DEEE et les composites \u00e0 matrice m\u00e9tallique.","breadcrumb":{"@id":"https:\/\/web.umons.ac.be\/meta\/activites-de-recherche\/#breadcrumb"},"inLanguage":"fr-FR","potentialAction":[{"@type":"ReadAction","target":["https:\/\/web.umons.ac.be\/meta\/activites-de-recherche\/"]}]},{"@type":"BreadcrumbList","@id":"https:\/\/web.umons.ac.be\/meta\/activites-de-recherche\/#breadcrumb","itemListElement":[{"@type":"ListItem","position":1,"name":"Home","item":"https:\/\/web.umons.ac.be\/meta\/"},{"@type":"ListItem","position":2,"name":"Activit\u00e9s de recherche"}]},{"@type":"WebSite","@id":"https:\/\/web.umons.ac.be\/meta\/#website","url":"https:\/\/web.umons.ac.be\/meta\/","name":"Service \/ FPMS - M\u00e9tallurgie","description":"","potentialAction":[{"@type":"SearchAction","target":{"@type":"EntryPoint","urlTemplate":"https:\/\/web.umons.ac.be\/meta\/?s={search_term_string}"},"query-input":{"@type":"PropertyValueSpecification","valueRequired":true,"valueName":"search_term_string"}}],"inLanguage":"fr-FR"}]}},"lang":"fr","translations":{"fr":15,"en":17},"pll_sync_post":[],"_links":{"self":[{"href":"https:\/\/web.umons.ac.be\/meta\/wp-json\/wp\/v2\/pages\/15","targetHints":{"allow":["GET"]}}],"collection":[{"href":"https:\/\/web.umons.ac.be\/meta\/wp-json\/wp\/v2\/pages"}],"about":[{"href":"https:\/\/web.umons.ac.be\/meta\/wp-json\/wp\/v2\/types\/page"}],"author":[{"embeddable":true,"href":"https:\/\/web.umons.ac.be\/meta\/wp-json\/wp\/v2\/users\/2"}],"replies":[{"embeddable":true,"href":"https:\/\/web.umons.ac.be\/meta\/wp-json\/wp\/v2\/comments?post=15"}],"version-history":[{"count":4,"href":"https:\/\/web.umons.ac.be\/meta\/wp-json\/wp\/v2\/pages\/15\/revisions"}],"predecessor-version":[{"id":90,"href":"https:\/\/web.umons.ac.be\/meta\/wp-json\/wp\/v2\/pages\/15\/revisions\/90"}],"wp:attachment":[{"href":"https:\/\/web.umons.ac.be\/meta\/wp-json\/wp\/v2\/media?parent=15"}],"curies":[{"name":"wp","href":"https:\/\/api.w.org\/{rel}","templated":true}]}}