{"id":21,"date":"2021-11-24T12:10:57","date_gmt":"2021-11-24T11:10:57","guid":{"rendered":"https:\/\/web.umons.ac.be\/mfdt\/research-activities\/publications\/"},"modified":"2021-11-24T12:10:57","modified_gmt":"2021-11-24T11:10:57","slug":"publications","status":"publish","type":"page","link":"https:\/\/web.umons.ac.be\/mfdt\/en\/research-activities\/publications\/","title":{"rendered":"Publications"},"content":{"rendered":"<start-cask-shortcode-wrapper><style>\n\t.publications-collection {\n\t\tmargin: 1em 0;\n\t\tpadding: 1em 3em;\n\t\tbackground-color: #f9f9f9;\n\t\tborder: 1px solid #e5e5e5;\n\t}\n\t.collection-link {\n\t\tmargin-top: 1em !important;\n\t\tmargin-bottom: 0 !important;\n\t}\n\t.orbi-introduction {\n\t\tpadding: 15px 0;\n\t\tdisplay: flex;\n\t\tflex-direction: column;\n\t\talign-items: center;\n\t\tgap: 20px;\n\t}\n\t.orbi-introduction img {\n\t\tmax-height: 60px;\n\t}\n\t@media print, screen and (min-width: 48.75em) {\n\t\t.orbi-introduction {\n\t\t\tflex-direction: row;\n\t\t\tjustify-content: space-between;\n\t\t\tgap: 3rem;\n\t\t\talign-items: center;\n\t\t}\n\t}\n<\/style>\n<div class=\"publications-collection content-blockfweg\">\n\t\t<div class=\"orbi-introduction\">\n\t\t<img decoding=\"async\" src=\"\/app\/themes\/umons\/assets\/img\/layout\/orbi.png\" alt=\"ORBI\">\n\t\t<p>\n\t\t\tL\u2019UMONS dispose d\u2019un <strong>d\u00e9p\u00f4t<\/strong> institutionnel, <strong>ORBI<\/strong>, qui comprend de tr\u00e8s nombreuses r\u00e9f\u00e9rences et textes int\u00e9graux de publications, dont une bonne part en Open access.\t\t\t<a href=\"https:\/\/orbi.umons.ac.be\/simple-search?query=&sort_by=issued_dt&order=desc&filter=researchunit%3A%3Aauthority%3A%3AORG_1237\" class=\"button button-primary-alt scheme-background scheme-background-hover collection-link\" target=\"_blank\" rel=\"nofollow\">\n\t\t\t\tConsulter la liste des publications du service dans ORBI\t\t\t\t<span class=\"icon umons-icon-book\" aria-hidden=\"true\"><\/span>\n\t\t\t<\/a>\n\t\t<\/p>\n\t<\/div>\n\t<\/div><end-cask-shortcode-wrapper>\n","protected":false},"excerpt":{"rendered":"","protected":false},"author":4,"featured_media":0,"parent":17,"menu_order":0,"comment_status":"closed","ping_status":"closed","template":"","meta":{"footnotes":""},"class_list":["post-21","page","type-page","status-publish","hentry"],"yoast_head":"<!-- This site is optimized with the Yoast SEO plugin v27.2 - https:\/\/yoast.com\/product\/yoast-seo-wordpress\/ -->\n<title>Publications - Service \/ FWEG - Management financier et Dynamiques territoriales<\/title>\n<meta name=\"robots\" content=\"index, follow, max-snippet:-1, max-image-preview:large, max-video-preview:-1\" \/>\n<link rel=\"canonical\" href=\"https:\/\/web.umons.ac.be\/mfdt\/en\/research-activities\/publications\/\" \/>\n<meta property=\"og:locale\" content=\"fr_FR\" \/>\n<meta property=\"og:type\" content=\"article\" \/>\n<meta property=\"og:title\" content=\"Publications - Service \/ FWEG - Management financier et Dynamiques territoriales\" \/>\n<meta property=\"og:url\" content=\"https:\/\/web.umons.ac.be\/mfdt\/en\/research-activities\/publications\/\" \/>\n<meta property=\"og:site_name\" content=\"Service \/ FWEG - Management financier et Dynamiques territoriales\" \/>\n<meta name=\"twitter:card\" content=\"summary_large_image\" \/>\n<script type=\"application\/ld+json\" class=\"yoast-schema-graph\">{\"@context\":\"https:\/\/schema.org\",\"@graph\":[{\"@type\":\"WebPage\",\"@id\":\"https:\/\/web.umons.ac.be\/mfdt\/en\/research-activities\/publications\/\",\"url\":\"https:\/\/web.umons.ac.be\/mfdt\/en\/research-activities\/publications\/\",\"name\":\"Publications - Service \/ FWEG - Management financier et Dynamiques territoriales\",\"isPartOf\":{\"@id\":\"https:\/\/web.umons.ac.be\/mfdt\/#website\"},\"datePublished\":\"2021-11-24T11:10:57+00:00\",\"breadcrumb\":{\"@id\":\"https:\/\/web.umons.ac.be\/mfdt\/en\/research-activities\/publications\/#breadcrumb\"},\"inLanguage\":\"fr-FR\",\"potentialAction\":[{\"@type\":\"ReadAction\",\"target\":[\"https:\/\/web.umons.ac.be\/mfdt\/en\/research-activities\/publications\/\"]}]},{\"@type\":\"BreadcrumbList\",\"@id\":\"https:\/\/web.umons.ac.be\/mfdt\/en\/research-activities\/publications\/#breadcrumb\",\"itemListElement\":[{\"@type\":\"ListItem\",\"position\":1,\"name\":\"Home\",\"item\":\"https:\/\/web.umons.ac.be\/mfdt\/\"},{\"@type\":\"ListItem\",\"position\":2,\"name\":\"Research activities\",\"item\":\"https:\/\/web.umons.ac.be\/mfdt\/en\/research-activities\/\"},{\"@type\":\"ListItem\",\"position\":3,\"name\":\"Publications\"}]},{\"@type\":\"WebSite\",\"@id\":\"https:\/\/web.umons.ac.be\/mfdt\/#website\",\"url\":\"https:\/\/web.umons.ac.be\/mfdt\/\",\"name\":\"Service \/ FWEG - Management financier et Dynamiques territoriales\",\"description\":\"\",\"potentialAction\":[{\"@type\":\"SearchAction\",\"target\":{\"@type\":\"EntryPoint\",\"urlTemplate\":\"https:\/\/web.umons.ac.be\/mfdt\/?s={search_term_string}\"},\"query-input\":{\"@type\":\"PropertyValueSpecification\",\"valueRequired\":true,\"valueName\":\"search_term_string\"}}],\"inLanguage\":\"fr-FR\"}]}<\/script>\n<!-- \/ Yoast SEO plugin. -->","yoast_head_json":{"title":"Publications - Service \/ FWEG - Management financier et Dynamiques territoriales","robots":{"index":"index","follow":"follow","max-snippet":"max-snippet:-1","max-image-preview":"max-image-preview:large","max-video-preview":"max-video-preview:-1"},"canonical":"https:\/\/web.umons.ac.be\/mfdt\/en\/research-activities\/publications\/","og_locale":"fr_FR","og_type":"article","og_title":"Publications - Service \/ FWEG - Management financier et Dynamiques territoriales","og_url":"https:\/\/web.umons.ac.be\/mfdt\/en\/research-activities\/publications\/","og_site_name":"Service \/ FWEG - Management financier et Dynamiques territoriales","twitter_card":"summary_large_image","schema":{"@context":"https:\/\/schema.org","@graph":[{"@type":"WebPage","@id":"https:\/\/web.umons.ac.be\/mfdt\/en\/research-activities\/publications\/","url":"https:\/\/web.umons.ac.be\/mfdt\/en\/research-activities\/publications\/","name":"Publications - Service \/ FWEG - Management financier et Dynamiques territoriales","isPartOf":{"@id":"https:\/\/web.umons.ac.be\/mfdt\/#website"},"datePublished":"2021-11-24T11:10:57+00:00","breadcrumb":{"@id":"https:\/\/web.umons.ac.be\/mfdt\/en\/research-activities\/publications\/#breadcrumb"},"inLanguage":"fr-FR","potentialAction":[{"@type":"ReadAction","target":["https:\/\/web.umons.ac.be\/mfdt\/en\/research-activities\/publications\/"]}]},{"@type":"BreadcrumbList","@id":"https:\/\/web.umons.ac.be\/mfdt\/en\/research-activities\/publications\/#breadcrumb","itemListElement":[{"@type":"ListItem","position":1,"name":"Home","item":"https:\/\/web.umons.ac.be\/mfdt\/"},{"@type":"ListItem","position":2,"name":"Research activities","item":"https:\/\/web.umons.ac.be\/mfdt\/en\/research-activities\/"},{"@type":"ListItem","position":3,"name":"Publications"}]},{"@type":"WebSite","@id":"https:\/\/web.umons.ac.be\/mfdt\/#website","url":"https:\/\/web.umons.ac.be\/mfdt\/","name":"Service \/ FWEG - Management financier et Dynamiques territoriales","description":"","potentialAction":[{"@type":"SearchAction","target":{"@type":"EntryPoint","urlTemplate":"https:\/\/web.umons.ac.be\/mfdt\/?s={search_term_string}"},"query-input":{"@type":"PropertyValueSpecification","valueRequired":true,"valueName":"search_term_string"}}],"inLanguage":"fr-FR"}]}},"lang":"en","translations":{"en":21,"fr":19},"pll_sync_post":[],"_links":{"self":[{"href":"https:\/\/web.umons.ac.be\/mfdt\/wp-json\/wp\/v2\/pages\/21","targetHints":{"allow":["GET"]}}],"collection":[{"href":"https:\/\/web.umons.ac.be\/mfdt\/wp-json\/wp\/v2\/pages"}],"about":[{"href":"https:\/\/web.umons.ac.be\/mfdt\/wp-json\/wp\/v2\/types\/page"}],"author":[{"embeddable":true,"href":"https:\/\/web.umons.ac.be\/mfdt\/wp-json\/wp\/v2\/users\/4"}],"replies":[{"embeddable":true,"href":"https:\/\/web.umons.ac.be\/mfdt\/wp-json\/wp\/v2\/comments?post=21"}],"version-history":[{"count":0,"href":"https:\/\/web.umons.ac.be\/mfdt\/wp-json\/wp\/v2\/pages\/21\/revisions"}],"up":[{"embeddable":true,"href":"https:\/\/web.umons.ac.be\/mfdt\/wp-json\/wp\/v2\/pages\/17"}],"wp:attachment":[{"href":"https:\/\/web.umons.ac.be\/mfdt\/wp-json\/wp\/v2\/media?parent=21"}],"curies":[{"name":"wp","href":"https:\/\/api.w.org\/{rel}","templated":true}]}}