{"id":15,"date":"2021-11-05T14:52:22","date_gmt":"2021-11-05T13:52:22","guid":{"rendered":"https:\/\/web.umons.ac.be\/mit\/activites-de-recherche\/"},"modified":"2021-11-05T14:59:44","modified_gmt":"2021-11-05T13:59:44","slug":"activites-de-recherche","status":"publish","type":"page","link":"https:\/\/web.umons.ac.be\/mit\/activites-de-recherche\/","title":{"rendered":"Activit\u00e9s de recherche"},"content":{"rendered":"<p>L&rsquo;\u00e9quipe m\u00e8ne des recherches dans des domaines \u00e9mergents li\u00e9s \u00e0 l&rsquo;innovation et le d\u00e9veloppement durable, l&rsquo;intelligence artificielle et l&rsquo;internet des objets. Nos recherches se d\u00e9ploient tout au long de la cha\u00eene d&rsquo;information: de la capture des donn\u00e9es par l&rsquo;IoT jusqu&rsquo;\u00e0 la recommandation ou la prise de d\u00e9cision en fonction des enjeux en pr\u00e9sence.<\/p>\n<p>Plus pr\u00e9cis\u00e9ment, nous \u00e9tudions les processus de d\u00e9cision en entreprise face \u00e0 plusieurs crit\u00e8res et \u00e0 l&rsquo;incertain, tout en prenant compte les aspects \u00e9thiques et environnementaux du d\u00e9veloppement durable. Nous concevons des syst\u00e8mes de recommandation s&rsquo;appuyant sur les d\u00e9veloppements les plus r\u00e9cents de l&rsquo;I.A. Dans le domaine de la mod\u00e9lisation des processus ou des entreprises, nous d\u00e9veloppons des outils d&rsquo;analyse et d&rsquo;optimisation (process mining).<\/p>\n<hr \/>\n<p>Notre service est, par ailleurs rattach\u00e9 \u00e0 un institut de recherche de l\u2019UMONS :<\/p>\n<start-cask-shortcode-wrapper>\t\t<div class=\"associated-institutes content-block scheme-fpms\">\n\t\t\t<ul class=\"institutes-list\">\n\t\t\t\t\t\t\t\t\t\t<li>\n\t\t\t\t\t\t\t<a href=\"https:\/\/web.umons.ac.be\/complexys\" title=\"Acc\u00e9der au site web de : Institut \/ Complexys\" class=\"associated-institute\">\n\t\t\t\t\t\t\t\t<img loading=\"lazy\" decoding=\"async\" width=\"1\" height=\"1\" src=\"https:\/\/web.umons.ac.be\/app\/uploads\/sites\/31\/2017\/11\/complexys_logo_fr.svg\" class=\"attachment-thumbnail size-thumbnail\" alt=\"\" \/>\t\t\t\t\t\t\t<\/a>\t\t\t\n\t\t\t\t\t\t<\/li>\n\t\t\t\t\t\t\t\t\t\t<li>\n\t\t\t\t\t\t\t<a href=\"https:\/\/web.umons.ac.be\/infortech\" title=\"Acc\u00e9der au site web de : Institut \/ Infortech\" class=\"associated-institute\">\n\t\t\t\t\t\t\t\t<img loading=\"lazy\" decoding=\"async\" width=\"1\" height=\"1\" src=\"https:\/\/web.umons.ac.be\/app\/uploads\/sites\/34\/2017\/12\/infortech_logo_fr.svg\" class=\"attachment-thumbnail size-thumbnail\" alt=\"\" \/>\t\t\t\t\t\t\t<\/a>\t\t\t\n\t\t\t\t\t\t<\/li>\n\t\t\t\t\t\t\t\t\t\t<li>\n\t\t\t\t\t\t\t<a href=\"https:\/\/web.umons.ac.be\/numediart\" title=\"Acc\u00e9der au site web de : Institut \/ Num\u00e9diart\" class=\"associated-institute\">\n\t\t\t\t\t\t\t\t<img loading=\"lazy\" decoding=\"async\" width=\"1\" height=\"1\" src=\"https:\/\/web.umons.ac.be\/app\/uploads\/sites\/37\/2017\/12\/numediart_logo_fr.svg\" class=\"attachment-thumbnail size-thumbnail\" alt=\"\" \/>\t\t\t\t\t\t\t<\/a>\t\t\t\n\t\t\t\t\t\t<\/li>\n\t\t\t\t\t\t\t\t\t\t<li>\n\t\t\t\t\t\t\t<a href=\"https:\/\/web.umons.ac.be\/sante\" title=\"Acc\u00e9der au site web de : Institut \/ Sant\u00e9\" class=\"associated-institute\">\n\t\t\t\t\t\t\t\t<img loading=\"lazy\" decoding=\"async\" width=\"1\" height=\"1\" src=\"https:\/\/web.umons.ac.be\/app\/uploads\/sites\/35\/2021\/03\/sante_logo_fr.svg\" class=\"attachment-thumbnail size-thumbnail\" alt=\"\" \/>\t\t\t\t\t\t\t<\/a>\t\t\t\n\t\t\t\t\t\t<\/li>\n\t\t\t\t\t\t\t<\/ul>\n\t\t<\/div>\n <end-cask-shortcode-wrapper>\n","protected":false},"excerpt":{"rendered":"<p>L&rsquo;\u00e9quipe m\u00e8ne des recherches dans des domaines \u00e9mergents li\u00e9s \u00e0 l&rsquo;innovation et le d\u00e9veloppement durable, l&rsquo;intelligence artificielle et l&rsquo;internet des objets. Nos recherches se d\u00e9ploient tout au long de la cha\u00eene d&rsquo;information: de la capture des donn\u00e9es par l&rsquo;IoT jusqu&rsquo;\u00e0 la recommandation ou la prise de d\u00e9cision en fonction des enjeux en pr\u00e9sence. Plus pr\u00e9cis\u00e9ment, [&hellip;]<\/p>\n","protected":false},"author":4,"featured_media":0,"parent":0,"menu_order":0,"comment_status":"closed","ping_status":"closed","template":"","meta":{"footnotes":""},"class_list":["post-15","page","type-page","status-publish","hentry"],"yoast_head":"<!-- This site is optimized with the Yoast SEO plugin v27.2 - https:\/\/yoast.com\/product\/yoast-seo-wordpress\/ -->\n<title>Activit\u00e9s de recherche - Service \/ FPMS - Management de l\u2019Innovation Technologique<\/title>\n<meta name=\"robots\" content=\"index, follow, max-snippet:-1, max-image-preview:large, max-video-preview:-1\" \/>\n<link rel=\"canonical\" href=\"https:\/\/web.umons.ac.be\/mit\/activites-de-recherche\/\" \/>\n<meta property=\"og:locale\" content=\"fr_FR\" \/>\n<meta property=\"og:type\" content=\"article\" \/>\n<meta property=\"og:title\" content=\"Activit\u00e9s de recherche - Service \/ FPMS - Management de l\u2019Innovation Technologique\" \/>\n<meta property=\"og:description\" content=\"L&rsquo;\u00e9quipe m\u00e8ne des recherches dans des domaines \u00e9mergents li\u00e9s \u00e0 l&rsquo;innovation et le d\u00e9veloppement durable, l&rsquo;intelligence artificielle et l&rsquo;internet des objets. Nos recherches se d\u00e9ploient tout au long de la cha\u00eene d&rsquo;information: de la capture des donn\u00e9es par l&rsquo;IoT jusqu&rsquo;\u00e0 la recommandation ou la prise de d\u00e9cision en fonction des enjeux en pr\u00e9sence. Plus pr\u00e9cis\u00e9ment, [&hellip;]\" \/>\n<meta property=\"og:url\" content=\"https:\/\/web.umons.ac.be\/mit\/activites-de-recherche\/\" \/>\n<meta property=\"og:site_name\" content=\"Service \/ FPMS - Management de l\u2019Innovation Technologique\" \/>\n<meta property=\"article:modified_time\" content=\"2021-11-05T13:59:44+00:00\" \/>\n<meta name=\"twitter:card\" content=\"summary_large_image\" \/>\n<meta name=\"twitter:label1\" content=\"Dur\u00e9e de lecture estim\u00e9e\" \/>\n\t<meta name=\"twitter:data1\" content=\"1 minute\" \/>\n<script type=\"application\/ld+json\" class=\"yoast-schema-graph\">{\"@context\":\"https:\/\/schema.org\",\"@graph\":[{\"@type\":\"WebPage\",\"@id\":\"https:\/\/web.umons.ac.be\/mit\/activites-de-recherche\/\",\"url\":\"https:\/\/web.umons.ac.be\/mit\/activites-de-recherche\/\",\"name\":\"Activit\u00e9s de recherche - Service \/ FPMS - Management de l\u2019Innovation Technologique\",\"isPartOf\":{\"@id\":\"https:\/\/web.umons.ac.be\/mit\/#website\"},\"datePublished\":\"2021-11-05T13:52:22+00:00\",\"dateModified\":\"2021-11-05T13:59:44+00:00\",\"breadcrumb\":{\"@id\":\"https:\/\/web.umons.ac.be\/mit\/activites-de-recherche\/#breadcrumb\"},\"inLanguage\":\"fr-FR\",\"potentialAction\":[{\"@type\":\"ReadAction\",\"target\":[\"https:\/\/web.umons.ac.be\/mit\/activites-de-recherche\/\"]}]},{\"@type\":\"BreadcrumbList\",\"@id\":\"https:\/\/web.umons.ac.be\/mit\/activites-de-recherche\/#breadcrumb\",\"itemListElement\":[{\"@type\":\"ListItem\",\"position\":1,\"name\":\"Home\",\"item\":\"https:\/\/web.umons.ac.be\/mit\/\"},{\"@type\":\"ListItem\",\"position\":2,\"name\":\"Activit\u00e9s de recherche\"}]},{\"@type\":\"WebSite\",\"@id\":\"https:\/\/web.umons.ac.be\/mit\/#website\",\"url\":\"https:\/\/web.umons.ac.be\/mit\/\",\"name\":\"Service \/ FPMS - Management de l\u2019Innovation Technologique\",\"description\":\"\",\"potentialAction\":[{\"@type\":\"SearchAction\",\"target\":{\"@type\":\"EntryPoint\",\"urlTemplate\":\"https:\/\/web.umons.ac.be\/mit\/?s={search_term_string}\"},\"query-input\":{\"@type\":\"PropertyValueSpecification\",\"valueRequired\":true,\"valueName\":\"search_term_string\"}}],\"inLanguage\":\"fr-FR\"}]}<\/script>\n<!-- \/ Yoast SEO plugin. -->","yoast_head_json":{"title":"Activit\u00e9s de recherche - Service \/ FPMS - Management de l\u2019Innovation Technologique","robots":{"index":"index","follow":"follow","max-snippet":"max-snippet:-1","max-image-preview":"max-image-preview:large","max-video-preview":"max-video-preview:-1"},"canonical":"https:\/\/web.umons.ac.be\/mit\/activites-de-recherche\/","og_locale":"fr_FR","og_type":"article","og_title":"Activit\u00e9s de recherche - Service \/ FPMS - Management de l\u2019Innovation Technologique","og_description":"L&rsquo;\u00e9quipe m\u00e8ne des recherches dans des domaines \u00e9mergents li\u00e9s \u00e0 l&rsquo;innovation et le d\u00e9veloppement durable, l&rsquo;intelligence artificielle et l&rsquo;internet des objets. Nos recherches se d\u00e9ploient tout au long de la cha\u00eene d&rsquo;information: de la capture des donn\u00e9es par l&rsquo;IoT jusqu&rsquo;\u00e0 la recommandation ou la prise de d\u00e9cision en fonction des enjeux en pr\u00e9sence. Plus pr\u00e9cis\u00e9ment, [&hellip;]","og_url":"https:\/\/web.umons.ac.be\/mit\/activites-de-recherche\/","og_site_name":"Service \/ FPMS - Management de l\u2019Innovation Technologique","article_modified_time":"2021-11-05T13:59:44+00:00","twitter_card":"summary_large_image","twitter_misc":{"Dur\u00e9e de lecture estim\u00e9e":"1 minute"},"schema":{"@context":"https:\/\/schema.org","@graph":[{"@type":"WebPage","@id":"https:\/\/web.umons.ac.be\/mit\/activites-de-recherche\/","url":"https:\/\/web.umons.ac.be\/mit\/activites-de-recherche\/","name":"Activit\u00e9s de recherche - Service \/ FPMS - Management de l\u2019Innovation Technologique","isPartOf":{"@id":"https:\/\/web.umons.ac.be\/mit\/#website"},"datePublished":"2021-11-05T13:52:22+00:00","dateModified":"2021-11-05T13:59:44+00:00","breadcrumb":{"@id":"https:\/\/web.umons.ac.be\/mit\/activites-de-recherche\/#breadcrumb"},"inLanguage":"fr-FR","potentialAction":[{"@type":"ReadAction","target":["https:\/\/web.umons.ac.be\/mit\/activites-de-recherche\/"]}]},{"@type":"BreadcrumbList","@id":"https:\/\/web.umons.ac.be\/mit\/activites-de-recherche\/#breadcrumb","itemListElement":[{"@type":"ListItem","position":1,"name":"Home","item":"https:\/\/web.umons.ac.be\/mit\/"},{"@type":"ListItem","position":2,"name":"Activit\u00e9s de recherche"}]},{"@type":"WebSite","@id":"https:\/\/web.umons.ac.be\/mit\/#website","url":"https:\/\/web.umons.ac.be\/mit\/","name":"Service \/ FPMS - Management de l\u2019Innovation Technologique","description":"","potentialAction":[{"@type":"SearchAction","target":{"@type":"EntryPoint","urlTemplate":"https:\/\/web.umons.ac.be\/mit\/?s={search_term_string}"},"query-input":{"@type":"PropertyValueSpecification","valueRequired":true,"valueName":"search_term_string"}}],"inLanguage":"fr-FR"}]}},"lang":"fr","translations":{"fr":15,"en":17},"pll_sync_post":[],"_links":{"self":[{"href":"https:\/\/web.umons.ac.be\/mit\/wp-json\/wp\/v2\/pages\/15","targetHints":{"allow":["GET"]}}],"collection":[{"href":"https:\/\/web.umons.ac.be\/mit\/wp-json\/wp\/v2\/pages"}],"about":[{"href":"https:\/\/web.umons.ac.be\/mit\/wp-json\/wp\/v2\/types\/page"}],"author":[{"embeddable":true,"href":"https:\/\/web.umons.ac.be\/mit\/wp-json\/wp\/v2\/users\/4"}],"replies":[{"embeddable":true,"href":"https:\/\/web.umons.ac.be\/mit\/wp-json\/wp\/v2\/comments?post=15"}],"version-history":[{"count":1,"href":"https:\/\/web.umons.ac.be\/mit\/wp-json\/wp\/v2\/pages\/15\/revisions"}],"predecessor-version":[{"id":47,"href":"https:\/\/web.umons.ac.be\/mit\/wp-json\/wp\/v2\/pages\/15\/revisions\/47"}],"wp:attachment":[{"href":"https:\/\/web.umons.ac.be\/mit\/wp-json\/wp\/v2\/media?parent=15"}],"curies":[{"name":"wp","href":"https:\/\/api.w.org\/{rel}","templated":true}]}}