{"id":11,"date":"2021-11-03T09:57:18","date_gmt":"2021-11-03T08:57:18","guid":{"rendered":"https:\/\/web.umons.ac.be\/mrdv\/activites-denseignement\/"},"modified":"2021-12-15T11:12:48","modified_gmt":"2021-12-15T10:12:48","slug":"activites-denseignement","status":"publish","type":"page","link":"https:\/\/web.umons.ac.be\/mrdv\/activites-denseignement\/","title":{"rendered":"Activit\u00e9s d&rsquo;enseignement"},"content":{"rendered":"<ul>\n<li>M\u00e9canique rationnelle I (campus de Mons, Prof. Olivier VERLINDEN)<\/li>\n<li>M\u00e9canique rationnelle II (campus de Mons, Prof. Olivier VERLINDEN)<\/li>\n<li>Cin\u00e9matique, statique: m\u00e9thode des travaux virtuels ou du minimum d&rsquo;\u00e9nergie potentielle (campus de Charleroi, Prof. Olivier VERLINDEN)<\/li>\n<li>Statique: m\u00e9thodes par \u00e9quilibre de forces &#8211; Forces internes des syst\u00e8mes de poutres (campus de Charleroi, Prof. Olivier VERLINDEN)<\/li>\n<li>Dynamique et vibrations des syst\u00e8mes m\u00e9caniques (campus de Mons, Prof. Georges KOUROUSSIS)<\/li>\n<li>Dynamique et vibrations des machines (campus de Charleroi, Dr Bryan OLIVIER)<\/li>\n<li>Computer-aided Kinematics and Dynamics of Mechanical Systems (campus de Mons, Prof. Olivier VERLINDEN)<\/li>\n<li>Engineering Vibration and Structural Analysis (campus de Mons, Prof. Georges KOUROUSSIS)<\/li>\n<li>Modelling and Simulation of Active Mechanical Systems (campus de Mons, Prof. Olivier VERLINDEN)<\/li>\n<li>Techniques d&rsquo;ing\u00e9nierie vibratoire (campus de Mons, Prof. Georges KOUROUSSIS)<\/li>\n<li>Instrumentation analogique et num\u00e9rique (campus de Mons, Prof. Olivier VERLINDEN)<\/li>\n<li>Project of Digital Control (campus de Mons, Prof. Olivier VERLINDEN)<\/li>\n<li>R\u00e9seaux de capteurs (campus de Mons, Prof. Olivier VERLINDEN)<\/li>\n<li>Robotics and Biomedical Applications (campus de Mons, Prof. Olivier VERLINDEN)<\/li>\n<li>S\u00e9curit\u00e9 des syst\u00e8mes m\u00e9catroniques (campus de Mons, Prof. Georges KOUROUSSIS)<\/li>\n<li>Vibration et environnement (campus de Mons, Prof. Georges KOUROUSSIS)<\/li>\n<li>Bruit des machines (campus de Mons, Prof. Georges KOUROUSSIS)<\/li>\n<\/ul>\n<div id=\"ConnectiveDocSignExtentionInstalled\" data-extension-version=\"1.0.4\"><\/div>\n","protected":false},"excerpt":{"rendered":"<p>M\u00e9canique rationnelle I (campus de Mons, Prof. Olivier VERLINDEN) M\u00e9canique rationnelle II (campus de Mons, Prof. Olivier VERLINDEN) Cin\u00e9matique, statique: m\u00e9thode des travaux virtuels ou du minimum d&rsquo;\u00e9nergie potentielle (campus de Charleroi, Prof. Olivier VERLINDEN) Statique: m\u00e9thodes par \u00e9quilibre de forces &#8211; Forces internes des syst\u00e8mes de poutres (campus de Charleroi, Prof. Olivier VERLINDEN) Dynamique [&hellip;]<\/p>\n","protected":false},"author":4,"featured_media":0,"parent":0,"menu_order":0,"comment_status":"closed","ping_status":"closed","template":"","meta":{"footnotes":""},"class_list":["post-11","page","type-page","status-publish","hentry"],"yoast_head":"<!-- This site is optimized with the Yoast SEO plugin v27.2 - https:\/\/yoast.com\/product\/yoast-seo-wordpress\/ -->\n<title>Activit\u00e9s d&#039;enseignement - Service \/ FPMS - M\u00e9canique rationnelle, Dynamique et Vibrations<\/title>\n<meta name=\"robots\" content=\"index, follow, max-snippet:-1, max-image-preview:large, max-video-preview:-1\" \/>\n<link rel=\"canonical\" href=\"https:\/\/web.umons.ac.be\/mrdv\/activites-denseignement\/\" \/>\n<meta property=\"og:locale\" content=\"fr_FR\" \/>\n<meta property=\"og:type\" content=\"article\" \/>\n<meta property=\"og:title\" content=\"Activit\u00e9s d&#039;enseignement - Service \/ FPMS - M\u00e9canique rationnelle, Dynamique et Vibrations\" \/>\n<meta property=\"og:description\" content=\"M\u00e9canique rationnelle I (campus de Mons, Prof. Olivier VERLINDEN) M\u00e9canique rationnelle II (campus de Mons, Prof. Olivier VERLINDEN) Cin\u00e9matique, statique: m\u00e9thode des travaux virtuels ou du minimum d&rsquo;\u00e9nergie potentielle (campus de Charleroi, Prof. Olivier VERLINDEN) Statique: m\u00e9thodes par \u00e9quilibre de forces &#8211; Forces internes des syst\u00e8mes de poutres (campus de Charleroi, Prof. Olivier VERLINDEN) Dynamique [&hellip;]\" \/>\n<meta property=\"og:url\" content=\"https:\/\/web.umons.ac.be\/mrdv\/activites-denseignement\/\" \/>\n<meta property=\"og:site_name\" content=\"Service \/ FPMS - M\u00e9canique rationnelle, Dynamique et Vibrations\" \/>\n<meta property=\"article:modified_time\" content=\"2021-12-15T10:12:48+00:00\" \/>\n<meta name=\"twitter:card\" content=\"summary_large_image\" \/>\n<meta name=\"twitter:label1\" content=\"Dur\u00e9e de lecture estim\u00e9e\" \/>\n\t<meta name=\"twitter:data1\" content=\"1 minute\" \/>\n<script type=\"application\/ld+json\" class=\"yoast-schema-graph\">{\"@context\":\"https:\/\/schema.org\",\"@graph\":[{\"@type\":\"WebPage\",\"@id\":\"https:\/\/web.umons.ac.be\/mrdv\/activites-denseignement\/\",\"url\":\"https:\/\/web.umons.ac.be\/mrdv\/activites-denseignement\/\",\"name\":\"Activit\u00e9s d'enseignement - Service \/ FPMS - M\u00e9canique rationnelle, Dynamique et Vibrations\",\"isPartOf\":{\"@id\":\"https:\/\/web.umons.ac.be\/mrdv\/#website\"},\"datePublished\":\"2021-11-03T08:57:18+00:00\",\"dateModified\":\"2021-12-15T10:12:48+00:00\",\"breadcrumb\":{\"@id\":\"https:\/\/web.umons.ac.be\/mrdv\/activites-denseignement\/#breadcrumb\"},\"inLanguage\":\"fr-FR\",\"potentialAction\":[{\"@type\":\"ReadAction\",\"target\":[\"https:\/\/web.umons.ac.be\/mrdv\/activites-denseignement\/\"]}]},{\"@type\":\"BreadcrumbList\",\"@id\":\"https:\/\/web.umons.ac.be\/mrdv\/activites-denseignement\/#breadcrumb\",\"itemListElement\":[{\"@type\":\"ListItem\",\"position\":1,\"name\":\"Home\",\"item\":\"https:\/\/web.umons.ac.be\/mrdv\/\"},{\"@type\":\"ListItem\",\"position\":2,\"name\":\"Activit\u00e9s d&rsquo;enseignement\"}]},{\"@type\":\"WebSite\",\"@id\":\"https:\/\/web.umons.ac.be\/mrdv\/#website\",\"url\":\"https:\/\/web.umons.ac.be\/mrdv\/\",\"name\":\"Service \/ FPMS - M\u00e9canique rationnelle, Dynamique et Vibrations\",\"description\":\"\",\"potentialAction\":[{\"@type\":\"SearchAction\",\"target\":{\"@type\":\"EntryPoint\",\"urlTemplate\":\"https:\/\/web.umons.ac.be\/mrdv\/?s={search_term_string}\"},\"query-input\":{\"@type\":\"PropertyValueSpecification\",\"valueRequired\":true,\"valueName\":\"search_term_string\"}}],\"inLanguage\":\"fr-FR\"}]}<\/script>\n<!-- \/ Yoast SEO plugin. -->","yoast_head_json":{"title":"Activit\u00e9s d'enseignement - Service \/ FPMS - M\u00e9canique rationnelle, Dynamique et Vibrations","robots":{"index":"index","follow":"follow","max-snippet":"max-snippet:-1","max-image-preview":"max-image-preview:large","max-video-preview":"max-video-preview:-1"},"canonical":"https:\/\/web.umons.ac.be\/mrdv\/activites-denseignement\/","og_locale":"fr_FR","og_type":"article","og_title":"Activit\u00e9s d'enseignement - Service \/ FPMS - M\u00e9canique rationnelle, Dynamique et Vibrations","og_description":"M\u00e9canique rationnelle I (campus de Mons, Prof. Olivier VERLINDEN) M\u00e9canique rationnelle II (campus de Mons, Prof. Olivier VERLINDEN) Cin\u00e9matique, statique: m\u00e9thode des travaux virtuels ou du minimum d&rsquo;\u00e9nergie potentielle (campus de Charleroi, Prof. Olivier VERLINDEN) Statique: m\u00e9thodes par \u00e9quilibre de forces &#8211; Forces internes des syst\u00e8mes de poutres (campus de Charleroi, Prof. Olivier VERLINDEN) Dynamique [&hellip;]","og_url":"https:\/\/web.umons.ac.be\/mrdv\/activites-denseignement\/","og_site_name":"Service \/ FPMS - M\u00e9canique rationnelle, Dynamique et Vibrations","article_modified_time":"2021-12-15T10:12:48+00:00","twitter_card":"summary_large_image","twitter_misc":{"Dur\u00e9e de lecture estim\u00e9e":"1 minute"},"schema":{"@context":"https:\/\/schema.org","@graph":[{"@type":"WebPage","@id":"https:\/\/web.umons.ac.be\/mrdv\/activites-denseignement\/","url":"https:\/\/web.umons.ac.be\/mrdv\/activites-denseignement\/","name":"Activit\u00e9s d'enseignement - Service \/ FPMS - M\u00e9canique rationnelle, Dynamique et Vibrations","isPartOf":{"@id":"https:\/\/web.umons.ac.be\/mrdv\/#website"},"datePublished":"2021-11-03T08:57:18+00:00","dateModified":"2021-12-15T10:12:48+00:00","breadcrumb":{"@id":"https:\/\/web.umons.ac.be\/mrdv\/activites-denseignement\/#breadcrumb"},"inLanguage":"fr-FR","potentialAction":[{"@type":"ReadAction","target":["https:\/\/web.umons.ac.be\/mrdv\/activites-denseignement\/"]}]},{"@type":"BreadcrumbList","@id":"https:\/\/web.umons.ac.be\/mrdv\/activites-denseignement\/#breadcrumb","itemListElement":[{"@type":"ListItem","position":1,"name":"Home","item":"https:\/\/web.umons.ac.be\/mrdv\/"},{"@type":"ListItem","position":2,"name":"Activit\u00e9s d&rsquo;enseignement"}]},{"@type":"WebSite","@id":"https:\/\/web.umons.ac.be\/mrdv\/#website","url":"https:\/\/web.umons.ac.be\/mrdv\/","name":"Service \/ FPMS - M\u00e9canique rationnelle, Dynamique et Vibrations","description":"","potentialAction":[{"@type":"SearchAction","target":{"@type":"EntryPoint","urlTemplate":"https:\/\/web.umons.ac.be\/mrdv\/?s={search_term_string}"},"query-input":{"@type":"PropertyValueSpecification","valueRequired":true,"valueName":"search_term_string"}}],"inLanguage":"fr-FR"}]}},"lang":"fr","translations":{"fr":11,"en":13},"pll_sync_post":[],"_links":{"self":[{"href":"https:\/\/web.umons.ac.be\/mrdv\/wp-json\/wp\/v2\/pages\/11","targetHints":{"allow":["GET"]}}],"collection":[{"href":"https:\/\/web.umons.ac.be\/mrdv\/wp-json\/wp\/v2\/pages"}],"about":[{"href":"https:\/\/web.umons.ac.be\/mrdv\/wp-json\/wp\/v2\/types\/page"}],"author":[{"embeddable":true,"href":"https:\/\/web.umons.ac.be\/mrdv\/wp-json\/wp\/v2\/users\/4"}],"replies":[{"embeddable":true,"href":"https:\/\/web.umons.ac.be\/mrdv\/wp-json\/wp\/v2\/comments?post=11"}],"version-history":[{"count":3,"href":"https:\/\/web.umons.ac.be\/mrdv\/wp-json\/wp\/v2\/pages\/11\/revisions"}],"predecessor-version":[{"id":207,"href":"https:\/\/web.umons.ac.be\/mrdv\/wp-json\/wp\/v2\/pages\/11\/revisions\/207"}],"wp:attachment":[{"href":"https:\/\/web.umons.ac.be\/mrdv\/wp-json\/wp\/v2\/media?parent=11"}],"curies":[{"name":"wp","href":"https:\/\/api.w.org\/{rel}","templated":true}]}}