{"id":197,"date":"2021-12-15T10:39:34","date_gmt":"2021-12-15T09:39:34","guid":{"rendered":"https:\/\/web.umons.ac.be\/mrdv\/?page_id=197"},"modified":"2021-12-15T12:00:45","modified_gmt":"2021-12-15T11:00:45","slug":"consultance","status":"publish","type":"page","link":"https:\/\/web.umons.ac.be\/mrdv\/consultance\/","title":{"rendered":"Consultance"},"content":{"rendered":"<p>Le Service r\u00e9alise des expertises et des projets de consultance pour l&rsquo;industrie, dans les domaines des vibrations et de l&rsquo;acoustique. De plus en plus de litiges apparaissent, concernant l&rsquo;exposition au bruit et aux vibrations dans l&rsquo;environnement ou sur le lieu de travail. L&rsquo;entr\u00e9e en vigueur des directives europ\u00e9ennes 2002\/44\/CE et 2003\/10\/CE relatives \u00e0 la protection des travailleurs montrent que le bruit et les vibrations deviennent des sujets incontournables pour l&rsquo;industrie. Le service dispose des comp\u00e9tences et des outils n\u00e9cessaires \u00e0 la quantification de telles nuisances, \u00e0 l&rsquo;\u00e9valuation des risques qui en d\u00e9coulent pour la sant\u00e9, ainsi qu&rsquo;\u00e0 la recherche de solutions techniques adapt\u00e9es. Nous \u00e9paulons \u00e9galement les entreprises dans le d\u00e9veloppement de leurs produits afin de les rendre moins bruyants et moins vibrants.<\/p>\n<p><img loading=\"lazy\" decoding=\"async\" class=\"size-medium wp-image-198 aligncenter\" src=\"https:\/\/web.umons.ac.be\/app\/uploads\/sites\/70\/2021\/12\/modyva-logo-300x77.png\" alt=\"\" width=\"300\" height=\"77\" srcset=\"https:\/\/web.umons.ac.be\/app\/uploads\/sites\/70\/2021\/12\/modyva-logo-300x77.png 300w, https:\/\/web.umons.ac.be\/app\/uploads\/sites\/70\/2021\/12\/modyva-logo-30x8.png 30w, https:\/\/web.umons.ac.be\/app\/uploads\/sites\/70\/2021\/12\/modyva-logo-60x15.png 60w, https:\/\/web.umons.ac.be\/app\/uploads\/sites\/70\/2021\/12\/modyva-logo.png 360w\" sizes=\"auto, (max-width: 300px) 100vw, 300px\" \/><\/p>\n<p style=\"text-align: center\"><a href=\"http:\/\/www.modyva.be\" target=\"_blank\" rel=\"noopener\">www.modyva.be<\/a><\/p>\n<div id=\"ConnectiveDocSignExtentionInstalled\" data-extension-version=\"1.0.4\"><\/div>\n","protected":false},"excerpt":{"rendered":"<p>Le Service r\u00e9alise des expertises et des projets de consultance pour l&rsquo;industrie, dans les domaines des vibrations et de l&rsquo;acoustique. De plus en plus de litiges apparaissent, concernant l&rsquo;exposition au bruit et aux vibrations dans l&rsquo;environnement ou sur le lieu de travail. L&rsquo;entr\u00e9e en vigueur des directives europ\u00e9ennes 2002\/44\/CE et 2003\/10\/CE relatives \u00e0 la protection [&hellip;]<\/p>\n","protected":false},"author":108,"featured_media":0,"parent":0,"menu_order":0,"comment_status":"closed","ping_status":"closed","template":"","meta":{"footnotes":""},"class_list":["post-197","page","type-page","status-publish","hentry"],"yoast_head":"<!-- This site is optimized with the Yoast SEO plugin v27.2 - https:\/\/yoast.com\/product\/yoast-seo-wordpress\/ -->\n<title>Consultance - Service \/ FPMS - M\u00e9canique rationnelle, Dynamique et Vibrations<\/title>\n<meta name=\"robots\" content=\"index, follow, max-snippet:-1, max-image-preview:large, max-video-preview:-1\" \/>\n<link rel=\"canonical\" href=\"https:\/\/web.umons.ac.be\/mrdv\/consultance\/\" \/>\n<meta property=\"og:locale\" content=\"fr_FR\" \/>\n<meta property=\"og:type\" content=\"article\" \/>\n<meta property=\"og:title\" content=\"Consultance - Service \/ FPMS - M\u00e9canique rationnelle, Dynamique et Vibrations\" \/>\n<meta property=\"og:description\" content=\"Le Service r\u00e9alise des expertises et des projets de consultance pour l&rsquo;industrie, dans les domaines des vibrations et de l&rsquo;acoustique. De plus en plus de litiges apparaissent, concernant l&rsquo;exposition au bruit et aux vibrations dans l&rsquo;environnement ou sur le lieu de travail. L&rsquo;entr\u00e9e en vigueur des directives europ\u00e9ennes 2002\/44\/CE et 2003\/10\/CE relatives \u00e0 la protection [&hellip;]\" \/>\n<meta property=\"og:url\" content=\"https:\/\/web.umons.ac.be\/mrdv\/consultance\/\" \/>\n<meta property=\"og:site_name\" content=\"Service \/ FPMS - M\u00e9canique rationnelle, Dynamique et Vibrations\" \/>\n<meta property=\"article:modified_time\" content=\"2021-12-15T11:00:45+00:00\" \/>\n<meta property=\"og:image\" content=\"https:\/\/web.umons.ac.be\/app\/uploads\/sites\/70\/2021\/12\/modyva-logo-300x77.png\" \/>\n<meta name=\"twitter:card\" content=\"summary_large_image\" \/>\n<meta name=\"twitter:label1\" content=\"Dur\u00e9e de lecture estim\u00e9e\" \/>\n\t<meta name=\"twitter:data1\" content=\"1 minute\" \/>\n<script type=\"application\/ld+json\" class=\"yoast-schema-graph\">{\"@context\":\"https:\/\/schema.org\",\"@graph\":[{\"@type\":\"WebPage\",\"@id\":\"https:\/\/web.umons.ac.be\/mrdv\/consultance\/\",\"url\":\"https:\/\/web.umons.ac.be\/mrdv\/consultance\/\",\"name\":\"Consultance - Service \/ FPMS - M\u00e9canique rationnelle, Dynamique et Vibrations\",\"isPartOf\":{\"@id\":\"https:\/\/web.umons.ac.be\/mrdv\/#website\"},\"primaryImageOfPage\":{\"@id\":\"https:\/\/web.umons.ac.be\/mrdv\/consultance\/#primaryimage\"},\"image\":{\"@id\":\"https:\/\/web.umons.ac.be\/mrdv\/consultance\/#primaryimage\"},\"thumbnailUrl\":\"https:\/\/web.umons.ac.be\/app\/uploads\/sites\/70\/2021\/12\/modyva-logo-300x77.png\",\"datePublished\":\"2021-12-15T09:39:34+00:00\",\"dateModified\":\"2021-12-15T11:00:45+00:00\",\"breadcrumb\":{\"@id\":\"https:\/\/web.umons.ac.be\/mrdv\/consultance\/#breadcrumb\"},\"inLanguage\":\"fr-FR\",\"potentialAction\":[{\"@type\":\"ReadAction\",\"target\":[\"https:\/\/web.umons.ac.be\/mrdv\/consultance\/\"]}]},{\"@type\":\"ImageObject\",\"inLanguage\":\"fr-FR\",\"@id\":\"https:\/\/web.umons.ac.be\/mrdv\/consultance\/#primaryimage\",\"url\":\"https:\/\/web.umons.ac.be\/app\/uploads\/sites\/70\/2021\/12\/modyva-logo-300x77.png\",\"contentUrl\":\"https:\/\/web.umons.ac.be\/app\/uploads\/sites\/70\/2021\/12\/modyva-logo-300x77.png\"},{\"@type\":\"BreadcrumbList\",\"@id\":\"https:\/\/web.umons.ac.be\/mrdv\/consultance\/#breadcrumb\",\"itemListElement\":[{\"@type\":\"ListItem\",\"position\":1,\"name\":\"Home\",\"item\":\"https:\/\/web.umons.ac.be\/mrdv\/\"},{\"@type\":\"ListItem\",\"position\":2,\"name\":\"Consultance\"}]},{\"@type\":\"WebSite\",\"@id\":\"https:\/\/web.umons.ac.be\/mrdv\/#website\",\"url\":\"https:\/\/web.umons.ac.be\/mrdv\/\",\"name\":\"Service \/ FPMS - M\u00e9canique rationnelle, Dynamique et Vibrations\",\"description\":\"\",\"potentialAction\":[{\"@type\":\"SearchAction\",\"target\":{\"@type\":\"EntryPoint\",\"urlTemplate\":\"https:\/\/web.umons.ac.be\/mrdv\/?s={search_term_string}\"},\"query-input\":{\"@type\":\"PropertyValueSpecification\",\"valueRequired\":true,\"valueName\":\"search_term_string\"}}],\"inLanguage\":\"fr-FR\"}]}<\/script>\n<!-- \/ Yoast SEO plugin. -->","yoast_head_json":{"title":"Consultance - Service \/ FPMS - M\u00e9canique rationnelle, Dynamique et Vibrations","robots":{"index":"index","follow":"follow","max-snippet":"max-snippet:-1","max-image-preview":"max-image-preview:large","max-video-preview":"max-video-preview:-1"},"canonical":"https:\/\/web.umons.ac.be\/mrdv\/consultance\/","og_locale":"fr_FR","og_type":"article","og_title":"Consultance - Service \/ FPMS - M\u00e9canique rationnelle, Dynamique et Vibrations","og_description":"Le Service r\u00e9alise des expertises et des projets de consultance pour l&rsquo;industrie, dans les domaines des vibrations et de l&rsquo;acoustique. De plus en plus de litiges apparaissent, concernant l&rsquo;exposition au bruit et aux vibrations dans l&rsquo;environnement ou sur le lieu de travail. L&rsquo;entr\u00e9e en vigueur des directives europ\u00e9ennes 2002\/44\/CE et 2003\/10\/CE relatives \u00e0 la protection [&hellip;]","og_url":"https:\/\/web.umons.ac.be\/mrdv\/consultance\/","og_site_name":"Service \/ FPMS - M\u00e9canique rationnelle, Dynamique et Vibrations","article_modified_time":"2021-12-15T11:00:45+00:00","og_image":[{"url":"https:\/\/web.umons.ac.be\/app\/uploads\/sites\/70\/2021\/12\/modyva-logo-300x77.png","type":"","width":"","height":""}],"twitter_card":"summary_large_image","twitter_misc":{"Dur\u00e9e de lecture estim\u00e9e":"1 minute"},"schema":{"@context":"https:\/\/schema.org","@graph":[{"@type":"WebPage","@id":"https:\/\/web.umons.ac.be\/mrdv\/consultance\/","url":"https:\/\/web.umons.ac.be\/mrdv\/consultance\/","name":"Consultance - Service \/ FPMS - M\u00e9canique rationnelle, Dynamique et Vibrations","isPartOf":{"@id":"https:\/\/web.umons.ac.be\/mrdv\/#website"},"primaryImageOfPage":{"@id":"https:\/\/web.umons.ac.be\/mrdv\/consultance\/#primaryimage"},"image":{"@id":"https:\/\/web.umons.ac.be\/mrdv\/consultance\/#primaryimage"},"thumbnailUrl":"https:\/\/web.umons.ac.be\/app\/uploads\/sites\/70\/2021\/12\/modyva-logo-300x77.png","datePublished":"2021-12-15T09:39:34+00:00","dateModified":"2021-12-15T11:00:45+00:00","breadcrumb":{"@id":"https:\/\/web.umons.ac.be\/mrdv\/consultance\/#breadcrumb"},"inLanguage":"fr-FR","potentialAction":[{"@type":"ReadAction","target":["https:\/\/web.umons.ac.be\/mrdv\/consultance\/"]}]},{"@type":"ImageObject","inLanguage":"fr-FR","@id":"https:\/\/web.umons.ac.be\/mrdv\/consultance\/#primaryimage","url":"https:\/\/web.umons.ac.be\/app\/uploads\/sites\/70\/2021\/12\/modyva-logo-300x77.png","contentUrl":"https:\/\/web.umons.ac.be\/app\/uploads\/sites\/70\/2021\/12\/modyva-logo-300x77.png"},{"@type":"BreadcrumbList","@id":"https:\/\/web.umons.ac.be\/mrdv\/consultance\/#breadcrumb","itemListElement":[{"@type":"ListItem","position":1,"name":"Home","item":"https:\/\/web.umons.ac.be\/mrdv\/"},{"@type":"ListItem","position":2,"name":"Consultance"}]},{"@type":"WebSite","@id":"https:\/\/web.umons.ac.be\/mrdv\/#website","url":"https:\/\/web.umons.ac.be\/mrdv\/","name":"Service \/ FPMS - M\u00e9canique rationnelle, Dynamique et Vibrations","description":"","potentialAction":[{"@type":"SearchAction","target":{"@type":"EntryPoint","urlTemplate":"https:\/\/web.umons.ac.be\/mrdv\/?s={search_term_string}"},"query-input":{"@type":"PropertyValueSpecification","valueRequired":true,"valueName":"search_term_string"}}],"inLanguage":"fr-FR"}]}},"lang":"fr","translations":{"fr":197,"en":200},"pll_sync_post":[],"_links":{"self":[{"href":"https:\/\/web.umons.ac.be\/mrdv\/wp-json\/wp\/v2\/pages\/197","targetHints":{"allow":["GET"]}}],"collection":[{"href":"https:\/\/web.umons.ac.be\/mrdv\/wp-json\/wp\/v2\/pages"}],"about":[{"href":"https:\/\/web.umons.ac.be\/mrdv\/wp-json\/wp\/v2\/types\/page"}],"author":[{"embeddable":true,"href":"https:\/\/web.umons.ac.be\/mrdv\/wp-json\/wp\/v2\/users\/108"}],"replies":[{"embeddable":true,"href":"https:\/\/web.umons.ac.be\/mrdv\/wp-json\/wp\/v2\/comments?post=197"}],"version-history":[{"count":3,"href":"https:\/\/web.umons.ac.be\/mrdv\/wp-json\/wp\/v2\/pages\/197\/revisions"}],"predecessor-version":[{"id":228,"href":"https:\/\/web.umons.ac.be\/mrdv\/wp-json\/wp\/v2\/pages\/197\/revisions\/228"}],"wp:attachment":[{"href":"https:\/\/web.umons.ac.be\/mrdv\/wp-json\/wp\/v2\/media?parent=197"}],"curies":[{"name":"wp","href":"https:\/\/api.w.org\/{rel}","templated":true}]}}