{"id":159,"date":"2024-04-28T22:58:07","date_gmt":"2024-04-28T20:58:07","guid":{"rendered":"https:\/\/web.umons.ac.be\/nord\/?page_id=159"},"modified":"2024-04-28T23:00:45","modified_gmt":"2024-04-28T21:00:45","slug":"multigram","status":"publish","type":"page","link":"https:\/\/web.umons.ac.be\/nord\/multigram\/","title":{"rendered":"Multigram"},"content":{"rendered":"<p>Le Service Nord participe au projet <a href=\"https:\/\/multigram.ulb.ac.be\/\"><strong>Multigram<\/strong> <\/a>de l&rsquo;Universit\u00e9 Libre de Bruxelles, un projet lanc\u00e9 par Sabina Gola et dont le but est d&rsquo;offrir un portail de r\u00e9f\u00e9rences grammaticales pour une multitude de langues. Le projet, en d\u00e9veloppement perp\u00e9tuel, invite l&rsquo;utilisateur \u00e0 voyager d&rsquo;une page \u00e0 l&rsquo;autre pour d\u00e9couvrir en d\u00e9tails la grammaire de la langue de son choix, mais aussi \u00e0 comparer le fonctionnement <span style=\"font-size: 14px;\">des dix langues propos\u00e9es.\u00a0\u00a0<\/span><\/p>\n<p>&nbsp;<\/p>\n<p><a href=\"https:\/\/multigram.ulb.ac.be\/dan\/Accueil\"><img loading=\"lazy\" decoding=\"async\" class=\"alignnone wp-image-167 size-full\" src=\"https:\/\/web.umons.ac.be\/app\/uploads\/sites\/81\/2024\/04\/Multigram-1.jpg\" alt=\"\" width=\"1500\" height=\"1238\" srcset=\"https:\/\/web.umons.ac.be\/app\/uploads\/sites\/81\/2024\/04\/Multigram-1.jpg 1500w, https:\/\/web.umons.ac.be\/app\/uploads\/sites\/81\/2024\/04\/Multigram-1-300x248.jpg 300w, https:\/\/web.umons.ac.be\/app\/uploads\/sites\/81\/2024\/04\/Multigram-1-1024x845.jpg 1024w, https:\/\/web.umons.ac.be\/app\/uploads\/sites\/81\/2024\/04\/Multigram-1-768x634.jpg 768w, https:\/\/web.umons.ac.be\/app\/uploads\/sites\/81\/2024\/04\/Multigram-1-800x660.jpg 800w, https:\/\/web.umons.ac.be\/app\/uploads\/sites\/81\/2024\/04\/Multigram-1-30x25.jpg 30w, https:\/\/web.umons.ac.be\/app\/uploads\/sites\/81\/2024\/04\/Multigram-1-60x50.jpg 60w, https:\/\/web.umons.ac.be\/app\/uploads\/sites\/81\/2024\/04\/Multigram-1-360x297.jpg 360w\" sizes=\"auto, (max-width: 1500px) 100vw, 1500px\" \/><\/a><\/p>\n","protected":false},"excerpt":{"rendered":"<p>Le Service Nord participe au projet Multigram de l&rsquo;Universit\u00e9 Libre de Bruxelles, un projet lanc\u00e9 par Sabina Gola et dont le but est d&rsquo;offrir un portail de r\u00e9f\u00e9rences grammaticales pour une multitude de langues. Le projet, en d\u00e9veloppement perp\u00e9tuel, invite l&rsquo;utilisateur \u00e0 voyager d&rsquo;une page \u00e0 l&rsquo;autre pour d\u00e9couvrir en d\u00e9tails la grammaire de la [&hellip;]<\/p>\n","protected":false},"author":163,"featured_media":0,"parent":0,"menu_order":0,"comment_status":"closed","ping_status":"closed","template":"","meta":{"footnotes":""},"class_list":["post-159","page","type-page","status-publish","hentry"],"yoast_head":"<!-- This site is optimized with the Yoast SEO plugin v27.2 - https:\/\/yoast.com\/product\/yoast-seo-wordpress\/ -->\n<title>Multigram - Service \/ FTI-EII - \u00c9tudes nordiques<\/title>\n<meta name=\"robots\" content=\"index, follow, max-snippet:-1, max-image-preview:large, max-video-preview:-1\" \/>\n<link rel=\"canonical\" href=\"https:\/\/web.umons.ac.be\/nord\/multigram\/\" \/>\n<meta property=\"og:locale\" content=\"fr_FR\" \/>\n<meta property=\"og:type\" content=\"article\" \/>\n<meta property=\"og:title\" content=\"Multigram - Service \/ FTI-EII - \u00c9tudes nordiques\" \/>\n<meta property=\"og:description\" content=\"Le Service Nord participe au projet Multigram de l&rsquo;Universit\u00e9 Libre de Bruxelles, un projet lanc\u00e9 par Sabina Gola et dont le but est d&rsquo;offrir un portail de r\u00e9f\u00e9rences grammaticales pour une multitude de langues. Le projet, en d\u00e9veloppement perp\u00e9tuel, invite l&rsquo;utilisateur \u00e0 voyager d&rsquo;une page \u00e0 l&rsquo;autre pour d\u00e9couvrir en d\u00e9tails la grammaire de la [&hellip;]\" \/>\n<meta property=\"og:url\" content=\"https:\/\/web.umons.ac.be\/nord\/multigram\/\" \/>\n<meta property=\"og:site_name\" content=\"Service \/ FTI-EII - \u00c9tudes nordiques\" \/>\n<meta property=\"article:modified_time\" content=\"2024-04-28T21:00:45+00:00\" \/>\n<meta property=\"og:image\" content=\"https:\/\/web.umons.ac.be\/app\/uploads\/sites\/81\/2024\/04\/Multigram-1.jpg\" \/>\n<meta name=\"twitter:card\" content=\"summary_large_image\" \/>\n<meta name=\"twitter:label1\" content=\"Dur\u00e9e de lecture estim\u00e9e\" \/>\n\t<meta name=\"twitter:data1\" content=\"1 minute\" \/>\n<script type=\"application\/ld+json\" class=\"yoast-schema-graph\">{\"@context\":\"https:\/\/schema.org\",\"@graph\":[{\"@type\":\"WebPage\",\"@id\":\"https:\/\/web.umons.ac.be\/nord\/multigram\/\",\"url\":\"https:\/\/web.umons.ac.be\/nord\/multigram\/\",\"name\":\"Multigram - Service \/ FTI-EII - \u00c9tudes nordiques\",\"isPartOf\":{\"@id\":\"https:\/\/web.umons.ac.be\/nord\/#website\"},\"primaryImageOfPage\":{\"@id\":\"https:\/\/web.umons.ac.be\/nord\/multigram\/#primaryimage\"},\"image\":{\"@id\":\"https:\/\/web.umons.ac.be\/nord\/multigram\/#primaryimage\"},\"thumbnailUrl\":\"https:\/\/web.umons.ac.be\/app\/uploads\/sites\/81\/2024\/04\/Multigram-1.jpg\",\"datePublished\":\"2024-04-28T20:58:07+00:00\",\"dateModified\":\"2024-04-28T21:00:45+00:00\",\"breadcrumb\":{\"@id\":\"https:\/\/web.umons.ac.be\/nord\/multigram\/#breadcrumb\"},\"inLanguage\":\"fr-FR\",\"potentialAction\":[{\"@type\":\"ReadAction\",\"target\":[\"https:\/\/web.umons.ac.be\/nord\/multigram\/\"]}]},{\"@type\":\"ImageObject\",\"inLanguage\":\"fr-FR\",\"@id\":\"https:\/\/web.umons.ac.be\/nord\/multigram\/#primaryimage\",\"url\":\"https:\/\/web.umons.ac.be\/app\/uploads\/sites\/81\/2024\/04\/Multigram-1.jpg\",\"contentUrl\":\"https:\/\/web.umons.ac.be\/app\/uploads\/sites\/81\/2024\/04\/Multigram-1.jpg\"},{\"@type\":\"BreadcrumbList\",\"@id\":\"https:\/\/web.umons.ac.be\/nord\/multigram\/#breadcrumb\",\"itemListElement\":[{\"@type\":\"ListItem\",\"position\":1,\"name\":\"Home\",\"item\":\"https:\/\/web.umons.ac.be\/nord\/\"},{\"@type\":\"ListItem\",\"position\":2,\"name\":\"Multigram\"}]},{\"@type\":\"WebSite\",\"@id\":\"https:\/\/web.umons.ac.be\/nord\/#website\",\"url\":\"https:\/\/web.umons.ac.be\/nord\/\",\"name\":\"Service \/ FTI-EII - \u00c9tudes nordiques\",\"description\":\"\",\"potentialAction\":[{\"@type\":\"SearchAction\",\"target\":{\"@type\":\"EntryPoint\",\"urlTemplate\":\"https:\/\/web.umons.ac.be\/nord\/?s={search_term_string}\"},\"query-input\":{\"@type\":\"PropertyValueSpecification\",\"valueRequired\":true,\"valueName\":\"search_term_string\"}}],\"inLanguage\":\"fr-FR\"}]}<\/script>\n<!-- \/ Yoast SEO plugin. -->","yoast_head_json":{"title":"Multigram - Service \/ FTI-EII - \u00c9tudes nordiques","robots":{"index":"index","follow":"follow","max-snippet":"max-snippet:-1","max-image-preview":"max-image-preview:large","max-video-preview":"max-video-preview:-1"},"canonical":"https:\/\/web.umons.ac.be\/nord\/multigram\/","og_locale":"fr_FR","og_type":"article","og_title":"Multigram - Service \/ FTI-EII - \u00c9tudes nordiques","og_description":"Le Service Nord participe au projet Multigram de l&rsquo;Universit\u00e9 Libre de Bruxelles, un projet lanc\u00e9 par Sabina Gola et dont le but est d&rsquo;offrir un portail de r\u00e9f\u00e9rences grammaticales pour une multitude de langues. Le projet, en d\u00e9veloppement perp\u00e9tuel, invite l&rsquo;utilisateur \u00e0 voyager d&rsquo;une page \u00e0 l&rsquo;autre pour d\u00e9couvrir en d\u00e9tails la grammaire de la [&hellip;]","og_url":"https:\/\/web.umons.ac.be\/nord\/multigram\/","og_site_name":"Service \/ FTI-EII - \u00c9tudes nordiques","article_modified_time":"2024-04-28T21:00:45+00:00","og_image":[{"url":"https:\/\/web.umons.ac.be\/app\/uploads\/sites\/81\/2024\/04\/Multigram-1.jpg","type":"","width":"","height":""}],"twitter_card":"summary_large_image","twitter_misc":{"Dur\u00e9e de lecture estim\u00e9e":"1 minute"},"schema":{"@context":"https:\/\/schema.org","@graph":[{"@type":"WebPage","@id":"https:\/\/web.umons.ac.be\/nord\/multigram\/","url":"https:\/\/web.umons.ac.be\/nord\/multigram\/","name":"Multigram - Service \/ FTI-EII - \u00c9tudes nordiques","isPartOf":{"@id":"https:\/\/web.umons.ac.be\/nord\/#website"},"primaryImageOfPage":{"@id":"https:\/\/web.umons.ac.be\/nord\/multigram\/#primaryimage"},"image":{"@id":"https:\/\/web.umons.ac.be\/nord\/multigram\/#primaryimage"},"thumbnailUrl":"https:\/\/web.umons.ac.be\/app\/uploads\/sites\/81\/2024\/04\/Multigram-1.jpg","datePublished":"2024-04-28T20:58:07+00:00","dateModified":"2024-04-28T21:00:45+00:00","breadcrumb":{"@id":"https:\/\/web.umons.ac.be\/nord\/multigram\/#breadcrumb"},"inLanguage":"fr-FR","potentialAction":[{"@type":"ReadAction","target":["https:\/\/web.umons.ac.be\/nord\/multigram\/"]}]},{"@type":"ImageObject","inLanguage":"fr-FR","@id":"https:\/\/web.umons.ac.be\/nord\/multigram\/#primaryimage","url":"https:\/\/web.umons.ac.be\/app\/uploads\/sites\/81\/2024\/04\/Multigram-1.jpg","contentUrl":"https:\/\/web.umons.ac.be\/app\/uploads\/sites\/81\/2024\/04\/Multigram-1.jpg"},{"@type":"BreadcrumbList","@id":"https:\/\/web.umons.ac.be\/nord\/multigram\/#breadcrumb","itemListElement":[{"@type":"ListItem","position":1,"name":"Home","item":"https:\/\/web.umons.ac.be\/nord\/"},{"@type":"ListItem","position":2,"name":"Multigram"}]},{"@type":"WebSite","@id":"https:\/\/web.umons.ac.be\/nord\/#website","url":"https:\/\/web.umons.ac.be\/nord\/","name":"Service \/ FTI-EII - \u00c9tudes nordiques","description":"","potentialAction":[{"@type":"SearchAction","target":{"@type":"EntryPoint","urlTemplate":"https:\/\/web.umons.ac.be\/nord\/?s={search_term_string}"},"query-input":{"@type":"PropertyValueSpecification","valueRequired":true,"valueName":"search_term_string"}}],"inLanguage":"fr-FR"}]}},"lang":"fr","translations":{"fr":159},"pll_sync_post":[],"_links":{"self":[{"href":"https:\/\/web.umons.ac.be\/nord\/wp-json\/wp\/v2\/pages\/159","targetHints":{"allow":["GET"]}}],"collection":[{"href":"https:\/\/web.umons.ac.be\/nord\/wp-json\/wp\/v2\/pages"}],"about":[{"href":"https:\/\/web.umons.ac.be\/nord\/wp-json\/wp\/v2\/types\/page"}],"author":[{"embeddable":true,"href":"https:\/\/web.umons.ac.be\/nord\/wp-json\/wp\/v2\/users\/163"}],"replies":[{"embeddable":true,"href":"https:\/\/web.umons.ac.be\/nord\/wp-json\/wp\/v2\/comments?post=159"}],"version-history":[{"count":3,"href":"https:\/\/web.umons.ac.be\/nord\/wp-json\/wp\/v2\/pages\/159\/revisions"}],"predecessor-version":[{"id":168,"href":"https:\/\/web.umons.ac.be\/nord\/wp-json\/wp\/v2\/pages\/159\/revisions\/168"}],"wp:attachment":[{"href":"https:\/\/web.umons.ac.be\/nord\/wp-json\/wp\/v2\/media?parent=159"}],"curies":[{"name":"wp","href":"https:\/\/api.w.org\/{rel}","templated":true}]}}