{"id":23,"date":"2021-11-04T13:34:03","date_gmt":"2021-11-04T12:34:03","guid":{"rendered":"https:\/\/web.umons.ac.be\/nord\/actualites\/"},"modified":"2025-08-13T12:28:49","modified_gmt":"2025-08-13T10:28:49","slug":"activites","status":"publish","type":"page","link":"https:\/\/web.umons.ac.be\/nord\/accueil\/activites\/","title":{"rendered":"Activit\u00e9s du service"},"content":{"rendered":"<ul>\n<li><a href=\"https:\/\/web.umons.ac.be\/nord\/2025\/08\/13\/le-service-nord-de-lumons-felicite-le-lektoratsordingen-pour-le-prix-2025-du-modersmal-selskabet\/\">Le service NORD de l\u2019UMONS f\u00e9licite le Lektoratsordingen pour le prix 2025 du Modersm\u00e5l-Selskabet<\/a><img loading=\"lazy\" decoding=\"async\" class=\"\" src=\"https:\/\/scontent.fbru5-1.fna.fbcdn.net\/v\/t39.30808-6\/529134621_1204899631676988_8469191268832088313_n.jpg?_nc_cat=101&amp;ccb=1-7&amp;_nc_sid=127cfc&amp;_nc_ohc=Ya8oaWrLmIoQ7kNvwH59hSo&amp;_nc_oc=AdmiXCFHVzFGZnPHerrrm3v9Iqx99fDyrlAoAM7XgARMGRNYx1MCW5EnrvbYdbBkOCIiMfNgdD8uQC8CbJFFlLTj&amp;_nc_zt=23&amp;_nc_ht=scontent.fbru5-1.fna&amp;_nc_gid=fX1VZ5OKv7Ovn4C-b_jz8Q&amp;oh=00_AfXccpQoLCjSUw_98QtrSoNkSXg4YftBXHxJbsIlvsxuaQ&amp;oe=68A22177\" alt=\"Kan v\u00e6re en illustration af tekst, der siger &quot;ER DER EN SENDELEKTOR TIL STEDE?&quot;\" width=\"278\" height=\"439\" \/><\/li>\n<li><a href=\"https:\/\/web.umons.ac.be\/nord\/2025\/03\/14\/hygge-lykke-un-petit-coin-de-scandinavie-a-mons\/\">Hygge &amp; Lykke \u2013 Un petit coin de Scandinavie \u00e0 Mons<\/a><img loading=\"lazy\" decoding=\"async\" class=\"alignnone size-medium wp-image-244\" src=\"https:\/\/web.umons.ac.be\/app\/uploads\/sites\/81\/2025\/03\/Facade-HL-225x300.jpg\" alt=\"\" width=\"225\" height=\"300\" srcset=\"https:\/\/web.umons.ac.be\/app\/uploads\/sites\/81\/2025\/03\/Facade-HL-225x300.jpg 225w, https:\/\/web.umons.ac.be\/app\/uploads\/sites\/81\/2025\/03\/Facade-HL-768x1024.jpg 768w, https:\/\/web.umons.ac.be\/app\/uploads\/sites\/81\/2025\/03\/Facade-HL-1152x1536.jpg 1152w, https:\/\/web.umons.ac.be\/app\/uploads\/sites\/81\/2025\/03\/Facade-HL-495x660.jpg 495w, https:\/\/web.umons.ac.be\/app\/uploads\/sites\/81\/2025\/03\/Facade-HL-30x40.jpg 30w, https:\/\/web.umons.ac.be\/app\/uploads\/sites\/81\/2025\/03\/Facade-HL-45x60.jpg 45w, https:\/\/web.umons.ac.be\/app\/uploads\/sites\/81\/2025\/03\/Facade-HL-360x480.jpg 360w, https:\/\/web.umons.ac.be\/app\/uploads\/sites\/81\/2025\/03\/Facade-HL.jpg 1536w\" sizes=\"auto, (max-width: 225px) 100vw, 225px\" \/><\/li>\n<li><a href=\"https:\/\/web.umons.ac.be\/nord\/event\/rencontre-avec-les-enseignants-de-suedois-de-luniversite-de-gand\/\">Rencontre avec les enseignants de su\u00e9dois de l\u2019Universit\u00e9 de Gand<\/a><img loading=\"lazy\" decoding=\"async\" class=\"alignnone size-medium wp-image-225\" src=\"https:\/\/web.umons.ac.be\/app\/uploads\/sites\/81\/2024\/09\/gent-mons-2-300x283.jpg\" alt=\"\" width=\"300\" height=\"283\" srcset=\"https:\/\/web.umons.ac.be\/app\/uploads\/sites\/81\/2024\/09\/gent-mons-2-300x283.jpg 300w, https:\/\/web.umons.ac.be\/app\/uploads\/sites\/81\/2024\/09\/gent-mons-2-1024x965.jpg 1024w, https:\/\/web.umons.ac.be\/app\/uploads\/sites\/81\/2024\/09\/gent-mons-2-768x724.jpg 768w, https:\/\/web.umons.ac.be\/app\/uploads\/sites\/81\/2024\/09\/gent-mons-2-1536x1447.jpg 1536w, https:\/\/web.umons.ac.be\/app\/uploads\/sites\/81\/2024\/09\/gent-mons-2-2048x1930.jpg 2048w, https:\/\/web.umons.ac.be\/app\/uploads\/sites\/81\/2024\/09\/gent-mons-2-700x660.jpg 700w, https:\/\/web.umons.ac.be\/app\/uploads\/sites\/81\/2024\/09\/gent-mons-2-30x28.jpg 30w, https:\/\/web.umons.ac.be\/app\/uploads\/sites\/81\/2024\/09\/gent-mons-2-60x57.jpg 60w, https:\/\/web.umons.ac.be\/app\/uploads\/sites\/81\/2024\/09\/gent-mons-2-360x339.jpg 360w\" sizes=\"auto, (max-width: 300px) 100vw, 300px\" \/><\/li>\n<li><a href=\"https:\/\/web.umons.ac.be\/nord\/event\/les-langues-scandinaves-a-leii-perspectives\/\">Les langues scandinaves \u00e0 l\u2019EII: Perspectives<\/a><br \/>\n<img loading=\"lazy\" decoding=\"async\" class=\"alignnone size-medium wp-image-220\" src=\"https:\/\/web.umons.ac.be\/app\/uploads\/sites\/81\/2024\/09\/IMG_20240912_135850-300x212.jpg\" alt=\"\" width=\"300\" height=\"212\" srcset=\"https:\/\/web.umons.ac.be\/app\/uploads\/sites\/81\/2024\/09\/IMG_20240912_135850-300x212.jpg 300w, https:\/\/web.umons.ac.be\/app\/uploads\/sites\/81\/2024\/09\/IMG_20240912_135850-1024x723.jpg 1024w, https:\/\/web.umons.ac.be\/app\/uploads\/sites\/81\/2024\/09\/IMG_20240912_135850-768x542.jpg 768w, https:\/\/web.umons.ac.be\/app\/uploads\/sites\/81\/2024\/09\/IMG_20240912_135850-1536x1084.jpg 1536w, https:\/\/web.umons.ac.be\/app\/uploads\/sites\/81\/2024\/09\/IMG_20240912_135850-935x660.jpg 935w, https:\/\/web.umons.ac.be\/app\/uploads\/sites\/81\/2024\/09\/IMG_20240912_135850-30x21.jpg 30w, https:\/\/web.umons.ac.be\/app\/uploads\/sites\/81\/2024\/09\/IMG_20240912_135850-60x42.jpg 60w, https:\/\/web.umons.ac.be\/app\/uploads\/sites\/81\/2024\/09\/IMG_20240912_135850-360x254.jpg 360w, https:\/\/web.umons.ac.be\/app\/uploads\/sites\/81\/2024\/09\/IMG_20240912_135850.jpg 1539w\" sizes=\"auto, (max-width: 300px) 100vw, 300px\" \/><\/li>\n<li>\u200b<a href=\"https:\/\/web.umons.ac.be\/nord\/2024\/04\/30\/lesthetique-protestante-en-europe-du-nord\/\">L\u2019esth\u00e9tique protestante en Europe du Nord<\/a><br \/>\n<img loading=\"lazy\" decoding=\"async\" class=\"alignnone size-medium wp-image-174\" src=\"https:\/\/web.umons.ac.be\/app\/uploads\/sites\/81\/2024\/04\/1000018946-300x150.jpg\" alt=\"\" width=\"300\" height=\"150\" srcset=\"https:\/\/web.umons.ac.be\/app\/uploads\/sites\/81\/2024\/04\/1000018946-300x150.jpg 300w, https:\/\/web.umons.ac.be\/app\/uploads\/sites\/81\/2024\/04\/1000018946-1024x513.jpg 1024w, https:\/\/web.umons.ac.be\/app\/uploads\/sites\/81\/2024\/04\/1000018946-768x385.jpg 768w, https:\/\/web.umons.ac.be\/app\/uploads\/sites\/81\/2024\/04\/1000018946-1536x770.jpg 1536w, https:\/\/web.umons.ac.be\/app\/uploads\/sites\/81\/2024\/04\/1000018946-2048x1027.jpg 2048w, https:\/\/web.umons.ac.be\/app\/uploads\/sites\/81\/2024\/04\/1000018946-1316x660.jpg 1316w, https:\/\/web.umons.ac.be\/app\/uploads\/sites\/81\/2024\/04\/1000018946-30x15.jpg 30w, https:\/\/web.umons.ac.be\/app\/uploads\/sites\/81\/2024\/04\/1000018946-60x30.jpg 60w, https:\/\/web.umons.ac.be\/app\/uploads\/sites\/81\/2024\/04\/1000018946-360x181.jpg 360w\" sizes=\"auto, (max-width: 300px) 100vw, 300px\" \/><\/li>\n<li><a href=\"https:\/\/web.umons.ac.be\/nord\/event\/activite-academique-eksil-og-fremmed-deuxieme-partie-4-mai-2022\/\">Activit\u00e9 acad\u00e9mique \u2013 Eksil og fremmed: deuxi\u00e8me partie \u2013 4 mai 2022<\/a><\/li>\n<li><a href=\"https:\/\/web.umons.ac.be\/nord\/event\/activite-academique-eksil-og-fremmed-premiere-partie-3-mai-2022\/\">Activit\u00e9 acad\u00e9mique \u2013 Eksil og fremmed: premi\u00e8re partie \u2013 3 mai 2022<\/a><\/li>\n<li><a href=\"https:\/\/web.umons.ac.be\/nord\/2021\/10\/26\/journee-detude-intercomprehension-scandinave-29-10-2021\/\">Journ\u00e9e d\u2019\u00e9tude: intercompr\u00e9hension scandinave \u2013 29\/10\/2021<\/a><\/li>\n<\/ul>\n","protected":false},"excerpt":{"rendered":"<p>Le service NORD de l\u2019UMONS f\u00e9licite le Lektoratsordingen pour le prix 2025 du Modersm\u00e5l-Selskabet Hygge &amp; Lykke \u2013 Un petit coin de Scandinavie \u00e0 Mons Rencontre avec les enseignants de su\u00e9dois de l\u2019Universit\u00e9 de Gand Les langues scandinaves \u00e0 l\u2019EII: Perspectives \u200bL\u2019esth\u00e9tique protestante en Europe du Nord Activit\u00e9 acad\u00e9mique \u2013 Eksil og fremmed: deuxi\u00e8me partie [&hellip;]<\/p>\n","protected":false},"author":4,"featured_media":0,"parent":3,"menu_order":0,"comment_status":"closed","ping_status":"closed","template":"","meta":{"footnotes":""},"class_list":["post-23","page","type-page","status-publish","hentry"],"yoast_head":"<!-- This site is optimized with the Yoast SEO plugin v27.2 - https:\/\/yoast.com\/product\/yoast-seo-wordpress\/ -->\n<title>Activit\u00e9s du service - Service \/ FTI-EII - \u00c9tudes nordiques<\/title>\n<meta name=\"robots\" content=\"index, follow, max-snippet:-1, max-image-preview:large, max-video-preview:-1\" \/>\n<link rel=\"canonical\" href=\"https:\/\/web.umons.ac.be\/nord\/accueil\/activites\/\" \/>\n<meta property=\"og:locale\" content=\"fr_FR\" \/>\n<meta property=\"og:type\" content=\"article\" \/>\n<meta property=\"og:title\" content=\"Activit\u00e9s du service - Service \/ FTI-EII - \u00c9tudes nordiques\" \/>\n<meta property=\"og:description\" content=\"Le service NORD de l\u2019UMONS f\u00e9licite le Lektoratsordingen pour le prix 2025 du Modersm\u00e5l-Selskabet Hygge &amp; Lykke \u2013 Un petit coin de Scandinavie \u00e0 Mons Rencontre avec les enseignants de su\u00e9dois de l\u2019Universit\u00e9 de Gand Les langues scandinaves \u00e0 l\u2019EII: Perspectives \u200bL\u2019esth\u00e9tique protestante en Europe du Nord Activit\u00e9 acad\u00e9mique \u2013 Eksil og fremmed: deuxi\u00e8me partie [&hellip;]\" \/>\n<meta property=\"og:url\" content=\"https:\/\/web.umons.ac.be\/nord\/accueil\/activites\/\" \/>\n<meta property=\"og:site_name\" content=\"Service \/ FTI-EII - \u00c9tudes nordiques\" \/>\n<meta property=\"article:modified_time\" content=\"2025-08-13T10:28:49+00:00\" \/>\n<meta property=\"og:image\" content=\"https:\/\/scontent.fbru5-1.fna.fbcdn.net\/v\/t39.30808-6\/529134621_1204899631676988_8469191268832088313_n.jpg?_nc_cat=101&amp;ccb=1-7&amp;_nc_sid=127cfc&amp;_nc_ohc=Ya8oaWrLmIoQ7kNvwH59hSo&amp;_nc_oc=AdmiXCFHVzFGZnPHerrrm3v9Iqx99fDyrlAoAM7XgARMGRNYx1MCW5EnrvbYdbBkOCIiMfNgdD8uQC8CbJFFlLTj&amp;_nc_zt=23&amp;_nc_ht=scontent.fbru5-1.fna&amp;_nc_gid=fX1VZ5OKv7Ovn4C-b_jz8Q&amp;oh=00_AfXccpQoLCjSUw_98QtrSoNkSXg4YftBXHxJbsIlvsxuaQ&amp;oe=68A22177\" \/>\n<meta name=\"twitter:card\" content=\"summary_large_image\" \/>\n<meta name=\"twitter:label1\" content=\"Dur\u00e9e de lecture estim\u00e9e\" \/>\n\t<meta name=\"twitter:data1\" content=\"2 minutes\" \/>\n<script type=\"application\/ld+json\" class=\"yoast-schema-graph\">{\"@context\":\"https:\/\/schema.org\",\"@graph\":[{\"@type\":\"WebPage\",\"@id\":\"https:\/\/web.umons.ac.be\/nord\/accueil\/activites\/\",\"url\":\"https:\/\/web.umons.ac.be\/nord\/accueil\/activites\/\",\"name\":\"Activit\u00e9s du service - Service \/ FTI-EII - \u00c9tudes nordiques\",\"isPartOf\":{\"@id\":\"https:\/\/web.umons.ac.be\/nord\/#website\"},\"primaryImageOfPage\":{\"@id\":\"https:\/\/web.umons.ac.be\/nord\/accueil\/activites\/#primaryimage\"},\"image\":{\"@id\":\"https:\/\/web.umons.ac.be\/nord\/accueil\/activites\/#primaryimage\"},\"thumbnailUrl\":\"https:\/\/scontent.fbru5-1.fna.fbcdn.net\/v\/t39.30808-6\/529134621_1204899631676988_8469191268832088313_n.jpg?_nc_cat=101&amp;ccb=1-7&amp;_nc_sid=127cfc&amp;_nc_ohc=Ya8oaWrLmIoQ7kNvwH59hSo&amp;_nc_oc=AdmiXCFHVzFGZnPHerrrm3v9Iqx99fDyrlAoAM7XgARMGRNYx1MCW5EnrvbYdbBkOCIiMfNgdD8uQC8CbJFFlLTj&amp;_nc_zt=23&amp;_nc_ht=scontent.fbru5-1.fna&amp;_nc_gid=fX1VZ5OKv7Ovn4C-b_jz8Q&amp;oh=00_AfXccpQoLCjSUw_98QtrSoNkSXg4YftBXHxJbsIlvsxuaQ&amp;oe=68A22177\",\"datePublished\":\"2021-11-04T12:34:03+00:00\",\"dateModified\":\"2025-08-13T10:28:49+00:00\",\"breadcrumb\":{\"@id\":\"https:\/\/web.umons.ac.be\/nord\/accueil\/activites\/#breadcrumb\"},\"inLanguage\":\"fr-FR\",\"potentialAction\":[{\"@type\":\"ReadAction\",\"target\":[\"https:\/\/web.umons.ac.be\/nord\/accueil\/activites\/\"]}]},{\"@type\":\"ImageObject\",\"inLanguage\":\"fr-FR\",\"@id\":\"https:\/\/web.umons.ac.be\/nord\/accueil\/activites\/#primaryimage\",\"url\":\"https:\/\/scontent.fbru5-1.fna.fbcdn.net\/v\/t39.30808-6\/529134621_1204899631676988_8469191268832088313_n.jpg?_nc_cat=101&amp;ccb=1-7&amp;_nc_sid=127cfc&amp;_nc_ohc=Ya8oaWrLmIoQ7kNvwH59hSo&amp;_nc_oc=AdmiXCFHVzFGZnPHerrrm3v9Iqx99fDyrlAoAM7XgARMGRNYx1MCW5EnrvbYdbBkOCIiMfNgdD8uQC8CbJFFlLTj&amp;_nc_zt=23&amp;_nc_ht=scontent.fbru5-1.fna&amp;_nc_gid=fX1VZ5OKv7Ovn4C-b_jz8Q&amp;oh=00_AfXccpQoLCjSUw_98QtrSoNkSXg4YftBXHxJbsIlvsxuaQ&amp;oe=68A22177\",\"contentUrl\":\"https:\/\/scontent.fbru5-1.fna.fbcdn.net\/v\/t39.30808-6\/529134621_1204899631676988_8469191268832088313_n.jpg?_nc_cat=101&amp;ccb=1-7&amp;_nc_sid=127cfc&amp;_nc_ohc=Ya8oaWrLmIoQ7kNvwH59hSo&amp;_nc_oc=AdmiXCFHVzFGZnPHerrrm3v9Iqx99fDyrlAoAM7XgARMGRNYx1MCW5EnrvbYdbBkOCIiMfNgdD8uQC8CbJFFlLTj&amp;_nc_zt=23&amp;_nc_ht=scontent.fbru5-1.fna&amp;_nc_gid=fX1VZ5OKv7Ovn4C-b_jz8Q&amp;oh=00_AfXccpQoLCjSUw_98QtrSoNkSXg4YftBXHxJbsIlvsxuaQ&amp;oe=68A22177\"},{\"@type\":\"BreadcrumbList\",\"@id\":\"https:\/\/web.umons.ac.be\/nord\/accueil\/activites\/#breadcrumb\",\"itemListElement\":[{\"@type\":\"ListItem\",\"position\":1,\"name\":\"Home\",\"item\":\"https:\/\/web.umons.ac.be\/nord\/\"},{\"@type\":\"ListItem\",\"position\":2,\"name\":\"Accueil\",\"item\":\"https:\/\/web.umons.ac.be\/nord\/accueil\/\"},{\"@type\":\"ListItem\",\"position\":3,\"name\":\"Activit\u00e9s du service\"}]},{\"@type\":\"WebSite\",\"@id\":\"https:\/\/web.umons.ac.be\/nord\/#website\",\"url\":\"https:\/\/web.umons.ac.be\/nord\/\",\"name\":\"Service \/ FTI-EII - \u00c9tudes nordiques\",\"description\":\"\",\"potentialAction\":[{\"@type\":\"SearchAction\",\"target\":{\"@type\":\"EntryPoint\",\"urlTemplate\":\"https:\/\/web.umons.ac.be\/nord\/?s={search_term_string}\"},\"query-input\":{\"@type\":\"PropertyValueSpecification\",\"valueRequired\":true,\"valueName\":\"search_term_string\"}}],\"inLanguage\":\"fr-FR\"}]}<\/script>\n<!-- \/ Yoast SEO plugin. -->","yoast_head_json":{"title":"Activit\u00e9s du service - Service \/ FTI-EII - \u00c9tudes nordiques","robots":{"index":"index","follow":"follow","max-snippet":"max-snippet:-1","max-image-preview":"max-image-preview:large","max-video-preview":"max-video-preview:-1"},"canonical":"https:\/\/web.umons.ac.be\/nord\/accueil\/activites\/","og_locale":"fr_FR","og_type":"article","og_title":"Activit\u00e9s du service - Service \/ FTI-EII - \u00c9tudes nordiques","og_description":"Le service NORD de l\u2019UMONS f\u00e9licite le Lektoratsordingen pour le prix 2025 du Modersm\u00e5l-Selskabet Hygge &amp; Lykke \u2013 Un petit coin de Scandinavie \u00e0 Mons Rencontre avec les enseignants de su\u00e9dois de l\u2019Universit\u00e9 de Gand Les langues scandinaves \u00e0 l\u2019EII: Perspectives \u200bL\u2019esth\u00e9tique protestante en Europe du Nord Activit\u00e9 acad\u00e9mique \u2013 Eksil og fremmed: deuxi\u00e8me partie [&hellip;]","og_url":"https:\/\/web.umons.ac.be\/nord\/accueil\/activites\/","og_site_name":"Service \/ FTI-EII - \u00c9tudes nordiques","article_modified_time":"2025-08-13T10:28:49+00:00","og_image":[{"url":"https:\/\/scontent.fbru5-1.fna.fbcdn.net\/v\/t39.30808-6\/529134621_1204899631676988_8469191268832088313_n.jpg?_nc_cat=101&amp;ccb=1-7&amp;_nc_sid=127cfc&amp;_nc_ohc=Ya8oaWrLmIoQ7kNvwH59hSo&amp;_nc_oc=AdmiXCFHVzFGZnPHerrrm3v9Iqx99fDyrlAoAM7XgARMGRNYx1MCW5EnrvbYdbBkOCIiMfNgdD8uQC8CbJFFlLTj&amp;_nc_zt=23&amp;_nc_ht=scontent.fbru5-1.fna&amp;_nc_gid=fX1VZ5OKv7Ovn4C-b_jz8Q&amp;oh=00_AfXccpQoLCjSUw_98QtrSoNkSXg4YftBXHxJbsIlvsxuaQ&amp;oe=68A22177","type":"","width":"","height":""}],"twitter_card":"summary_large_image","twitter_misc":{"Dur\u00e9e de lecture estim\u00e9e":"2 minutes"},"schema":{"@context":"https:\/\/schema.org","@graph":[{"@type":"WebPage","@id":"https:\/\/web.umons.ac.be\/nord\/accueil\/activites\/","url":"https:\/\/web.umons.ac.be\/nord\/accueil\/activites\/","name":"Activit\u00e9s du service - Service \/ FTI-EII - \u00c9tudes nordiques","isPartOf":{"@id":"https:\/\/web.umons.ac.be\/nord\/#website"},"primaryImageOfPage":{"@id":"https:\/\/web.umons.ac.be\/nord\/accueil\/activites\/#primaryimage"},"image":{"@id":"https:\/\/web.umons.ac.be\/nord\/accueil\/activites\/#primaryimage"},"thumbnailUrl":"https:\/\/scontent.fbru5-1.fna.fbcdn.net\/v\/t39.30808-6\/529134621_1204899631676988_8469191268832088313_n.jpg?_nc_cat=101&amp;ccb=1-7&amp;_nc_sid=127cfc&amp;_nc_ohc=Ya8oaWrLmIoQ7kNvwH59hSo&amp;_nc_oc=AdmiXCFHVzFGZnPHerrrm3v9Iqx99fDyrlAoAM7XgARMGRNYx1MCW5EnrvbYdbBkOCIiMfNgdD8uQC8CbJFFlLTj&amp;_nc_zt=23&amp;_nc_ht=scontent.fbru5-1.fna&amp;_nc_gid=fX1VZ5OKv7Ovn4C-b_jz8Q&amp;oh=00_AfXccpQoLCjSUw_98QtrSoNkSXg4YftBXHxJbsIlvsxuaQ&amp;oe=68A22177","datePublished":"2021-11-04T12:34:03+00:00","dateModified":"2025-08-13T10:28:49+00:00","breadcrumb":{"@id":"https:\/\/web.umons.ac.be\/nord\/accueil\/activites\/#breadcrumb"},"inLanguage":"fr-FR","potentialAction":[{"@type":"ReadAction","target":["https:\/\/web.umons.ac.be\/nord\/accueil\/activites\/"]}]},{"@type":"ImageObject","inLanguage":"fr-FR","@id":"https:\/\/web.umons.ac.be\/nord\/accueil\/activites\/#primaryimage","url":"https:\/\/scontent.fbru5-1.fna.fbcdn.net\/v\/t39.30808-6\/529134621_1204899631676988_8469191268832088313_n.jpg?_nc_cat=101&amp;ccb=1-7&amp;_nc_sid=127cfc&amp;_nc_ohc=Ya8oaWrLmIoQ7kNvwH59hSo&amp;_nc_oc=AdmiXCFHVzFGZnPHerrrm3v9Iqx99fDyrlAoAM7XgARMGRNYx1MCW5EnrvbYdbBkOCIiMfNgdD8uQC8CbJFFlLTj&amp;_nc_zt=23&amp;_nc_ht=scontent.fbru5-1.fna&amp;_nc_gid=fX1VZ5OKv7Ovn4C-b_jz8Q&amp;oh=00_AfXccpQoLCjSUw_98QtrSoNkSXg4YftBXHxJbsIlvsxuaQ&amp;oe=68A22177","contentUrl":"https:\/\/scontent.fbru5-1.fna.fbcdn.net\/v\/t39.30808-6\/529134621_1204899631676988_8469191268832088313_n.jpg?_nc_cat=101&amp;ccb=1-7&amp;_nc_sid=127cfc&amp;_nc_ohc=Ya8oaWrLmIoQ7kNvwH59hSo&amp;_nc_oc=AdmiXCFHVzFGZnPHerrrm3v9Iqx99fDyrlAoAM7XgARMGRNYx1MCW5EnrvbYdbBkOCIiMfNgdD8uQC8CbJFFlLTj&amp;_nc_zt=23&amp;_nc_ht=scontent.fbru5-1.fna&amp;_nc_gid=fX1VZ5OKv7Ovn4C-b_jz8Q&amp;oh=00_AfXccpQoLCjSUw_98QtrSoNkSXg4YftBXHxJbsIlvsxuaQ&amp;oe=68A22177"},{"@type":"BreadcrumbList","@id":"https:\/\/web.umons.ac.be\/nord\/accueil\/activites\/#breadcrumb","itemListElement":[{"@type":"ListItem","position":1,"name":"Home","item":"https:\/\/web.umons.ac.be\/nord\/"},{"@type":"ListItem","position":2,"name":"Accueil","item":"https:\/\/web.umons.ac.be\/nord\/accueil\/"},{"@type":"ListItem","position":3,"name":"Activit\u00e9s du service"}]},{"@type":"WebSite","@id":"https:\/\/web.umons.ac.be\/nord\/#website","url":"https:\/\/web.umons.ac.be\/nord\/","name":"Service \/ FTI-EII - \u00c9tudes nordiques","description":"","potentialAction":[{"@type":"SearchAction","target":{"@type":"EntryPoint","urlTemplate":"https:\/\/web.umons.ac.be\/nord\/?s={search_term_string}"},"query-input":{"@type":"PropertyValueSpecification","valueRequired":true,"valueName":"search_term_string"}}],"inLanguage":"fr-FR"}]}},"lang":"fr","translations":{"fr":23,"en":25},"pll_sync_post":[],"_links":{"self":[{"href":"https:\/\/web.umons.ac.be\/nord\/wp-json\/wp\/v2\/pages\/23","targetHints":{"allow":["GET"]}}],"collection":[{"href":"https:\/\/web.umons.ac.be\/nord\/wp-json\/wp\/v2\/pages"}],"about":[{"href":"https:\/\/web.umons.ac.be\/nord\/wp-json\/wp\/v2\/types\/page"}],"author":[{"embeddable":true,"href":"https:\/\/web.umons.ac.be\/nord\/wp-json\/wp\/v2\/users\/4"}],"replies":[{"embeddable":true,"href":"https:\/\/web.umons.ac.be\/nord\/wp-json\/wp\/v2\/comments?post=23"}],"version-history":[{"count":4,"href":"https:\/\/web.umons.ac.be\/nord\/wp-json\/wp\/v2\/pages\/23\/revisions"}],"predecessor-version":[{"id":255,"href":"https:\/\/web.umons.ac.be\/nord\/wp-json\/wp\/v2\/pages\/23\/revisions\/255"}],"up":[{"embeddable":true,"href":"https:\/\/web.umons.ac.be\/nord\/wp-json\/wp\/v2\/pages\/3"}],"wp:attachment":[{"href":"https:\/\/web.umons.ac.be\/nord\/wp-json\/wp\/v2\/media?parent=23"}],"curies":[{"name":"wp","href":"https:\/\/api.w.org\/{rel}","templated":true}]}}