{"id":57,"date":"2022-02-02T14:47:44","date_gmt":"2022-02-02T13:47:44","guid":{"rendered":"https:\/\/web.umons.ac.be\/nord\/?page_id=57"},"modified":"2025-08-13T12:56:47","modified_gmt":"2025-08-13T10:56:47","slug":"reseaux-sociaux","status":"publish","type":"page","link":"https:\/\/web.umons.ac.be\/nord\/reseaux-sociaux\/","title":{"rendered":"R\u00e9seaux sociaux"},"content":{"rendered":"<p>Le d\u00e9partement scandinave est \u00e9galement pr\u00e9sent sur Facebook et Instagram. N&rsquo;h\u00e9sitez pas \u00e0 visiter nos pages!<\/p>\n<p>Facebook:<\/p>\n<p><a href=\"https:\/\/www.facebook.com\/UMONSSCANDI\">https:\/\/www.facebook.com\/UMONSSCANDI<\/a><\/p>\n<p>Instagram:<\/p>\n<p><a href=\"https:\/\/www.instagram.com\/umonsscandinave\/\">https:\/\/www.instagram.com\/umonsscandinave\/<\/a><\/p>\n<p>LinkedIn:<\/p>\n<p><a href=\"https:\/\/www.linkedin.com\/company\/service-nord-fti-eii\/\">https:\/\/www.linkedin.com\/company\/service-nord-fti-eii\/\u00a0<\/a><\/p>\n","protected":false},"excerpt":{"rendered":"<p>Le d\u00e9partement scandinave est \u00e9galement pr\u00e9sent sur Facebook et Instagram. N&rsquo;h\u00e9sitez pas \u00e0 visiter nos pages! Facebook: https:\/\/www.facebook.com\/UMONSSCANDI Instagram: https:\/\/www.instagram.com\/umonsscandinave\/ LinkedIn: https:\/\/www.linkedin.com\/company\/service-nord-fti-eii\/\u00a0<\/p>\n","protected":false},"author":163,"featured_media":0,"parent":0,"menu_order":0,"comment_status":"closed","ping_status":"closed","template":"","meta":{"footnotes":""},"class_list":["post-57","page","type-page","status-publish","hentry"],"yoast_head":"<!-- This site is optimized with the Yoast SEO plugin v27.2 - https:\/\/yoast.com\/product\/yoast-seo-wordpress\/ -->\n<title>R\u00e9seaux sociaux - Service \/ FTI-EII - \u00c9tudes nordiques<\/title>\n<meta name=\"robots\" content=\"index, follow, max-snippet:-1, max-image-preview:large, max-video-preview:-1\" \/>\n<link rel=\"canonical\" href=\"https:\/\/web.umons.ac.be\/nord\/reseaux-sociaux\/\" \/>\n<meta property=\"og:locale\" content=\"fr_FR\" \/>\n<meta property=\"og:type\" content=\"article\" \/>\n<meta property=\"og:title\" content=\"R\u00e9seaux sociaux - Service \/ FTI-EII - \u00c9tudes nordiques\" \/>\n<meta property=\"og:description\" content=\"Le d\u00e9partement scandinave est \u00e9galement pr\u00e9sent sur Facebook et Instagram. N&rsquo;h\u00e9sitez pas \u00e0 visiter nos pages! Facebook: https:\/\/www.facebook.com\/UMONSSCANDI Instagram: https:\/\/www.instagram.com\/umonsscandinave\/ LinkedIn: https:\/\/www.linkedin.com\/company\/service-nord-fti-eii\/\u00a0\" \/>\n<meta property=\"og:url\" content=\"https:\/\/web.umons.ac.be\/nord\/reseaux-sociaux\/\" \/>\n<meta property=\"og:site_name\" content=\"Service \/ FTI-EII - \u00c9tudes nordiques\" \/>\n<meta property=\"article:modified_time\" content=\"2025-08-13T10:56:47+00:00\" \/>\n<meta name=\"twitter:card\" content=\"summary_large_image\" \/>\n<meta name=\"twitter:label1\" content=\"Dur\u00e9e de lecture estim\u00e9e\" \/>\n\t<meta name=\"twitter:data1\" content=\"1 minute\" \/>\n<script type=\"application\/ld+json\" class=\"yoast-schema-graph\">{\"@context\":\"https:\/\/schema.org\",\"@graph\":[{\"@type\":\"WebPage\",\"@id\":\"https:\/\/web.umons.ac.be\/nord\/reseaux-sociaux\/\",\"url\":\"https:\/\/web.umons.ac.be\/nord\/reseaux-sociaux\/\",\"name\":\"R\u00e9seaux sociaux - Service \/ FTI-EII - \u00c9tudes nordiques\",\"isPartOf\":{\"@id\":\"https:\/\/web.umons.ac.be\/nord\/#website\"},\"datePublished\":\"2022-02-02T13:47:44+00:00\",\"dateModified\":\"2025-08-13T10:56:47+00:00\",\"breadcrumb\":{\"@id\":\"https:\/\/web.umons.ac.be\/nord\/reseaux-sociaux\/#breadcrumb\"},\"inLanguage\":\"fr-FR\",\"potentialAction\":[{\"@type\":\"ReadAction\",\"target\":[\"https:\/\/web.umons.ac.be\/nord\/reseaux-sociaux\/\"]}]},{\"@type\":\"BreadcrumbList\",\"@id\":\"https:\/\/web.umons.ac.be\/nord\/reseaux-sociaux\/#breadcrumb\",\"itemListElement\":[{\"@type\":\"ListItem\",\"position\":1,\"name\":\"Home\",\"item\":\"https:\/\/web.umons.ac.be\/nord\/\"},{\"@type\":\"ListItem\",\"position\":2,\"name\":\"R\u00e9seaux sociaux\"}]},{\"@type\":\"WebSite\",\"@id\":\"https:\/\/web.umons.ac.be\/nord\/#website\",\"url\":\"https:\/\/web.umons.ac.be\/nord\/\",\"name\":\"Service \/ FTI-EII - \u00c9tudes nordiques\",\"description\":\"\",\"potentialAction\":[{\"@type\":\"SearchAction\",\"target\":{\"@type\":\"EntryPoint\",\"urlTemplate\":\"https:\/\/web.umons.ac.be\/nord\/?s={search_term_string}\"},\"query-input\":{\"@type\":\"PropertyValueSpecification\",\"valueRequired\":true,\"valueName\":\"search_term_string\"}}],\"inLanguage\":\"fr-FR\"}]}<\/script>\n<!-- \/ Yoast SEO plugin. -->","yoast_head_json":{"title":"R\u00e9seaux sociaux - Service \/ FTI-EII - \u00c9tudes nordiques","robots":{"index":"index","follow":"follow","max-snippet":"max-snippet:-1","max-image-preview":"max-image-preview:large","max-video-preview":"max-video-preview:-1"},"canonical":"https:\/\/web.umons.ac.be\/nord\/reseaux-sociaux\/","og_locale":"fr_FR","og_type":"article","og_title":"R\u00e9seaux sociaux - Service \/ FTI-EII - \u00c9tudes nordiques","og_description":"Le d\u00e9partement scandinave est \u00e9galement pr\u00e9sent sur Facebook et Instagram. N&rsquo;h\u00e9sitez pas \u00e0 visiter nos pages! Facebook: https:\/\/www.facebook.com\/UMONSSCANDI Instagram: https:\/\/www.instagram.com\/umonsscandinave\/ LinkedIn: https:\/\/www.linkedin.com\/company\/service-nord-fti-eii\/\u00a0","og_url":"https:\/\/web.umons.ac.be\/nord\/reseaux-sociaux\/","og_site_name":"Service \/ FTI-EII - \u00c9tudes nordiques","article_modified_time":"2025-08-13T10:56:47+00:00","twitter_card":"summary_large_image","twitter_misc":{"Dur\u00e9e de lecture estim\u00e9e":"1 minute"},"schema":{"@context":"https:\/\/schema.org","@graph":[{"@type":"WebPage","@id":"https:\/\/web.umons.ac.be\/nord\/reseaux-sociaux\/","url":"https:\/\/web.umons.ac.be\/nord\/reseaux-sociaux\/","name":"R\u00e9seaux sociaux - Service \/ FTI-EII - \u00c9tudes nordiques","isPartOf":{"@id":"https:\/\/web.umons.ac.be\/nord\/#website"},"datePublished":"2022-02-02T13:47:44+00:00","dateModified":"2025-08-13T10:56:47+00:00","breadcrumb":{"@id":"https:\/\/web.umons.ac.be\/nord\/reseaux-sociaux\/#breadcrumb"},"inLanguage":"fr-FR","potentialAction":[{"@type":"ReadAction","target":["https:\/\/web.umons.ac.be\/nord\/reseaux-sociaux\/"]}]},{"@type":"BreadcrumbList","@id":"https:\/\/web.umons.ac.be\/nord\/reseaux-sociaux\/#breadcrumb","itemListElement":[{"@type":"ListItem","position":1,"name":"Home","item":"https:\/\/web.umons.ac.be\/nord\/"},{"@type":"ListItem","position":2,"name":"R\u00e9seaux sociaux"}]},{"@type":"WebSite","@id":"https:\/\/web.umons.ac.be\/nord\/#website","url":"https:\/\/web.umons.ac.be\/nord\/","name":"Service \/ FTI-EII - \u00c9tudes nordiques","description":"","potentialAction":[{"@type":"SearchAction","target":{"@type":"EntryPoint","urlTemplate":"https:\/\/web.umons.ac.be\/nord\/?s={search_term_string}"},"query-input":{"@type":"PropertyValueSpecification","valueRequired":true,"valueName":"search_term_string"}}],"inLanguage":"fr-FR"}]}},"lang":"fr","translations":{"fr":57,"en":62},"pll_sync_post":[],"_links":{"self":[{"href":"https:\/\/web.umons.ac.be\/nord\/wp-json\/wp\/v2\/pages\/57","targetHints":{"allow":["GET"]}}],"collection":[{"href":"https:\/\/web.umons.ac.be\/nord\/wp-json\/wp\/v2\/pages"}],"about":[{"href":"https:\/\/web.umons.ac.be\/nord\/wp-json\/wp\/v2\/types\/page"}],"author":[{"embeddable":true,"href":"https:\/\/web.umons.ac.be\/nord\/wp-json\/wp\/v2\/users\/163"}],"replies":[{"embeddable":true,"href":"https:\/\/web.umons.ac.be\/nord\/wp-json\/wp\/v2\/comments?post=57"}],"version-history":[{"count":3,"href":"https:\/\/web.umons.ac.be\/nord\/wp-json\/wp\/v2\/pages\/57\/revisions"}],"predecessor-version":[{"id":263,"href":"https:\/\/web.umons.ac.be\/nord\/wp-json\/wp\/v2\/pages\/57\/revisions\/263"}],"wp:attachment":[{"href":"https:\/\/web.umons.ac.be\/nord\/wp-json\/wp\/v2\/media?parent=57"}],"curies":[{"name":"wp","href":"https:\/\/api.w.org\/{rel}","templated":true}]}}