{"id":158,"date":"2017-09-22T11:55:12","date_gmt":"2017-09-22T09:55:12","guid":{"rendered":"https:\/\/web.umons.ac.be\/numediart\/?page_id=158"},"modified":"2020-04-05T10:22:25","modified_gmt":"2020-04-05T08:22:25","slug":"areas","status":"publish","type":"page","link":"https:\/\/web.umons.ac.be\/numediart\/en\/research\/areas\/","title":{"rendered":"Expertise and research topics"},"content":{"rendered":"<p>NUMEDIART boasts internationally recognised expertise in deep learning and computational attention. These tools are now experiencing considerable growth and are the reason for the revival of artificial intelligence. They are at the heart of most of the work carried out within the Institute, which can be categorised around 5 main axes:<\/p>\n<ul>\n<li>\n<h5>Motion capture (MOCAP) and analysis of the resulting data:<\/h5>\n<\/li>\n<\/ul>\n<p>These analyses can be carried out for the purpose of recognition, evaluation and\/or comparison of movements, for the animation of synthetic characters and for the gesture control of sound synthesis.<\/p>\n<ul>\n<li>\n<h5>Smarts spaces:<\/h5>\n<\/li>\n<\/ul>\n<p>Expertise in the \u201ctracking\u201d and interaction of people in indoor spaces, in the analysis of visual attention based on non-invasive systems, and in the prediction of visual attention on images and videos using artificial intelligence algorithms.<\/p>\n<ul>\n<li>\n<h5><strong>Understanding and navigating multimedia data<\/strong>:<\/h5>\n<\/li>\n<\/ul>\n<p>NUMEDIART has unique expertise and algorithms in the field of the analysis and automatic understanding of media content and, in this framework, offers customised and innovative human-machine interactions<\/p>\n<ul>\n<li>\n<h5><strong>Natural human-computer interaction and voice technologies <\/strong>:<\/h5>\n<\/li>\n<\/ul>\n<p>NUMEDIART develops cutting-edge research into voice technologies, resulting in algorithms for voice analysis, transformation, recognition and synthesis. As well as voice analysis, non-verbal and expressive behaviours are also studied to facilitate interaction with the user or to influence their mood. This is the domain of affective computing.<\/p>\n<ul>\n<li>\n<h5>Virtual reality and augmented reality:<\/h5>\n<\/li>\n<\/ul>\n<p>Projection of multimedia\/3D content onto complex or moving surfaces, in interaction with users; use of headsets for augmented and virtual reality with optimised positioning of virtual objects; automatic understanding of real 3D spaces for the rapid creation of virtual worlds.<\/p>\n","protected":false},"excerpt":{"rendered":"<p>NUMEDIART boasts internationally recognised expertise in deep learning and computational attention. These tools are now experiencing considerable growth and are the reason for the revival of artificial intelligence. They are at the heart of most of the work carried out within the Institute, which can be categorised around 5 main axes: Motion capture (MOCAP) and [&hellip;]<\/p>\n","protected":false},"author":2,"featured_media":0,"parent":561,"menu_order":1,"comment_status":"closed","ping_status":"closed","template":"","meta":{"footnotes":""},"class_list":["post-158","page","type-page","status-publish","hentry"],"yoast_head":"<!-- This site is optimized with the Yoast SEO plugin v27.2 - https:\/\/yoast.com\/product\/yoast-seo-wordpress\/ -->\n<title>Expertise and research topics - Institut \/ Num\u00e9diart<\/title>\n<meta name=\"robots\" content=\"index, follow, max-snippet:-1, max-image-preview:large, max-video-preview:-1\" \/>\n<link rel=\"canonical\" href=\"https:\/\/web.umons.ac.be\/numediart\/en\/research\/areas\/\" \/>\n<meta property=\"og:locale\" content=\"fr_FR\" \/>\n<meta property=\"og:type\" content=\"article\" \/>\n<meta property=\"og:title\" content=\"Expertise and research topics - Institut \/ Num\u00e9diart\" \/>\n<meta property=\"og:description\" content=\"NUMEDIART boasts internationally recognised expertise in deep learning and computational attention. These tools are now experiencing considerable growth and are the reason for the revival of artificial intelligence. They are at the heart of most of the work carried out within the Institute, which can be categorised around 5 main axes: Motion capture (MOCAP) and [&hellip;]\" \/>\n<meta property=\"og:url\" content=\"https:\/\/web.umons.ac.be\/numediart\/en\/research\/areas\/\" \/>\n<meta property=\"og:site_name\" content=\"Institut \/ Num\u00e9diart\" \/>\n<meta property=\"article:modified_time\" content=\"2020-04-05T08:22:25+00:00\" \/>\n<meta name=\"twitter:card\" content=\"summary_large_image\" \/>\n<meta name=\"twitter:label1\" content=\"Dur\u00e9e de lecture estim\u00e9e\" \/>\n\t<meta name=\"twitter:data1\" content=\"1 minute\" \/>\n<script type=\"application\/ld+json\" class=\"yoast-schema-graph\">{\"@context\":\"https:\/\/schema.org\",\"@graph\":[{\"@type\":\"WebPage\",\"@id\":\"https:\/\/web.umons.ac.be\/numediart\/en\/research\/areas\/\",\"url\":\"https:\/\/web.umons.ac.be\/numediart\/en\/research\/areas\/\",\"name\":\"Expertise and research topics - Institut \/ Num\u00e9diart\",\"isPartOf\":{\"@id\":\"https:\/\/web.umons.ac.be\/numediart\/#website\"},\"datePublished\":\"2017-09-22T09:55:12+00:00\",\"dateModified\":\"2020-04-05T08:22:25+00:00\",\"breadcrumb\":{\"@id\":\"https:\/\/web.umons.ac.be\/numediart\/en\/research\/areas\/#breadcrumb\"},\"inLanguage\":\"fr-FR\",\"potentialAction\":[{\"@type\":\"ReadAction\",\"target\":[\"https:\/\/web.umons.ac.be\/numediart\/en\/research\/areas\/\"]}]},{\"@type\":\"BreadcrumbList\",\"@id\":\"https:\/\/web.umons.ac.be\/numediart\/en\/research\/areas\/#breadcrumb\",\"itemListElement\":[{\"@type\":\"ListItem\",\"position\":1,\"name\":\"Accueil\",\"item\":\"https:\/\/web.umons.ac.be\/numediart\/fr\/\"},{\"@type\":\"ListItem\",\"position\":2,\"name\":\"Research\",\"item\":\"https:\/\/web.umons.ac.be\/numediart\/en\/research\/\"},{\"@type\":\"ListItem\",\"position\":3,\"name\":\"Expertise and research topics\"}]},{\"@type\":\"WebSite\",\"@id\":\"https:\/\/web.umons.ac.be\/numediart\/#website\",\"url\":\"https:\/\/web.umons.ac.be\/numediart\/\",\"name\":\"Institut \/ Num\u00e9diart\",\"description\":\"Un site utilisant Universit\u00e9 de Mons \u2013 UMONS\",\"potentialAction\":[{\"@type\":\"SearchAction\",\"target\":{\"@type\":\"EntryPoint\",\"urlTemplate\":\"https:\/\/web.umons.ac.be\/numediart\/?s={search_term_string}\"},\"query-input\":{\"@type\":\"PropertyValueSpecification\",\"valueRequired\":true,\"valueName\":\"search_term_string\"}}],\"inLanguage\":\"fr-FR\"}]}<\/script>\n<!-- \/ Yoast SEO plugin. -->","yoast_head_json":{"title":"Expertise and research topics - Institut \/ Num\u00e9diart","robots":{"index":"index","follow":"follow","max-snippet":"max-snippet:-1","max-image-preview":"max-image-preview:large","max-video-preview":"max-video-preview:-1"},"canonical":"https:\/\/web.umons.ac.be\/numediart\/en\/research\/areas\/","og_locale":"fr_FR","og_type":"article","og_title":"Expertise and research topics - Institut \/ Num\u00e9diart","og_description":"NUMEDIART boasts internationally recognised expertise in deep learning and computational attention. These tools are now experiencing considerable growth and are the reason for the revival of artificial intelligence. They are at the heart of most of the work carried out within the Institute, which can be categorised around 5 main axes: Motion capture (MOCAP) and [&hellip;]","og_url":"https:\/\/web.umons.ac.be\/numediart\/en\/research\/areas\/","og_site_name":"Institut \/ Num\u00e9diart","article_modified_time":"2020-04-05T08:22:25+00:00","twitter_card":"summary_large_image","twitter_misc":{"Dur\u00e9e de lecture estim\u00e9e":"1 minute"},"schema":{"@context":"https:\/\/schema.org","@graph":[{"@type":"WebPage","@id":"https:\/\/web.umons.ac.be\/numediart\/en\/research\/areas\/","url":"https:\/\/web.umons.ac.be\/numediart\/en\/research\/areas\/","name":"Expertise and research topics - Institut \/ Num\u00e9diart","isPartOf":{"@id":"https:\/\/web.umons.ac.be\/numediart\/#website"},"datePublished":"2017-09-22T09:55:12+00:00","dateModified":"2020-04-05T08:22:25+00:00","breadcrumb":{"@id":"https:\/\/web.umons.ac.be\/numediart\/en\/research\/areas\/#breadcrumb"},"inLanguage":"fr-FR","potentialAction":[{"@type":"ReadAction","target":["https:\/\/web.umons.ac.be\/numediart\/en\/research\/areas\/"]}]},{"@type":"BreadcrumbList","@id":"https:\/\/web.umons.ac.be\/numediart\/en\/research\/areas\/#breadcrumb","itemListElement":[{"@type":"ListItem","position":1,"name":"Accueil","item":"https:\/\/web.umons.ac.be\/numediart\/fr\/"},{"@type":"ListItem","position":2,"name":"Research","item":"https:\/\/web.umons.ac.be\/numediart\/en\/research\/"},{"@type":"ListItem","position":3,"name":"Expertise and research topics"}]},{"@type":"WebSite","@id":"https:\/\/web.umons.ac.be\/numediart\/#website","url":"https:\/\/web.umons.ac.be\/numediart\/","name":"Institut \/ Num\u00e9diart","description":"Un site utilisant Universit\u00e9 de Mons \u2013 UMONS","potentialAction":[{"@type":"SearchAction","target":{"@type":"EntryPoint","urlTemplate":"https:\/\/web.umons.ac.be\/numediart\/?s={search_term_string}"},"query-input":{"@type":"PropertyValueSpecification","valueRequired":true,"valueName":"search_term_string"}}],"inLanguage":"fr-FR"}]}},"lang":"en","translations":{"en":158,"fr":25},"pll_sync_post":[],"_links":{"self":[{"href":"https:\/\/web.umons.ac.be\/numediart\/wp-json\/wp\/v2\/pages\/158","targetHints":{"allow":["GET"]}}],"collection":[{"href":"https:\/\/web.umons.ac.be\/numediart\/wp-json\/wp\/v2\/pages"}],"about":[{"href":"https:\/\/web.umons.ac.be\/numediart\/wp-json\/wp\/v2\/types\/page"}],"author":[{"embeddable":true,"href":"https:\/\/web.umons.ac.be\/numediart\/wp-json\/wp\/v2\/users\/2"}],"replies":[{"embeddable":true,"href":"https:\/\/web.umons.ac.be\/numediart\/wp-json\/wp\/v2\/comments?post=158"}],"version-history":[{"count":4,"href":"https:\/\/web.umons.ac.be\/numediart\/wp-json\/wp\/v2\/pages\/158\/revisions"}],"predecessor-version":[{"id":245,"href":"https:\/\/web.umons.ac.be\/numediart\/wp-json\/wp\/v2\/pages\/158\/revisions\/245"}],"up":[{"embeddable":true,"href":"https:\/\/web.umons.ac.be\/numediart\/wp-json\/wp\/v2\/pages\/561"}],"wp:attachment":[{"href":"https:\/\/web.umons.ac.be\/numediart\/wp-json\/wp\/v2\/media?parent=158"}],"curies":[{"name":"wp","href":"https:\/\/api.w.org\/{rel}","templated":true}]}}