{"id":28,"date":"2017-07-18T16:57:13","date_gmt":"2017-07-18T14:57:13","guid":{"rendered":"https:\/\/web.umons.ac.be\/numediart\/?page_id=28"},"modified":"2020-04-05T09:39:15","modified_gmt":"2020-04-05T07:39:15","slug":"projets-phare","status":"publish","type":"page","link":"https:\/\/web.umons.ac.be\/numediart\/fr\/recherche\/projets-phare\/","title":{"rendered":"Projets phares"},"content":{"rendered":"<p>L\u2019Institut d\u00e9veloppe ses activit\u00e9s essentiellement au travers de projets de recherche collaboratifs.<\/p>\n<p>Ces projets de recherches :<\/p>\n<ul>\n<li>Se basent sur l\u2019interdisciplinarit\u00e9<\/li>\n<li>Privil\u00e9gient la recherche collaborative et le co-d\u00e9veloppement<\/li>\n<li>S\u2019articulent sur une logique partenariale avec tous les acteurs de la soci\u00e9t\u00e9 (industries, services, centres de recherche, collectivit\u00e9s territoriales, institutions gouvernementales, etc.)<\/li>\n<li>Tissent des partenariats \u00e0 l\u2019\u00e9chelle provinciale, r\u00e9gionale, f\u00e9d\u00e9rale, europ\u00e9enne et internationale.<\/li>\n<\/ul>\n<p>L\u2019Institut s\u2019implique dans le montage de projet de recherche avec ses partenaires pour r\u00e9pondre aux probl\u00e9matiques \u00e9mergentes li\u00e9es aux domaines de l\u2019Institut.<\/p>\n<p>Nous pr\u00e9sentons ici, \u00e0 titre indicatif, quelques projets phare de l\u2019Institut qui illustrent\u00a0\u00a0 les probl\u00e9matiques abord\u00e9es par nos chercheurs.<\/p>\n<p>&nbsp;<\/p>\n","protected":false},"excerpt":{"rendered":"<p>L\u2019Institut d\u00e9veloppe ses activit\u00e9s essentiellement au travers de projets de recherche collaboratifs. Ces projets de recherches : Se basent sur l\u2019interdisciplinarit\u00e9 Privil\u00e9gient la recherche collaborative et le co-d\u00e9veloppement S\u2019articulent sur une logique partenariale avec tous les acteurs de la soci\u00e9t\u00e9 (industries, services, centres de recherche, collectivit\u00e9s territoriales, institutions gouvernementales, etc.) Tissent des partenariats \u00e0 l\u2019\u00e9chelle [&hellip;]<\/p>\n","protected":false},"author":2,"featured_media":0,"parent":654,"menu_order":2,"comment_status":"closed","ping_status":"closed","template":"","meta":{"footnotes":""},"class_list":["post-28","page","type-page","status-publish","hentry"],"yoast_head":"<!-- This site is optimized with the Yoast SEO plugin v27.2 - https:\/\/yoast.com\/product\/yoast-seo-wordpress\/ -->\n<title>Projets phares - Institut \/ Num\u00e9diart<\/title>\n<meta name=\"robots\" content=\"index, follow, max-snippet:-1, max-image-preview:large, max-video-preview:-1\" \/>\n<link rel=\"canonical\" href=\"https:\/\/web.umons.ac.be\/numediart\/fr\/recherche\/projets-phare\/\" \/>\n<meta property=\"og:locale\" content=\"fr_FR\" \/>\n<meta property=\"og:type\" content=\"article\" \/>\n<meta property=\"og:title\" content=\"Projets phares - Institut \/ Num\u00e9diart\" \/>\n<meta property=\"og:description\" content=\"L\u2019Institut d\u00e9veloppe ses activit\u00e9s essentiellement au travers de projets de recherche collaboratifs. Ces projets de recherches : Se basent sur l\u2019interdisciplinarit\u00e9 Privil\u00e9gient la recherche collaborative et le co-d\u00e9veloppement S\u2019articulent sur une logique partenariale avec tous les acteurs de la soci\u00e9t\u00e9 (industries, services, centres de recherche, collectivit\u00e9s territoriales, institutions gouvernementales, etc.) Tissent des partenariats \u00e0 l\u2019\u00e9chelle [&hellip;]\" \/>\n<meta property=\"og:url\" content=\"https:\/\/web.umons.ac.be\/numediart\/fr\/recherche\/projets-phare\/\" \/>\n<meta property=\"og:site_name\" content=\"Institut \/ Num\u00e9diart\" \/>\n<meta property=\"article:modified_time\" content=\"2020-04-05T07:39:15+00:00\" \/>\n<meta name=\"twitter:card\" content=\"summary_large_image\" \/>\n<meta name=\"twitter:label1\" content=\"Dur\u00e9e de lecture estim\u00e9e\" \/>\n\t<meta name=\"twitter:data1\" content=\"1 minute\" \/>\n<script type=\"application\/ld+json\" class=\"yoast-schema-graph\">{\"@context\":\"https:\/\/schema.org\",\"@graph\":[{\"@type\":\"WebPage\",\"@id\":\"https:\/\/web.umons.ac.be\/numediart\/fr\/recherche\/projets-phare\/\",\"url\":\"https:\/\/web.umons.ac.be\/numediart\/fr\/recherche\/projets-phare\/\",\"name\":\"Projets phares - Institut \/ Num\u00e9diart\",\"isPartOf\":{\"@id\":\"https:\/\/web.umons.ac.be\/numediart\/#website\"},\"datePublished\":\"2017-07-18T14:57:13+00:00\",\"dateModified\":\"2020-04-05T07:39:15+00:00\",\"breadcrumb\":{\"@id\":\"https:\/\/web.umons.ac.be\/numediart\/fr\/recherche\/projets-phare\/#breadcrumb\"},\"inLanguage\":\"fr-FR\",\"potentialAction\":[{\"@type\":\"ReadAction\",\"target\":[\"https:\/\/web.umons.ac.be\/numediart\/fr\/recherche\/projets-phare\/\"]}]},{\"@type\":\"BreadcrumbList\",\"@id\":\"https:\/\/web.umons.ac.be\/numediart\/fr\/recherche\/projets-phare\/#breadcrumb\",\"itemListElement\":[{\"@type\":\"ListItem\",\"position\":1,\"name\":\"Accueil\",\"item\":\"https:\/\/web.umons.ac.be\/numediart\/fr\/\"},{\"@type\":\"ListItem\",\"position\":2,\"name\":\"Recherche\",\"item\":\"https:\/\/web.umons.ac.be\/numediart\/fr\/recherche\/\"},{\"@type\":\"ListItem\",\"position\":3,\"name\":\"Projets phares\"}]},{\"@type\":\"WebSite\",\"@id\":\"https:\/\/web.umons.ac.be\/numediart\/#website\",\"url\":\"https:\/\/web.umons.ac.be\/numediart\/\",\"name\":\"Institut \/ Num\u00e9diart\",\"description\":\"Un site utilisant Universit\u00e9 de Mons \u2013 UMONS\",\"potentialAction\":[{\"@type\":\"SearchAction\",\"target\":{\"@type\":\"EntryPoint\",\"urlTemplate\":\"https:\/\/web.umons.ac.be\/numediart\/?s={search_term_string}\"},\"query-input\":{\"@type\":\"PropertyValueSpecification\",\"valueRequired\":true,\"valueName\":\"search_term_string\"}}],\"inLanguage\":\"fr-FR\"}]}<\/script>\n<!-- \/ Yoast SEO plugin. -->","yoast_head_json":{"title":"Projets phares - Institut \/ Num\u00e9diart","robots":{"index":"index","follow":"follow","max-snippet":"max-snippet:-1","max-image-preview":"max-image-preview:large","max-video-preview":"max-video-preview:-1"},"canonical":"https:\/\/web.umons.ac.be\/numediart\/fr\/recherche\/projets-phare\/","og_locale":"fr_FR","og_type":"article","og_title":"Projets phares - Institut \/ Num\u00e9diart","og_description":"L\u2019Institut d\u00e9veloppe ses activit\u00e9s essentiellement au travers de projets de recherche collaboratifs. Ces projets de recherches : Se basent sur l\u2019interdisciplinarit\u00e9 Privil\u00e9gient la recherche collaborative et le co-d\u00e9veloppement S\u2019articulent sur une logique partenariale avec tous les acteurs de la soci\u00e9t\u00e9 (industries, services, centres de recherche, collectivit\u00e9s territoriales, institutions gouvernementales, etc.) Tissent des partenariats \u00e0 l\u2019\u00e9chelle [&hellip;]","og_url":"https:\/\/web.umons.ac.be\/numediart\/fr\/recherche\/projets-phare\/","og_site_name":"Institut \/ Num\u00e9diart","article_modified_time":"2020-04-05T07:39:15+00:00","twitter_card":"summary_large_image","twitter_misc":{"Dur\u00e9e de lecture estim\u00e9e":"1 minute"},"schema":{"@context":"https:\/\/schema.org","@graph":[{"@type":"WebPage","@id":"https:\/\/web.umons.ac.be\/numediart\/fr\/recherche\/projets-phare\/","url":"https:\/\/web.umons.ac.be\/numediart\/fr\/recherche\/projets-phare\/","name":"Projets phares - Institut \/ Num\u00e9diart","isPartOf":{"@id":"https:\/\/web.umons.ac.be\/numediart\/#website"},"datePublished":"2017-07-18T14:57:13+00:00","dateModified":"2020-04-05T07:39:15+00:00","breadcrumb":{"@id":"https:\/\/web.umons.ac.be\/numediart\/fr\/recherche\/projets-phare\/#breadcrumb"},"inLanguage":"fr-FR","potentialAction":[{"@type":"ReadAction","target":["https:\/\/web.umons.ac.be\/numediart\/fr\/recherche\/projets-phare\/"]}]},{"@type":"BreadcrumbList","@id":"https:\/\/web.umons.ac.be\/numediart\/fr\/recherche\/projets-phare\/#breadcrumb","itemListElement":[{"@type":"ListItem","position":1,"name":"Accueil","item":"https:\/\/web.umons.ac.be\/numediart\/fr\/"},{"@type":"ListItem","position":2,"name":"Recherche","item":"https:\/\/web.umons.ac.be\/numediart\/fr\/recherche\/"},{"@type":"ListItem","position":3,"name":"Projets phares"}]},{"@type":"WebSite","@id":"https:\/\/web.umons.ac.be\/numediart\/#website","url":"https:\/\/web.umons.ac.be\/numediart\/","name":"Institut \/ Num\u00e9diart","description":"Un site utilisant Universit\u00e9 de Mons \u2013 UMONS","potentialAction":[{"@type":"SearchAction","target":{"@type":"EntryPoint","urlTemplate":"https:\/\/web.umons.ac.be\/numediart\/?s={search_term_string}"},"query-input":{"@type":"PropertyValueSpecification","valueRequired":true,"valueName":"search_term_string"}}],"inLanguage":"fr-FR"}]}},"lang":"fr","translations":{"fr":28,"en":161},"pll_sync_post":[],"_links":{"self":[{"href":"https:\/\/web.umons.ac.be\/numediart\/wp-json\/wp\/v2\/pages\/28","targetHints":{"allow":["GET"]}}],"collection":[{"href":"https:\/\/web.umons.ac.be\/numediart\/wp-json\/wp\/v2\/pages"}],"about":[{"href":"https:\/\/web.umons.ac.be\/numediart\/wp-json\/wp\/v2\/types\/page"}],"author":[{"embeddable":true,"href":"https:\/\/web.umons.ac.be\/numediart\/wp-json\/wp\/v2\/users\/2"}],"replies":[{"embeddable":true,"href":"https:\/\/web.umons.ac.be\/numediart\/wp-json\/wp\/v2\/comments?post=28"}],"version-history":[{"count":2,"href":"https:\/\/web.umons.ac.be\/numediart\/wp-json\/wp\/v2\/pages\/28\/revisions"}],"predecessor-version":[{"id":215,"href":"https:\/\/web.umons.ac.be\/numediart\/wp-json\/wp\/v2\/pages\/28\/revisions\/215"}],"up":[{"embeddable":true,"href":"https:\/\/web.umons.ac.be\/numediart\/wp-json\/wp\/v2\/pages\/654"}],"wp:attachment":[{"href":"https:\/\/web.umons.ac.be\/numediart\/wp-json\/wp\/v2\/media?parent=28"}],"curies":[{"name":"wp","href":"https:\/\/api.w.org\/{rel}","templated":true}]}}