{"id":31,"date":"2017-07-18T16:57:56","date_gmt":"2017-07-18T14:57:56","guid":{"rendered":"https:\/\/web.umons.ac.be\/numediart\/?page_id=31"},"modified":"2017-11-07T16:50:24","modified_gmt":"2017-11-07T15:50:24","slug":"deepsport","status":"publish","type":"page","link":"https:\/\/web.umons.ac.be\/numediart\/fr\/recherche\/projets-phare\/deepsport\/","title":{"rendered":"DeepSport (RW\/WALInnov)"},"content":{"rendered":"<p>NUMEDIART est un des partenaires de ce projet RW visant \u00e0 <strong>d\u00e9velopper, pour la retransmission de comp\u00e9titions sportives, des algorithmes bas\u00e9s sur l\u2019apprentissage automatique et destin\u00e9s \u00e0 des syst\u00e8mes de traitement de donn\u00e9es vid\u00e9o<\/strong>.\u00a0 L\u2019objectif est de remplir des fonctions d\u2019assistance ou d\u2019automatisation de l\u2019annotation et de l\u2019\u00e9dition de contenu, que ce soit pour de la diffusion (broadcast) ou de la post-production (semi-live).<\/p>\n","protected":false},"excerpt":{"rendered":"<p>NUMEDIART est un des partenaires de ce projet RW visant \u00e0 d\u00e9velopper, pour la retransmission de comp\u00e9titions sportives, des algorithmes bas\u00e9s sur l\u2019apprentissage automatique et destin\u00e9s \u00e0 des syst\u00e8mes de traitement de donn\u00e9es vid\u00e9o.\u00a0 L\u2019objectif est de remplir des fonctions d\u2019assistance ou d\u2019automatisation de l\u2019annotation et de l\u2019\u00e9dition de contenu, que ce soit pour de [&hellip;]<\/p>\n","protected":false},"author":2,"featured_media":0,"parent":28,"menu_order":1,"comment_status":"closed","ping_status":"closed","template":"","meta":{"footnotes":""},"class_list":["post-31","page","type-page","status-publish","hentry"],"yoast_head":"<!-- This site is optimized with the Yoast SEO plugin v27.2 - https:\/\/yoast.com\/product\/yoast-seo-wordpress\/ -->\n<title>DeepSport (RW\/WALInnov) - Institut \/ Num\u00e9diart<\/title>\n<meta name=\"robots\" content=\"index, follow, max-snippet:-1, max-image-preview:large, max-video-preview:-1\" \/>\n<link rel=\"canonical\" href=\"https:\/\/web.umons.ac.be\/numediart\/fr\/recherche\/projets-phare\/deepsport\/\" \/>\n<meta property=\"og:locale\" content=\"fr_FR\" \/>\n<meta property=\"og:type\" content=\"article\" \/>\n<meta property=\"og:title\" content=\"DeepSport (RW\/WALInnov) - Institut \/ Num\u00e9diart\" \/>\n<meta property=\"og:description\" content=\"NUMEDIART est un des partenaires de ce projet RW visant \u00e0 d\u00e9velopper, pour la retransmission de comp\u00e9titions sportives, des algorithmes bas\u00e9s sur l\u2019apprentissage automatique et destin\u00e9s \u00e0 des syst\u00e8mes de traitement de donn\u00e9es vid\u00e9o.\u00a0 L\u2019objectif est de remplir des fonctions d\u2019assistance ou d\u2019automatisation de l\u2019annotation et de l\u2019\u00e9dition de contenu, que ce soit pour de [&hellip;]\" \/>\n<meta property=\"og:url\" content=\"https:\/\/web.umons.ac.be\/numediart\/fr\/recherche\/projets-phare\/deepsport\/\" \/>\n<meta property=\"og:site_name\" content=\"Institut \/ Num\u00e9diart\" \/>\n<meta property=\"article:modified_time\" content=\"2017-11-07T15:50:24+00:00\" \/>\n<meta name=\"twitter:card\" content=\"summary_large_image\" \/>\n<script type=\"application\/ld+json\" class=\"yoast-schema-graph\">{\"@context\":\"https:\/\/schema.org\",\"@graph\":[{\"@type\":\"WebPage\",\"@id\":\"https:\/\/web.umons.ac.be\/numediart\/fr\/recherche\/projets-phare\/deepsport\/\",\"url\":\"https:\/\/web.umons.ac.be\/numediart\/fr\/recherche\/projets-phare\/deepsport\/\",\"name\":\"DeepSport (RW\/WALInnov) - Institut \/ Num\u00e9diart\",\"isPartOf\":{\"@id\":\"https:\/\/web.umons.ac.be\/numediart\/#website\"},\"datePublished\":\"2017-07-18T14:57:56+00:00\",\"dateModified\":\"2017-11-07T15:50:24+00:00\",\"breadcrumb\":{\"@id\":\"https:\/\/web.umons.ac.be\/numediart\/fr\/recherche\/projets-phare\/deepsport\/#breadcrumb\"},\"inLanguage\":\"fr-FR\",\"potentialAction\":[{\"@type\":\"ReadAction\",\"target\":[\"https:\/\/web.umons.ac.be\/numediart\/fr\/recherche\/projets-phare\/deepsport\/\"]}]},{\"@type\":\"BreadcrumbList\",\"@id\":\"https:\/\/web.umons.ac.be\/numediart\/fr\/recherche\/projets-phare\/deepsport\/#breadcrumb\",\"itemListElement\":[{\"@type\":\"ListItem\",\"position\":1,\"name\":\"Accueil\",\"item\":\"https:\/\/web.umons.ac.be\/numediart\/fr\/\"},{\"@type\":\"ListItem\",\"position\":2,\"name\":\"Recherche\",\"item\":\"https:\/\/web.umons.ac.be\/numediart\/fr\/recherche\/\"},{\"@type\":\"ListItem\",\"position\":3,\"name\":\"Projets phares\",\"item\":\"https:\/\/web.umons.ac.be\/numediart\/fr\/recherche\/projets-phare\/\"},{\"@type\":\"ListItem\",\"position\":4,\"name\":\"DeepSport (RW\/WALInnov)\"}]},{\"@type\":\"WebSite\",\"@id\":\"https:\/\/web.umons.ac.be\/numediart\/#website\",\"url\":\"https:\/\/web.umons.ac.be\/numediart\/\",\"name\":\"Institut \/ Num\u00e9diart\",\"description\":\"Un site utilisant Universit\u00e9 de Mons \u2013 UMONS\",\"potentialAction\":[{\"@type\":\"SearchAction\",\"target\":{\"@type\":\"EntryPoint\",\"urlTemplate\":\"https:\/\/web.umons.ac.be\/numediart\/?s={search_term_string}\"},\"query-input\":{\"@type\":\"PropertyValueSpecification\",\"valueRequired\":true,\"valueName\":\"search_term_string\"}}],\"inLanguage\":\"fr-FR\"}]}<\/script>\n<!-- \/ Yoast SEO plugin. -->","yoast_head_json":{"title":"DeepSport (RW\/WALInnov) - Institut \/ Num\u00e9diart","robots":{"index":"index","follow":"follow","max-snippet":"max-snippet:-1","max-image-preview":"max-image-preview:large","max-video-preview":"max-video-preview:-1"},"canonical":"https:\/\/web.umons.ac.be\/numediart\/fr\/recherche\/projets-phare\/deepsport\/","og_locale":"fr_FR","og_type":"article","og_title":"DeepSport (RW\/WALInnov) - Institut \/ Num\u00e9diart","og_description":"NUMEDIART est un des partenaires de ce projet RW visant \u00e0 d\u00e9velopper, pour la retransmission de comp\u00e9titions sportives, des algorithmes bas\u00e9s sur l\u2019apprentissage automatique et destin\u00e9s \u00e0 des syst\u00e8mes de traitement de donn\u00e9es vid\u00e9o.\u00a0 L\u2019objectif est de remplir des fonctions d\u2019assistance ou d\u2019automatisation de l\u2019annotation et de l\u2019\u00e9dition de contenu, que ce soit pour de [&hellip;]","og_url":"https:\/\/web.umons.ac.be\/numediart\/fr\/recherche\/projets-phare\/deepsport\/","og_site_name":"Institut \/ Num\u00e9diart","article_modified_time":"2017-11-07T15:50:24+00:00","twitter_card":"summary_large_image","schema":{"@context":"https:\/\/schema.org","@graph":[{"@type":"WebPage","@id":"https:\/\/web.umons.ac.be\/numediart\/fr\/recherche\/projets-phare\/deepsport\/","url":"https:\/\/web.umons.ac.be\/numediart\/fr\/recherche\/projets-phare\/deepsport\/","name":"DeepSport (RW\/WALInnov) - Institut \/ Num\u00e9diart","isPartOf":{"@id":"https:\/\/web.umons.ac.be\/numediart\/#website"},"datePublished":"2017-07-18T14:57:56+00:00","dateModified":"2017-11-07T15:50:24+00:00","breadcrumb":{"@id":"https:\/\/web.umons.ac.be\/numediart\/fr\/recherche\/projets-phare\/deepsport\/#breadcrumb"},"inLanguage":"fr-FR","potentialAction":[{"@type":"ReadAction","target":["https:\/\/web.umons.ac.be\/numediart\/fr\/recherche\/projets-phare\/deepsport\/"]}]},{"@type":"BreadcrumbList","@id":"https:\/\/web.umons.ac.be\/numediart\/fr\/recherche\/projets-phare\/deepsport\/#breadcrumb","itemListElement":[{"@type":"ListItem","position":1,"name":"Accueil","item":"https:\/\/web.umons.ac.be\/numediart\/fr\/"},{"@type":"ListItem","position":2,"name":"Recherche","item":"https:\/\/web.umons.ac.be\/numediart\/fr\/recherche\/"},{"@type":"ListItem","position":3,"name":"Projets phares","item":"https:\/\/web.umons.ac.be\/numediart\/fr\/recherche\/projets-phare\/"},{"@type":"ListItem","position":4,"name":"DeepSport (RW\/WALInnov)"}]},{"@type":"WebSite","@id":"https:\/\/web.umons.ac.be\/numediart\/#website","url":"https:\/\/web.umons.ac.be\/numediart\/","name":"Institut \/ Num\u00e9diart","description":"Un site utilisant Universit\u00e9 de Mons \u2013 UMONS","potentialAction":[{"@type":"SearchAction","target":{"@type":"EntryPoint","urlTemplate":"https:\/\/web.umons.ac.be\/numediart\/?s={search_term_string}"},"query-input":{"@type":"PropertyValueSpecification","valueRequired":true,"valueName":"search_term_string"}}],"inLanguage":"fr-FR"}]}},"lang":"fr","translations":{"fr":31,"en":165},"pll_sync_post":[],"_links":{"self":[{"href":"https:\/\/web.umons.ac.be\/numediart\/wp-json\/wp\/v2\/pages\/31","targetHints":{"allow":["GET"]}}],"collection":[{"href":"https:\/\/web.umons.ac.be\/numediart\/wp-json\/wp\/v2\/pages"}],"about":[{"href":"https:\/\/web.umons.ac.be\/numediart\/wp-json\/wp\/v2\/types\/page"}],"author":[{"embeddable":true,"href":"https:\/\/web.umons.ac.be\/numediart\/wp-json\/wp\/v2\/users\/2"}],"replies":[{"embeddable":true,"href":"https:\/\/web.umons.ac.be\/numediart\/wp-json\/wp\/v2\/comments?post=31"}],"version-history":[{"count":2,"href":"https:\/\/web.umons.ac.be\/numediart\/wp-json\/wp\/v2\/pages\/31\/revisions"}],"predecessor-version":[{"id":229,"href":"https:\/\/web.umons.ac.be\/numediart\/wp-json\/wp\/v2\/pages\/31\/revisions\/229"}],"up":[{"embeddable":true,"href":"https:\/\/web.umons.ac.be\/numediart\/wp-json\/wp\/v2\/pages\/28"}],"wp:attachment":[{"href":"https:\/\/web.umons.ac.be\/numediart\/wp-json\/wp\/v2\/media?parent=31"}],"curies":[{"name":"wp","href":"https:\/\/api.w.org\/{rel}","templated":true}]}}