{"id":337,"date":"2018-06-11T15:34:55","date_gmt":"2018-06-11T13:34:55","guid":{"rendered":"https:\/\/web.umons.ac.be\/numediart\/?page_id=337"},"modified":"2018-06-11T15:37:01","modified_gmt":"2018-06-11T13:37:01","slug":"certificat-en-intelligence-artificielle","status":"publish","type":"page","link":"https:\/\/web.umons.ac.be\/numediart\/fr\/enseignement\/certificat-en-intelligence-artificielle\/","title":{"rendered":"Certificat en Intelligence Artificielle"},"content":{"rendered":"<h2>Description<\/h2>\n<p>L\u2019Intelligence Artificielle (IA), et notamment ses composantes Machine Learning (ML) et Deep Neural Nets (DNN) conna\u00eet un engouement et des succ\u00e8s consid\u00e9rables dans de tr\u00e8s nombreux domaines applicatifs. Citons l\u2019a\u00e9ronautique, les transports, la sant\u00e9, la finance, l\u2019IT.<\/p>\n<p>Diff\u00e9rents services d\u2019Enseignement et de Recherche de la Facult\u00e9 Polytechnique et de la Facult\u00e9 des Sciences, soutenus par les Instituts de Recherche de l\u2019UMONS Numediart et InforTech, proposent un Certificat d\u2019Universit\u00e9 Intelligence Artificielle (Hands on AI) constitu\u00e9 d\u2019un module d\u2019enseignements de 5 cr\u00e9dits dispens\u00e9 en soir\u00e9e et d\u2019un module de 5 cr\u00e9dits de type \u00ab workshop \u00bb dispens\u00e9 sur un week-end.<\/p>\n<p>Infos et inscriptions :\u00a0<a href=\"https:\/\/web.umons.ac.be\/fpms\/fr\/formations\/intelligence-artificielle-hands-on-ai\/\" target=\"_blank\" rel=\"noopener\">cliquez ici\u00a0<\/a><\/p>\n","protected":false},"excerpt":{"rendered":"<p>Description L\u2019Intelligence Artificielle (IA), et notamment ses composantes Machine Learning (ML) et Deep Neural Nets (DNN) conna\u00eet un engouement et des succ\u00e8s consid\u00e9rables dans de tr\u00e8s nombreux domaines applicatifs. Citons l\u2019a\u00e9ronautique, les transports, la sant\u00e9, la finance, l\u2019IT. Diff\u00e9rents services d\u2019Enseignement et de Recherche de la Facult\u00e9 Polytechnique et de la Facult\u00e9 des Sciences, soutenus [&hellip;]<\/p>\n","protected":false},"author":2,"featured_media":0,"parent":312,"menu_order":0,"comment_status":"closed","ping_status":"closed","template":"","meta":{"footnotes":""},"class_list":["post-337","page","type-page","status-publish","hentry"],"yoast_head":"<!-- This site is optimized with the Yoast SEO plugin v27.2 - https:\/\/yoast.com\/product\/yoast-seo-wordpress\/ -->\n<title>Certificat en Intelligence Artificielle - Institut \/ Num\u00e9diart<\/title>\n<meta name=\"robots\" content=\"index, follow, max-snippet:-1, max-image-preview:large, max-video-preview:-1\" \/>\n<link rel=\"canonical\" href=\"https:\/\/web.umons.ac.be\/numediart\/fr\/enseignement\/certificat-en-intelligence-artificielle\/\" \/>\n<meta property=\"og:locale\" content=\"fr_FR\" \/>\n<meta property=\"og:type\" content=\"article\" \/>\n<meta property=\"og:title\" content=\"Certificat en Intelligence Artificielle - Institut \/ Num\u00e9diart\" \/>\n<meta property=\"og:description\" content=\"Description L\u2019Intelligence Artificielle (IA), et notamment ses composantes Machine Learning (ML) et Deep Neural Nets (DNN) conna\u00eet un engouement et des succ\u00e8s consid\u00e9rables dans de tr\u00e8s nombreux domaines applicatifs. Citons l\u2019a\u00e9ronautique, les transports, la sant\u00e9, la finance, l\u2019IT. Diff\u00e9rents services d\u2019Enseignement et de Recherche de la Facult\u00e9 Polytechnique et de la Facult\u00e9 des Sciences, soutenus [&hellip;]\" \/>\n<meta property=\"og:url\" content=\"https:\/\/web.umons.ac.be\/numediart\/fr\/enseignement\/certificat-en-intelligence-artificielle\/\" \/>\n<meta property=\"og:site_name\" content=\"Institut \/ Num\u00e9diart\" \/>\n<meta property=\"article:modified_time\" content=\"2018-06-11T13:37:01+00:00\" \/>\n<meta name=\"twitter:card\" content=\"summary_large_image\" \/>\n<meta name=\"twitter:label1\" content=\"Dur\u00e9e de lecture estim\u00e9e\" \/>\n\t<meta name=\"twitter:data1\" content=\"1 minute\" \/>\n<script type=\"application\/ld+json\" class=\"yoast-schema-graph\">{\"@context\":\"https:\/\/schema.org\",\"@graph\":[{\"@type\":\"WebPage\",\"@id\":\"https:\/\/web.umons.ac.be\/numediart\/fr\/enseignement\/certificat-en-intelligence-artificielle\/\",\"url\":\"https:\/\/web.umons.ac.be\/numediart\/fr\/enseignement\/certificat-en-intelligence-artificielle\/\",\"name\":\"Certificat en Intelligence Artificielle - Institut \/ Num\u00e9diart\",\"isPartOf\":{\"@id\":\"https:\/\/web.umons.ac.be\/numediart\/#website\"},\"datePublished\":\"2018-06-11T13:34:55+00:00\",\"dateModified\":\"2018-06-11T13:37:01+00:00\",\"breadcrumb\":{\"@id\":\"https:\/\/web.umons.ac.be\/numediart\/fr\/enseignement\/certificat-en-intelligence-artificielle\/#breadcrumb\"},\"inLanguage\":\"fr-FR\",\"potentialAction\":[{\"@type\":\"ReadAction\",\"target\":[\"https:\/\/web.umons.ac.be\/numediart\/fr\/enseignement\/certificat-en-intelligence-artificielle\/\"]}]},{\"@type\":\"BreadcrumbList\",\"@id\":\"https:\/\/web.umons.ac.be\/numediart\/fr\/enseignement\/certificat-en-intelligence-artificielle\/#breadcrumb\",\"itemListElement\":[{\"@type\":\"ListItem\",\"position\":1,\"name\":\"Accueil\",\"item\":\"https:\/\/web.umons.ac.be\/numediart\/fr\/\"},{\"@type\":\"ListItem\",\"position\":2,\"name\":\"Enseignement\",\"item\":\"https:\/\/web.umons.ac.be\/numediart\/fr\/enseignement\/\"},{\"@type\":\"ListItem\",\"position\":3,\"name\":\"Certificat en Intelligence Artificielle\"}]},{\"@type\":\"WebSite\",\"@id\":\"https:\/\/web.umons.ac.be\/numediart\/#website\",\"url\":\"https:\/\/web.umons.ac.be\/numediart\/\",\"name\":\"Institut \/ Num\u00e9diart\",\"description\":\"Un site utilisant Universit\u00e9 de Mons \u2013 UMONS\",\"potentialAction\":[{\"@type\":\"SearchAction\",\"target\":{\"@type\":\"EntryPoint\",\"urlTemplate\":\"https:\/\/web.umons.ac.be\/numediart\/?s={search_term_string}\"},\"query-input\":{\"@type\":\"PropertyValueSpecification\",\"valueRequired\":true,\"valueName\":\"search_term_string\"}}],\"inLanguage\":\"fr-FR\"}]}<\/script>\n<!-- \/ Yoast SEO plugin. -->","yoast_head_json":{"title":"Certificat en Intelligence Artificielle - Institut \/ Num\u00e9diart","robots":{"index":"index","follow":"follow","max-snippet":"max-snippet:-1","max-image-preview":"max-image-preview:large","max-video-preview":"max-video-preview:-1"},"canonical":"https:\/\/web.umons.ac.be\/numediart\/fr\/enseignement\/certificat-en-intelligence-artificielle\/","og_locale":"fr_FR","og_type":"article","og_title":"Certificat en Intelligence Artificielle - Institut \/ Num\u00e9diart","og_description":"Description L\u2019Intelligence Artificielle (IA), et notamment ses composantes Machine Learning (ML) et Deep Neural Nets (DNN) conna\u00eet un engouement et des succ\u00e8s consid\u00e9rables dans de tr\u00e8s nombreux domaines applicatifs. Citons l\u2019a\u00e9ronautique, les transports, la sant\u00e9, la finance, l\u2019IT. Diff\u00e9rents services d\u2019Enseignement et de Recherche de la Facult\u00e9 Polytechnique et de la Facult\u00e9 des Sciences, soutenus [&hellip;]","og_url":"https:\/\/web.umons.ac.be\/numediart\/fr\/enseignement\/certificat-en-intelligence-artificielle\/","og_site_name":"Institut \/ Num\u00e9diart","article_modified_time":"2018-06-11T13:37:01+00:00","twitter_card":"summary_large_image","twitter_misc":{"Dur\u00e9e de lecture estim\u00e9e":"1 minute"},"schema":{"@context":"https:\/\/schema.org","@graph":[{"@type":"WebPage","@id":"https:\/\/web.umons.ac.be\/numediart\/fr\/enseignement\/certificat-en-intelligence-artificielle\/","url":"https:\/\/web.umons.ac.be\/numediart\/fr\/enseignement\/certificat-en-intelligence-artificielle\/","name":"Certificat en Intelligence Artificielle - Institut \/ Num\u00e9diart","isPartOf":{"@id":"https:\/\/web.umons.ac.be\/numediart\/#website"},"datePublished":"2018-06-11T13:34:55+00:00","dateModified":"2018-06-11T13:37:01+00:00","breadcrumb":{"@id":"https:\/\/web.umons.ac.be\/numediart\/fr\/enseignement\/certificat-en-intelligence-artificielle\/#breadcrumb"},"inLanguage":"fr-FR","potentialAction":[{"@type":"ReadAction","target":["https:\/\/web.umons.ac.be\/numediart\/fr\/enseignement\/certificat-en-intelligence-artificielle\/"]}]},{"@type":"BreadcrumbList","@id":"https:\/\/web.umons.ac.be\/numediart\/fr\/enseignement\/certificat-en-intelligence-artificielle\/#breadcrumb","itemListElement":[{"@type":"ListItem","position":1,"name":"Accueil","item":"https:\/\/web.umons.ac.be\/numediart\/fr\/"},{"@type":"ListItem","position":2,"name":"Enseignement","item":"https:\/\/web.umons.ac.be\/numediart\/fr\/enseignement\/"},{"@type":"ListItem","position":3,"name":"Certificat en Intelligence Artificielle"}]},{"@type":"WebSite","@id":"https:\/\/web.umons.ac.be\/numediart\/#website","url":"https:\/\/web.umons.ac.be\/numediart\/","name":"Institut \/ Num\u00e9diart","description":"Un site utilisant Universit\u00e9 de Mons \u2013 UMONS","potentialAction":[{"@type":"SearchAction","target":{"@type":"EntryPoint","urlTemplate":"https:\/\/web.umons.ac.be\/numediart\/?s={search_term_string}"},"query-input":{"@type":"PropertyValueSpecification","valueRequired":true,"valueName":"search_term_string"}}],"inLanguage":"fr-FR"}]}},"lang":"fr","translations":{"fr":337,"en":707},"pll_sync_post":[],"_links":{"self":[{"href":"https:\/\/web.umons.ac.be\/numediart\/wp-json\/wp\/v2\/pages\/337","targetHints":{"allow":["GET"]}}],"collection":[{"href":"https:\/\/web.umons.ac.be\/numediart\/wp-json\/wp\/v2\/pages"}],"about":[{"href":"https:\/\/web.umons.ac.be\/numediart\/wp-json\/wp\/v2\/types\/page"}],"author":[{"embeddable":true,"href":"https:\/\/web.umons.ac.be\/numediart\/wp-json\/wp\/v2\/users\/2"}],"replies":[{"embeddable":true,"href":"https:\/\/web.umons.ac.be\/numediart\/wp-json\/wp\/v2\/comments?post=337"}],"version-history":[{"count":2,"href":"https:\/\/web.umons.ac.be\/numediart\/wp-json\/wp\/v2\/pages\/337\/revisions"}],"predecessor-version":[{"id":340,"href":"https:\/\/web.umons.ac.be\/numediart\/wp-json\/wp\/v2\/pages\/337\/revisions\/340"}],"up":[{"embeddable":true,"href":"https:\/\/web.umons.ac.be\/numediart\/wp-json\/wp\/v2\/pages\/312"}],"wp:attachment":[{"href":"https:\/\/web.umons.ac.be\/numediart\/wp-json\/wp\/v2\/media?parent=337"}],"curies":[{"name":"wp","href":"https:\/\/api.w.org\/{rel}","templated":true}]}}