{"id":34,"date":"2017-07-18T16:58:51","date_gmt":"2017-07-18T14:58:51","guid":{"rendered":"https:\/\/web.umons.ac.be\/numediart\/?page_id=34"},"modified":"2017-11-30T10:10:21","modified_gmt":"2017-11-30T09:10:21","slug":"parkar","status":"publish","type":"page","link":"https:\/\/web.umons.ac.be\/numediart\/fr\/recherche\/projets-phare\/parkar\/","title":{"rendered":"PARKAR  (RW\/WALInnov)"},"content":{"rendered":"<p>L\u2019objectif du projet ParkAR est d\u2019<strong>effectuer des recherches et <\/strong>de<strong> d\u00e9velopper des solutions innovantes pour la r\u00e9alisation d\u2019interactions en r\u00e9alit\u00e9 augment\u00e9e avec des groupes restreints de personnes<\/strong>.<\/p>\n<p>En effet, la r\u00e9alit\u00e9 augment\u00e9e demande la mise en coh\u00e9rence de contenu virtuel et de l\u2019espace r\u00e9el environnant au travers de lunettes sp\u00e9cialis\u00e9es comme les tr\u00e8s m\u00e9diatis\u00e9es Hololens de Microsoft. Alors que la mise au point de la r\u00e9alit\u00e9 augment\u00e9e pour un individu isol\u00e9 a \u00e9t\u00e9 largement explor\u00e9e entre autres par les fabricants des lunettes et casques de visualisation, l\u2019interaction en groupe d\u2019individus dans un espace physique commun \u00e9tait, quant \u00e0 elle, rest\u00e9e inexplor\u00e9e jusqu\u2019\u00e0 la mise en place de ce projet rassemblant 2 universit\u00e9s (dont l\u2019UMONS, via l\u2019Institut NUMEDIART) et un partenaire industriel (Alterface SA).<\/p>\n","protected":false},"excerpt":{"rendered":"<p>L\u2019objectif du projet ParkAR est d\u2019effectuer des recherches et de d\u00e9velopper des solutions innovantes pour la r\u00e9alisation d\u2019interactions en r\u00e9alit\u00e9 augment\u00e9e avec des groupes restreints de personnes. En effet, la r\u00e9alit\u00e9 augment\u00e9e demande la mise en coh\u00e9rence de contenu virtuel et de l\u2019espace r\u00e9el environnant au travers de lunettes sp\u00e9cialis\u00e9es comme les tr\u00e8s m\u00e9diatis\u00e9es Hololens [&hellip;]<\/p>\n","protected":false},"author":2,"featured_media":0,"parent":28,"menu_order":2,"comment_status":"closed","ping_status":"closed","template":"","meta":{"footnotes":""},"class_list":["post-34","page","type-page","status-publish","hentry"],"yoast_head":"<!-- This site is optimized with the Yoast SEO plugin v27.2 - https:\/\/yoast.com\/product\/yoast-seo-wordpress\/ -->\n<title>PARKAR (RW\/WALInnov) - Institut \/ Num\u00e9diart<\/title>\n<meta name=\"robots\" content=\"index, follow, max-snippet:-1, max-image-preview:large, max-video-preview:-1\" \/>\n<link rel=\"canonical\" href=\"https:\/\/web.umons.ac.be\/numediart\/fr\/recherche\/projets-phare\/parkar\/\" \/>\n<meta property=\"og:locale\" content=\"fr_FR\" \/>\n<meta property=\"og:type\" content=\"article\" \/>\n<meta property=\"og:title\" content=\"PARKAR (RW\/WALInnov) - Institut \/ Num\u00e9diart\" \/>\n<meta property=\"og:description\" content=\"L\u2019objectif du projet ParkAR est d\u2019effectuer des recherches et de d\u00e9velopper des solutions innovantes pour la r\u00e9alisation d\u2019interactions en r\u00e9alit\u00e9 augment\u00e9e avec des groupes restreints de personnes. En effet, la r\u00e9alit\u00e9 augment\u00e9e demande la mise en coh\u00e9rence de contenu virtuel et de l\u2019espace r\u00e9el environnant au travers de lunettes sp\u00e9cialis\u00e9es comme les tr\u00e8s m\u00e9diatis\u00e9es Hololens [&hellip;]\" \/>\n<meta property=\"og:url\" content=\"https:\/\/web.umons.ac.be\/numediart\/fr\/recherche\/projets-phare\/parkar\/\" \/>\n<meta property=\"og:site_name\" content=\"Institut \/ Num\u00e9diart\" \/>\n<meta property=\"article:modified_time\" content=\"2017-11-30T09:10:21+00:00\" \/>\n<meta name=\"twitter:card\" content=\"summary_large_image\" \/>\n<meta name=\"twitter:label1\" content=\"Dur\u00e9e de lecture estim\u00e9e\" \/>\n\t<meta name=\"twitter:data1\" content=\"1 minute\" \/>\n<script type=\"application\/ld+json\" class=\"yoast-schema-graph\">{\"@context\":\"https:\/\/schema.org\",\"@graph\":[{\"@type\":\"WebPage\",\"@id\":\"https:\/\/web.umons.ac.be\/numediart\/fr\/recherche\/projets-phare\/parkar\/\",\"url\":\"https:\/\/web.umons.ac.be\/numediart\/fr\/recherche\/projets-phare\/parkar\/\",\"name\":\"PARKAR (RW\/WALInnov) - Institut \/ Num\u00e9diart\",\"isPartOf\":{\"@id\":\"https:\/\/web.umons.ac.be\/numediart\/#website\"},\"datePublished\":\"2017-07-18T14:58:51+00:00\",\"dateModified\":\"2017-11-30T09:10:21+00:00\",\"breadcrumb\":{\"@id\":\"https:\/\/web.umons.ac.be\/numediart\/fr\/recherche\/projets-phare\/parkar\/#breadcrumb\"},\"inLanguage\":\"fr-FR\",\"potentialAction\":[{\"@type\":\"ReadAction\",\"target\":[\"https:\/\/web.umons.ac.be\/numediart\/fr\/recherche\/projets-phare\/parkar\/\"]}]},{\"@type\":\"BreadcrumbList\",\"@id\":\"https:\/\/web.umons.ac.be\/numediart\/fr\/recherche\/projets-phare\/parkar\/#breadcrumb\",\"itemListElement\":[{\"@type\":\"ListItem\",\"position\":1,\"name\":\"Accueil\",\"item\":\"https:\/\/web.umons.ac.be\/numediart\/fr\/\"},{\"@type\":\"ListItem\",\"position\":2,\"name\":\"Recherche\",\"item\":\"https:\/\/web.umons.ac.be\/numediart\/fr\/recherche\/\"},{\"@type\":\"ListItem\",\"position\":3,\"name\":\"Projets phares\",\"item\":\"https:\/\/web.umons.ac.be\/numediart\/fr\/recherche\/projets-phare\/\"},{\"@type\":\"ListItem\",\"position\":4,\"name\":\"PARKAR (RW\/WALInnov)\"}]},{\"@type\":\"WebSite\",\"@id\":\"https:\/\/web.umons.ac.be\/numediart\/#website\",\"url\":\"https:\/\/web.umons.ac.be\/numediart\/\",\"name\":\"Institut \/ Num\u00e9diart\",\"description\":\"Un site utilisant Universit\u00e9 de Mons \u2013 UMONS\",\"potentialAction\":[{\"@type\":\"SearchAction\",\"target\":{\"@type\":\"EntryPoint\",\"urlTemplate\":\"https:\/\/web.umons.ac.be\/numediart\/?s={search_term_string}\"},\"query-input\":{\"@type\":\"PropertyValueSpecification\",\"valueRequired\":true,\"valueName\":\"search_term_string\"}}],\"inLanguage\":\"fr-FR\"}]}<\/script>\n<!-- \/ Yoast SEO plugin. -->","yoast_head_json":{"title":"PARKAR (RW\/WALInnov) - Institut \/ Num\u00e9diart","robots":{"index":"index","follow":"follow","max-snippet":"max-snippet:-1","max-image-preview":"max-image-preview:large","max-video-preview":"max-video-preview:-1"},"canonical":"https:\/\/web.umons.ac.be\/numediart\/fr\/recherche\/projets-phare\/parkar\/","og_locale":"fr_FR","og_type":"article","og_title":"PARKAR (RW\/WALInnov) - Institut \/ Num\u00e9diart","og_description":"L\u2019objectif du projet ParkAR est d\u2019effectuer des recherches et de d\u00e9velopper des solutions innovantes pour la r\u00e9alisation d\u2019interactions en r\u00e9alit\u00e9 augment\u00e9e avec des groupes restreints de personnes. En effet, la r\u00e9alit\u00e9 augment\u00e9e demande la mise en coh\u00e9rence de contenu virtuel et de l\u2019espace r\u00e9el environnant au travers de lunettes sp\u00e9cialis\u00e9es comme les tr\u00e8s m\u00e9diatis\u00e9es Hololens [&hellip;]","og_url":"https:\/\/web.umons.ac.be\/numediart\/fr\/recherche\/projets-phare\/parkar\/","og_site_name":"Institut \/ Num\u00e9diart","article_modified_time":"2017-11-30T09:10:21+00:00","twitter_card":"summary_large_image","twitter_misc":{"Dur\u00e9e de lecture estim\u00e9e":"1 minute"},"schema":{"@context":"https:\/\/schema.org","@graph":[{"@type":"WebPage","@id":"https:\/\/web.umons.ac.be\/numediart\/fr\/recherche\/projets-phare\/parkar\/","url":"https:\/\/web.umons.ac.be\/numediart\/fr\/recherche\/projets-phare\/parkar\/","name":"PARKAR (RW\/WALInnov) - Institut \/ Num\u00e9diart","isPartOf":{"@id":"https:\/\/web.umons.ac.be\/numediart\/#website"},"datePublished":"2017-07-18T14:58:51+00:00","dateModified":"2017-11-30T09:10:21+00:00","breadcrumb":{"@id":"https:\/\/web.umons.ac.be\/numediart\/fr\/recherche\/projets-phare\/parkar\/#breadcrumb"},"inLanguage":"fr-FR","potentialAction":[{"@type":"ReadAction","target":["https:\/\/web.umons.ac.be\/numediart\/fr\/recherche\/projets-phare\/parkar\/"]}]},{"@type":"BreadcrumbList","@id":"https:\/\/web.umons.ac.be\/numediart\/fr\/recherche\/projets-phare\/parkar\/#breadcrumb","itemListElement":[{"@type":"ListItem","position":1,"name":"Accueil","item":"https:\/\/web.umons.ac.be\/numediart\/fr\/"},{"@type":"ListItem","position":2,"name":"Recherche","item":"https:\/\/web.umons.ac.be\/numediart\/fr\/recherche\/"},{"@type":"ListItem","position":3,"name":"Projets phares","item":"https:\/\/web.umons.ac.be\/numediart\/fr\/recherche\/projets-phare\/"},{"@type":"ListItem","position":4,"name":"PARKAR (RW\/WALInnov)"}]},{"@type":"WebSite","@id":"https:\/\/web.umons.ac.be\/numediart\/#website","url":"https:\/\/web.umons.ac.be\/numediart\/","name":"Institut \/ Num\u00e9diart","description":"Un site utilisant Universit\u00e9 de Mons \u2013 UMONS","potentialAction":[{"@type":"SearchAction","target":{"@type":"EntryPoint","urlTemplate":"https:\/\/web.umons.ac.be\/numediart\/?s={search_term_string}"},"query-input":{"@type":"PropertyValueSpecification","valueRequired":true,"valueName":"search_term_string"}}],"inLanguage":"fr-FR"}]}},"lang":"fr","translations":{"fr":34,"en":167},"pll_sync_post":[],"_links":{"self":[{"href":"https:\/\/web.umons.ac.be\/numediart\/wp-json\/wp\/v2\/pages\/34","targetHints":{"allow":["GET"]}}],"collection":[{"href":"https:\/\/web.umons.ac.be\/numediart\/wp-json\/wp\/v2\/pages"}],"about":[{"href":"https:\/\/web.umons.ac.be\/numediart\/wp-json\/wp\/v2\/types\/page"}],"author":[{"embeddable":true,"href":"https:\/\/web.umons.ac.be\/numediart\/wp-json\/wp\/v2\/users\/2"}],"replies":[{"embeddable":true,"href":"https:\/\/web.umons.ac.be\/numediart\/wp-json\/wp\/v2\/comments?post=34"}],"version-history":[{"count":3,"href":"https:\/\/web.umons.ac.be\/numediart\/wp-json\/wp\/v2\/pages\/34\/revisions"}],"predecessor-version":[{"id":270,"href":"https:\/\/web.umons.ac.be\/numediart\/wp-json\/wp\/v2\/pages\/34\/revisions\/270"}],"up":[{"embeddable":true,"href":"https:\/\/web.umons.ac.be\/numediart\/wp-json\/wp\/v2\/pages\/28"}],"wp:attachment":[{"href":"https:\/\/web.umons.ac.be\/numediart\/wp-json\/wp\/v2\/media?parent=34"}],"curies":[{"name":"wp","href":"https:\/\/api.w.org\/{rel}","templated":true}]}}