{"id":355,"date":"2018-06-11T16:35:48","date_gmt":"2018-06-11T14:35:48","guid":{"rendered":"https:\/\/web.umons.ac.be\/numediart\/?page_id=355"},"modified":"2020-04-05T10:25:48","modified_gmt":"2020-04-05T08:25:48","slug":"demos","status":"publish","type":"page","link":"https:\/\/web.umons.ac.be\/numediart\/fr\/recherche\/demos\/","title":{"rendered":"D\u00e9mos"},"content":{"rendered":"<h2>Nous vous proposons un petit aper\u00e7u de notre travail via des d\u00e9monstrations et vid\u00e9os de projets.<\/h2>\n<ul>\n<li>Pour voir les d\u00e9monstration li\u00e9s \u00e0 nos projets\u00a0:\u00a0<a href=\"https:\/\/vimeo.com\/channels\/1352265\/page:2\" target=\"_blank\" rel=\"noopener noreferrer\">cliquez ici<\/a><\/li>\n<li>Pour voir les performances et installations auxquelles nous avons collabor\u00e9\u00a0:\u00a0<a href=\"https:\/\/vimeo.com\/channels\/1352254\" target=\"_blank\" rel=\"noopener noreferrer\">cliquez ici<\/a><\/li>\n<li>Pour voir les vid\u00e9os li\u00e9es \u00e0 l\u2019enseignement\u00a0:\u00a0<a href=\"https:\/\/vimeo.com\/channels\/1352263\" target=\"_blank\" rel=\"noopener noreferrer\">cliquez ici<\/a><\/li>\n<li>Pour voir les vid\u00e9os du CLICK\u2019\u00a0Living Lab :\u00a0<a href=\"https:\/\/www.youtube.com\/channel\/UCepp6w411lyT-kr9KPzbMEw\/featured\" target=\"_blank\" rel=\"noopener noreferrer\">cliquez ici<\/a><\/li>\n<li>On parle de nous dans la presse\u00a0:\u00a0<a href=\"https:\/\/vimeo.com\/channels\/1352268\" target=\"_blank\" rel=\"noopener noreferrer\">cliquez ic<\/a>i<\/li>\n<\/ul>\n<p>N\u2019h\u00e9sitez pas \u00e0 nous suivre sur notre compte\u00a0<a href=\"https:\/\/vimeo.com\/numediart\" target=\"_blank\" rel=\"noopener noreferrer\">www.vimeo\/numediart<\/a><\/p>\n<h3>Projets \u00e9tudiants<\/h3>\n<start-cask-shortcode-wrapper><end-cask-shortcode-wrapper>\n","protected":false},"excerpt":{"rendered":"<p>Nous vous proposons un petit aper\u00e7u de notre travail via des d\u00e9monstrations et vid\u00e9os de projets. Pour voir les d\u00e9monstration li\u00e9s \u00e0 nos projets\u00a0:\u00a0cliquez ici Pour voir les performances et installations auxquelles nous avons collabor\u00e9\u00a0:\u00a0cliquez ici Pour voir les vid\u00e9os li\u00e9es \u00e0 l\u2019enseignement\u00a0:\u00a0cliquez ici Pour voir les vid\u00e9os du CLICK\u2019\u00a0Living Lab :\u00a0cliquez ici On parle [&hellip;]<\/p>\n","protected":false},"author":2,"featured_media":0,"parent":654,"menu_order":0,"comment_status":"closed","ping_status":"closed","template":"","meta":{"footnotes":""},"class_list":["post-355","page","type-page","status-publish","hentry"],"yoast_head":"<!-- This site is optimized with the Yoast SEO plugin v27.2 - https:\/\/yoast.com\/product\/yoast-seo-wordpress\/ -->\n<title>D\u00e9mos - Institut \/ Num\u00e9diart<\/title>\n<meta name=\"robots\" content=\"index, follow, max-snippet:-1, max-image-preview:large, max-video-preview:-1\" \/>\n<link rel=\"canonical\" href=\"https:\/\/web.umons.ac.be\/numediart\/fr\/recherche\/demos\/\" \/>\n<meta property=\"og:locale\" content=\"fr_FR\" \/>\n<meta property=\"og:type\" content=\"article\" \/>\n<meta property=\"og:title\" content=\"D\u00e9mos - Institut \/ Num\u00e9diart\" \/>\n<meta property=\"og:description\" content=\"Nous vous proposons un petit aper\u00e7u de notre travail via des d\u00e9monstrations et vid\u00e9os de projets. Pour voir les d\u00e9monstration li\u00e9s \u00e0 nos projets\u00a0:\u00a0cliquez ici Pour voir les performances et installations auxquelles nous avons collabor\u00e9\u00a0:\u00a0cliquez ici Pour voir les vid\u00e9os li\u00e9es \u00e0 l\u2019enseignement\u00a0:\u00a0cliquez ici Pour voir les vid\u00e9os du CLICK\u2019\u00a0Living Lab :\u00a0cliquez ici On parle [&hellip;]\" \/>\n<meta property=\"og:url\" content=\"https:\/\/web.umons.ac.be\/numediart\/fr\/recherche\/demos\/\" \/>\n<meta property=\"og:site_name\" content=\"Institut \/ Num\u00e9diart\" \/>\n<meta property=\"article:modified_time\" content=\"2020-04-05T08:25:48+00:00\" \/>\n<meta name=\"twitter:card\" content=\"summary_large_image\" \/>\n<script type=\"application\/ld+json\" class=\"yoast-schema-graph\">{\"@context\":\"https:\/\/schema.org\",\"@graph\":[{\"@type\":\"WebPage\",\"@id\":\"https:\/\/web.umons.ac.be\/numediart\/fr\/recherche\/demos\/\",\"url\":\"https:\/\/web.umons.ac.be\/numediart\/fr\/recherche\/demos\/\",\"name\":\"D\u00e9mos - Institut \/ Num\u00e9diart\",\"isPartOf\":{\"@id\":\"https:\/\/web.umons.ac.be\/numediart\/#website\"},\"datePublished\":\"2018-06-11T14:35:48+00:00\",\"dateModified\":\"2020-04-05T08:25:48+00:00\",\"breadcrumb\":{\"@id\":\"https:\/\/web.umons.ac.be\/numediart\/fr\/recherche\/demos\/#breadcrumb\"},\"inLanguage\":\"fr-FR\",\"potentialAction\":[{\"@type\":\"ReadAction\",\"target\":[\"https:\/\/web.umons.ac.be\/numediart\/fr\/recherche\/demos\/\"]}]},{\"@type\":\"BreadcrumbList\",\"@id\":\"https:\/\/web.umons.ac.be\/numediart\/fr\/recherche\/demos\/#breadcrumb\",\"itemListElement\":[{\"@type\":\"ListItem\",\"position\":1,\"name\":\"Accueil\",\"item\":\"https:\/\/web.umons.ac.be\/numediart\/fr\/\"},{\"@type\":\"ListItem\",\"position\":2,\"name\":\"Recherche\",\"item\":\"https:\/\/web.umons.ac.be\/numediart\/fr\/recherche\/\"},{\"@type\":\"ListItem\",\"position\":3,\"name\":\"D\u00e9mos\"}]},{\"@type\":\"WebSite\",\"@id\":\"https:\/\/web.umons.ac.be\/numediart\/#website\",\"url\":\"https:\/\/web.umons.ac.be\/numediart\/\",\"name\":\"Institut \/ Num\u00e9diart\",\"description\":\"Un site utilisant Universit\u00e9 de Mons \u2013 UMONS\",\"potentialAction\":[{\"@type\":\"SearchAction\",\"target\":{\"@type\":\"EntryPoint\",\"urlTemplate\":\"https:\/\/web.umons.ac.be\/numediart\/?s={search_term_string}\"},\"query-input\":{\"@type\":\"PropertyValueSpecification\",\"valueRequired\":true,\"valueName\":\"search_term_string\"}}],\"inLanguage\":\"fr-FR\"}]}<\/script>\n<!-- \/ Yoast SEO plugin. -->","yoast_head_json":{"title":"D\u00e9mos - Institut \/ Num\u00e9diart","robots":{"index":"index","follow":"follow","max-snippet":"max-snippet:-1","max-image-preview":"max-image-preview:large","max-video-preview":"max-video-preview:-1"},"canonical":"https:\/\/web.umons.ac.be\/numediart\/fr\/recherche\/demos\/","og_locale":"fr_FR","og_type":"article","og_title":"D\u00e9mos - Institut \/ Num\u00e9diart","og_description":"Nous vous proposons un petit aper\u00e7u de notre travail via des d\u00e9monstrations et vid\u00e9os de projets. Pour voir les d\u00e9monstration li\u00e9s \u00e0 nos projets\u00a0:\u00a0cliquez ici Pour voir les performances et installations auxquelles nous avons collabor\u00e9\u00a0:\u00a0cliquez ici Pour voir les vid\u00e9os li\u00e9es \u00e0 l\u2019enseignement\u00a0:\u00a0cliquez ici Pour voir les vid\u00e9os du CLICK\u2019\u00a0Living Lab :\u00a0cliquez ici On parle [&hellip;]","og_url":"https:\/\/web.umons.ac.be\/numediart\/fr\/recherche\/demos\/","og_site_name":"Institut \/ Num\u00e9diart","article_modified_time":"2020-04-05T08:25:48+00:00","twitter_card":"summary_large_image","schema":{"@context":"https:\/\/schema.org","@graph":[{"@type":"WebPage","@id":"https:\/\/web.umons.ac.be\/numediart\/fr\/recherche\/demos\/","url":"https:\/\/web.umons.ac.be\/numediart\/fr\/recherche\/demos\/","name":"D\u00e9mos - Institut \/ Num\u00e9diart","isPartOf":{"@id":"https:\/\/web.umons.ac.be\/numediart\/#website"},"datePublished":"2018-06-11T14:35:48+00:00","dateModified":"2020-04-05T08:25:48+00:00","breadcrumb":{"@id":"https:\/\/web.umons.ac.be\/numediart\/fr\/recherche\/demos\/#breadcrumb"},"inLanguage":"fr-FR","potentialAction":[{"@type":"ReadAction","target":["https:\/\/web.umons.ac.be\/numediart\/fr\/recherche\/demos\/"]}]},{"@type":"BreadcrumbList","@id":"https:\/\/web.umons.ac.be\/numediart\/fr\/recherche\/demos\/#breadcrumb","itemListElement":[{"@type":"ListItem","position":1,"name":"Accueil","item":"https:\/\/web.umons.ac.be\/numediart\/fr\/"},{"@type":"ListItem","position":2,"name":"Recherche","item":"https:\/\/web.umons.ac.be\/numediart\/fr\/recherche\/"},{"@type":"ListItem","position":3,"name":"D\u00e9mos"}]},{"@type":"WebSite","@id":"https:\/\/web.umons.ac.be\/numediart\/#website","url":"https:\/\/web.umons.ac.be\/numediart\/","name":"Institut \/ Num\u00e9diart","description":"Un site utilisant Universit\u00e9 de Mons \u2013 UMONS","potentialAction":[{"@type":"SearchAction","target":{"@type":"EntryPoint","urlTemplate":"https:\/\/web.umons.ac.be\/numediart\/?s={search_term_string}"},"query-input":{"@type":"PropertyValueSpecification","valueRequired":true,"valueName":"search_term_string"}}],"inLanguage":"fr-FR"}]}},"lang":"fr","translations":{"fr":355,"en":701},"pll_sync_post":[],"_links":{"self":[{"href":"https:\/\/web.umons.ac.be\/numediart\/wp-json\/wp\/v2\/pages\/355","targetHints":{"allow":["GET"]}}],"collection":[{"href":"https:\/\/web.umons.ac.be\/numediart\/wp-json\/wp\/v2\/pages"}],"about":[{"href":"https:\/\/web.umons.ac.be\/numediart\/wp-json\/wp\/v2\/types\/page"}],"author":[{"embeddable":true,"href":"https:\/\/web.umons.ac.be\/numediart\/wp-json\/wp\/v2\/users\/2"}],"replies":[{"embeddable":true,"href":"https:\/\/web.umons.ac.be\/numediart\/wp-json\/wp\/v2\/comments?post=355"}],"version-history":[{"count":7,"href":"https:\/\/web.umons.ac.be\/numediart\/wp-json\/wp\/v2\/pages\/355\/revisions"}],"predecessor-version":[{"id":749,"href":"https:\/\/web.umons.ac.be\/numediart\/wp-json\/wp\/v2\/pages\/355\/revisions\/749"}],"up":[{"embeddable":true,"href":"https:\/\/web.umons.ac.be\/numediart\/wp-json\/wp\/v2\/pages\/654"}],"wp:attachment":[{"href":"https:\/\/web.umons.ac.be\/numediart\/wp-json\/wp\/v2\/media?parent=355"}],"curies":[{"name":"wp","href":"https:\/\/api.w.org\/{rel}","templated":true}]}}