{"id":37,"date":"2017-07-18T17:00:19","date_gmt":"2017-07-18T15:00:19","guid":{"rendered":"https:\/\/web.umons.ac.be\/numediart\/?page_id=37"},"modified":"2017-11-07T16:52:20","modified_gmt":"2017-11-07T15:52:20","slug":"iglu","status":"publish","type":"page","link":"https:\/\/web.umons.ac.be\/numediart\/fr\/recherche\/projets-phare\/iglu\/","title":{"rendered":"IGLU   (UE\/CHIST-ERA)"},"content":{"rendered":"<h2><strong>IGLU &#8211; <\/strong>Interactive Grounded Language Understanding<\/h2>\n<p><strong>Le langage naturel est l\u2019une des aptitudes les plus singuli\u00e8res de notre esp\u00e8ce. Les recherches en compr\u00e9hension situ\u00e9e du langage (\u00ab grounded language understanding \u00bb) constituent un v\u00e9ritable enjeu dans le domaine de l\u2019intelligence artificielle. <\/strong>\u00a0Le projet rassemble des scientifiques de 8 institutions partenaires (dont l\u2019UMONS), experts en technologies de la parole et du langage, en apprentissage profond, informatique neuro-morphique, informatique affective et robotique d\u00e9veloppementale.<\/p>\n","protected":false},"excerpt":{"rendered":"<p>IGLU &#8211; Interactive Grounded Language Understanding Le langage naturel est l\u2019une des aptitudes les plus singuli\u00e8res de notre esp\u00e8ce. Les recherches en compr\u00e9hension situ\u00e9e du langage (\u00ab grounded language understanding \u00bb) constituent un v\u00e9ritable enjeu dans le domaine de l\u2019intelligence artificielle. \u00a0Le projet rassemble des scientifiques de 8 institutions partenaires (dont l\u2019UMONS), experts en technologies [&hellip;]<\/p>\n","protected":false},"author":2,"featured_media":0,"parent":28,"menu_order":3,"comment_status":"closed","ping_status":"closed","template":"","meta":{"footnotes":""},"class_list":["post-37","page","type-page","status-publish","hentry"],"yoast_head":"<!-- This site is optimized with the Yoast SEO plugin v27.2 - https:\/\/yoast.com\/product\/yoast-seo-wordpress\/ -->\n<title>IGLU  (UE\/CHIST-ERA) - Institut \/ Num\u00e9diart<\/title>\n<meta name=\"robots\" content=\"index, follow, max-snippet:-1, max-image-preview:large, max-video-preview:-1\" \/>\n<link rel=\"canonical\" href=\"https:\/\/web.umons.ac.be\/numediart\/fr\/recherche\/projets-phare\/iglu\/\" \/>\n<meta property=\"og:locale\" content=\"fr_FR\" \/>\n<meta property=\"og:type\" content=\"article\" \/>\n<meta property=\"og:title\" content=\"IGLU  (UE\/CHIST-ERA) - Institut \/ Num\u00e9diart\" \/>\n<meta property=\"og:description\" content=\"IGLU &#8211; Interactive Grounded Language Understanding Le langage naturel est l\u2019une des aptitudes les plus singuli\u00e8res de notre esp\u00e8ce. Les recherches en compr\u00e9hension situ\u00e9e du langage (\u00ab grounded language understanding \u00bb) constituent un v\u00e9ritable enjeu dans le domaine de l\u2019intelligence artificielle. \u00a0Le projet rassemble des scientifiques de 8 institutions partenaires (dont l\u2019UMONS), experts en technologies [&hellip;]\" \/>\n<meta property=\"og:url\" content=\"https:\/\/web.umons.ac.be\/numediart\/fr\/recherche\/projets-phare\/iglu\/\" \/>\n<meta property=\"og:site_name\" content=\"Institut \/ Num\u00e9diart\" \/>\n<meta property=\"article:modified_time\" content=\"2017-11-07T15:52:20+00:00\" \/>\n<meta name=\"twitter:card\" content=\"summary_large_image\" \/>\n<script type=\"application\/ld+json\" class=\"yoast-schema-graph\">{\"@context\":\"https:\/\/schema.org\",\"@graph\":[{\"@type\":\"WebPage\",\"@id\":\"https:\/\/web.umons.ac.be\/numediart\/fr\/recherche\/projets-phare\/iglu\/\",\"url\":\"https:\/\/web.umons.ac.be\/numediart\/fr\/recherche\/projets-phare\/iglu\/\",\"name\":\"IGLU (UE\/CHIST-ERA) - Institut \/ Num\u00e9diart\",\"isPartOf\":{\"@id\":\"https:\/\/web.umons.ac.be\/numediart\/#website\"},\"datePublished\":\"2017-07-18T15:00:19+00:00\",\"dateModified\":\"2017-11-07T15:52:20+00:00\",\"breadcrumb\":{\"@id\":\"https:\/\/web.umons.ac.be\/numediart\/fr\/recherche\/projets-phare\/iglu\/#breadcrumb\"},\"inLanguage\":\"fr-FR\",\"potentialAction\":[{\"@type\":\"ReadAction\",\"target\":[\"https:\/\/web.umons.ac.be\/numediart\/fr\/recherche\/projets-phare\/iglu\/\"]}]},{\"@type\":\"BreadcrumbList\",\"@id\":\"https:\/\/web.umons.ac.be\/numediart\/fr\/recherche\/projets-phare\/iglu\/#breadcrumb\",\"itemListElement\":[{\"@type\":\"ListItem\",\"position\":1,\"name\":\"Accueil\",\"item\":\"https:\/\/web.umons.ac.be\/numediart\/fr\/\"},{\"@type\":\"ListItem\",\"position\":2,\"name\":\"Recherche\",\"item\":\"https:\/\/web.umons.ac.be\/numediart\/fr\/recherche\/\"},{\"@type\":\"ListItem\",\"position\":3,\"name\":\"Projets phares\",\"item\":\"https:\/\/web.umons.ac.be\/numediart\/fr\/recherche\/projets-phare\/\"},{\"@type\":\"ListItem\",\"position\":4,\"name\":\"IGLU (UE\/CHIST-ERA)\"}]},{\"@type\":\"WebSite\",\"@id\":\"https:\/\/web.umons.ac.be\/numediart\/#website\",\"url\":\"https:\/\/web.umons.ac.be\/numediart\/\",\"name\":\"Institut \/ Num\u00e9diart\",\"description\":\"Un site utilisant Universit\u00e9 de Mons \u2013 UMONS\",\"potentialAction\":[{\"@type\":\"SearchAction\",\"target\":{\"@type\":\"EntryPoint\",\"urlTemplate\":\"https:\/\/web.umons.ac.be\/numediart\/?s={search_term_string}\"},\"query-input\":{\"@type\":\"PropertyValueSpecification\",\"valueRequired\":true,\"valueName\":\"search_term_string\"}}],\"inLanguage\":\"fr-FR\"}]}<\/script>\n<!-- \/ Yoast SEO plugin. -->","yoast_head_json":{"title":"IGLU  (UE\/CHIST-ERA) - Institut \/ Num\u00e9diart","robots":{"index":"index","follow":"follow","max-snippet":"max-snippet:-1","max-image-preview":"max-image-preview:large","max-video-preview":"max-video-preview:-1"},"canonical":"https:\/\/web.umons.ac.be\/numediart\/fr\/recherche\/projets-phare\/iglu\/","og_locale":"fr_FR","og_type":"article","og_title":"IGLU  (UE\/CHIST-ERA) - Institut \/ Num\u00e9diart","og_description":"IGLU &#8211; Interactive Grounded Language Understanding Le langage naturel est l\u2019une des aptitudes les plus singuli\u00e8res de notre esp\u00e8ce. Les recherches en compr\u00e9hension situ\u00e9e du langage (\u00ab grounded language understanding \u00bb) constituent un v\u00e9ritable enjeu dans le domaine de l\u2019intelligence artificielle. \u00a0Le projet rassemble des scientifiques de 8 institutions partenaires (dont l\u2019UMONS), experts en technologies [&hellip;]","og_url":"https:\/\/web.umons.ac.be\/numediart\/fr\/recherche\/projets-phare\/iglu\/","og_site_name":"Institut \/ Num\u00e9diart","article_modified_time":"2017-11-07T15:52:20+00:00","twitter_card":"summary_large_image","schema":{"@context":"https:\/\/schema.org","@graph":[{"@type":"WebPage","@id":"https:\/\/web.umons.ac.be\/numediart\/fr\/recherche\/projets-phare\/iglu\/","url":"https:\/\/web.umons.ac.be\/numediart\/fr\/recherche\/projets-phare\/iglu\/","name":"IGLU (UE\/CHIST-ERA) - Institut \/ Num\u00e9diart","isPartOf":{"@id":"https:\/\/web.umons.ac.be\/numediart\/#website"},"datePublished":"2017-07-18T15:00:19+00:00","dateModified":"2017-11-07T15:52:20+00:00","breadcrumb":{"@id":"https:\/\/web.umons.ac.be\/numediart\/fr\/recherche\/projets-phare\/iglu\/#breadcrumb"},"inLanguage":"fr-FR","potentialAction":[{"@type":"ReadAction","target":["https:\/\/web.umons.ac.be\/numediart\/fr\/recherche\/projets-phare\/iglu\/"]}]},{"@type":"BreadcrumbList","@id":"https:\/\/web.umons.ac.be\/numediart\/fr\/recherche\/projets-phare\/iglu\/#breadcrumb","itemListElement":[{"@type":"ListItem","position":1,"name":"Accueil","item":"https:\/\/web.umons.ac.be\/numediart\/fr\/"},{"@type":"ListItem","position":2,"name":"Recherche","item":"https:\/\/web.umons.ac.be\/numediart\/fr\/recherche\/"},{"@type":"ListItem","position":3,"name":"Projets phares","item":"https:\/\/web.umons.ac.be\/numediart\/fr\/recherche\/projets-phare\/"},{"@type":"ListItem","position":4,"name":"IGLU (UE\/CHIST-ERA)"}]},{"@type":"WebSite","@id":"https:\/\/web.umons.ac.be\/numediart\/#website","url":"https:\/\/web.umons.ac.be\/numediart\/","name":"Institut \/ Num\u00e9diart","description":"Un site utilisant Universit\u00e9 de Mons \u2013 UMONS","potentialAction":[{"@type":"SearchAction","target":{"@type":"EntryPoint","urlTemplate":"https:\/\/web.umons.ac.be\/numediart\/?s={search_term_string}"},"query-input":{"@type":"PropertyValueSpecification","valueRequired":true,"valueName":"search_term_string"}}],"inLanguage":"fr-FR"}]}},"lang":"fr","translations":{"fr":37,"en":170},"pll_sync_post":[],"_links":{"self":[{"href":"https:\/\/web.umons.ac.be\/numediart\/wp-json\/wp\/v2\/pages\/37","targetHints":{"allow":["GET"]}}],"collection":[{"href":"https:\/\/web.umons.ac.be\/numediart\/wp-json\/wp\/v2\/pages"}],"about":[{"href":"https:\/\/web.umons.ac.be\/numediart\/wp-json\/wp\/v2\/types\/page"}],"author":[{"embeddable":true,"href":"https:\/\/web.umons.ac.be\/numediart\/wp-json\/wp\/v2\/users\/2"}],"replies":[{"embeddable":true,"href":"https:\/\/web.umons.ac.be\/numediart\/wp-json\/wp\/v2\/comments?post=37"}],"version-history":[{"count":2,"href":"https:\/\/web.umons.ac.be\/numediart\/wp-json\/wp\/v2\/pages\/37\/revisions"}],"predecessor-version":[{"id":233,"href":"https:\/\/web.umons.ac.be\/numediart\/wp-json\/wp\/v2\/pages\/37\/revisions\/233"}],"up":[{"embeddable":true,"href":"https:\/\/web.umons.ac.be\/numediart\/wp-json\/wp\/v2\/pages\/28"}],"wp:attachment":[{"href":"https:\/\/web.umons.ac.be\/numediart\/wp-json\/wp\/v2\/media?parent=37"}],"curies":[{"name":"wp","href":"https:\/\/api.w.org\/{rel}","templated":true}]}}