{"id":40,"date":"2017-07-18T17:00:50","date_gmt":"2017-07-18T15:00:50","guid":{"rendered":"https:\/\/web.umons.ac.be\/numediart\/?page_id=40"},"modified":"2017-11-30T10:10:41","modified_gmt":"2017-11-30T09:10:41","slug":"reidpazo","status":"publish","type":"page","link":"https:\/\/web.umons.ac.be\/numediart\/fr\/recherche\/projets-phare\/reidpazo\/","title":{"rendered":"Reidpazo  (RW\/EWARE)"},"content":{"rendered":"<p>Dans le contexte g\u00e9ostrat\u00e9gique instable que nous connaissons, les besoins en <strong>vid\u00e9osurveillances<\/strong> sont \u00e9vidents, que ce soit dans les structures publiques (gares, a\u00e9roports etc) ou priv\u00e9es (entreprises supermarch\u00e9s, etc).\u00a0 <strong>L\u2019objectif <\/strong>de ce projet <strong>est de<\/strong> <strong>fournir<\/strong>, pour le domaine de la vid\u00e9osurveillance, <strong>une brique robuste de r\u00e9-identification d\u2019un nombre non limit\u00e9 de personnes et\/ou d\u2019objets<\/strong>. Ce module g\u00e9n\u00e9rique permet par exemple de suivre sur le long terme une personne m\u00eame sur des images issues de plusieurs cam\u00e9ras.<\/p>\n","protected":false},"excerpt":{"rendered":"<p>Dans le contexte g\u00e9ostrat\u00e9gique instable que nous connaissons, les besoins en vid\u00e9osurveillances sont \u00e9vidents, que ce soit dans les structures publiques (gares, a\u00e9roports etc) ou priv\u00e9es (entreprises supermarch\u00e9s, etc).\u00a0 L\u2019objectif de ce projet est de fournir, pour le domaine de la vid\u00e9osurveillance, une brique robuste de r\u00e9-identification d\u2019un nombre non limit\u00e9 de personnes et\/ou d\u2019objets. [&hellip;]<\/p>\n","protected":false},"author":2,"featured_media":0,"parent":28,"menu_order":4,"comment_status":"closed","ping_status":"closed","template":"","meta":{"footnotes":""},"class_list":["post-40","page","type-page","status-publish","hentry"],"yoast_head":"<!-- This site is optimized with the Yoast SEO plugin v27.2 - https:\/\/yoast.com\/product\/yoast-seo-wordpress\/ -->\n<title>Reidpazo (RW\/EWARE) - Institut \/ Num\u00e9diart<\/title>\n<meta name=\"robots\" content=\"index, follow, max-snippet:-1, max-image-preview:large, max-video-preview:-1\" \/>\n<link rel=\"canonical\" href=\"https:\/\/web.umons.ac.be\/numediart\/fr\/recherche\/projets-phare\/reidpazo\/\" \/>\n<meta property=\"og:locale\" content=\"fr_FR\" \/>\n<meta property=\"og:type\" content=\"article\" \/>\n<meta property=\"og:title\" content=\"Reidpazo (RW\/EWARE) - Institut \/ Num\u00e9diart\" \/>\n<meta property=\"og:description\" content=\"Dans le contexte g\u00e9ostrat\u00e9gique instable que nous connaissons, les besoins en vid\u00e9osurveillances sont \u00e9vidents, que ce soit dans les structures publiques (gares, a\u00e9roports etc) ou priv\u00e9es (entreprises supermarch\u00e9s, etc).\u00a0 L\u2019objectif de ce projet est de fournir, pour le domaine de la vid\u00e9osurveillance, une brique robuste de r\u00e9-identification d\u2019un nombre non limit\u00e9 de personnes et\/ou d\u2019objets. [&hellip;]\" \/>\n<meta property=\"og:url\" content=\"https:\/\/web.umons.ac.be\/numediart\/fr\/recherche\/projets-phare\/reidpazo\/\" \/>\n<meta property=\"og:site_name\" content=\"Institut \/ Num\u00e9diart\" \/>\n<meta property=\"article:modified_time\" content=\"2017-11-30T09:10:41+00:00\" \/>\n<meta name=\"twitter:card\" content=\"summary_large_image\" \/>\n<script type=\"application\/ld+json\" class=\"yoast-schema-graph\">{\"@context\":\"https:\/\/schema.org\",\"@graph\":[{\"@type\":\"WebPage\",\"@id\":\"https:\/\/web.umons.ac.be\/numediart\/fr\/recherche\/projets-phare\/reidpazo\/\",\"url\":\"https:\/\/web.umons.ac.be\/numediart\/fr\/recherche\/projets-phare\/reidpazo\/\",\"name\":\"Reidpazo (RW\/EWARE) - Institut \/ Num\u00e9diart\",\"isPartOf\":{\"@id\":\"https:\/\/web.umons.ac.be\/numediart\/#website\"},\"datePublished\":\"2017-07-18T15:00:50+00:00\",\"dateModified\":\"2017-11-30T09:10:41+00:00\",\"breadcrumb\":{\"@id\":\"https:\/\/web.umons.ac.be\/numediart\/fr\/recherche\/projets-phare\/reidpazo\/#breadcrumb\"},\"inLanguage\":\"fr-FR\",\"potentialAction\":[{\"@type\":\"ReadAction\",\"target\":[\"https:\/\/web.umons.ac.be\/numediart\/fr\/recherche\/projets-phare\/reidpazo\/\"]}]},{\"@type\":\"BreadcrumbList\",\"@id\":\"https:\/\/web.umons.ac.be\/numediart\/fr\/recherche\/projets-phare\/reidpazo\/#breadcrumb\",\"itemListElement\":[{\"@type\":\"ListItem\",\"position\":1,\"name\":\"Accueil\",\"item\":\"https:\/\/web.umons.ac.be\/numediart\/fr\/\"},{\"@type\":\"ListItem\",\"position\":2,\"name\":\"Recherche\",\"item\":\"https:\/\/web.umons.ac.be\/numediart\/fr\/recherche\/\"},{\"@type\":\"ListItem\",\"position\":3,\"name\":\"Projets phares\",\"item\":\"https:\/\/web.umons.ac.be\/numediart\/fr\/recherche\/projets-phare\/\"},{\"@type\":\"ListItem\",\"position\":4,\"name\":\"Reidpazo (RW\/EWARE)\"}]},{\"@type\":\"WebSite\",\"@id\":\"https:\/\/web.umons.ac.be\/numediart\/#website\",\"url\":\"https:\/\/web.umons.ac.be\/numediart\/\",\"name\":\"Institut \/ Num\u00e9diart\",\"description\":\"Un site utilisant Universit\u00e9 de Mons \u2013 UMONS\",\"potentialAction\":[{\"@type\":\"SearchAction\",\"target\":{\"@type\":\"EntryPoint\",\"urlTemplate\":\"https:\/\/web.umons.ac.be\/numediart\/?s={search_term_string}\"},\"query-input\":{\"@type\":\"PropertyValueSpecification\",\"valueRequired\":true,\"valueName\":\"search_term_string\"}}],\"inLanguage\":\"fr-FR\"}]}<\/script>\n<!-- \/ Yoast SEO plugin. -->","yoast_head_json":{"title":"Reidpazo (RW\/EWARE) - Institut \/ Num\u00e9diart","robots":{"index":"index","follow":"follow","max-snippet":"max-snippet:-1","max-image-preview":"max-image-preview:large","max-video-preview":"max-video-preview:-1"},"canonical":"https:\/\/web.umons.ac.be\/numediart\/fr\/recherche\/projets-phare\/reidpazo\/","og_locale":"fr_FR","og_type":"article","og_title":"Reidpazo (RW\/EWARE) - Institut \/ Num\u00e9diart","og_description":"Dans le contexte g\u00e9ostrat\u00e9gique instable que nous connaissons, les besoins en vid\u00e9osurveillances sont \u00e9vidents, que ce soit dans les structures publiques (gares, a\u00e9roports etc) ou priv\u00e9es (entreprises supermarch\u00e9s, etc).\u00a0 L\u2019objectif de ce projet est de fournir, pour le domaine de la vid\u00e9osurveillance, une brique robuste de r\u00e9-identification d\u2019un nombre non limit\u00e9 de personnes et\/ou d\u2019objets. [&hellip;]","og_url":"https:\/\/web.umons.ac.be\/numediart\/fr\/recherche\/projets-phare\/reidpazo\/","og_site_name":"Institut \/ Num\u00e9diart","article_modified_time":"2017-11-30T09:10:41+00:00","twitter_card":"summary_large_image","schema":{"@context":"https:\/\/schema.org","@graph":[{"@type":"WebPage","@id":"https:\/\/web.umons.ac.be\/numediart\/fr\/recherche\/projets-phare\/reidpazo\/","url":"https:\/\/web.umons.ac.be\/numediart\/fr\/recherche\/projets-phare\/reidpazo\/","name":"Reidpazo (RW\/EWARE) - Institut \/ Num\u00e9diart","isPartOf":{"@id":"https:\/\/web.umons.ac.be\/numediart\/#website"},"datePublished":"2017-07-18T15:00:50+00:00","dateModified":"2017-11-30T09:10:41+00:00","breadcrumb":{"@id":"https:\/\/web.umons.ac.be\/numediart\/fr\/recherche\/projets-phare\/reidpazo\/#breadcrumb"},"inLanguage":"fr-FR","potentialAction":[{"@type":"ReadAction","target":["https:\/\/web.umons.ac.be\/numediart\/fr\/recherche\/projets-phare\/reidpazo\/"]}]},{"@type":"BreadcrumbList","@id":"https:\/\/web.umons.ac.be\/numediart\/fr\/recherche\/projets-phare\/reidpazo\/#breadcrumb","itemListElement":[{"@type":"ListItem","position":1,"name":"Accueil","item":"https:\/\/web.umons.ac.be\/numediart\/fr\/"},{"@type":"ListItem","position":2,"name":"Recherche","item":"https:\/\/web.umons.ac.be\/numediart\/fr\/recherche\/"},{"@type":"ListItem","position":3,"name":"Projets phares","item":"https:\/\/web.umons.ac.be\/numediart\/fr\/recherche\/projets-phare\/"},{"@type":"ListItem","position":4,"name":"Reidpazo (RW\/EWARE)"}]},{"@type":"WebSite","@id":"https:\/\/web.umons.ac.be\/numediart\/#website","url":"https:\/\/web.umons.ac.be\/numediart\/","name":"Institut \/ Num\u00e9diart","description":"Un site utilisant Universit\u00e9 de Mons \u2013 UMONS","potentialAction":[{"@type":"SearchAction","target":{"@type":"EntryPoint","urlTemplate":"https:\/\/web.umons.ac.be\/numediart\/?s={search_term_string}"},"query-input":{"@type":"PropertyValueSpecification","valueRequired":true,"valueName":"search_term_string"}}],"inLanguage":"fr-FR"}]}},"lang":"fr","translations":{"fr":40,"en":172},"pll_sync_post":[],"_links":{"self":[{"href":"https:\/\/web.umons.ac.be\/numediart\/wp-json\/wp\/v2\/pages\/40","targetHints":{"allow":["GET"]}}],"collection":[{"href":"https:\/\/web.umons.ac.be\/numediart\/wp-json\/wp\/v2\/pages"}],"about":[{"href":"https:\/\/web.umons.ac.be\/numediart\/wp-json\/wp\/v2\/types\/page"}],"author":[{"embeddable":true,"href":"https:\/\/web.umons.ac.be\/numediart\/wp-json\/wp\/v2\/users\/2"}],"replies":[{"embeddable":true,"href":"https:\/\/web.umons.ac.be\/numediart\/wp-json\/wp\/v2\/comments?post=40"}],"version-history":[{"count":3,"href":"https:\/\/web.umons.ac.be\/numediart\/wp-json\/wp\/v2\/pages\/40\/revisions"}],"predecessor-version":[{"id":271,"href":"https:\/\/web.umons.ac.be\/numediart\/wp-json\/wp\/v2\/pages\/40\/revisions\/271"}],"up":[{"embeddable":true,"href":"https:\/\/web.umons.ac.be\/numediart\/wp-json\/wp\/v2\/pages\/28"}],"wp:attachment":[{"href":"https:\/\/web.umons.ac.be\/numediart\/wp-json\/wp\/v2\/media?parent=40"}],"curies":[{"name":"wp","href":"https:\/\/api.w.org\/{rel}","templated":true}]}}