{"id":484,"date":"2020-02-12T14:21:52","date_gmt":"2020-02-12T13:21:52","guid":{"rendered":"https:\/\/web.umons.ac.be\/numediart\/?page_id=484"},"modified":"2020-02-12T14:22:01","modified_gmt":"2020-02-12T13:22:01","slug":"mobfacenet","status":"publish","type":"page","link":"https:\/\/web.umons.ac.be\/numediart\/fr\/recherche\/projets-phare\/mobfacenet\/","title":{"rendered":"MobFaceNet (RW \/ Win2Wal)"},"content":{"rendered":"<p>Le projet vise \u00e0 d\u00e9velopper des modules d\u2019intelligence artificielle, sur base de r\u00e9seaux de neurones, qui analysent le visage en donnant diverses informations comme l\u2019\u00e2ge, le sexe ou l\u2019\u00e9motion de la personne. Les modules doivent par ailleurs pouvoir fonctionner sans connexion internet sur des smartphones avec des capacit\u00e9s de stockage et de calcul limit\u00e9es. Les r\u00e9sultats doivent \u00eatre fournis en temps r\u00e9el tout en pr\u00e9servant la s\u00e9curit\u00e9 des donn\u00e9es uniquement trait\u00e9es sur les smartphones et qui ne seront envoy\u00e9es sur aucun serveur distant.<\/p>\n<p>&nbsp;<\/p>\n","protected":false},"excerpt":{"rendered":"<p>Le projet vise \u00e0 d\u00e9velopper des modules d\u2019intelligence artificielle, sur base de r\u00e9seaux de neurones, qui analysent le visage en donnant diverses informations comme l\u2019\u00e2ge, le sexe ou l\u2019\u00e9motion de la personne. Les modules doivent par ailleurs pouvoir fonctionner sans connexion internet sur des smartphones avec des capacit\u00e9s de stockage et de calcul limit\u00e9es. Les [&hellip;]<\/p>\n","protected":false},"author":2,"featured_media":0,"parent":28,"menu_order":10,"comment_status":"closed","ping_status":"closed","template":"","meta":{"footnotes":""},"class_list":["post-484","page","type-page","status-publish","hentry"],"yoast_head":"<!-- This site is optimized with the Yoast SEO plugin v27.2 - https:\/\/yoast.com\/product\/yoast-seo-wordpress\/ -->\n<title>MobFaceNet (RW \/ Win2Wal) - Institut \/ Num\u00e9diart<\/title>\n<meta name=\"robots\" content=\"index, follow, max-snippet:-1, max-image-preview:large, max-video-preview:-1\" \/>\n<link rel=\"canonical\" href=\"https:\/\/web.umons.ac.be\/numediart\/fr\/recherche\/projets-phare\/mobfacenet\/\" \/>\n<meta property=\"og:locale\" content=\"fr_FR\" \/>\n<meta property=\"og:type\" content=\"article\" \/>\n<meta property=\"og:title\" content=\"MobFaceNet (RW \/ Win2Wal) - Institut \/ Num\u00e9diart\" \/>\n<meta property=\"og:description\" content=\"Le projet vise \u00e0 d\u00e9velopper des modules d\u2019intelligence artificielle, sur base de r\u00e9seaux de neurones, qui analysent le visage en donnant diverses informations comme l\u2019\u00e2ge, le sexe ou l\u2019\u00e9motion de la personne. Les modules doivent par ailleurs pouvoir fonctionner sans connexion internet sur des smartphones avec des capacit\u00e9s de stockage et de calcul limit\u00e9es. Les [&hellip;]\" \/>\n<meta property=\"og:url\" content=\"https:\/\/web.umons.ac.be\/numediart\/fr\/recherche\/projets-phare\/mobfacenet\/\" \/>\n<meta property=\"og:site_name\" content=\"Institut \/ Num\u00e9diart\" \/>\n<meta property=\"article:modified_time\" content=\"2020-02-12T13:22:01+00:00\" \/>\n<meta name=\"twitter:card\" content=\"summary_large_image\" \/>\n<meta name=\"twitter:label1\" content=\"Dur\u00e9e de lecture estim\u00e9e\" \/>\n\t<meta name=\"twitter:data1\" content=\"1 minute\" \/>\n<script type=\"application\/ld+json\" class=\"yoast-schema-graph\">{\"@context\":\"https:\/\/schema.org\",\"@graph\":[{\"@type\":\"WebPage\",\"@id\":\"https:\/\/web.umons.ac.be\/numediart\/fr\/recherche\/projets-phare\/mobfacenet\/\",\"url\":\"https:\/\/web.umons.ac.be\/numediart\/fr\/recherche\/projets-phare\/mobfacenet\/\",\"name\":\"MobFaceNet (RW \/ Win2Wal) - Institut \/ Num\u00e9diart\",\"isPartOf\":{\"@id\":\"https:\/\/web.umons.ac.be\/numediart\/#website\"},\"datePublished\":\"2020-02-12T13:21:52+00:00\",\"dateModified\":\"2020-02-12T13:22:01+00:00\",\"breadcrumb\":{\"@id\":\"https:\/\/web.umons.ac.be\/numediart\/fr\/recherche\/projets-phare\/mobfacenet\/#breadcrumb\"},\"inLanguage\":\"fr-FR\",\"potentialAction\":[{\"@type\":\"ReadAction\",\"target\":[\"https:\/\/web.umons.ac.be\/numediart\/fr\/recherche\/projets-phare\/mobfacenet\/\"]}]},{\"@type\":\"BreadcrumbList\",\"@id\":\"https:\/\/web.umons.ac.be\/numediart\/fr\/recherche\/projets-phare\/mobfacenet\/#breadcrumb\",\"itemListElement\":[{\"@type\":\"ListItem\",\"position\":1,\"name\":\"Accueil\",\"item\":\"https:\/\/web.umons.ac.be\/numediart\/fr\/\"},{\"@type\":\"ListItem\",\"position\":2,\"name\":\"Recherche\",\"item\":\"https:\/\/web.umons.ac.be\/numediart\/fr\/recherche\/\"},{\"@type\":\"ListItem\",\"position\":3,\"name\":\"Projets phares\",\"item\":\"https:\/\/web.umons.ac.be\/numediart\/fr\/recherche\/projets-phare\/\"},{\"@type\":\"ListItem\",\"position\":4,\"name\":\"MobFaceNet (RW \/ Win2Wal)\"}]},{\"@type\":\"WebSite\",\"@id\":\"https:\/\/web.umons.ac.be\/numediart\/#website\",\"url\":\"https:\/\/web.umons.ac.be\/numediart\/\",\"name\":\"Institut \/ Num\u00e9diart\",\"description\":\"Un site utilisant Universit\u00e9 de Mons \u2013 UMONS\",\"potentialAction\":[{\"@type\":\"SearchAction\",\"target\":{\"@type\":\"EntryPoint\",\"urlTemplate\":\"https:\/\/web.umons.ac.be\/numediart\/?s={search_term_string}\"},\"query-input\":{\"@type\":\"PropertyValueSpecification\",\"valueRequired\":true,\"valueName\":\"search_term_string\"}}],\"inLanguage\":\"fr-FR\"}]}<\/script>\n<!-- \/ Yoast SEO plugin. -->","yoast_head_json":{"title":"MobFaceNet (RW \/ Win2Wal) - Institut \/ Num\u00e9diart","robots":{"index":"index","follow":"follow","max-snippet":"max-snippet:-1","max-image-preview":"max-image-preview:large","max-video-preview":"max-video-preview:-1"},"canonical":"https:\/\/web.umons.ac.be\/numediart\/fr\/recherche\/projets-phare\/mobfacenet\/","og_locale":"fr_FR","og_type":"article","og_title":"MobFaceNet (RW \/ Win2Wal) - Institut \/ Num\u00e9diart","og_description":"Le projet vise \u00e0 d\u00e9velopper des modules d\u2019intelligence artificielle, sur base de r\u00e9seaux de neurones, qui analysent le visage en donnant diverses informations comme l\u2019\u00e2ge, le sexe ou l\u2019\u00e9motion de la personne. Les modules doivent par ailleurs pouvoir fonctionner sans connexion internet sur des smartphones avec des capacit\u00e9s de stockage et de calcul limit\u00e9es. Les [&hellip;]","og_url":"https:\/\/web.umons.ac.be\/numediart\/fr\/recherche\/projets-phare\/mobfacenet\/","og_site_name":"Institut \/ Num\u00e9diart","article_modified_time":"2020-02-12T13:22:01+00:00","twitter_card":"summary_large_image","twitter_misc":{"Dur\u00e9e de lecture estim\u00e9e":"1 minute"},"schema":{"@context":"https:\/\/schema.org","@graph":[{"@type":"WebPage","@id":"https:\/\/web.umons.ac.be\/numediart\/fr\/recherche\/projets-phare\/mobfacenet\/","url":"https:\/\/web.umons.ac.be\/numediart\/fr\/recherche\/projets-phare\/mobfacenet\/","name":"MobFaceNet (RW \/ Win2Wal) - Institut \/ Num\u00e9diart","isPartOf":{"@id":"https:\/\/web.umons.ac.be\/numediart\/#website"},"datePublished":"2020-02-12T13:21:52+00:00","dateModified":"2020-02-12T13:22:01+00:00","breadcrumb":{"@id":"https:\/\/web.umons.ac.be\/numediart\/fr\/recherche\/projets-phare\/mobfacenet\/#breadcrumb"},"inLanguage":"fr-FR","potentialAction":[{"@type":"ReadAction","target":["https:\/\/web.umons.ac.be\/numediart\/fr\/recherche\/projets-phare\/mobfacenet\/"]}]},{"@type":"BreadcrumbList","@id":"https:\/\/web.umons.ac.be\/numediart\/fr\/recherche\/projets-phare\/mobfacenet\/#breadcrumb","itemListElement":[{"@type":"ListItem","position":1,"name":"Accueil","item":"https:\/\/web.umons.ac.be\/numediart\/fr\/"},{"@type":"ListItem","position":2,"name":"Recherche","item":"https:\/\/web.umons.ac.be\/numediart\/fr\/recherche\/"},{"@type":"ListItem","position":3,"name":"Projets phares","item":"https:\/\/web.umons.ac.be\/numediart\/fr\/recherche\/projets-phare\/"},{"@type":"ListItem","position":4,"name":"MobFaceNet (RW \/ Win2Wal)"}]},{"@type":"WebSite","@id":"https:\/\/web.umons.ac.be\/numediart\/#website","url":"https:\/\/web.umons.ac.be\/numediart\/","name":"Institut \/ Num\u00e9diart","description":"Un site utilisant Universit\u00e9 de Mons \u2013 UMONS","potentialAction":[{"@type":"SearchAction","target":{"@type":"EntryPoint","urlTemplate":"https:\/\/web.umons.ac.be\/numediart\/?s={search_term_string}"},"query-input":{"@type":"PropertyValueSpecification","valueRequired":true,"valueName":"search_term_string"}}],"inLanguage":"fr-FR"}]}},"lang":"fr","translations":{"fr":484,"en":487},"pll_sync_post":[],"_links":{"self":[{"href":"https:\/\/web.umons.ac.be\/numediart\/wp-json\/wp\/v2\/pages\/484","targetHints":{"allow":["GET"]}}],"collection":[{"href":"https:\/\/web.umons.ac.be\/numediart\/wp-json\/wp\/v2\/pages"}],"about":[{"href":"https:\/\/web.umons.ac.be\/numediart\/wp-json\/wp\/v2\/types\/page"}],"author":[{"embeddable":true,"href":"https:\/\/web.umons.ac.be\/numediart\/wp-json\/wp\/v2\/users\/2"}],"replies":[{"embeddable":true,"href":"https:\/\/web.umons.ac.be\/numediart\/wp-json\/wp\/v2\/comments?post=484"}],"version-history":[{"count":2,"href":"https:\/\/web.umons.ac.be\/numediart\/wp-json\/wp\/v2\/pages\/484\/revisions"}],"predecessor-version":[{"id":486,"href":"https:\/\/web.umons.ac.be\/numediart\/wp-json\/wp\/v2\/pages\/484\/revisions\/486"}],"up":[{"embeddable":true,"href":"https:\/\/web.umons.ac.be\/numediart\/wp-json\/wp\/v2\/pages\/28"}],"wp:attachment":[{"href":"https:\/\/web.umons.ac.be\/numediart\/wp-json\/wp\/v2\/media?parent=484"}],"curies":[{"name":"wp","href":"https:\/\/api.w.org\/{rel}","templated":true}]}}