{"id":51,"date":"2017-07-18T17:06:06","date_gmt":"2017-07-18T15:06:06","guid":{"rendered":"https:\/\/web.umons.ac.be\/numediart\/?page_id=51"},"modified":"2020-04-05T09:47:54","modified_gmt":"2020-04-05T07:47:54","slug":"spin-offs","status":"publish","type":"page","link":"https:\/\/web.umons.ac.be\/numediart\/fr\/industrie\/spin-offs\/","title":{"rendered":"Nos SPIN-OFFS"},"content":{"rendered":"<p>L\u2019activit\u00e9 de l\u2019Institut a \u00e9t\u00e9 tr\u00e8s productive en ce qui concerne le nombre de structures ind\u00e9pendantes (Spin-offs) lanc\u00e9es ces derni\u00e8res ann\u00e9es.<\/p>\n<p><strong>Plusieurs spin-offs ont \u00e9t\u00e9 cr\u00e9\u00e9es par des chercheurs de l\u2019institut NUMEDIART<\/strong><\/p>\n<table>\n<tbody>\n<tr>\n<td style=\"vertical-align: middle; width: 253.167px;\"><a href=\"http:\/\/http\/\/www.acapela-group.com\/\"><img loading=\"lazy\" decoding=\"async\" class=\"aligncenter wp-image-386 \" src=\"https:\/\/web.umons.ac.be\/app\/uploads\/sites\/37\/2018\/11\/download-300x90.png\" alt=\"\" width=\"191\" height=\"57\" srcset=\"https:\/\/web.umons.ac.be\/app\/uploads\/sites\/37\/2018\/11\/download-300x90.png 300w, https:\/\/web.umons.ac.be\/app\/uploads\/sites\/37\/2018\/11\/download-30x9.png 30w, https:\/\/web.umons.ac.be\/app\/uploads\/sites\/37\/2018\/11\/download-60x18.png 60w, https:\/\/web.umons.ac.be\/app\/uploads\/sites\/37\/2018\/11\/download-360x108.png 360w, https:\/\/web.umons.ac.be\/app\/uploads\/sites\/37\/2018\/11\/download.png 410w\" sizes=\"auto, (max-width: 191px) 100vw, 191px\" \/><\/a><\/td>\n<td style=\"vertical-align: middle; width: 216.15px;\"><a href=\"http:\/\/www.hovertone.com\/\"><img loading=\"lazy\" decoding=\"async\" class=\"aligncenter wp-image-392\" src=\"https:\/\/web.umons.ac.be\/app\/uploads\/sites\/37\/2018\/11\/download-3.png\" alt=\"\" width=\"300\" height=\"133\" srcset=\"https:\/\/web.umons.ac.be\/app\/uploads\/sites\/37\/2018\/11\/download-3.png 200w, https:\/\/web.umons.ac.be\/app\/uploads\/sites\/37\/2018\/11\/download-3-30x13.png 30w, https:\/\/web.umons.ac.be\/app\/uploads\/sites\/37\/2018\/11\/download-3-60x27.png 60w\" sizes=\"auto, (max-width: 300px) 100vw, 300px\" \/><\/a><\/td>\n<td style=\"vertical-align: middle; width: 253.167px;\"><a href=\"http:\/\/www.ittention.com\/\"><img loading=\"lazy\" decoding=\"async\" class=\"wp-image-387 aligncenter\" src=\"https:\/\/web.umons.ac.be\/app\/uploads\/sites\/37\/2018\/11\/download-1-300x71.png\" alt=\"\" width=\"182\" height=\"43\" srcset=\"https:\/\/web.umons.ac.be\/app\/uploads\/sites\/37\/2018\/11\/download-1-300x71.png 300w, https:\/\/web.umons.ac.be\/app\/uploads\/sites\/37\/2018\/11\/download-1-30x7.png 30w, https:\/\/web.umons.ac.be\/app\/uploads\/sites\/37\/2018\/11\/download-1-60x14.png 60w, https:\/\/web.umons.ac.be\/app\/uploads\/sites\/37\/2018\/11\/download-1-360x85.png 360w, https:\/\/web.umons.ac.be\/app\/uploads\/sites\/37\/2018\/11\/download-1.png 460w\" sizes=\"auto, (max-width: 182px) 100vw, 182px\" \/><\/a><\/td>\n<td style=\"text-align: center; vertical-align: middle; width: 179.117px;\"><a href=\"http:\/\/www.depthen.com\/\"><img loading=\"lazy\" decoding=\"async\" class=\"wp-image-388 aligncenter\" src=\"https:\/\/web.umons.ac.be\/app\/uploads\/sites\/37\/2018\/11\/download-2.png\" alt=\"\" width=\"135\" height=\"135\" srcset=\"https:\/\/web.umons.ac.be\/app\/uploads\/sites\/37\/2018\/11\/download-2.png 200w, https:\/\/web.umons.ac.be\/app\/uploads\/sites\/37\/2018\/11\/download-2-150x150.png 150w, https:\/\/web.umons.ac.be\/app\/uploads\/sites\/37\/2018\/11\/download-2-30x30.png 30w, https:\/\/web.umons.ac.be\/app\/uploads\/sites\/37\/2018\/11\/download-2-80x80.png 80w, https:\/\/web.umons.ac.be\/app\/uploads\/sites\/37\/2018\/11\/download-2-60x60.png 60w\" sizes=\"auto, (max-width: 135px) 100vw, 135px\" \/><\/a><\/td>\n<\/tr>\n<\/tbody>\n<\/table>\n<ul>\n<li><a href=\"http:\/\/www.acapela-group.com\" target=\"_blank\" rel=\"noopener noreferrer\">ACAPELA<\/a>\u00a0 propose des solutions en synth\u00e8se et reconnaissance vocale.<\/li>\n<li><a href=\"http:\/\/www.hovertone.com\" target=\"_blank\" rel=\"noopener noreferrer\">Hovertone<\/a> propose des services vari\u00e9s pour la cr\u00e9ation d\u2019exp\u00e9riences interactives innovantes.<\/li>\n<li><a href=\"http:\/\/www.ittention.com\" target=\"_blank\" rel=\"noopener noreferrer\">Ittention<\/a> propose des solutions de pr\u00e9vision du regard destin\u00e9s aux professionnels du marketing et de la communication.<\/li>\n<li><a href=\"http:\/\/www.depthen.com\" target=\"_blank\" rel=\"noopener noreferrer\">Depthen<\/a> offre des solutions pour l\u2019enrichissement automatique d\u2019images et de vid\u00e9os par analyse et compr\u00e9hension du contenu des images.<\/li>\n<\/ul>\n<p>&nbsp;<\/p>\n<p><strong>Nous sommes \u00e9galement \u00e0 la base de la cr\u00e9ation de plusieurs structures dont les activit\u00e9s vont au-del\u00e0 de celles de l\u2019UMONS.<\/strong><\/p>\n<table style=\"width: 470px; height: 101px;\">\n<tbody>\n<tr style=\"height: 101px;\">\n<td style=\"width: 249.567px; height: 101px;\"><a href=\"https:\/\/fablabmons.be\/\"><img loading=\"lazy\" decoding=\"async\" class=\"aligncenter wp-image-402\" src=\"https:\/\/web.umons.ac.be\/app\/uploads\/sites\/37\/2018\/11\/download.jpg\" alt=\"\" width=\"111\" height=\"85\" srcset=\"https:\/\/web.umons.ac.be\/app\/uploads\/sites\/37\/2018\/11\/download.jpg 250w, https:\/\/web.umons.ac.be\/app\/uploads\/sites\/37\/2018\/11\/download-30x23.jpg 30w, https:\/\/web.umons.ac.be\/app\/uploads\/sites\/37\/2018\/11\/download-60x46.jpg 60w\" sizes=\"auto, (max-width: 111px) 100vw, 111px\" \/><\/a><\/td>\n<td style=\"width: 219.633px; height: 101px;\"><a href=\"http:\/\/http\/\/www.clicklivinglab.org\/\"><img loading=\"lazy\" decoding=\"async\" class=\"aligncenter wp-image-11\" src=\"https:\/\/web.umons.ac.be\/app\/uploads\/sites\/37\/2017\/07\/CLICK_BU_POS_RVB-300x189.png\" alt=\"\" width=\"152\" height=\"96\" srcset=\"https:\/\/web.umons.ac.be\/app\/uploads\/sites\/37\/2017\/07\/CLICK_BU_POS_RVB-300x189.png 300w, https:\/\/web.umons.ac.be\/app\/uploads\/sites\/37\/2017\/07\/CLICK_BU_POS_RVB-768x484.png 768w, https:\/\/web.umons.ac.be\/app\/uploads\/sites\/37\/2017\/07\/CLICK_BU_POS_RVB-1024x645.png 1024w, https:\/\/web.umons.ac.be\/app\/uploads\/sites\/37\/2017\/07\/CLICK_BU_POS_RVB-30x19.png 30w, https:\/\/web.umons.ac.be\/app\/uploads\/sites\/37\/2017\/07\/CLICK_BU_POS_RVB-60x38.png 60w, https:\/\/web.umons.ac.be\/app\/uploads\/sites\/37\/2017\/07\/CLICK_BU_POS_RVB-360x227.png 360w, https:\/\/web.umons.ac.be\/app\/uploads\/sites\/37\/2017\/07\/CLICK_BU_POS_RVB-460x286.png 460w\" sizes=\"auto, (max-width: 152px) 100vw, 152px\" \/><\/a><\/td>\n<\/tr>\n<\/tbody>\n<\/table>\n<ul>\n<li><a href=\"https:\/\/fablabmons.be\/\" target=\"_blank\" rel=\"noopener noreferrer\">FABLAB MONS ASBL<\/a>, FABLAB h\u00e9berg\u00e9 par l\u2019UMONS et ouvert au grand public.<\/li>\n<li><a href=\"http:\/\/www.clicklivinglab.org\" target=\"_blank\" rel=\"noopener noreferrer\">CLICK\u2019<\/a>, le living lab wallon des industries cr\u00e9atives<\/li>\n<\/ul>\n<div class=\"page-single-content\">\n<div class=\"primary editor-front scheme-numediart\">\n<p>&nbsp;<\/p>\n<p><strong>Enfin, plusieurs spinoffs sont en couveuse.<\/strong><\/p>\n<p>Parmi les projets en cours, on trouve\u00a0 :<\/p>\n<ul>\n<li><strong>Tangerine<\/strong> dont l\u2019objectif est de faciliter et promouvoir l\u2019apprentissage de la programmation \u00e0 travers des jeux tangibles (non virtuels).<\/li>\n<li><strong>EGC<\/strong> visant mise en place d\u2019un outil de reconnaissance automatique du jeu de guitare centr\u00e9 sur les articulations entre les notes et l\u2019expressivit\u00e9. <strong>\u00a0 \u00a0<\/strong><\/li>\n<\/ul>\n<\/div>\n<\/div>\n","protected":false},"excerpt":{"rendered":"<p>L\u2019activit\u00e9 de l\u2019Institut a \u00e9t\u00e9 tr\u00e8s productive en ce qui concerne le nombre de structures ind\u00e9pendantes (Spin-offs) lanc\u00e9es ces derni\u00e8res ann\u00e9es. Plusieurs spin-offs ont \u00e9t\u00e9 cr\u00e9\u00e9es par des chercheurs de l\u2019institut NUMEDIART ACAPELA\u00a0 propose des solutions en synth\u00e8se et reconnaissance vocale. Hovertone propose des services vari\u00e9s pour la cr\u00e9ation d\u2019exp\u00e9riences interactives innovantes. Ittention propose des [&hellip;]<\/p>\n","protected":false},"author":2,"featured_media":0,"parent":650,"menu_order":0,"comment_status":"closed","ping_status":"closed","template":"","meta":{"footnotes":""},"class_list":["post-51","page","type-page","status-publish","hentry"],"yoast_head":"<!-- This site is optimized with the Yoast SEO plugin v27.2 - https:\/\/yoast.com\/product\/yoast-seo-wordpress\/ -->\n<title>Nos SPIN-OFFS - Institut \/ Num\u00e9diart<\/title>\n<meta name=\"robots\" content=\"index, follow, max-snippet:-1, max-image-preview:large, max-video-preview:-1\" \/>\n<link rel=\"canonical\" href=\"https:\/\/web.umons.ac.be\/numediart\/fr\/industrie\/spin-offs\/\" \/>\n<meta property=\"og:locale\" content=\"fr_FR\" \/>\n<meta property=\"og:type\" content=\"article\" \/>\n<meta property=\"og:title\" content=\"Nos SPIN-OFFS - Institut \/ Num\u00e9diart\" \/>\n<meta property=\"og:description\" content=\"L\u2019activit\u00e9 de l\u2019Institut a \u00e9t\u00e9 tr\u00e8s productive en ce qui concerne le nombre de structures ind\u00e9pendantes (Spin-offs) lanc\u00e9es ces derni\u00e8res ann\u00e9es. Plusieurs spin-offs ont \u00e9t\u00e9 cr\u00e9\u00e9es par des chercheurs de l\u2019institut NUMEDIART ACAPELA\u00a0 propose des solutions en synth\u00e8se et reconnaissance vocale. Hovertone propose des services vari\u00e9s pour la cr\u00e9ation d\u2019exp\u00e9riences interactives innovantes. Ittention propose des [&hellip;]\" \/>\n<meta property=\"og:url\" content=\"https:\/\/web.umons.ac.be\/numediart\/fr\/industrie\/spin-offs\/\" \/>\n<meta property=\"og:site_name\" content=\"Institut \/ Num\u00e9diart\" \/>\n<meta property=\"article:modified_time\" content=\"2020-04-05T07:47:54+00:00\" \/>\n<meta property=\"og:image\" content=\"https:\/\/web.umons.ac.be\/app\/uploads\/sites\/37\/2018\/11\/download-300x90.png\" \/>\n<meta name=\"twitter:card\" content=\"summary_large_image\" \/>\n<meta name=\"twitter:label1\" content=\"Dur\u00e9e de lecture estim\u00e9e\" \/>\n\t<meta name=\"twitter:data1\" content=\"1 minute\" \/>\n<script type=\"application\/ld+json\" class=\"yoast-schema-graph\">{\"@context\":\"https:\/\/schema.org\",\"@graph\":[{\"@type\":\"WebPage\",\"@id\":\"https:\/\/web.umons.ac.be\/numediart\/fr\/industrie\/spin-offs\/\",\"url\":\"https:\/\/web.umons.ac.be\/numediart\/fr\/industrie\/spin-offs\/\",\"name\":\"Nos SPIN-OFFS - Institut \/ Num\u00e9diart\",\"isPartOf\":{\"@id\":\"https:\/\/web.umons.ac.be\/numediart\/#website\"},\"primaryImageOfPage\":{\"@id\":\"https:\/\/web.umons.ac.be\/numediart\/fr\/industrie\/spin-offs\/#primaryimage\"},\"image\":{\"@id\":\"https:\/\/web.umons.ac.be\/numediart\/fr\/industrie\/spin-offs\/#primaryimage\"},\"thumbnailUrl\":\"https:\/\/web.umons.ac.be\/app\/uploads\/sites\/37\/2018\/11\/download-300x90.png\",\"datePublished\":\"2017-07-18T15:06:06+00:00\",\"dateModified\":\"2020-04-05T07:47:54+00:00\",\"breadcrumb\":{\"@id\":\"https:\/\/web.umons.ac.be\/numediart\/fr\/industrie\/spin-offs\/#breadcrumb\"},\"inLanguage\":\"fr-FR\",\"potentialAction\":[{\"@type\":\"ReadAction\",\"target\":[\"https:\/\/web.umons.ac.be\/numediart\/fr\/industrie\/spin-offs\/\"]}]},{\"@type\":\"ImageObject\",\"inLanguage\":\"fr-FR\",\"@id\":\"https:\/\/web.umons.ac.be\/numediart\/fr\/industrie\/spin-offs\/#primaryimage\",\"url\":\"https:\/\/web.umons.ac.be\/app\/uploads\/sites\/37\/2018\/11\/download-300x90.png\",\"contentUrl\":\"https:\/\/web.umons.ac.be\/app\/uploads\/sites\/37\/2018\/11\/download-300x90.png\"},{\"@type\":\"BreadcrumbList\",\"@id\":\"https:\/\/web.umons.ac.be\/numediart\/fr\/industrie\/spin-offs\/#breadcrumb\",\"itemListElement\":[{\"@type\":\"ListItem\",\"position\":1,\"name\":\"Accueil\",\"item\":\"https:\/\/web.umons.ac.be\/numediart\/fr\/\"},{\"@type\":\"ListItem\",\"position\":2,\"name\":\"Industrie\",\"item\":\"https:\/\/web.umons.ac.be\/numediart\/fr\/industrie\/\"},{\"@type\":\"ListItem\",\"position\":3,\"name\":\"Nos SPIN-OFFS\"}]},{\"@type\":\"WebSite\",\"@id\":\"https:\/\/web.umons.ac.be\/numediart\/#website\",\"url\":\"https:\/\/web.umons.ac.be\/numediart\/\",\"name\":\"Institut \/ Num\u00e9diart\",\"description\":\"Un site utilisant Universit\u00e9 de Mons \u2013 UMONS\",\"potentialAction\":[{\"@type\":\"SearchAction\",\"target\":{\"@type\":\"EntryPoint\",\"urlTemplate\":\"https:\/\/web.umons.ac.be\/numediart\/?s={search_term_string}\"},\"query-input\":{\"@type\":\"PropertyValueSpecification\",\"valueRequired\":true,\"valueName\":\"search_term_string\"}}],\"inLanguage\":\"fr-FR\"}]}<\/script>\n<!-- \/ Yoast SEO plugin. -->","yoast_head_json":{"title":"Nos SPIN-OFFS - Institut \/ Num\u00e9diart","robots":{"index":"index","follow":"follow","max-snippet":"max-snippet:-1","max-image-preview":"max-image-preview:large","max-video-preview":"max-video-preview:-1"},"canonical":"https:\/\/web.umons.ac.be\/numediart\/fr\/industrie\/spin-offs\/","og_locale":"fr_FR","og_type":"article","og_title":"Nos SPIN-OFFS - Institut \/ Num\u00e9diart","og_description":"L\u2019activit\u00e9 de l\u2019Institut a \u00e9t\u00e9 tr\u00e8s productive en ce qui concerne le nombre de structures ind\u00e9pendantes (Spin-offs) lanc\u00e9es ces derni\u00e8res ann\u00e9es. Plusieurs spin-offs ont \u00e9t\u00e9 cr\u00e9\u00e9es par des chercheurs de l\u2019institut NUMEDIART ACAPELA\u00a0 propose des solutions en synth\u00e8se et reconnaissance vocale. Hovertone propose des services vari\u00e9s pour la cr\u00e9ation d\u2019exp\u00e9riences interactives innovantes. Ittention propose des [&hellip;]","og_url":"https:\/\/web.umons.ac.be\/numediart\/fr\/industrie\/spin-offs\/","og_site_name":"Institut \/ Num\u00e9diart","article_modified_time":"2020-04-05T07:47:54+00:00","og_image":[{"url":"https:\/\/web.umons.ac.be\/app\/uploads\/sites\/37\/2018\/11\/download-300x90.png","type":"","width":"","height":""}],"twitter_card":"summary_large_image","twitter_misc":{"Dur\u00e9e de lecture estim\u00e9e":"1 minute"},"schema":{"@context":"https:\/\/schema.org","@graph":[{"@type":"WebPage","@id":"https:\/\/web.umons.ac.be\/numediart\/fr\/industrie\/spin-offs\/","url":"https:\/\/web.umons.ac.be\/numediart\/fr\/industrie\/spin-offs\/","name":"Nos SPIN-OFFS - Institut \/ Num\u00e9diart","isPartOf":{"@id":"https:\/\/web.umons.ac.be\/numediart\/#website"},"primaryImageOfPage":{"@id":"https:\/\/web.umons.ac.be\/numediart\/fr\/industrie\/spin-offs\/#primaryimage"},"image":{"@id":"https:\/\/web.umons.ac.be\/numediart\/fr\/industrie\/spin-offs\/#primaryimage"},"thumbnailUrl":"https:\/\/web.umons.ac.be\/app\/uploads\/sites\/37\/2018\/11\/download-300x90.png","datePublished":"2017-07-18T15:06:06+00:00","dateModified":"2020-04-05T07:47:54+00:00","breadcrumb":{"@id":"https:\/\/web.umons.ac.be\/numediart\/fr\/industrie\/spin-offs\/#breadcrumb"},"inLanguage":"fr-FR","potentialAction":[{"@type":"ReadAction","target":["https:\/\/web.umons.ac.be\/numediart\/fr\/industrie\/spin-offs\/"]}]},{"@type":"ImageObject","inLanguage":"fr-FR","@id":"https:\/\/web.umons.ac.be\/numediart\/fr\/industrie\/spin-offs\/#primaryimage","url":"https:\/\/web.umons.ac.be\/app\/uploads\/sites\/37\/2018\/11\/download-300x90.png","contentUrl":"https:\/\/web.umons.ac.be\/app\/uploads\/sites\/37\/2018\/11\/download-300x90.png"},{"@type":"BreadcrumbList","@id":"https:\/\/web.umons.ac.be\/numediart\/fr\/industrie\/spin-offs\/#breadcrumb","itemListElement":[{"@type":"ListItem","position":1,"name":"Accueil","item":"https:\/\/web.umons.ac.be\/numediart\/fr\/"},{"@type":"ListItem","position":2,"name":"Industrie","item":"https:\/\/web.umons.ac.be\/numediart\/fr\/industrie\/"},{"@type":"ListItem","position":3,"name":"Nos SPIN-OFFS"}]},{"@type":"WebSite","@id":"https:\/\/web.umons.ac.be\/numediart\/#website","url":"https:\/\/web.umons.ac.be\/numediart\/","name":"Institut \/ Num\u00e9diart","description":"Un site utilisant Universit\u00e9 de Mons \u2013 UMONS","potentialAction":[{"@type":"SearchAction","target":{"@type":"EntryPoint","urlTemplate":"https:\/\/web.umons.ac.be\/numediart\/?s={search_term_string}"},"query-input":{"@type":"PropertyValueSpecification","valueRequired":true,"valueName":"search_term_string"}}],"inLanguage":"fr-FR"}]}},"lang":"fr","translations":{"fr":51,"en":175},"pll_sync_post":[],"_links":{"self":[{"href":"https:\/\/web.umons.ac.be\/numediart\/wp-json\/wp\/v2\/pages\/51","targetHints":{"allow":["GET"]}}],"collection":[{"href":"https:\/\/web.umons.ac.be\/numediart\/wp-json\/wp\/v2\/pages"}],"about":[{"href":"https:\/\/web.umons.ac.be\/numediart\/wp-json\/wp\/v2\/types\/page"}],"author":[{"embeddable":true,"href":"https:\/\/web.umons.ac.be\/numediart\/wp-json\/wp\/v2\/users\/2"}],"replies":[{"embeddable":true,"href":"https:\/\/web.umons.ac.be\/numediart\/wp-json\/wp\/v2\/comments?post=51"}],"version-history":[{"count":25,"href":"https:\/\/web.umons.ac.be\/numediart\/wp-json\/wp\/v2\/pages\/51\/revisions"}],"predecessor-version":[{"id":699,"href":"https:\/\/web.umons.ac.be\/numediart\/wp-json\/wp\/v2\/pages\/51\/revisions\/699"}],"up":[{"embeddable":true,"href":"https:\/\/web.umons.ac.be\/numediart\/wp-json\/wp\/v2\/pages\/650"}],"wp:attachment":[{"href":"https:\/\/web.umons.ac.be\/numediart\/wp-json\/wp\/v2\/media?parent=51"}],"curies":[{"name":"wp","href":"https:\/\/api.w.org\/{rel}","templated":true}]}}