{"id":561,"date":"2020-03-28T19:26:53","date_gmt":"2020-03-28T18:26:53","guid":{"rendered":"https:\/\/web.umons.ac.be\/numediart\/?page_id=561"},"modified":"2020-03-28T21:09:14","modified_gmt":"2020-03-28T20:09:14","slug":"research","status":"publish","type":"page","link":"https:\/\/web.umons.ac.be\/numediart\/en\/research\/","title":{"rendered":"Research"},"content":{"rendered":"<p><a href=\"https:\/\/web.umons.ac.be\/numediart\/en\/areas\/\">Areas<\/a>\u00a0\u00a0 |\u00a0\u00a0 <a href=\"https:\/\/web.umons.ac.be\/numediart\/en\/projects\/\">Flagship projects<\/a>\u00a0\u00a0 |\u00a0\u00a0 <a href=\"http:\/\/opendata.umons.ac.be\/en\/publications\/instituts\/html\/numediart.html\">Publications<\/a>\u00a0\u00a0 |\u00a0\u00a0 <a href=\"https:\/\/github.com\/numediart\">Tools and Data<\/a><\/p>\n<p>Research at the NUMEDIART Institute focuses on five main <a href=\"https:\/\/web.umons.ac.be\/numediart\/en\/expertises-et-thematiques\/\">areas<\/a>:<\/p>\n<ul>\n<li>Motion capture (MOCAP) and analysis of the resulting data<\/li>\n<li>Smart spaces<\/li>\n<li>Understanding and navigating multimedia data<\/li>\n<li>Speech and sound technologies<\/li>\n<li>Virtual and augmented reality<\/li>\n<\/ul>\n<p>We have more than 30 years of experience in leading and participating to European, national or regional <a href=\"https:\/\/web.umons.ac.be\/numediart\/en\/projets-phare\/\">projects<\/a>, whose results are <a href=\"http:\/\/opendata.umons.ac.be\/en\/publications\/instituts\/html\/numediart.html\">published<\/a> in journal or conference papers, in patents, as well as in the form of public <a href=\"https:\/\/web.umons.ac.be\/numediart\/wp-includes\/js\/tinymce\/Institut \/ Num\u00e9diart\/_wp_link_placeholder\">tools an data<\/a>.<\/p>\n<p>At the heart of this work, we have the same goal: to develop intelligent systems for creating and interacting with media content (sounds, speech, texts, images, videos, gestures, 3D, etc.).<\/p>\n","protected":false},"excerpt":{"rendered":"<p>Areas\u00a0\u00a0 |\u00a0\u00a0 Flagship projects\u00a0\u00a0 |\u00a0\u00a0 Publications\u00a0\u00a0 |\u00a0\u00a0 Tools and Data Research at the NUMEDIART Institute focuses on five main areas: Motion capture (MOCAP) and analysis of the resulting data Smart spaces Understanding and navigating multimedia data Speech and sound technologies Virtual and augmented reality We have more than 30 years of experience in leading and [&hellip;]<\/p>\n","protected":false},"author":23,"featured_media":0,"parent":0,"menu_order":0,"comment_status":"closed","ping_status":"closed","template":"","meta":{"footnotes":""},"class_list":["post-561","page","type-page","status-publish","hentry"],"yoast_head":"<!-- This site is optimized with the Yoast SEO plugin v27.2 - https:\/\/yoast.com\/product\/yoast-seo-wordpress\/ -->\n<title>Research - Institut \/ Num\u00e9diart<\/title>\n<meta name=\"robots\" content=\"index, follow, max-snippet:-1, max-image-preview:large, max-video-preview:-1\" \/>\n<link rel=\"canonical\" href=\"https:\/\/web.umons.ac.be\/numediart\/en\/research\/\" \/>\n<meta property=\"og:locale\" content=\"fr_FR\" \/>\n<meta property=\"og:type\" content=\"article\" \/>\n<meta property=\"og:title\" content=\"Research - Institut \/ Num\u00e9diart\" \/>\n<meta property=\"og:description\" content=\"Areas\u00a0\u00a0 |\u00a0\u00a0 Flagship projects\u00a0\u00a0 |\u00a0\u00a0 Publications\u00a0\u00a0 |\u00a0\u00a0 Tools and Data Research at the NUMEDIART Institute focuses on five main areas: Motion capture (MOCAP) and analysis of the resulting data Smart spaces Understanding and navigating multimedia data Speech and sound technologies Virtual and augmented reality We have more than 30 years of experience in leading and [&hellip;]\" \/>\n<meta property=\"og:url\" content=\"https:\/\/web.umons.ac.be\/numediart\/en\/research\/\" \/>\n<meta property=\"og:site_name\" content=\"Institut \/ Num\u00e9diart\" \/>\n<meta property=\"article:modified_time\" content=\"2020-03-28T20:09:14+00:00\" \/>\n<meta name=\"twitter:card\" content=\"summary_large_image\" \/>\n<meta name=\"twitter:label1\" content=\"Dur\u00e9e de lecture estim\u00e9e\" \/>\n\t<meta name=\"twitter:data1\" content=\"1 minute\" \/>\n<script type=\"application\/ld+json\" class=\"yoast-schema-graph\">{\"@context\":\"https:\/\/schema.org\",\"@graph\":[{\"@type\":\"WebPage\",\"@id\":\"https:\/\/web.umons.ac.be\/numediart\/en\/research\/\",\"url\":\"https:\/\/web.umons.ac.be\/numediart\/en\/research\/\",\"name\":\"Research - Institut \/ Num\u00e9diart\",\"isPartOf\":{\"@id\":\"https:\/\/web.umons.ac.be\/numediart\/#website\"},\"datePublished\":\"2020-03-28T18:26:53+00:00\",\"dateModified\":\"2020-03-28T20:09:14+00:00\",\"breadcrumb\":{\"@id\":\"https:\/\/web.umons.ac.be\/numediart\/en\/research\/#breadcrumb\"},\"inLanguage\":\"fr-FR\",\"potentialAction\":[{\"@type\":\"ReadAction\",\"target\":[\"https:\/\/web.umons.ac.be\/numediart\/en\/research\/\"]}]},{\"@type\":\"BreadcrumbList\",\"@id\":\"https:\/\/web.umons.ac.be\/numediart\/en\/research\/#breadcrumb\",\"itemListElement\":[{\"@type\":\"ListItem\",\"position\":1,\"name\":\"Accueil\",\"item\":\"https:\/\/web.umons.ac.be\/numediart\/fr\/\"},{\"@type\":\"ListItem\",\"position\":2,\"name\":\"Research\"}]},{\"@type\":\"WebSite\",\"@id\":\"https:\/\/web.umons.ac.be\/numediart\/#website\",\"url\":\"https:\/\/web.umons.ac.be\/numediart\/\",\"name\":\"Institut \/ Num\u00e9diart\",\"description\":\"Un site utilisant Universit\u00e9 de Mons \u2013 UMONS\",\"potentialAction\":[{\"@type\":\"SearchAction\",\"target\":{\"@type\":\"EntryPoint\",\"urlTemplate\":\"https:\/\/web.umons.ac.be\/numediart\/?s={search_term_string}\"},\"query-input\":{\"@type\":\"PropertyValueSpecification\",\"valueRequired\":true,\"valueName\":\"search_term_string\"}}],\"inLanguage\":\"fr-FR\"}]}<\/script>\n<!-- \/ Yoast SEO plugin. -->","yoast_head_json":{"title":"Research - Institut \/ Num\u00e9diart","robots":{"index":"index","follow":"follow","max-snippet":"max-snippet:-1","max-image-preview":"max-image-preview:large","max-video-preview":"max-video-preview:-1"},"canonical":"https:\/\/web.umons.ac.be\/numediart\/en\/research\/","og_locale":"fr_FR","og_type":"article","og_title":"Research - Institut \/ Num\u00e9diart","og_description":"Areas\u00a0\u00a0 |\u00a0\u00a0 Flagship projects\u00a0\u00a0 |\u00a0\u00a0 Publications\u00a0\u00a0 |\u00a0\u00a0 Tools and Data Research at the NUMEDIART Institute focuses on five main areas: Motion capture (MOCAP) and analysis of the resulting data Smart spaces Understanding and navigating multimedia data Speech and sound technologies Virtual and augmented reality We have more than 30 years of experience in leading and [&hellip;]","og_url":"https:\/\/web.umons.ac.be\/numediart\/en\/research\/","og_site_name":"Institut \/ Num\u00e9diart","article_modified_time":"2020-03-28T20:09:14+00:00","twitter_card":"summary_large_image","twitter_misc":{"Dur\u00e9e de lecture estim\u00e9e":"1 minute"},"schema":{"@context":"https:\/\/schema.org","@graph":[{"@type":"WebPage","@id":"https:\/\/web.umons.ac.be\/numediart\/en\/research\/","url":"https:\/\/web.umons.ac.be\/numediart\/en\/research\/","name":"Research - Institut \/ Num\u00e9diart","isPartOf":{"@id":"https:\/\/web.umons.ac.be\/numediart\/#website"},"datePublished":"2020-03-28T18:26:53+00:00","dateModified":"2020-03-28T20:09:14+00:00","breadcrumb":{"@id":"https:\/\/web.umons.ac.be\/numediart\/en\/research\/#breadcrumb"},"inLanguage":"fr-FR","potentialAction":[{"@type":"ReadAction","target":["https:\/\/web.umons.ac.be\/numediart\/en\/research\/"]}]},{"@type":"BreadcrumbList","@id":"https:\/\/web.umons.ac.be\/numediart\/en\/research\/#breadcrumb","itemListElement":[{"@type":"ListItem","position":1,"name":"Accueil","item":"https:\/\/web.umons.ac.be\/numediart\/fr\/"},{"@type":"ListItem","position":2,"name":"Research"}]},{"@type":"WebSite","@id":"https:\/\/web.umons.ac.be\/numediart\/#website","url":"https:\/\/web.umons.ac.be\/numediart\/","name":"Institut \/ Num\u00e9diart","description":"Un site utilisant Universit\u00e9 de Mons \u2013 UMONS","potentialAction":[{"@type":"SearchAction","target":{"@type":"EntryPoint","urlTemplate":"https:\/\/web.umons.ac.be\/numediart\/?s={search_term_string}"},"query-input":{"@type":"PropertyValueSpecification","valueRequired":true,"valueName":"search_term_string"}}],"inLanguage":"fr-FR"}]}},"lang":"en","translations":{"en":561,"fr":654},"pll_sync_post":[],"_links":{"self":[{"href":"https:\/\/web.umons.ac.be\/numediart\/wp-json\/wp\/v2\/pages\/561","targetHints":{"allow":["GET"]}}],"collection":[{"href":"https:\/\/web.umons.ac.be\/numediart\/wp-json\/wp\/v2\/pages"}],"about":[{"href":"https:\/\/web.umons.ac.be\/numediart\/wp-json\/wp\/v2\/types\/page"}],"author":[{"embeddable":true,"href":"https:\/\/web.umons.ac.be\/numediart\/wp-json\/wp\/v2\/users\/23"}],"replies":[{"embeddable":true,"href":"https:\/\/web.umons.ac.be\/numediart\/wp-json\/wp\/v2\/comments?post=561"}],"version-history":[{"count":5,"href":"https:\/\/web.umons.ac.be\/numediart\/wp-json\/wp\/v2\/pages\/561\/revisions"}],"predecessor-version":[{"id":586,"href":"https:\/\/web.umons.ac.be\/numediart\/wp-json\/wp\/v2\/pages\/561\/revisions\/586"}],"wp:attachment":[{"href":"https:\/\/web.umons.ac.be\/numediart\/wp-json\/wp\/v2\/media?parent=561"}],"curies":[{"name":"wp","href":"https:\/\/api.w.org\/{rel}","templated":true}]}}