{"id":65,"date":"2017-07-18T17:11:34","date_gmt":"2017-07-18T15:11:34","guid":{"rendered":"https:\/\/web.umons.ac.be\/numediart\/?page_id=65"},"modified":"2020-04-05T10:00:14","modified_gmt":"2020-04-05T08:00:14","slug":"cross-border-living-labs","status":"publish","type":"page","link":"https:\/\/web.umons.ac.be\/numediart\/fr\/recherche\/projets-phare\/cross-border-living-labs\/","title":{"rendered":"Cross Border Living Labs &#8211; CBBL (Projet C2L3Play &#8211; EU+RW \/ Interreg)"},"content":{"rendered":"<p>CBBL est un projet Interreg dont L\u2019UMONS est chef de file, via l\u2019institut NUMEDIART. L\u2019objectif du projet est de <strong>mettre en place un r\u00e9seau de living labs transfrontalier<\/strong> (Cross Border Living Labs) en s\u2019appuyant sur les structures physiques existantes en partie dans les trois r\u00e9gions concern\u00e9es par le projet, <strong>dans les th\u00e9matiques li\u00e9es \u00e0 la cr\u00e9ativit\u00e9 num\u00e9rique<\/strong>.<\/p>\n<p><strong><img loading=\"lazy\" decoding=\"async\" class=\"alignright size-medium wp-image-293\" src=\"https:\/\/web.umons.ac.be\/app\/uploads\/sites\/37\/2017\/12\/c2L3Play-300x167.jpg\" alt=\"\" width=\"300\" height=\"167\" srcset=\"https:\/\/web.umons.ac.be\/app\/uploads\/sites\/37\/2017\/12\/c2L3Play-300x167.jpg 300w, https:\/\/web.umons.ac.be\/app\/uploads\/sites\/37\/2017\/12\/c2L3Play-768x426.jpg 768w, https:\/\/web.umons.ac.be\/app\/uploads\/sites\/37\/2017\/12\/c2L3Play-30x17.jpg 30w, https:\/\/web.umons.ac.be\/app\/uploads\/sites\/37\/2017\/12\/c2L3Play-60x33.jpg 60w, https:\/\/web.umons.ac.be\/app\/uploads\/sites\/37\/2017\/12\/c2L3Play-360x200.jpg 360w, https:\/\/web.umons.ac.be\/app\/uploads\/sites\/37\/2017\/12\/c2L3Play.jpg 800w\" sizes=\"auto, (max-width: 300px) 100vw, 300px\" \/>Le projet CBBL vise en premier lieu les industries culturelles et cr\u00e9atives, qui sont un secteur strat\u00e9gique en Wallonie <\/strong>(programme Creative Wallonia) mais \u00e9galement <strong>en France<\/strong> (images num\u00e9riques et industries culturelles en tant que domaine d\u2019activit\u00e9 strat\u00e9gique en Nord-Pas de Calais) <strong>et en Flandre<\/strong> (avec le secteur du design).<\/p>\n<p>&gt;&gt; <a href=\"http:\/\/www.crossborderlivinglabs.eu\">www.crossborderlivinglabs.eu\u00a0<\/a><\/p>\n","protected":false},"excerpt":{"rendered":"<p>CBBL est un projet Interreg dont L\u2019UMONS est chef de file, via l\u2019institut NUMEDIART. L\u2019objectif du projet est de mettre en place un r\u00e9seau de living labs transfrontalier (Cross Border Living Labs) en s\u2019appuyant sur les structures physiques existantes en partie dans les trois r\u00e9gions concern\u00e9es par le projet, dans les th\u00e9matiques li\u00e9es \u00e0 la [&hellip;]<\/p>\n","protected":false},"author":2,"featured_media":0,"parent":28,"menu_order":3,"comment_status":"closed","ping_status":"closed","template":"","meta":{"footnotes":""},"class_list":["post-65","page","type-page","status-publish","hentry"],"yoast_head":"<!-- This site is optimized with the Yoast SEO plugin v27.2 - https:\/\/yoast.com\/product\/yoast-seo-wordpress\/ -->\n<title>Cross Border Living Labs - CBBL (Projet C2L3Play - EU+RW \/ Interreg) - Institut \/ Num\u00e9diart<\/title>\n<meta name=\"robots\" content=\"index, follow, max-snippet:-1, max-image-preview:large, max-video-preview:-1\" \/>\n<link rel=\"canonical\" href=\"https:\/\/web.umons.ac.be\/numediart\/fr\/recherche\/projets-phare\/cross-border-living-labs\/\" \/>\n<meta property=\"og:locale\" content=\"fr_FR\" \/>\n<meta property=\"og:type\" content=\"article\" \/>\n<meta property=\"og:title\" content=\"Cross Border Living Labs - CBBL (Projet C2L3Play - EU+RW \/ Interreg) - Institut \/ Num\u00e9diart\" \/>\n<meta property=\"og:description\" content=\"CBBL est un projet Interreg dont L\u2019UMONS est chef de file, via l\u2019institut NUMEDIART. L\u2019objectif du projet est de mettre en place un r\u00e9seau de living labs transfrontalier (Cross Border Living Labs) en s\u2019appuyant sur les structures physiques existantes en partie dans les trois r\u00e9gions concern\u00e9es par le projet, dans les th\u00e9matiques li\u00e9es \u00e0 la [&hellip;]\" \/>\n<meta property=\"og:url\" content=\"https:\/\/web.umons.ac.be\/numediart\/fr\/recherche\/projets-phare\/cross-border-living-labs\/\" \/>\n<meta property=\"og:site_name\" content=\"Institut \/ Num\u00e9diart\" \/>\n<meta property=\"article:modified_time\" content=\"2020-04-05T08:00:14+00:00\" \/>\n<meta property=\"og:image\" content=\"https:\/\/web.umons.ac.be\/app\/uploads\/sites\/37\/2017\/12\/c2L3Play-300x167.jpg\" \/>\n<meta name=\"twitter:card\" content=\"summary_large_image\" \/>\n<meta name=\"twitter:label1\" content=\"Dur\u00e9e de lecture estim\u00e9e\" \/>\n\t<meta name=\"twitter:data1\" content=\"1 minute\" \/>\n<script type=\"application\/ld+json\" class=\"yoast-schema-graph\">{\"@context\":\"https:\/\/schema.org\",\"@graph\":[{\"@type\":\"WebPage\",\"@id\":\"https:\/\/web.umons.ac.be\/numediart\/fr\/recherche\/projets-phare\/cross-border-living-labs\/\",\"url\":\"https:\/\/web.umons.ac.be\/numediart\/fr\/recherche\/projets-phare\/cross-border-living-labs\/\",\"name\":\"Cross Border Living Labs - CBBL (Projet C2L3Play - EU+RW \/ Interreg) - Institut \/ Num\u00e9diart\",\"isPartOf\":{\"@id\":\"https:\/\/web.umons.ac.be\/numediart\/#website\"},\"primaryImageOfPage\":{\"@id\":\"https:\/\/web.umons.ac.be\/numediart\/fr\/recherche\/projets-phare\/cross-border-living-labs\/#primaryimage\"},\"image\":{\"@id\":\"https:\/\/web.umons.ac.be\/numediart\/fr\/recherche\/projets-phare\/cross-border-living-labs\/#primaryimage\"},\"thumbnailUrl\":\"https:\/\/web.umons.ac.be\/app\/uploads\/sites\/37\/2017\/12\/c2L3Play-300x167.jpg\",\"datePublished\":\"2017-07-18T15:11:34+00:00\",\"dateModified\":\"2020-04-05T08:00:14+00:00\",\"breadcrumb\":{\"@id\":\"https:\/\/web.umons.ac.be\/numediart\/fr\/recherche\/projets-phare\/cross-border-living-labs\/#breadcrumb\"},\"inLanguage\":\"fr-FR\",\"potentialAction\":[{\"@type\":\"ReadAction\",\"target\":[\"https:\/\/web.umons.ac.be\/numediart\/fr\/recherche\/projets-phare\/cross-border-living-labs\/\"]}]},{\"@type\":\"ImageObject\",\"inLanguage\":\"fr-FR\",\"@id\":\"https:\/\/web.umons.ac.be\/numediart\/fr\/recherche\/projets-phare\/cross-border-living-labs\/#primaryimage\",\"url\":\"https:\/\/web.umons.ac.be\/app\/uploads\/sites\/37\/2017\/12\/c2L3Play-300x167.jpg\",\"contentUrl\":\"https:\/\/web.umons.ac.be\/app\/uploads\/sites\/37\/2017\/12\/c2L3Play-300x167.jpg\"},{\"@type\":\"BreadcrumbList\",\"@id\":\"https:\/\/web.umons.ac.be\/numediart\/fr\/recherche\/projets-phare\/cross-border-living-labs\/#breadcrumb\",\"itemListElement\":[{\"@type\":\"ListItem\",\"position\":1,\"name\":\"Accueil\",\"item\":\"https:\/\/web.umons.ac.be\/numediart\/fr\/\"},{\"@type\":\"ListItem\",\"position\":2,\"name\":\"Recherche\",\"item\":\"https:\/\/web.umons.ac.be\/numediart\/fr\/recherche\/\"},{\"@type\":\"ListItem\",\"position\":3,\"name\":\"Projets phares\",\"item\":\"https:\/\/web.umons.ac.be\/numediart\/fr\/recherche\/projets-phare\/\"},{\"@type\":\"ListItem\",\"position\":4,\"name\":\"Cross Border Living Labs &#8211; CBBL (Projet C2L3Play &#8211; EU+RW \/ Interreg)\"}]},{\"@type\":\"WebSite\",\"@id\":\"https:\/\/web.umons.ac.be\/numediart\/#website\",\"url\":\"https:\/\/web.umons.ac.be\/numediart\/\",\"name\":\"Institut \/ Num\u00e9diart\",\"description\":\"Un site utilisant Universit\u00e9 de Mons \u2013 UMONS\",\"potentialAction\":[{\"@type\":\"SearchAction\",\"target\":{\"@type\":\"EntryPoint\",\"urlTemplate\":\"https:\/\/web.umons.ac.be\/numediart\/?s={search_term_string}\"},\"query-input\":{\"@type\":\"PropertyValueSpecification\",\"valueRequired\":true,\"valueName\":\"search_term_string\"}}],\"inLanguage\":\"fr-FR\"}]}<\/script>\n<!-- \/ Yoast SEO plugin. -->","yoast_head_json":{"title":"Cross Border Living Labs - CBBL (Projet C2L3Play - EU+RW \/ Interreg) - Institut \/ Num\u00e9diart","robots":{"index":"index","follow":"follow","max-snippet":"max-snippet:-1","max-image-preview":"max-image-preview:large","max-video-preview":"max-video-preview:-1"},"canonical":"https:\/\/web.umons.ac.be\/numediart\/fr\/recherche\/projets-phare\/cross-border-living-labs\/","og_locale":"fr_FR","og_type":"article","og_title":"Cross Border Living Labs - CBBL (Projet C2L3Play - EU+RW \/ Interreg) - Institut \/ Num\u00e9diart","og_description":"CBBL est un projet Interreg dont L\u2019UMONS est chef de file, via l\u2019institut NUMEDIART. L\u2019objectif du projet est de mettre en place un r\u00e9seau de living labs transfrontalier (Cross Border Living Labs) en s\u2019appuyant sur les structures physiques existantes en partie dans les trois r\u00e9gions concern\u00e9es par le projet, dans les th\u00e9matiques li\u00e9es \u00e0 la [&hellip;]","og_url":"https:\/\/web.umons.ac.be\/numediart\/fr\/recherche\/projets-phare\/cross-border-living-labs\/","og_site_name":"Institut \/ Num\u00e9diart","article_modified_time":"2020-04-05T08:00:14+00:00","og_image":[{"url":"https:\/\/web.umons.ac.be\/app\/uploads\/sites\/37\/2017\/12\/c2L3Play-300x167.jpg","type":"","width":"","height":""}],"twitter_card":"summary_large_image","twitter_misc":{"Dur\u00e9e de lecture estim\u00e9e":"1 minute"},"schema":{"@context":"https:\/\/schema.org","@graph":[{"@type":"WebPage","@id":"https:\/\/web.umons.ac.be\/numediart\/fr\/recherche\/projets-phare\/cross-border-living-labs\/","url":"https:\/\/web.umons.ac.be\/numediart\/fr\/recherche\/projets-phare\/cross-border-living-labs\/","name":"Cross Border Living Labs - CBBL (Projet C2L3Play - EU+RW \/ Interreg) - Institut \/ Num\u00e9diart","isPartOf":{"@id":"https:\/\/web.umons.ac.be\/numediart\/#website"},"primaryImageOfPage":{"@id":"https:\/\/web.umons.ac.be\/numediart\/fr\/recherche\/projets-phare\/cross-border-living-labs\/#primaryimage"},"image":{"@id":"https:\/\/web.umons.ac.be\/numediart\/fr\/recherche\/projets-phare\/cross-border-living-labs\/#primaryimage"},"thumbnailUrl":"https:\/\/web.umons.ac.be\/app\/uploads\/sites\/37\/2017\/12\/c2L3Play-300x167.jpg","datePublished":"2017-07-18T15:11:34+00:00","dateModified":"2020-04-05T08:00:14+00:00","breadcrumb":{"@id":"https:\/\/web.umons.ac.be\/numediart\/fr\/recherche\/projets-phare\/cross-border-living-labs\/#breadcrumb"},"inLanguage":"fr-FR","potentialAction":[{"@type":"ReadAction","target":["https:\/\/web.umons.ac.be\/numediart\/fr\/recherche\/projets-phare\/cross-border-living-labs\/"]}]},{"@type":"ImageObject","inLanguage":"fr-FR","@id":"https:\/\/web.umons.ac.be\/numediart\/fr\/recherche\/projets-phare\/cross-border-living-labs\/#primaryimage","url":"https:\/\/web.umons.ac.be\/app\/uploads\/sites\/37\/2017\/12\/c2L3Play-300x167.jpg","contentUrl":"https:\/\/web.umons.ac.be\/app\/uploads\/sites\/37\/2017\/12\/c2L3Play-300x167.jpg"},{"@type":"BreadcrumbList","@id":"https:\/\/web.umons.ac.be\/numediart\/fr\/recherche\/projets-phare\/cross-border-living-labs\/#breadcrumb","itemListElement":[{"@type":"ListItem","position":1,"name":"Accueil","item":"https:\/\/web.umons.ac.be\/numediart\/fr\/"},{"@type":"ListItem","position":2,"name":"Recherche","item":"https:\/\/web.umons.ac.be\/numediart\/fr\/recherche\/"},{"@type":"ListItem","position":3,"name":"Projets phares","item":"https:\/\/web.umons.ac.be\/numediart\/fr\/recherche\/projets-phare\/"},{"@type":"ListItem","position":4,"name":"Cross Border Living Labs &#8211; CBBL (Projet C2L3Play &#8211; EU+RW \/ Interreg)"}]},{"@type":"WebSite","@id":"https:\/\/web.umons.ac.be\/numediart\/#website","url":"https:\/\/web.umons.ac.be\/numediart\/","name":"Institut \/ Num\u00e9diart","description":"Un site utilisant Universit\u00e9 de Mons \u2013 UMONS","potentialAction":[{"@type":"SearchAction","target":{"@type":"EntryPoint","urlTemplate":"https:\/\/web.umons.ac.be\/numediart\/?s={search_term_string}"},"query-input":{"@type":"PropertyValueSpecification","valueRequired":true,"valueName":"search_term_string"}}],"inLanguage":"fr-FR"}]}},"lang":"fr","translations":{"fr":65,"en":185},"pll_sync_post":[],"_links":{"self":[{"href":"https:\/\/web.umons.ac.be\/numediart\/wp-json\/wp\/v2\/pages\/65","targetHints":{"allow":["GET"]}}],"collection":[{"href":"https:\/\/web.umons.ac.be\/numediart\/wp-json\/wp\/v2\/pages"}],"about":[{"href":"https:\/\/web.umons.ac.be\/numediart\/wp-json\/wp\/v2\/types\/page"}],"author":[{"embeddable":true,"href":"https:\/\/web.umons.ac.be\/numediart\/wp-json\/wp\/v2\/users\/2"}],"replies":[{"embeddable":true,"href":"https:\/\/web.umons.ac.be\/numediart\/wp-json\/wp\/v2\/comments?post=65"}],"version-history":[{"count":7,"href":"https:\/\/web.umons.ac.be\/numediart\/wp-json\/wp\/v2\/pages\/65\/revisions"}],"predecessor-version":[{"id":294,"href":"https:\/\/web.umons.ac.be\/numediart\/wp-json\/wp\/v2\/pages\/65\/revisions\/294"}],"up":[{"embeddable":true,"href":"https:\/\/web.umons.ac.be\/numediart\/wp-json\/wp\/v2\/pages\/28"}],"wp:attachment":[{"href":"https:\/\/web.umons.ac.be\/numediart\/wp-json\/wp\/v2\/media?parent=65"}],"curies":[{"name":"wp","href":"https:\/\/api.w.org\/{rel}","templated":true}]}}