{"id":709,"date":"2020-04-05T10:05:12","date_gmt":"2020-04-05T08:05:12","guid":{"rendered":"https:\/\/web.umons.ac.be\/numediart\/?page_id=709"},"modified":"2020-04-05T10:28:02","modified_gmt":"2020-04-05T08:28:02","slug":"creactif","status":"publish","type":"page","link":"https:\/\/web.umons.ac.be\/numediart\/en\/education\/creactif\/","title":{"rendered":"Cr\u00e9actif!"},"content":{"rendered":"<p>\u00ab CR\u00e9ACTIFS! \u00bb est une s\u00e9rie de 6 ateliers destin\u00e9s aux \u00e9tudiants de l\u2019UMONS et du P\u00f4le hainuyer (et par extension au public de Creactive Valley) qui souhaitent d\u00e9couvrir les technologies cr\u00e9atives. Ces ateliers gratuits sont propos\u00e9s en soir\u00e9e (de 18h00 \u00e0 20h00) et, pour ce qui est des ateliers \u201cProcessing\u201d- \u201cPureData\u201d et \u201cArduino\u201d, ne demandent pas de pr\u00e9-requis particuliers. Chacun de ces ateliers peut \u00eatre suivi s\u00e9par\u00e9ment, sans avoir suivi les autres. D\u2019un point de vue pratique, nous demandons au \u00e9tudiants \u00ab CR\u00e9ACTIFS! \u00bb de venir aux cours avec leur propre ordinateur portable.<\/p>\n<p>Les ateliers \u00ab CR\u00e9ACTIFS! \u00bb sont ouverts \u00e0 tous et organis\u00e9s avec le soutien de Creative Valley. Les cours d\u2019introduction (Processing basique et Arduino) sont accessibles aux \u00e9tudiants de secondaire.<\/p>\n<div style=\"padding: 56.25% 0 0 0; position: relative;\"><iframe style=\"position: absolute; top: 0; left: 0; width: 100%; height: 100%;\" src=\"https:\/\/player.vimeo.com\/video\/29478464\" frameborder=\"0\" allowfullscreen=\"allowfullscreen\" data-mce-src=\"https:\/\/player.vimeo.com\/video\/29478464\" data-mce-fragment=\"1\"><\/iframe><\/div>\n<p><script src=\"https:\/\/player.vimeo.com\/api\/player.js\"><\/script><\/p>\n<p>Veuillez noter que la\u00a0<strong>s\u00e9ance de pr\u00e9sentation des ateliers \u00ab Cr\u00e9actifs! \u00bb est organis\u00e9e le lundi 9 octobre 2017<\/strong>\u00a0\u2013 De 18h00 \u00e0 20h00 \u2013 Salle Acad\u00e9mique \u2013 Boulevard Dolez n\u00b031 \u00e0 Mons. Le contenu des cours et les modalit\u00e9s d\u2019inscriptions y seront d\u00e9taill\u00e9s !<\/p>\n<h5 style=\"padding-left: 30px;\">Liste des cours \u00ab CR\u00e9ACTIFS! \u00bb propos\u00e9s en 2017<\/h5>\n<p><img loading=\"lazy\" decoding=\"async\" class=\"aligncenter size-full wp-image-710\" src=\"https:\/\/web.umons.ac.be\/app\/uploads\/sites\/37\/2018\/06\/processing2017-1.jpg\" alt=\"\" width=\"500\" height=\"117\" srcset=\"https:\/\/web.umons.ac.be\/app\/uploads\/sites\/37\/2018\/06\/processing2017-1.jpg 500w, https:\/\/web.umons.ac.be\/app\/uploads\/sites\/37\/2018\/06\/processing2017-1-300x70.jpg 300w, https:\/\/web.umons.ac.be\/app\/uploads\/sites\/37\/2018\/06\/processing2017-1-30x7.jpg 30w, https:\/\/web.umons.ac.be\/app\/uploads\/sites\/37\/2018\/06\/processing2017-1-60x14.jpg 60w, https:\/\/web.umons.ac.be\/app\/uploads\/sites\/37\/2018\/06\/processing2017-1-360x84.jpg 360w\" sizes=\"auto, (max-width: 500px) 100vw, 500px\" \/><\/p>\n<p><img loading=\"lazy\" decoding=\"async\" class=\"aligncenter size-full wp-image-711\" src=\"https:\/\/web.umons.ac.be\/app\/uploads\/sites\/37\/2018\/06\/puredata2017-1.jpg\" alt=\"\" width=\"500\" height=\"117\" srcset=\"https:\/\/web.umons.ac.be\/app\/uploads\/sites\/37\/2018\/06\/puredata2017-1.jpg 500w, https:\/\/web.umons.ac.be\/app\/uploads\/sites\/37\/2018\/06\/puredata2017-1-300x70.jpg 300w, https:\/\/web.umons.ac.be\/app\/uploads\/sites\/37\/2018\/06\/puredata2017-1-30x7.jpg 30w, https:\/\/web.umons.ac.be\/app\/uploads\/sites\/37\/2018\/06\/puredata2017-1-60x14.jpg 60w, https:\/\/web.umons.ac.be\/app\/uploads\/sites\/37\/2018\/06\/puredata2017-1-360x84.jpg 360w\" sizes=\"auto, (max-width: 500px) 100vw, 500px\" \/><\/p>\n<p><img loading=\"lazy\" decoding=\"async\" class=\"aligncenter size-full wp-image-712\" src=\"https:\/\/web.umons.ac.be\/app\/uploads\/sites\/37\/2018\/06\/openframework2017-1.jpg\" alt=\"\" width=\"500\" height=\"117\" srcset=\"https:\/\/web.umons.ac.be\/app\/uploads\/sites\/37\/2018\/06\/openframework2017-1.jpg 500w, https:\/\/web.umons.ac.be\/app\/uploads\/sites\/37\/2018\/06\/openframework2017-1-300x70.jpg 300w, https:\/\/web.umons.ac.be\/app\/uploads\/sites\/37\/2018\/06\/openframework2017-1-30x7.jpg 30w, https:\/\/web.umons.ac.be\/app\/uploads\/sites\/37\/2018\/06\/openframework2017-1-60x14.jpg 60w, https:\/\/web.umons.ac.be\/app\/uploads\/sites\/37\/2018\/06\/openframework2017-1-360x84.jpg 360w\" sizes=\"auto, (max-width: 500px) 100vw, 500px\" \/><\/p>\n<p><img loading=\"lazy\" decoding=\"async\" class=\"aligncenter size-full wp-image-713\" src=\"https:\/\/web.umons.ac.be\/app\/uploads\/sites\/37\/2018\/06\/arduino2017-1.jpg\" alt=\"\" width=\"500\" height=\"117\" srcset=\"https:\/\/web.umons.ac.be\/app\/uploads\/sites\/37\/2018\/06\/arduino2017-1.jpg 500w, https:\/\/web.umons.ac.be\/app\/uploads\/sites\/37\/2018\/06\/arduino2017-1-300x70.jpg 300w, https:\/\/web.umons.ac.be\/app\/uploads\/sites\/37\/2018\/06\/arduino2017-1-30x7.jpg 30w, https:\/\/web.umons.ac.be\/app\/uploads\/sites\/37\/2018\/06\/arduino2017-1-60x14.jpg 60w, https:\/\/web.umons.ac.be\/app\/uploads\/sites\/37\/2018\/06\/arduino2017-1-360x84.jpg 360w\" sizes=\"auto, (max-width: 500px) 100vw, 500px\" \/><\/p>\n<p><img loading=\"lazy\" decoding=\"async\" class=\"aligncenter size-full wp-image-714\" src=\"https:\/\/web.umons.ac.be\/app\/uploads\/sites\/37\/2018\/06\/android2017-3.jpg\" alt=\"\" width=\"500\" height=\"117\" srcset=\"https:\/\/web.umons.ac.be\/app\/uploads\/sites\/37\/2018\/06\/android2017-3.jpg 500w, https:\/\/web.umons.ac.be\/app\/uploads\/sites\/37\/2018\/06\/android2017-3-300x70.jpg 300w, https:\/\/web.umons.ac.be\/app\/uploads\/sites\/37\/2018\/06\/android2017-3-30x7.jpg 30w, https:\/\/web.umons.ac.be\/app\/uploads\/sites\/37\/2018\/06\/android2017-3-60x14.jpg 60w, https:\/\/web.umons.ac.be\/app\/uploads\/sites\/37\/2018\/06\/android2017-3-360x84.jpg 360w\" sizes=\"auto, (max-width: 500px) 100vw, 500px\" \/><\/p>\n<p><img loading=\"lazy\" decoding=\"async\" class=\"aligncenter size-full wp-image-715\" src=\"https:\/\/web.umons.ac.be\/app\/uploads\/sites\/37\/2018\/06\/Fabiotlab.jpg\" alt=\"\" width=\"500\" height=\"117\" srcset=\"https:\/\/web.umons.ac.be\/app\/uploads\/sites\/37\/2018\/06\/Fabiotlab.jpg 500w, https:\/\/web.umons.ac.be\/app\/uploads\/sites\/37\/2018\/06\/Fabiotlab-300x70.jpg 300w, https:\/\/web.umons.ac.be\/app\/uploads\/sites\/37\/2018\/06\/Fabiotlab-30x7.jpg 30w, https:\/\/web.umons.ac.be\/app\/uploads\/sites\/37\/2018\/06\/Fabiotlab-60x14.jpg 60w, https:\/\/web.umons.ac.be\/app\/uploads\/sites\/37\/2018\/06\/Fabiotlab-360x84.jpg 360w\" sizes=\"auto, (max-width: 500px) 100vw, 500px\" \/><\/p>\n<p>Les \u00e9tudiants \u00ab CR\u00e9ACTIFS! \u00bb ont acc\u00e8s au laboratoire NUMEDIART, dans lequel les chercheurs de l\u2019Institut d\u00e9veloppent leurs projets de recherche, en collaboration avec des artistes et des industriels. Le\u00a0<a href=\"http:\/\/fablabmons.be\/\" target=\"_blank\" rel=\"noopener noreferrer\">FabLab Mons<\/a>\u00a0fait \u00e9galement partie des infrastructures qui sont mises \u00e0 la disposition des \u00e9tudiants.<\/p>\n<p>Suivez-nous sur la<a href=\"https:\/\/www.facebook.com\/creactifsumons\/\" target=\"_blank\" rel=\"noopener noreferrer\">\u00a0page Cr\u00e9actifs<\/a>!<\/p>\n<p><iframe loading=\"lazy\" style=\"border: none; overflow: hidden;\" src=\"https:\/\/www.facebook.com\/plugins\/page.php?href=https%3A%2F%2Fwww.facebook.com%2Fcreactifsumons%2F&amp;tabs&amp;width=340&amp;height=214&amp;small_header=false&amp;adapt_container_width=true&amp;hide_cover=false&amp;show_facepile=true&amp;appId\" width=\"340\" height=\"214\" frameborder=\"0\" scrolling=\"no\" data-mce-src=\"https:\/\/www.facebook.com\/plugins\/page.php?href=https%3A%2F%2Fwww.facebook.com%2Fcreactifsumons%2F&amp;tabs&amp;width=340&amp;height=214&amp;small_header=false&amp;adapt_container_width=true&amp;hide_cover=false&amp;show_facepile=true&amp;appId\" data-mce-fragment=\"1\"><\/iframe><\/p>\n<hr \/>\n<h5>Ressources pour les ateliers Cr\u00e9actifs !<\/h5>\n<start-cask-shortcode-wrapper><end-cask-shortcode-wrapper>\n","protected":false},"excerpt":{"rendered":"<p>\u00ab CR\u00e9ACTIFS! \u00bb est une s\u00e9rie de 6 ateliers destin\u00e9s aux \u00e9tudiants de l\u2019UMONS et du P\u00f4le hainuyer (et par extension au public de Creactive Valley) qui souhaitent d\u00e9couvrir les technologies cr\u00e9atives. Ces ateliers gratuits sont propos\u00e9s en soir\u00e9e (de 18h00 \u00e0 20h00) et, pour ce qui est des ateliers \u201cProcessing\u201d- \u201cPureData\u201d et \u201cArduino\u201d, ne [&hellip;]<\/p>\n","protected":false},"author":2,"featured_media":0,"parent":598,"menu_order":0,"comment_status":"closed","ping_status":"closed","template":"","meta":{"footnotes":""},"class_list":["post-709","page","type-page","status-publish","hentry"],"yoast_head":"<!-- This site is optimized with the Yoast SEO plugin v27.2 - https:\/\/yoast.com\/product\/yoast-seo-wordpress\/ -->\n<title>Cr\u00e9actif! - Institut \/ Num\u00e9diart<\/title>\n<meta name=\"robots\" content=\"index, follow, max-snippet:-1, max-image-preview:large, max-video-preview:-1\" \/>\n<link rel=\"canonical\" href=\"https:\/\/web.umons.ac.be\/numediart\/en\/education\/creactif\/\" \/>\n<meta property=\"og:locale\" content=\"fr_FR\" \/>\n<meta property=\"og:type\" content=\"article\" \/>\n<meta property=\"og:title\" content=\"Cr\u00e9actif! - Institut \/ Num\u00e9diart\" \/>\n<meta property=\"og:description\" content=\"\u00ab CR\u00e9ACTIFS! \u00bb est une s\u00e9rie de 6 ateliers destin\u00e9s aux \u00e9tudiants de l\u2019UMONS et du P\u00f4le hainuyer (et par extension au public de Creactive Valley) qui souhaitent d\u00e9couvrir les technologies cr\u00e9atives. Ces ateliers gratuits sont propos\u00e9s en soir\u00e9e (de 18h00 \u00e0 20h00) et, pour ce qui est des ateliers \u201cProcessing\u201d- \u201cPureData\u201d et \u201cArduino\u201d, ne [&hellip;]\" \/>\n<meta property=\"og:url\" content=\"https:\/\/web.umons.ac.be\/numediart\/en\/education\/creactif\/\" \/>\n<meta property=\"og:site_name\" content=\"Institut \/ Num\u00e9diart\" \/>\n<meta property=\"article:modified_time\" content=\"2020-04-05T08:28:02+00:00\" \/>\n<meta property=\"og:image\" content=\"https:\/\/web.umons.ac.be\/app\/uploads\/sites\/37\/2018\/06\/processing2017-1.jpg\" \/>\n<meta name=\"twitter:card\" content=\"summary_large_image\" \/>\n<meta name=\"twitter:label1\" content=\"Dur\u00e9e de lecture estim\u00e9e\" \/>\n\t<meta name=\"twitter:data1\" content=\"1 minute\" \/>\n<script type=\"application\/ld+json\" class=\"yoast-schema-graph\">{\"@context\":\"https:\/\/schema.org\",\"@graph\":[{\"@type\":\"WebPage\",\"@id\":\"https:\/\/web.umons.ac.be\/numediart\/en\/education\/creactif\/\",\"url\":\"https:\/\/web.umons.ac.be\/numediart\/en\/education\/creactif\/\",\"name\":\"Cr\u00e9actif! - Institut \/ Num\u00e9diart\",\"isPartOf\":{\"@id\":\"https:\/\/web.umons.ac.be\/numediart\/#website\"},\"primaryImageOfPage\":{\"@id\":\"https:\/\/web.umons.ac.be\/numediart\/en\/education\/creactif\/#primaryimage\"},\"image\":{\"@id\":\"https:\/\/web.umons.ac.be\/numediart\/en\/education\/creactif\/#primaryimage\"},\"thumbnailUrl\":\"https:\/\/web.umons.ac.be\/app\/uploads\/sites\/37\/2018\/06\/processing2017-1.jpg\",\"datePublished\":\"2020-04-05T08:05:12+00:00\",\"dateModified\":\"2020-04-05T08:28:02+00:00\",\"breadcrumb\":{\"@id\":\"https:\/\/web.umons.ac.be\/numediart\/en\/education\/creactif\/#breadcrumb\"},\"inLanguage\":\"fr-FR\",\"potentialAction\":[{\"@type\":\"ReadAction\",\"target\":[\"https:\/\/web.umons.ac.be\/numediart\/en\/education\/creactif\/\"]}]},{\"@type\":\"ImageObject\",\"inLanguage\":\"fr-FR\",\"@id\":\"https:\/\/web.umons.ac.be\/numediart\/en\/education\/creactif\/#primaryimage\",\"url\":\"https:\/\/web.umons.ac.be\/app\/uploads\/sites\/37\/2018\/06\/processing2017-1.jpg\",\"contentUrl\":\"https:\/\/web.umons.ac.be\/app\/uploads\/sites\/37\/2018\/06\/processing2017-1.jpg\"},{\"@type\":\"BreadcrumbList\",\"@id\":\"https:\/\/web.umons.ac.be\/numediart\/en\/education\/creactif\/#breadcrumb\",\"itemListElement\":[{\"@type\":\"ListItem\",\"position\":1,\"name\":\"Accueil\",\"item\":\"https:\/\/web.umons.ac.be\/numediart\/fr\/\"},{\"@type\":\"ListItem\",\"position\":2,\"name\":\"Education\",\"item\":\"https:\/\/web.umons.ac.be\/numediart\/en\/education\/\"},{\"@type\":\"ListItem\",\"position\":3,\"name\":\"Cr\u00e9actif!\"}]},{\"@type\":\"WebSite\",\"@id\":\"https:\/\/web.umons.ac.be\/numediart\/#website\",\"url\":\"https:\/\/web.umons.ac.be\/numediart\/\",\"name\":\"Institut \/ Num\u00e9diart\",\"description\":\"Un site utilisant Universit\u00e9 de Mons \u2013 UMONS\",\"potentialAction\":[{\"@type\":\"SearchAction\",\"target\":{\"@type\":\"EntryPoint\",\"urlTemplate\":\"https:\/\/web.umons.ac.be\/numediart\/?s={search_term_string}\"},\"query-input\":{\"@type\":\"PropertyValueSpecification\",\"valueRequired\":true,\"valueName\":\"search_term_string\"}}],\"inLanguage\":\"fr-FR\"}]}<\/script>\n<!-- \/ Yoast SEO plugin. -->","yoast_head_json":{"title":"Cr\u00e9actif! - Institut \/ Num\u00e9diart","robots":{"index":"index","follow":"follow","max-snippet":"max-snippet:-1","max-image-preview":"max-image-preview:large","max-video-preview":"max-video-preview:-1"},"canonical":"https:\/\/web.umons.ac.be\/numediart\/en\/education\/creactif\/","og_locale":"fr_FR","og_type":"article","og_title":"Cr\u00e9actif! - Institut \/ Num\u00e9diart","og_description":"\u00ab CR\u00e9ACTIFS! \u00bb est une s\u00e9rie de 6 ateliers destin\u00e9s aux \u00e9tudiants de l\u2019UMONS et du P\u00f4le hainuyer (et par extension au public de Creactive Valley) qui souhaitent d\u00e9couvrir les technologies cr\u00e9atives. Ces ateliers gratuits sont propos\u00e9s en soir\u00e9e (de 18h00 \u00e0 20h00) et, pour ce qui est des ateliers \u201cProcessing\u201d- \u201cPureData\u201d et \u201cArduino\u201d, ne [&hellip;]","og_url":"https:\/\/web.umons.ac.be\/numediart\/en\/education\/creactif\/","og_site_name":"Institut \/ Num\u00e9diart","article_modified_time":"2020-04-05T08:28:02+00:00","og_image":[{"url":"https:\/\/web.umons.ac.be\/app\/uploads\/sites\/37\/2018\/06\/processing2017-1.jpg","type":"","width":"","height":""}],"twitter_card":"summary_large_image","twitter_misc":{"Dur\u00e9e de lecture estim\u00e9e":"1 minute"},"schema":{"@context":"https:\/\/schema.org","@graph":[{"@type":"WebPage","@id":"https:\/\/web.umons.ac.be\/numediart\/en\/education\/creactif\/","url":"https:\/\/web.umons.ac.be\/numediart\/en\/education\/creactif\/","name":"Cr\u00e9actif! - Institut \/ Num\u00e9diart","isPartOf":{"@id":"https:\/\/web.umons.ac.be\/numediart\/#website"},"primaryImageOfPage":{"@id":"https:\/\/web.umons.ac.be\/numediart\/en\/education\/creactif\/#primaryimage"},"image":{"@id":"https:\/\/web.umons.ac.be\/numediart\/en\/education\/creactif\/#primaryimage"},"thumbnailUrl":"https:\/\/web.umons.ac.be\/app\/uploads\/sites\/37\/2018\/06\/processing2017-1.jpg","datePublished":"2020-04-05T08:05:12+00:00","dateModified":"2020-04-05T08:28:02+00:00","breadcrumb":{"@id":"https:\/\/web.umons.ac.be\/numediart\/en\/education\/creactif\/#breadcrumb"},"inLanguage":"fr-FR","potentialAction":[{"@type":"ReadAction","target":["https:\/\/web.umons.ac.be\/numediart\/en\/education\/creactif\/"]}]},{"@type":"ImageObject","inLanguage":"fr-FR","@id":"https:\/\/web.umons.ac.be\/numediart\/en\/education\/creactif\/#primaryimage","url":"https:\/\/web.umons.ac.be\/app\/uploads\/sites\/37\/2018\/06\/processing2017-1.jpg","contentUrl":"https:\/\/web.umons.ac.be\/app\/uploads\/sites\/37\/2018\/06\/processing2017-1.jpg"},{"@type":"BreadcrumbList","@id":"https:\/\/web.umons.ac.be\/numediart\/en\/education\/creactif\/#breadcrumb","itemListElement":[{"@type":"ListItem","position":1,"name":"Accueil","item":"https:\/\/web.umons.ac.be\/numediart\/fr\/"},{"@type":"ListItem","position":2,"name":"Education","item":"https:\/\/web.umons.ac.be\/numediart\/en\/education\/"},{"@type":"ListItem","position":3,"name":"Cr\u00e9actif!"}]},{"@type":"WebSite","@id":"https:\/\/web.umons.ac.be\/numediart\/#website","url":"https:\/\/web.umons.ac.be\/numediart\/","name":"Institut \/ Num\u00e9diart","description":"Un site utilisant Universit\u00e9 de Mons \u2013 UMONS","potentialAction":[{"@type":"SearchAction","target":{"@type":"EntryPoint","urlTemplate":"https:\/\/web.umons.ac.be\/numediart\/?s={search_term_string}"},"query-input":{"@type":"PropertyValueSpecification","valueRequired":true,"valueName":"search_term_string"}}],"inLanguage":"fr-FR"}]}},"lang":"en","translations":{"en":709,"fr":321},"pll_sync_post":[],"_links":{"self":[{"href":"https:\/\/web.umons.ac.be\/numediart\/wp-json\/wp\/v2\/pages\/709","targetHints":{"allow":["GET"]}}],"collection":[{"href":"https:\/\/web.umons.ac.be\/numediart\/wp-json\/wp\/v2\/pages"}],"about":[{"href":"https:\/\/web.umons.ac.be\/numediart\/wp-json\/wp\/v2\/types\/page"}],"author":[{"embeddable":true,"href":"https:\/\/web.umons.ac.be\/numediart\/wp-json\/wp\/v2\/users\/2"}],"replies":[{"embeddable":true,"href":"https:\/\/web.umons.ac.be\/numediart\/wp-json\/wp\/v2\/comments?post=709"}],"version-history":[{"count":2,"href":"https:\/\/web.umons.ac.be\/numediart\/wp-json\/wp\/v2\/pages\/709\/revisions"}],"predecessor-version":[{"id":752,"href":"https:\/\/web.umons.ac.be\/numediart\/wp-json\/wp\/v2\/pages\/709\/revisions\/752"}],"up":[{"embeddable":true,"href":"https:\/\/web.umons.ac.be\/numediart\/wp-json\/wp\/v2\/pages\/598"}],"wp:attachment":[{"href":"https:\/\/web.umons.ac.be\/numediart\/wp-json\/wp\/v2\/media?parent=709"}],"curies":[{"name":"wp","href":"https:\/\/api.w.org\/{rel}","templated":true}]}}