{"id":717,"date":"2020-04-05T10:05:57","date_gmt":"2020-04-05T08:05:57","guid":{"rendered":"https:\/\/web.umons.ac.be\/numediart\/?page_id=717"},"modified":"2020-04-05T10:28:30","modified_gmt":"2020-04-05T08:28:30","slug":"transmedia-2","status":"publish","type":"page","link":"https:\/\/web.umons.ac.be\/numediart\/en\/education\/transmedia-2\/","title":{"rendered":"Transmedia"},"content":{"rendered":"<h2>Innovation et d\u00e9veloppement de projets transm\u00e9dia<\/h2>\n<p>Le transm\u00e9dia s\u2019est d\u2019abord d\u00e9velopp\u00e9 chez les cr\u00e9ateurs et les producteurs des industries cr\u00e9atives mais d\u2019autres secteurs ne peuvent plus en ignorer la plus-value.<\/p>\n<p>Le marketing, l\u2019\u00e9ducation, le tourisme ou l\u2019architecture (pour n\u2019en citer que quelques-uns) peuvent \u00e9galement en tirer un b\u00e9n\u00e9fice important. En effet, le transm\u00e9dia renvoie avant tout \u00e0 un univers narratif d\u00e9clin\u00e9 sur diff\u00e9rents supports m\u00e9diatiques. Ces derniers constituent autant de points d\u2019entr\u00e9e dans l\u2019univers en question. Plus l\u2019univers narratif est riche et pens\u00e9 en phase avec l\u2019int\u00e9gration des plateformes technologiques, plus l\u2019exp\u00e9rience des usagers et donc leur implication sera forte.<\/p>\n<p><strong>La Facult\u00e9 Polytechnique de Mons (UMONS)<\/strong>\u00a0a lanc\u00e9, en collaboration avec\u00a0<strong>L\u2019Ecole Polytechnique de Louvain (UCL), la Facult\u00e9 des Sciences Economiques, Sociales, Politiques et de Communication (UCL), la Louvain School of Management (UCL)<\/strong>\u00a0et\u00a0<strong>l\u2019Institut des arts et de diffusion<\/strong>, un certificat interuniversitaire sur l\u2019innovation et le d\u00e9veloppement de projets transm\u00e9dia. Les cours se donnent en soir\u00e9e \u00e0 Charleroi \u00e0 partir d\u2019octobre 2017 \u00e0 raison d\u2019une fois par semaine (le jeudi soir).<\/p>\n<h3>Les atouts du programme<\/h3>\n<ul>\n<li>Un programme unique et innovant en Belgique ;<\/li>\n<li>L\u2019apprentissage se fait par projet, avec un encadrement th\u00e9orique et pratique ;<\/li>\n<li>Ce certificat est multidisciplinaire, deux universit\u00e9s et une \u00e9cole sup\u00e9rieure des arts s\u2019associent, ainsi que des experts de terrain ;<\/li>\n<li>La formation fournit tous les outils pour l\u2019incubation de projets afin de s\u2019adapter \u00e0 la r\u00e9alit\u00e9 de terrain<\/li>\n<li>Les cours se donnent au Quai 10, un lieu propice \u00e0 l\u2019innovation transm\u00e9dia, avec le soutien de l\u2019Universit\u00e9 Ouverte.<\/li>\n<\/ul>\n<h3>Les objectifs<\/h3>\n<p>L\u2019objectif du certificat en \u00ab Innovation et d\u00e9veloppement de projets transm\u00e9dia \u00bb est d\u2019amener les participants \u00e0 concevoir des projets finan\u00e7ables d\u2019univers narratifs tirant le meilleur parti des diff\u00e9rentes plateformes technologiques, permettant des exp\u00e9riences riches pour les utilisateurs et s\u2019adaptant aux enjeux de diff\u00e9rents secteurs professionnels.<\/p>\n<p>\u00c0 la fin de la formation, vous serez capable de :<\/p>\n<ul>\n<li>Imaginer, mettre en place, r\u00e9aliser et produire des projets transm\u00e9dia originaux et pertinents ;<\/li>\n<li>\u00c9laborer un monde narratif et le d\u00e9cliner dans un univers transm\u00e9dia ;<\/li>\n<li>Comprendre les \u00e9volutions technologiques et contextuelles li\u00e9es au transm\u00e9dia ;<\/li>\n<li>Comprendre et analyser les enjeux \u00e9conomiques des projets transm\u00e9dia, choisir une strat\u00e9gie et un business model qui leur sont adapt\u00e9s ;<\/li>\n<li>Identifier et mobiliser des ressources financi\u00e8res ;<\/li>\n<li>Proposer une strat\u00e9gie marketing int\u00e9gr\u00e9e ;<\/li>\n<li>Travailler en \u00e9quipe et conna\u00eetre les enjeux des diff\u00e9rents m\u00e9tiers impliqu\u00e9s dans les projets transm\u00e9dia ;<\/li>\n<li>D\u00e9velopper les projets transm\u00e9dia via une approche centr\u00e9e utilisateur adapt\u00e9e.<\/li>\n<\/ul>\n<h3>Pour qui ?<\/h3>\n<p>Les professionnels voulant \u00eatre accompagn\u00e9s pour conceptualiser un projet transm\u00e9dia adapt\u00e9 \u00e0 leur secteur d\u2019activit\u00e9 et \u00e0 leur entreprise.<\/p>\n<p>Les \u00e9tudiants de Master des \u00e9tablissements partenaires voulant \u00eatre stimul\u00e9s dans leur d\u00e9marche d\u2019innovation et entrer en contact avec les industries cr\u00e9atives.<\/p>\n<h3>Conditions d&rsquo;admission, organisation pratique, programme etc<\/h3>\n<p><a href=\"https:\/\/web.umons.ac.be\/app\/uploads\/sites\/37\/2018\/06\/17010_UCL_BrochureTransmediaV4_BR.pdf\">T\u00e9l\u00e9chargez la brochure du certificat Transm\u00e9dia<\/a><\/p>\n","protected":false},"excerpt":{"rendered":"<p>Innovation et d\u00e9veloppement de projets transm\u00e9dia Le transm\u00e9dia s\u2019est d\u2019abord d\u00e9velopp\u00e9 chez les cr\u00e9ateurs et les producteurs des industries cr\u00e9atives mais d\u2019autres secteurs ne peuvent plus en ignorer la plus-value. Le marketing, l\u2019\u00e9ducation, le tourisme ou l\u2019architecture (pour n\u2019en citer que quelques-uns) peuvent \u00e9galement en tirer un b\u00e9n\u00e9fice important. En effet, le transm\u00e9dia renvoie avant [&hellip;]<\/p>\n","protected":false},"author":2,"featured_media":0,"parent":598,"menu_order":0,"comment_status":"closed","ping_status":"closed","template":"","meta":{"footnotes":""},"class_list":["post-717","page","type-page","status-publish","hentry"],"yoast_head":"<!-- This site is optimized with the Yoast SEO plugin v27.2 - https:\/\/yoast.com\/product\/yoast-seo-wordpress\/ -->\n<title>Transmedia - Institut \/ Num\u00e9diart<\/title>\n<meta name=\"robots\" content=\"index, follow, max-snippet:-1, max-image-preview:large, max-video-preview:-1\" \/>\n<link rel=\"canonical\" href=\"https:\/\/web.umons.ac.be\/numediart\/en\/education\/transmedia-2\/\" \/>\n<meta property=\"og:locale\" content=\"fr_FR\" \/>\n<meta property=\"og:type\" content=\"article\" \/>\n<meta property=\"og:title\" content=\"Transmedia - Institut \/ Num\u00e9diart\" \/>\n<meta property=\"og:description\" content=\"Innovation et d\u00e9veloppement de projets transm\u00e9dia Le transm\u00e9dia s\u2019est d\u2019abord d\u00e9velopp\u00e9 chez les cr\u00e9ateurs et les producteurs des industries cr\u00e9atives mais d\u2019autres secteurs ne peuvent plus en ignorer la plus-value. Le marketing, l\u2019\u00e9ducation, le tourisme ou l\u2019architecture (pour n\u2019en citer que quelques-uns) peuvent \u00e9galement en tirer un b\u00e9n\u00e9fice important. En effet, le transm\u00e9dia renvoie avant [&hellip;]\" \/>\n<meta property=\"og:url\" content=\"https:\/\/web.umons.ac.be\/numediart\/en\/education\/transmedia-2\/\" \/>\n<meta property=\"og:site_name\" content=\"Institut \/ Num\u00e9diart\" \/>\n<meta property=\"article:modified_time\" content=\"2020-04-05T08:28:30+00:00\" \/>\n<meta name=\"twitter:card\" content=\"summary_large_image\" \/>\n<meta name=\"twitter:label1\" content=\"Dur\u00e9e de lecture estim\u00e9e\" \/>\n\t<meta name=\"twitter:data1\" content=\"3 minutes\" \/>\n<script type=\"application\/ld+json\" class=\"yoast-schema-graph\">{\"@context\":\"https:\/\/schema.org\",\"@graph\":[{\"@type\":\"WebPage\",\"@id\":\"https:\/\/web.umons.ac.be\/numediart\/en\/education\/transmedia-2\/\",\"url\":\"https:\/\/web.umons.ac.be\/numediart\/en\/education\/transmedia-2\/\",\"name\":\"Transmedia - Institut \/ Num\u00e9diart\",\"isPartOf\":{\"@id\":\"https:\/\/web.umons.ac.be\/numediart\/#website\"},\"datePublished\":\"2020-04-05T08:05:57+00:00\",\"dateModified\":\"2020-04-05T08:28:30+00:00\",\"breadcrumb\":{\"@id\":\"https:\/\/web.umons.ac.be\/numediart\/en\/education\/transmedia-2\/#breadcrumb\"},\"inLanguage\":\"fr-FR\",\"potentialAction\":[{\"@type\":\"ReadAction\",\"target\":[\"https:\/\/web.umons.ac.be\/numediart\/en\/education\/transmedia-2\/\"]}]},{\"@type\":\"BreadcrumbList\",\"@id\":\"https:\/\/web.umons.ac.be\/numediart\/en\/education\/transmedia-2\/#breadcrumb\",\"itemListElement\":[{\"@type\":\"ListItem\",\"position\":1,\"name\":\"Accueil\",\"item\":\"https:\/\/web.umons.ac.be\/numediart\/fr\/\"},{\"@type\":\"ListItem\",\"position\":2,\"name\":\"Education\",\"item\":\"https:\/\/web.umons.ac.be\/numediart\/en\/education\/\"},{\"@type\":\"ListItem\",\"position\":3,\"name\":\"Transmedia\"}]},{\"@type\":\"WebSite\",\"@id\":\"https:\/\/web.umons.ac.be\/numediart\/#website\",\"url\":\"https:\/\/web.umons.ac.be\/numediart\/\",\"name\":\"Institut \/ Num\u00e9diart\",\"description\":\"Un site utilisant Universit\u00e9 de Mons \u2013 UMONS\",\"potentialAction\":[{\"@type\":\"SearchAction\",\"target\":{\"@type\":\"EntryPoint\",\"urlTemplate\":\"https:\/\/web.umons.ac.be\/numediart\/?s={search_term_string}\"},\"query-input\":{\"@type\":\"PropertyValueSpecification\",\"valueRequired\":true,\"valueName\":\"search_term_string\"}}],\"inLanguage\":\"fr-FR\"}]}<\/script>\n<!-- \/ Yoast SEO plugin. -->","yoast_head_json":{"title":"Transmedia - Institut \/ Num\u00e9diart","robots":{"index":"index","follow":"follow","max-snippet":"max-snippet:-1","max-image-preview":"max-image-preview:large","max-video-preview":"max-video-preview:-1"},"canonical":"https:\/\/web.umons.ac.be\/numediart\/en\/education\/transmedia-2\/","og_locale":"fr_FR","og_type":"article","og_title":"Transmedia - Institut \/ Num\u00e9diart","og_description":"Innovation et d\u00e9veloppement de projets transm\u00e9dia Le transm\u00e9dia s\u2019est d\u2019abord d\u00e9velopp\u00e9 chez les cr\u00e9ateurs et les producteurs des industries cr\u00e9atives mais d\u2019autres secteurs ne peuvent plus en ignorer la plus-value. Le marketing, l\u2019\u00e9ducation, le tourisme ou l\u2019architecture (pour n\u2019en citer que quelques-uns) peuvent \u00e9galement en tirer un b\u00e9n\u00e9fice important. En effet, le transm\u00e9dia renvoie avant [&hellip;]","og_url":"https:\/\/web.umons.ac.be\/numediart\/en\/education\/transmedia-2\/","og_site_name":"Institut \/ Num\u00e9diart","article_modified_time":"2020-04-05T08:28:30+00:00","twitter_card":"summary_large_image","twitter_misc":{"Dur\u00e9e de lecture estim\u00e9e":"3 minutes"},"schema":{"@context":"https:\/\/schema.org","@graph":[{"@type":"WebPage","@id":"https:\/\/web.umons.ac.be\/numediart\/en\/education\/transmedia-2\/","url":"https:\/\/web.umons.ac.be\/numediart\/en\/education\/transmedia-2\/","name":"Transmedia - Institut \/ Num\u00e9diart","isPartOf":{"@id":"https:\/\/web.umons.ac.be\/numediart\/#website"},"datePublished":"2020-04-05T08:05:57+00:00","dateModified":"2020-04-05T08:28:30+00:00","breadcrumb":{"@id":"https:\/\/web.umons.ac.be\/numediart\/en\/education\/transmedia-2\/#breadcrumb"},"inLanguage":"fr-FR","potentialAction":[{"@type":"ReadAction","target":["https:\/\/web.umons.ac.be\/numediart\/en\/education\/transmedia-2\/"]}]},{"@type":"BreadcrumbList","@id":"https:\/\/web.umons.ac.be\/numediart\/en\/education\/transmedia-2\/#breadcrumb","itemListElement":[{"@type":"ListItem","position":1,"name":"Accueil","item":"https:\/\/web.umons.ac.be\/numediart\/fr\/"},{"@type":"ListItem","position":2,"name":"Education","item":"https:\/\/web.umons.ac.be\/numediart\/en\/education\/"},{"@type":"ListItem","position":3,"name":"Transmedia"}]},{"@type":"WebSite","@id":"https:\/\/web.umons.ac.be\/numediart\/#website","url":"https:\/\/web.umons.ac.be\/numediart\/","name":"Institut \/ Num\u00e9diart","description":"Un site utilisant Universit\u00e9 de Mons \u2013 UMONS","potentialAction":[{"@type":"SearchAction","target":{"@type":"EntryPoint","urlTemplate":"https:\/\/web.umons.ac.be\/numediart\/?s={search_term_string}"},"query-input":{"@type":"PropertyValueSpecification","valueRequired":true,"valueName":"search_term_string"}}],"inLanguage":"fr-FR"}]}},"lang":"en","translations":{"en":717,"fr":325},"pll_sync_post":[],"_links":{"self":[{"href":"https:\/\/web.umons.ac.be\/numediart\/wp-json\/wp\/v2\/pages\/717","targetHints":{"allow":["GET"]}}],"collection":[{"href":"https:\/\/web.umons.ac.be\/numediart\/wp-json\/wp\/v2\/pages"}],"about":[{"href":"https:\/\/web.umons.ac.be\/numediart\/wp-json\/wp\/v2\/types\/page"}],"author":[{"embeddable":true,"href":"https:\/\/web.umons.ac.be\/numediart\/wp-json\/wp\/v2\/users\/2"}],"replies":[{"embeddable":true,"href":"https:\/\/web.umons.ac.be\/numediart\/wp-json\/wp\/v2\/comments?post=717"}],"version-history":[{"count":2,"href":"https:\/\/web.umons.ac.be\/numediart\/wp-json\/wp\/v2\/pages\/717\/revisions"}],"predecessor-version":[{"id":754,"href":"https:\/\/web.umons.ac.be\/numediart\/wp-json\/wp\/v2\/pages\/717\/revisions\/754"}],"up":[{"embeddable":true,"href":"https:\/\/web.umons.ac.be\/numediart\/wp-json\/wp\/v2\/pages\/598"}],"wp:attachment":[{"href":"https:\/\/web.umons.ac.be\/numediart\/wp-json\/wp\/v2\/media?parent=717"}],"curies":[{"name":"wp","href":"https:\/\/api.w.org\/{rel}","templated":true}]}}