{"id":76,"date":"2017-07-18T17:19:18","date_gmt":"2017-07-18T15:19:18","guid":{"rendered":"https:\/\/web.umons.ac.be\/numediart\/?page_id=76"},"modified":"2023-08-18T15:32:43","modified_gmt":"2023-08-18T13:32:43","slug":"equipe","status":"publish","type":"page","link":"https:\/\/web.umons.ac.be\/numediart\/fr\/a-propos-de-linstitut\/equipe\/","title":{"rendered":"Equipe"},"content":{"rendered":"<h6><span style=\"color: #00abcc;\"><strong>Pr\u00e9sident de l&rsquo;Institut &#8211;<\/strong><\/span>\u00a0<span style=\"color: #00abcc;\">Prof. Thierry Dutoit<\/span><\/h6>\n<h2>Services membres effectifs de l&rsquo;Institut de Recherche :<\/h2>\n<table width=\"579\">\n<tbody>\n<tr>\n<td><strong>Conception Architecturale<\/strong><\/p>\n<ul>\n<li style=\"font-weight: 400;\">ANDRE Elodie<\/li>\n<li style=\"font-weight: 400;\">ANDRE Ghislain<\/li>\n<li style=\"font-weight: 400;\">BAUWENS Hugo<\/li>\n<li style=\"font-weight: 400;\">BIDAL Simon<\/li>\n<li style=\"font-weight: 400;\">BONASERA Giuseppe<\/li>\n<li style=\"font-weight: 400;\">BOURGUIGNON Isabelle<\/li>\n<li style=\"font-weight: 400;\">CAZZARO Dominique<\/li>\n<li style=\"font-weight: 400;\">DE SMET Isabelle<\/li>\n<li style=\"font-weight: 400;\">DERUMIER Thierry<\/li>\n<li style=\"font-weight: 400;\">DUQUAINE Michel<\/li>\n<li style=\"font-weight: 400;\">GALLAS Mohamed-Anis<\/li>\n<li style=\"font-weight: 400;\">GLUCK Dominique<\/li>\n<li style=\"font-weight: 400;\">GODIMUS Etienne<\/li>\n<li style=\"font-weight: 400;\">KHAMALLAH Nawri<\/li>\n<li style=\"font-weight: 400;\">MAGHUE Emmanuel<\/li>\n<li style=\"font-weight: 400;\">PETIT Pascale<\/li>\n<li style=\"font-weight: 400;\">SAURA LORENTE Gregorio<\/li>\n<li style=\"font-weight: 400;\">SEDDIKI Cha\u00efma<\/li>\n<li style=\"font-weight: 400;\">SOBCZAK Fabrice<\/li>\n<\/ul>\n<\/td>\n<td>FAU<\/td>\n<\/tr>\n<tr>\n<td><strong>G\u00e9nie Architectural et Urbain<\/strong><\/p>\n<ul>\n<li style=\"font-weight: 400;\">ATLE Nicolas<\/li>\n<li style=\"font-weight: 400;\">AUTEM David<\/li>\n<li style=\"font-weight: 400;\">BATAILLE Thierry<\/li>\n<li style=\"font-weight: 400;\">BAYLE David<\/li>\n<li style=\"font-weight: 400;\">BULOT Benjamin<\/li>\n<li style=\"font-weight: 400;\">CAUCHETEUX Philippe Maurice<\/li>\n<li style=\"font-weight: 400;\">DE HARLEZ Nathalie<\/li>\n<li style=\"font-weight: 400;\">DEBAILLEUX Laurent<\/li>\n<li style=\"font-weight: 400;\">DEJASSE Pierre<\/li>\n<li style=\"font-weight: 400;\">DERAMAIX Dominique<\/li>\n<li style=\"font-weight: 400;\">FANFONE Morgane<\/li>\n<li style=\"font-weight: 400;\">HAVET Beno\u00eet<\/li>\n<li style=\"font-weight: 400;\">HISMANS Geoffrey<\/li>\n<li style=\"font-weight: 400;\">KASRI Sarra<\/li>\n<li style=\"font-weight: 400;\">LAINERI Marco<\/li>\n<li style=\"font-weight: 400;\">MEYRANT St\u00e9phane<\/li>\n<li style=\"font-weight: 400;\">NAHON S\u00e9bastien<\/li>\n<li style=\"font-weight: 400;\">POSTY St\u00e9phane<\/li>\n<li style=\"font-weight: 400;\">QUEVRIN Beno\u00eet<\/li>\n<li style=\"font-weight: 400;\">SCANDOLO Julie<\/li>\n<li style=\"font-weight: 400;\">SERVAIS Vincent<\/li>\n<li style=\"font-weight: 400;\">SIMOENS Pascal<\/li>\n<li style=\"font-weight: 400;\">VAN ROOYEN Xavier<\/li>\n<\/ul>\n<\/td>\n<td>FPMs<\/td>\n<\/tr>\n<tr>\n<td><strong>Management de l&rsquo;Innovation Technologique<\/strong><\/p>\n<ul>\n<li style=\"font-weight: 400;\">ASTORINO Loann<\/li>\n<li style=\"font-weight: 400;\">BETTE S\u00e9bastien<\/li>\n<li style=\"font-weight: 400;\">CHEVREMONT Philippe<\/li>\n<li style=\"font-weight: 400;\">DELCOUCQ Landelin<\/li>\n<li style=\"font-weight: 400;\">DUEZ Laurent<\/li>\n<li style=\"font-weight: 400;\">FORTEMPS Philippe<\/li>\n<li style=\"font-weight: 400;\">LARDINOIS Eric<\/li>\n<li style=\"font-weight: 400;\">LECRON Fabian<\/li>\n<li style=\"font-weight: 400;\">MANDERLIER Maxime<\/li>\n<li style=\"font-weight: 400;\">VANKERKEM Michel<\/li>\n<li style=\"font-weight: 400;\">WOUTERS Laurence<\/li>\n<\/ul>\n<\/td>\n<td>FPMs<\/td>\n<\/tr>\n<tr>\n<td><strong>Math\u00e9matique et Recherche op\u00e9rationnelle<\/strong><\/p>\n<ul>\n<li style=\"font-weight: 400;\">BRIFFOTEAUX Guillaume<\/li>\n<li style=\"font-weight: 400;\">BRIGANTI Giovanni<\/li>\n<li style=\"font-weight: 400;\">GILLIS Nicolas<\/li>\n<li style=\"font-weight: 400;\">GOBERT Maxime<\/li>\n<li style=\"font-weight: 400;\">KOLOMVAKIS Christos<\/li>\n<li style=\"font-weight: 400;\">MEZMAZ Mohand<\/li>\n<li style=\"font-weight: 400;\">NDJIA NJIKE Boris Edgar<\/li>\n<li style=\"font-weight: 400;\">PIRLOT Marc<\/li>\n<li style=\"font-weight: 400;\">ROUZE J\u00e9r\u00f4me<\/li>\n<li style=\"font-weight: 400;\">SAUCEZ Philippe<\/li>\n<li style=\"font-weight: 400;\">SIEBERT Xavier<\/li>\n<li style=\"font-weight: 400;\">SIHAG Gulshan<\/li>\n<li style=\"font-weight: 400;\">SOBRIE Olivier<\/li>\n<li style=\"font-weight: 400;\">STRACK G\u00e9raldine<\/li>\n<li style=\"font-weight: 400;\">TUYTTENS Daniel<\/li>\n<li style=\"font-weight: 400;\">VANDAELE Arnaud<\/li>\n<li style=\"font-weight: 400;\">WOUTERS Laurence<\/li>\n<\/ul>\n<\/td>\n<td>FPMs<\/td>\n<\/tr>\n<tr>\n<td><strong>Electronique et Micro\u00e9lectronique<\/strong><\/p>\n<ul>\n<li style=\"font-weight: 400;\">\u00a0ABIDI Afef<\/li>\n<li style=\"font-weight: 400;\">ALVES DE ALBUQUERQUE Glauberto<\/li>\n<li style=\"font-weight: 400;\">BELABED Tarek<\/li>\n<li style=\"font-weight: 400;\">BINON Daniel<\/li>\n<li style=\"font-weight: 400;\">CAUFRIEZ Alain<\/li>\n<li style=\"font-weight: 400;\">DUALIBE Fortunato<\/li>\n<li style=\"font-weight: 400;\">DURIEUX Nathalie<\/li>\n<li style=\"font-weight: 400;\">PATEL Monal<\/li>\n<li style=\"font-weight: 400;\">QUENON Alexandre<\/li>\n<li style=\"font-weight: 400;\">SCOHIER Martin<\/li>\n<li style=\"font-weight: 400;\">TARRILLO OLANO Jimmy<\/li>\n<li style=\"font-weight: 400;\">VALDERRAMA SAKUYAMA Carlos Alberto<\/li>\n<li style=\"font-weight: 400;\">VAN HOECK William<\/li>\n<\/ul>\n<\/td>\n<td>FPMs<\/td>\n<\/tr>\n<tr>\n<td><strong>Intelligence artificielle<\/strong><\/p>\n<ul>\n<li style=\"font-weight: 400;\">DUPONT St\u00e9phane<\/li>\n<li style=\"font-weight: 400;\">STIJNS Axel<\/li>\n<li style=\"font-weight: 400;\">VANDERPLAETSE Bastien<\/li>\n<\/ul>\n<\/td>\n<td>FPMs<\/td>\n<\/tr>\n<tr>\n<td><strong>Information, Signal et Intelligence artificielle<\/strong><\/p>\n<ul>\n<li style=\"font-weight: 400;\">BEATSE Aur\u00e9lie<\/li>\n<li style=\"font-weight: 400;\">BENKEDADRA Mohamed<\/li>\n<li style=\"font-weight: 400;\">BIDDAU Anissa<\/li>\n<li style=\"font-weight: 400;\">BILLOT Louis<\/li>\n<li style=\"font-weight: 400;\">BOHY Hugo<\/li>\n<li style=\"font-weight: 400;\">CATONIO Nathalie<\/li>\n<li style=\"font-weight: 400;\">CHRISTIAENS Tony<\/li>\n<li style=\"font-weight: 400;\">CRESSON Fran\u00e7ois<\/li>\n<li style=\"font-weight: 400;\">CURCIO Gerardina<\/li>\n<li style=\"font-weight: 400;\">DECHRISTOPHORIS Johan<\/li>\n<li style=\"font-weight: 400;\">DELBROUCK Jean-Benoit<\/li>\n<li style=\"font-weight: 400;\">DELCOURT C\u00e9cile<\/li>\n<li style=\"font-weight: 400;\">DOUNG Piseth<\/li>\n<li style=\"font-weight: 400;\">DURIEUX Nathalie<\/li>\n<li style=\"font-weight: 400;\">DUTOIT Thierry<\/li>\n<li style=\"font-weight: 400;\">ENNADIFI Elias<\/li>\n<li style=\"font-weight: 400;\">FOUREZ Ludvin<\/li>\n<li style=\"font-weight: 400;\">GILLE Cyprien<\/li>\n<li style=\"font-weight: 400;\">GOSSELIN Bernard<\/li>\n<li style=\"font-weight: 400;\">HAMMOUDEH Ahmad Tayseer Ahmad<\/li>\n<li style=\"font-weight: 400;\">HANCQ Joel<\/li>\n<li style=\"font-weight: 400;\">HORACHE Mohammed<\/li>\n<li style=\"font-weight: 400;\">HUBENS Nathan<\/li>\n<li style=\"font-weight: 400;\">LA FISCA Luca<\/li>\n<li style=\"font-weight: 400;\">LAGASSE Marine<\/li>\n<li style=\"font-weight: 400;\">LARABA Sohaib<\/li>\n<li style=\"font-weight: 400;\">LE VAILLANT Gwendal<\/li>\n<li style=\"font-weight: 400;\">MAIORCA Antoine<\/li>\n<li style=\"font-weight: 400;\">MANCAS Matei<\/li>\n<li style=\"font-weight: 400;\">MARTIN Cl\u00e9mence<\/li>\n<li style=\"font-weight: 400;\">MATON Aline<\/li>\n<li style=\"font-weight: 400;\">MOKHTARI Mohammed El Amine<\/li>\n<li style=\"font-weight: 400;\">MUT Mesa<\/li>\n<li style=\"font-weight: 400;\">NGUON Kollika<\/li>\n<li style=\"font-weight: 400;\">RAVET Thierry<\/li>\n<li style=\"font-weight: 400;\">REBOURSIERE Lo\u00efc<\/li>\n<li style=\"font-weight: 400;\">RENARD Gauthier<\/li>\n<li style=\"font-weight: 400;\">ROCCA Fran\u00e7ois<\/li>\n<li style=\"font-weight: 400;\">SEDDATI Omar<\/li>\n<li style=\"font-weight: 400;\">SIV Ratha<\/li>\n<li style=\"font-weight: 400;\">STRAGIER Vincent<\/li>\n<li style=\"font-weight: 400;\">TAZIR Mohamed<\/li>\n<li style=\"font-weight: 400;\">THIBAUT St\u00e9phanie<\/li>\n<li style=\"font-weight: 400;\">TITS No\u00e9<\/li>\n<li style=\"font-weight: 400;\">VAN HOECK William<\/li>\n<li style=\"font-weight: 400;\">VANDEN BEMDEN Loic<\/li>\n<li style=\"font-weight: 400;\">VANDENBULCKE Charlotte<\/li>\n<li style=\"font-weight: 400;\">VANDENBULCKE Virginie<\/li>\n<li style=\"font-weight: 400;\">VANDER GOTEN Maxime<\/li>\n<\/ul>\n<\/td>\n<td>FPMs<\/td>\n<\/tr>\n<tr>\n<td><strong>Informatique, Logiciel et Intelligence artificielle<\/strong><\/p>\n<ul>\n<li style=\"font-weight: 400;\">AIT ABDELOUAHID Rachida<\/li>\n<li style=\"font-weight: 400;\">AMEL Otmane<\/li>\n<li style=\"font-weight: 400;\">AMORISON Alexandre<\/li>\n<li style=\"font-weight: 400;\">ANDRIANANDRIANINAJOHANESA Tojo Valisoa<\/li>\n<li style=\"font-weight: 400;\">BENDJELLOUL Nourredine<\/li>\n<li style=\"font-weight: 400;\">BENJELLOUN Mohammed<\/li>\n<li style=\"font-weight: 400;\">BENKEDADRA Mohamed<\/li>\n<li style=\"font-weight: 400;\">CLEVEN Axel<\/li>\n<li style=\"font-weight: 400;\">COOLS Aur\u00e9lie<\/li>\n<li style=\"font-weight: 400;\">DEBAUCHE Olivier<\/li>\n<li style=\"font-weight: 400;\">DELEHOUZEE Mathis<\/li>\n<li style=\"font-weight: 400;\">DOUKHA Rim<\/li>\n<li style=\"font-weight: 400;\">DUCHATEAU Michel<\/li>\n<li style=\"font-weight: 400;\">EL ADOUI Mohammed<\/li>\n<li style=\"font-weight: 400;\">GUTTADAURIA Adriano<\/li>\n<li style=\"font-weight: 400;\">HANI Moad<\/li>\n<li style=\"font-weight: 400;\">LERAT Jean-S\u00e9bastien<\/li>\n<li style=\"font-weight: 400;\">MAHMOUDI Sa\u00efd<\/li>\n<li style=\"font-weight: 400;\">MAHMOUDI Sidi<\/li>\n<li style=\"font-weight: 400;\">MANNEBACK Pierre<\/li>\n<li style=\"font-weight: 400;\">NAJEM Rabie<\/li>\n<li style=\"font-weight: 400;\">NOLACK FOTE Fabrice<\/li>\n<li style=\"font-weight: 400;\">OUARDIRHI Zainab<\/li>\n<li style=\"font-weight: 400;\">PECHER Lo\u00efc<\/li>\n<li style=\"font-weight: 400;\">ROUKH Amine<\/li>\n<li style=\"font-weight: 400;\">STASSIN S\u00e9drick<\/li>\n<li style=\"font-weight: 400;\">VANSNICK Tanguy<\/li>\n<li style=\"font-weight: 400;\">WOUTERS Laurence<\/li>\n<li style=\"font-weight: 400;\">ZANELLA Maxime<\/li>\n<\/ul>\n<\/td>\n<td>FPMs<\/td>\n<\/tr>\n<\/tbody>\n<\/table>\n<p>&nbsp;<\/p>\n<h2>Membres suppl\u00e9mentaires de l&rsquo;Institut :<\/h2>\n<ul>\n<li style=\"font-weight: 400;\">BECUE Vincent<\/li>\n<li style=\"font-weight: 400;\">COLOT Olivier<\/li>\n<li style=\"font-weight: 400;\">DE LIEVRE Bruno<\/li>\n<li style=\"font-weight: 400;\">DELGRANGE Olivier<\/li>\n<li style=\"font-weight: 400;\">DEMEUSE Marc<\/li>\n<li style=\"font-weight: 400;\">DUMENIL Maxime<\/li>\n<li style=\"font-weight: 400;\">GERARD Maxence<\/li>\n<li style=\"font-weight: 400;\">MENS Tom<\/li>\n<li style=\"font-weight: 400;\">NIS Kevin<\/li>\n<li style=\"font-weight: 400;\">QUOITIN Bruno<\/li>\n<li style=\"font-weight: 400;\">VERLINDEN Olivier<\/li>\n<li style=\"font-weight: 400;\">WIJSEN Jef<\/li>\n<\/ul>\n","protected":false},"excerpt":{"rendered":"<p>Pr\u00e9sident de l&rsquo;Institut &#8211;\u00a0Prof. Thierry Dutoit Services membres effectifs de l&rsquo;Institut de Recherche : Conception Architecturale ANDRE Elodie ANDRE Ghislain BAUWENS Hugo BIDAL Simon BONASERA Giuseppe BOURGUIGNON Isabelle CAZZARO Dominique DE SMET Isabelle DERUMIER Thierry DUQUAINE Michel GALLAS Mohamed-Anis GLUCK Dominique GODIMUS Etienne KHAMALLAH Nawri MAGHUE Emmanuel PETIT Pascale SAURA LORENTE Gregorio SEDDIKI Cha\u00efma SOBCZAK [&hellip;]<\/p>\n","protected":false},"author":2,"featured_media":0,"parent":658,"menu_order":0,"comment_status":"closed","ping_status":"closed","template":"","meta":{"footnotes":""},"class_list":["post-76","page","type-page","status-publish","hentry"],"yoast_head":"<!-- This site is optimized with the Yoast SEO plugin v27.2 - https:\/\/yoast.com\/product\/yoast-seo-wordpress\/ -->\n<title>Equipe - Institut \/ Num\u00e9diart<\/title>\n<meta name=\"robots\" content=\"index, follow, max-snippet:-1, max-image-preview:large, max-video-preview:-1\" \/>\n<link rel=\"canonical\" href=\"https:\/\/web.umons.ac.be\/numediart\/fr\/a-propos-de-linstitut\/equipe\/\" \/>\n<meta property=\"og:locale\" content=\"fr_FR\" \/>\n<meta property=\"og:type\" content=\"article\" \/>\n<meta property=\"og:title\" content=\"Equipe - Institut \/ Num\u00e9diart\" \/>\n<meta property=\"og:description\" content=\"Pr\u00e9sident de l&rsquo;Institut &#8211;\u00a0Prof. Thierry Dutoit Services membres effectifs de l&rsquo;Institut de Recherche : Conception Architecturale ANDRE Elodie ANDRE Ghislain BAUWENS Hugo BIDAL Simon BONASERA Giuseppe BOURGUIGNON Isabelle CAZZARO Dominique DE SMET Isabelle DERUMIER Thierry DUQUAINE Michel GALLAS Mohamed-Anis GLUCK Dominique GODIMUS Etienne KHAMALLAH Nawri MAGHUE Emmanuel PETIT Pascale SAURA LORENTE Gregorio SEDDIKI Cha\u00efma SOBCZAK [&hellip;]\" \/>\n<meta property=\"og:url\" content=\"https:\/\/web.umons.ac.be\/numediart\/fr\/a-propos-de-linstitut\/equipe\/\" \/>\n<meta property=\"og:site_name\" content=\"Institut \/ Num\u00e9diart\" \/>\n<meta property=\"article:modified_time\" content=\"2023-08-18T13:32:43+00:00\" \/>\n<meta name=\"twitter:card\" content=\"summary_large_image\" \/>\n<meta name=\"twitter:label1\" content=\"Dur\u00e9e de lecture estim\u00e9e\" \/>\n\t<meta name=\"twitter:data1\" content=\"3 minutes\" \/>\n<script type=\"application\/ld+json\" class=\"yoast-schema-graph\">{\"@context\":\"https:\/\/schema.org\",\"@graph\":[{\"@type\":\"WebPage\",\"@id\":\"https:\/\/web.umons.ac.be\/numediart\/fr\/a-propos-de-linstitut\/equipe\/\",\"url\":\"https:\/\/web.umons.ac.be\/numediart\/fr\/a-propos-de-linstitut\/equipe\/\",\"name\":\"Equipe - Institut \/ Num\u00e9diart\",\"isPartOf\":{\"@id\":\"https:\/\/web.umons.ac.be\/numediart\/#website\"},\"datePublished\":\"2017-07-18T15:19:18+00:00\",\"dateModified\":\"2023-08-18T13:32:43+00:00\",\"breadcrumb\":{\"@id\":\"https:\/\/web.umons.ac.be\/numediart\/fr\/a-propos-de-linstitut\/equipe\/#breadcrumb\"},\"inLanguage\":\"fr-FR\",\"potentialAction\":[{\"@type\":\"ReadAction\",\"target\":[\"https:\/\/web.umons.ac.be\/numediart\/fr\/a-propos-de-linstitut\/equipe\/\"]}]},{\"@type\":\"BreadcrumbList\",\"@id\":\"https:\/\/web.umons.ac.be\/numediart\/fr\/a-propos-de-linstitut\/equipe\/#breadcrumb\",\"itemListElement\":[{\"@type\":\"ListItem\",\"position\":1,\"name\":\"Accueil\",\"item\":\"https:\/\/web.umons.ac.be\/numediart\/fr\/\"},{\"@type\":\"ListItem\",\"position\":2,\"name\":\"A propos de l&rsquo;Institut\",\"item\":\"https:\/\/web.umons.ac.be\/numediart\/fr\/a-propos-de-linstitut\/\"},{\"@type\":\"ListItem\",\"position\":3,\"name\":\"Equipe\"}]},{\"@type\":\"WebSite\",\"@id\":\"https:\/\/web.umons.ac.be\/numediart\/#website\",\"url\":\"https:\/\/web.umons.ac.be\/numediart\/\",\"name\":\"Institut \/ Num\u00e9diart\",\"description\":\"Un site utilisant Universit\u00e9 de Mons \u2013 UMONS\",\"potentialAction\":[{\"@type\":\"SearchAction\",\"target\":{\"@type\":\"EntryPoint\",\"urlTemplate\":\"https:\/\/web.umons.ac.be\/numediart\/?s={search_term_string}\"},\"query-input\":{\"@type\":\"PropertyValueSpecification\",\"valueRequired\":true,\"valueName\":\"search_term_string\"}}],\"inLanguage\":\"fr-FR\"}]}<\/script>\n<!-- \/ Yoast SEO plugin. -->","yoast_head_json":{"title":"Equipe - Institut \/ Num\u00e9diart","robots":{"index":"index","follow":"follow","max-snippet":"max-snippet:-1","max-image-preview":"max-image-preview:large","max-video-preview":"max-video-preview:-1"},"canonical":"https:\/\/web.umons.ac.be\/numediart\/fr\/a-propos-de-linstitut\/equipe\/","og_locale":"fr_FR","og_type":"article","og_title":"Equipe - Institut \/ Num\u00e9diart","og_description":"Pr\u00e9sident de l&rsquo;Institut &#8211;\u00a0Prof. Thierry Dutoit Services membres effectifs de l&rsquo;Institut de Recherche : Conception Architecturale ANDRE Elodie ANDRE Ghislain BAUWENS Hugo BIDAL Simon BONASERA Giuseppe BOURGUIGNON Isabelle CAZZARO Dominique DE SMET Isabelle DERUMIER Thierry DUQUAINE Michel GALLAS Mohamed-Anis GLUCK Dominique GODIMUS Etienne KHAMALLAH Nawri MAGHUE Emmanuel PETIT Pascale SAURA LORENTE Gregorio SEDDIKI Cha\u00efma SOBCZAK [&hellip;]","og_url":"https:\/\/web.umons.ac.be\/numediart\/fr\/a-propos-de-linstitut\/equipe\/","og_site_name":"Institut \/ Num\u00e9diart","article_modified_time":"2023-08-18T13:32:43+00:00","twitter_card":"summary_large_image","twitter_misc":{"Dur\u00e9e de lecture estim\u00e9e":"3 minutes"},"schema":{"@context":"https:\/\/schema.org","@graph":[{"@type":"WebPage","@id":"https:\/\/web.umons.ac.be\/numediart\/fr\/a-propos-de-linstitut\/equipe\/","url":"https:\/\/web.umons.ac.be\/numediart\/fr\/a-propos-de-linstitut\/equipe\/","name":"Equipe - Institut \/ Num\u00e9diart","isPartOf":{"@id":"https:\/\/web.umons.ac.be\/numediart\/#website"},"datePublished":"2017-07-18T15:19:18+00:00","dateModified":"2023-08-18T13:32:43+00:00","breadcrumb":{"@id":"https:\/\/web.umons.ac.be\/numediart\/fr\/a-propos-de-linstitut\/equipe\/#breadcrumb"},"inLanguage":"fr-FR","potentialAction":[{"@type":"ReadAction","target":["https:\/\/web.umons.ac.be\/numediart\/fr\/a-propos-de-linstitut\/equipe\/"]}]},{"@type":"BreadcrumbList","@id":"https:\/\/web.umons.ac.be\/numediart\/fr\/a-propos-de-linstitut\/equipe\/#breadcrumb","itemListElement":[{"@type":"ListItem","position":1,"name":"Accueil","item":"https:\/\/web.umons.ac.be\/numediart\/fr\/"},{"@type":"ListItem","position":2,"name":"A propos de l&rsquo;Institut","item":"https:\/\/web.umons.ac.be\/numediart\/fr\/a-propos-de-linstitut\/"},{"@type":"ListItem","position":3,"name":"Equipe"}]},{"@type":"WebSite","@id":"https:\/\/web.umons.ac.be\/numediart\/#website","url":"https:\/\/web.umons.ac.be\/numediart\/","name":"Institut \/ Num\u00e9diart","description":"Un site utilisant Universit\u00e9 de Mons \u2013 UMONS","potentialAction":[{"@type":"SearchAction","target":{"@type":"EntryPoint","urlTemplate":"https:\/\/web.umons.ac.be\/numediart\/?s={search_term_string}"},"query-input":{"@type":"PropertyValueSpecification","valueRequired":true,"valueName":"search_term_string"}}],"inLanguage":"fr-FR"}]}},"lang":"fr","translations":{"fr":76,"en":152},"pll_sync_post":[],"_links":{"self":[{"href":"https:\/\/web.umons.ac.be\/numediart\/wp-json\/wp\/v2\/pages\/76","targetHints":{"allow":["GET"]}}],"collection":[{"href":"https:\/\/web.umons.ac.be\/numediart\/wp-json\/wp\/v2\/pages"}],"about":[{"href":"https:\/\/web.umons.ac.be\/numediart\/wp-json\/wp\/v2\/types\/page"}],"author":[{"embeddable":true,"href":"https:\/\/web.umons.ac.be\/numediart\/wp-json\/wp\/v2\/users\/2"}],"replies":[{"embeddable":true,"href":"https:\/\/web.umons.ac.be\/numediart\/wp-json\/wp\/v2\/comments?post=76"}],"version-history":[{"count":4,"href":"https:\/\/web.umons.ac.be\/numediart\/wp-json\/wp\/v2\/pages\/76\/revisions"}],"predecessor-version":[{"id":840,"href":"https:\/\/web.umons.ac.be\/numediart\/wp-json\/wp\/v2\/pages\/76\/revisions\/840"}],"up":[{"embeddable":true,"href":"https:\/\/web.umons.ac.be\/numediart\/wp-json\/wp\/v2\/pages\/658"}],"wp:attachment":[{"href":"https:\/\/web.umons.ac.be\/numediart\/wp-json\/wp\/v2\/media?parent=76"}],"curies":[{"name":"wp","href":"https:\/\/api.w.org\/{rel}","templated":true}]}}