{"id":84,"date":"2017-07-18T17:21:23","date_gmt":"2017-07-18T15:21:23","guid":{"rendered":"https:\/\/web.umons.ac.be\/numediart\/?page_id=84"},"modified":"2020-04-05T09:39:50","modified_gmt":"2020-04-05T07:39:50","slug":"equipements-remarquables","status":"publish","type":"page","link":"https:\/\/web.umons.ac.be\/numediart\/fr\/recherche\/equipements-remarquables\/","title":{"rendered":"Equipements remarquables"},"content":{"rendered":"<p><img loading=\"lazy\" decoding=\"async\" class=\"alignright size-thumbnail wp-image-8\" src=\"https:\/\/web.umons.ac.be\/app\/uploads\/sites\/37\/2017\/07\/4-150x150.jpg\" alt=\"\" width=\"150\" height=\"150\" srcset=\"https:\/\/web.umons.ac.be\/app\/uploads\/sites\/37\/2017\/07\/4-150x150.jpg 150w, https:\/\/web.umons.ac.be\/app\/uploads\/sites\/37\/2017\/07\/4-80x80.jpg 80w, https:\/\/web.umons.ac.be\/app\/uploads\/sites\/37\/2017\/07\/4-400x400.jpg 400w, https:\/\/web.umons.ac.be\/app\/uploads\/sites\/37\/2017\/07\/4-200x200.jpg 200w\" sizes=\"auto, (max-width: 150px) 100vw, 150px\" \/>L\u2019institut dispose d\u2019un grand espace de type performatif, \u00e9quip\u00e9 d\u2019\u00e9clairages de sc\u00e8ne et d\u2018une sonorisation 8.1. Cet espace est \u00e9quip\u00e9 pour la capture de mouvements (syst\u00e8mes Animazoo IGS, Optitrack, et Qualisys) et du regard (syst\u00e8me FaceLab) ainsi que de n\u0153uds de calcul GPU pour l\u2019entrainement de deep neural nets.<\/p>\n","protected":false},"excerpt":{"rendered":"<p>L\u2019institut dispose d\u2019un grand espace de type performatif, \u00e9quip\u00e9 d\u2019\u00e9clairages de sc\u00e8ne et d\u2018une sonorisation 8.1. Cet espace est \u00e9quip\u00e9 pour la capture de mouvements (syst\u00e8mes Animazoo IGS, Optitrack, et Qualisys) et du regard (syst\u00e8me FaceLab) ainsi que de n\u0153uds de calcul GPU pour l\u2019entrainement de deep neural nets.<\/p>\n","protected":false},"author":2,"featured_media":0,"parent":654,"menu_order":0,"comment_status":"closed","ping_status":"closed","template":"","meta":{"footnotes":""},"class_list":["post-84","page","type-page","status-publish","hentry"],"yoast_head":"<!-- This site is optimized with the Yoast SEO plugin v27.2 - https:\/\/yoast.com\/product\/yoast-seo-wordpress\/ -->\n<title>Equipements remarquables - Institut \/ Num\u00e9diart<\/title>\n<meta name=\"robots\" content=\"index, follow, max-snippet:-1, max-image-preview:large, max-video-preview:-1\" \/>\n<link rel=\"canonical\" href=\"https:\/\/web.umons.ac.be\/numediart\/fr\/recherche\/equipements-remarquables\/\" \/>\n<meta property=\"og:locale\" content=\"fr_FR\" \/>\n<meta property=\"og:type\" content=\"article\" \/>\n<meta property=\"og:title\" content=\"Equipements remarquables - Institut \/ Num\u00e9diart\" \/>\n<meta property=\"og:description\" content=\"L\u2019institut dispose d\u2019un grand espace de type performatif, \u00e9quip\u00e9 d\u2019\u00e9clairages de sc\u00e8ne et d\u2018une sonorisation 8.1. Cet espace est \u00e9quip\u00e9 pour la capture de mouvements (syst\u00e8mes Animazoo IGS, Optitrack, et Qualisys) et du regard (syst\u00e8me FaceLab) ainsi que de n\u0153uds de calcul GPU pour l\u2019entrainement de deep neural nets.\" \/>\n<meta property=\"og:url\" content=\"https:\/\/web.umons.ac.be\/numediart\/fr\/recherche\/equipements-remarquables\/\" \/>\n<meta property=\"og:site_name\" content=\"Institut \/ Num\u00e9diart\" \/>\n<meta property=\"article:modified_time\" content=\"2020-04-05T07:39:50+00:00\" \/>\n<meta property=\"og:image\" content=\"https:\/\/web.umons.ac.be\/app\/uploads\/sites\/37\/2017\/07\/4-150x150.jpg\" \/>\n<meta name=\"twitter:card\" content=\"summary_large_image\" \/>\n<script type=\"application\/ld+json\" class=\"yoast-schema-graph\">{\"@context\":\"https:\/\/schema.org\",\"@graph\":[{\"@type\":\"WebPage\",\"@id\":\"https:\/\/web.umons.ac.be\/numediart\/fr\/recherche\/equipements-remarquables\/\",\"url\":\"https:\/\/web.umons.ac.be\/numediart\/fr\/recherche\/equipements-remarquables\/\",\"name\":\"Equipements remarquables - Institut \/ Num\u00e9diart\",\"isPartOf\":{\"@id\":\"https:\/\/web.umons.ac.be\/numediart\/#website\"},\"primaryImageOfPage\":{\"@id\":\"https:\/\/web.umons.ac.be\/numediart\/fr\/recherche\/equipements-remarquables\/#primaryimage\"},\"image\":{\"@id\":\"https:\/\/web.umons.ac.be\/numediart\/fr\/recherche\/equipements-remarquables\/#primaryimage\"},\"thumbnailUrl\":\"https:\/\/web.umons.ac.be\/app\/uploads\/sites\/37\/2017\/07\/4-150x150.jpg\",\"datePublished\":\"2017-07-18T15:21:23+00:00\",\"dateModified\":\"2020-04-05T07:39:50+00:00\",\"breadcrumb\":{\"@id\":\"https:\/\/web.umons.ac.be\/numediart\/fr\/recherche\/equipements-remarquables\/#breadcrumb\"},\"inLanguage\":\"fr-FR\",\"potentialAction\":[{\"@type\":\"ReadAction\",\"target\":[\"https:\/\/web.umons.ac.be\/numediart\/fr\/recherche\/equipements-remarquables\/\"]}]},{\"@type\":\"ImageObject\",\"inLanguage\":\"fr-FR\",\"@id\":\"https:\/\/web.umons.ac.be\/numediart\/fr\/recherche\/equipements-remarquables\/#primaryimage\",\"url\":\"https:\/\/web.umons.ac.be\/app\/uploads\/sites\/37\/2017\/07\/4-150x150.jpg\",\"contentUrl\":\"https:\/\/web.umons.ac.be\/app\/uploads\/sites\/37\/2017\/07\/4-150x150.jpg\"},{\"@type\":\"BreadcrumbList\",\"@id\":\"https:\/\/web.umons.ac.be\/numediart\/fr\/recherche\/equipements-remarquables\/#breadcrumb\",\"itemListElement\":[{\"@type\":\"ListItem\",\"position\":1,\"name\":\"Accueil\",\"item\":\"https:\/\/web.umons.ac.be\/numediart\/fr\/\"},{\"@type\":\"ListItem\",\"position\":2,\"name\":\"Recherche\",\"item\":\"https:\/\/web.umons.ac.be\/numediart\/fr\/recherche\/\"},{\"@type\":\"ListItem\",\"position\":3,\"name\":\"Equipements remarquables\"}]},{\"@type\":\"WebSite\",\"@id\":\"https:\/\/web.umons.ac.be\/numediart\/#website\",\"url\":\"https:\/\/web.umons.ac.be\/numediart\/\",\"name\":\"Institut \/ Num\u00e9diart\",\"description\":\"Un site utilisant Universit\u00e9 de Mons \u2013 UMONS\",\"potentialAction\":[{\"@type\":\"SearchAction\",\"target\":{\"@type\":\"EntryPoint\",\"urlTemplate\":\"https:\/\/web.umons.ac.be\/numediart\/?s={search_term_string}\"},\"query-input\":{\"@type\":\"PropertyValueSpecification\",\"valueRequired\":true,\"valueName\":\"search_term_string\"}}],\"inLanguage\":\"fr-FR\"}]}<\/script>\n<!-- \/ Yoast SEO plugin. -->","yoast_head_json":{"title":"Equipements remarquables - Institut \/ Num\u00e9diart","robots":{"index":"index","follow":"follow","max-snippet":"max-snippet:-1","max-image-preview":"max-image-preview:large","max-video-preview":"max-video-preview:-1"},"canonical":"https:\/\/web.umons.ac.be\/numediart\/fr\/recherche\/equipements-remarquables\/","og_locale":"fr_FR","og_type":"article","og_title":"Equipements remarquables - Institut \/ Num\u00e9diart","og_description":"L\u2019institut dispose d\u2019un grand espace de type performatif, \u00e9quip\u00e9 d\u2019\u00e9clairages de sc\u00e8ne et d\u2018une sonorisation 8.1. Cet espace est \u00e9quip\u00e9 pour la capture de mouvements (syst\u00e8mes Animazoo IGS, Optitrack, et Qualisys) et du regard (syst\u00e8me FaceLab) ainsi que de n\u0153uds de calcul GPU pour l\u2019entrainement de deep neural nets.","og_url":"https:\/\/web.umons.ac.be\/numediart\/fr\/recherche\/equipements-remarquables\/","og_site_name":"Institut \/ Num\u00e9diart","article_modified_time":"2020-04-05T07:39:50+00:00","og_image":[{"url":"https:\/\/web.umons.ac.be\/app\/uploads\/sites\/37\/2017\/07\/4-150x150.jpg","type":"","width":"","height":""}],"twitter_card":"summary_large_image","schema":{"@context":"https:\/\/schema.org","@graph":[{"@type":"WebPage","@id":"https:\/\/web.umons.ac.be\/numediart\/fr\/recherche\/equipements-remarquables\/","url":"https:\/\/web.umons.ac.be\/numediart\/fr\/recherche\/equipements-remarquables\/","name":"Equipements remarquables - Institut \/ Num\u00e9diart","isPartOf":{"@id":"https:\/\/web.umons.ac.be\/numediart\/#website"},"primaryImageOfPage":{"@id":"https:\/\/web.umons.ac.be\/numediart\/fr\/recherche\/equipements-remarquables\/#primaryimage"},"image":{"@id":"https:\/\/web.umons.ac.be\/numediart\/fr\/recherche\/equipements-remarquables\/#primaryimage"},"thumbnailUrl":"https:\/\/web.umons.ac.be\/app\/uploads\/sites\/37\/2017\/07\/4-150x150.jpg","datePublished":"2017-07-18T15:21:23+00:00","dateModified":"2020-04-05T07:39:50+00:00","breadcrumb":{"@id":"https:\/\/web.umons.ac.be\/numediart\/fr\/recherche\/equipements-remarquables\/#breadcrumb"},"inLanguage":"fr-FR","potentialAction":[{"@type":"ReadAction","target":["https:\/\/web.umons.ac.be\/numediart\/fr\/recherche\/equipements-remarquables\/"]}]},{"@type":"ImageObject","inLanguage":"fr-FR","@id":"https:\/\/web.umons.ac.be\/numediart\/fr\/recherche\/equipements-remarquables\/#primaryimage","url":"https:\/\/web.umons.ac.be\/app\/uploads\/sites\/37\/2017\/07\/4-150x150.jpg","contentUrl":"https:\/\/web.umons.ac.be\/app\/uploads\/sites\/37\/2017\/07\/4-150x150.jpg"},{"@type":"BreadcrumbList","@id":"https:\/\/web.umons.ac.be\/numediart\/fr\/recherche\/equipements-remarquables\/#breadcrumb","itemListElement":[{"@type":"ListItem","position":1,"name":"Accueil","item":"https:\/\/web.umons.ac.be\/numediart\/fr\/"},{"@type":"ListItem","position":2,"name":"Recherche","item":"https:\/\/web.umons.ac.be\/numediart\/fr\/recherche\/"},{"@type":"ListItem","position":3,"name":"Equipements remarquables"}]},{"@type":"WebSite","@id":"https:\/\/web.umons.ac.be\/numediart\/#website","url":"https:\/\/web.umons.ac.be\/numediart\/","name":"Institut \/ Num\u00e9diart","description":"Un site utilisant Universit\u00e9 de Mons \u2013 UMONS","potentialAction":[{"@type":"SearchAction","target":{"@type":"EntryPoint","urlTemplate":"https:\/\/web.umons.ac.be\/numediart\/?s={search_term_string}"},"query-input":{"@type":"PropertyValueSpecification","valueRequired":true,"valueName":"search_term_string"}}],"inLanguage":"fr-FR"}]}},"lang":"fr","translations":{"fr":84,"en":187},"pll_sync_post":[],"_links":{"self":[{"href":"https:\/\/web.umons.ac.be\/numediart\/wp-json\/wp\/v2\/pages\/84","targetHints":{"allow":["GET"]}}],"collection":[{"href":"https:\/\/web.umons.ac.be\/numediart\/wp-json\/wp\/v2\/pages"}],"about":[{"href":"https:\/\/web.umons.ac.be\/numediart\/wp-json\/wp\/v2\/types\/page"}],"author":[{"embeddable":true,"href":"https:\/\/web.umons.ac.be\/numediart\/wp-json\/wp\/v2\/users\/2"}],"replies":[{"embeddable":true,"href":"https:\/\/web.umons.ac.be\/numediart\/wp-json\/wp\/v2\/comments?post=84"}],"version-history":[{"count":1,"href":"https:\/\/web.umons.ac.be\/numediart\/wp-json\/wp\/v2\/pages\/84\/revisions"}],"predecessor-version":[{"id":694,"href":"https:\/\/web.umons.ac.be\/numediart\/wp-json\/wp\/v2\/pages\/84\/revisions\/694"}],"up":[{"embeddable":true,"href":"https:\/\/web.umons.ac.be\/numediart\/wp-json\/wp\/v2\/pages\/654"}],"wp:attachment":[{"href":"https:\/\/web.umons.ac.be\/numediart\/wp-json\/wp\/v2\/media?parent=84"}],"curies":[{"name":"wp","href":"https:\/\/api.w.org\/{rel}","templated":true}]}}