{"id":15,"date":"2021-11-05T11:53:14","date_gmt":"2021-11-05T10:53:14","guid":{"rendered":"https:\/\/web.umons.ac.be\/paas\/activites-de-recherche\/"},"modified":"2021-11-05T12:13:54","modified_gmt":"2021-11-05T11:13:54","slug":"activites-de-recherche","status":"publish","type":"page","link":"https:\/\/web.umons.ac.be\/paas\/activites-de-recherche\/","title":{"rendered":"Activit\u00e9s de recherche"},"content":{"rendered":"<p>Les activit\u00e9s de recherche men\u00e9es par le service de physique atomique et astrophysique b\u00e9n\u00e9ficient d&rsquo;une longue exp\u00e9rience dans le domaine de l&rsquo;\u00e9tude des structures \u00e9lectroniques, des processus radiatifs et des processus collisionnels impliquant des atomes neutres jusqu&rsquo;\u00e0 fortement ionis\u00e9s. Parmi les travaux r\u00e9alis\u00e9s, le groupe a acquis une r\u00e9putation mondialement reconnue dans la mod\u00e9lisation des syst\u00e8mes atomiques complexes caract\u00e9risant les \u00e9l\u00e9ments lourds du tableau p\u00e9riodique (typiquement au del\u00e0 du fer). Ces \u00e9l\u00e9ments pr\u00e9sentent un grand int\u00e9r\u00eat en astrophysique car ils permettent notamment d&rsquo;\u00e9tudier la nucl\u00e9osynth\u00e8se stellaire, les objets c\u00e9lestes compacts ou encore les kilonovae issues de la fusion d&rsquo;\u00e9toiles \u00e0 neutrons. Ils jouent \u00e9galement un r\u00f4le particulier en physique des plasmas puisque certains de ces \u00e9l\u00e9ments lourds sont produits dans les r\u00e9acteurs \u00e0 fusion nucl\u00e9aire et, par cons\u00e9quent, l&rsquo;analyse de leurs spectres permet de diagnostiquer les plasmas obtenus par confinement magn\u00e9tique ou par confinement inertiel.<\/p>\n<hr \/>\n<p>Notre service est, par ailleurs rattach\u00e9 \u00e0 un institut de recherche de l\u2019UMONS :<\/p>\n<start-cask-shortcode-wrapper>\t\t<div class=\"associated-institutes content-block scheme-fs\">\n\t\t\t<ul class=\"institutes-list\">\n\t\t\t\t\t\t\t\t\t\t<li>\n\t\t\t\t\t\t\t<a href=\"https:\/\/web.umons.ac.be\/complexys\" title=\"Acc\u00e9der au site web de : Institut \/ Complexys\" class=\"associated-institute\">\n\t\t\t\t\t\t\t\t<img loading=\"lazy\" decoding=\"async\" width=\"1\" height=\"1\" src=\"https:\/\/web.umons.ac.be\/app\/uploads\/sites\/31\/2017\/11\/complexys_logo_fr.svg\" class=\"attachment-thumbnail size-thumbnail\" alt=\"\" \/>\t\t\t\t\t\t\t<\/a>\t\t\t\n\t\t\t\t\t\t<\/li>\n\t\t\t\t\t\t\t<\/ul>\n\t\t<\/div>\n <end-cask-shortcode-wrapper>\n","protected":false},"excerpt":{"rendered":"<p>Les activit\u00e9s de recherche men\u00e9es par le service de physique atomique et astrophysique b\u00e9n\u00e9ficient d&rsquo;une longue exp\u00e9rience dans le domaine de l&rsquo;\u00e9tude des structures \u00e9lectroniques, des processus radiatifs et des processus collisionnels impliquant des atomes neutres jusqu&rsquo;\u00e0 fortement ionis\u00e9s. Parmi les travaux r\u00e9alis\u00e9s, le groupe a acquis une r\u00e9putation mondialement reconnue dans la mod\u00e9lisation des [&hellip;]<\/p>\n","protected":false},"author":4,"featured_media":0,"parent":0,"menu_order":0,"comment_status":"closed","ping_status":"closed","template":"","meta":{"footnotes":""},"class_list":["post-15","page","type-page","status-publish","hentry"],"yoast_head":"<!-- This site is optimized with the Yoast SEO plugin v27.2 - https:\/\/yoast.com\/product\/yoast-seo-wordpress\/ -->\n<title>Activit\u00e9s de recherche - Service \/ FS - Physique atomique et Astrophysique<\/title>\n<meta name=\"robots\" content=\"index, follow, max-snippet:-1, max-image-preview:large, max-video-preview:-1\" \/>\n<link rel=\"canonical\" href=\"https:\/\/web.umons.ac.be\/paas\/activites-de-recherche\/\" \/>\n<meta property=\"og:locale\" content=\"fr_FR\" \/>\n<meta property=\"og:type\" content=\"article\" \/>\n<meta property=\"og:title\" content=\"Activit\u00e9s de recherche - Service \/ FS - Physique atomique et Astrophysique\" \/>\n<meta property=\"og:description\" content=\"Les activit\u00e9s de recherche men\u00e9es par le service de physique atomique et astrophysique b\u00e9n\u00e9ficient d&rsquo;une longue exp\u00e9rience dans le domaine de l&rsquo;\u00e9tude des structures \u00e9lectroniques, des processus radiatifs et des processus collisionnels impliquant des atomes neutres jusqu&rsquo;\u00e0 fortement ionis\u00e9s. Parmi les travaux r\u00e9alis\u00e9s, le groupe a acquis une r\u00e9putation mondialement reconnue dans la mod\u00e9lisation des [&hellip;]\" \/>\n<meta property=\"og:url\" content=\"https:\/\/web.umons.ac.be\/paas\/activites-de-recherche\/\" \/>\n<meta property=\"og:site_name\" content=\"Service \/ FS - Physique atomique et Astrophysique\" \/>\n<meta property=\"article:modified_time\" content=\"2021-11-05T11:13:54+00:00\" \/>\n<meta name=\"twitter:card\" content=\"summary_large_image\" \/>\n<meta name=\"twitter:label1\" content=\"Dur\u00e9e de lecture estim\u00e9e\" \/>\n\t<meta name=\"twitter:data1\" content=\"1 minute\" \/>\n<script type=\"application\/ld+json\" class=\"yoast-schema-graph\">{\"@context\":\"https:\/\/schema.org\",\"@graph\":[{\"@type\":\"WebPage\",\"@id\":\"https:\/\/web.umons.ac.be\/paas\/activites-de-recherche\/\",\"url\":\"https:\/\/web.umons.ac.be\/paas\/activites-de-recherche\/\",\"name\":\"Activit\u00e9s de recherche - Service \/ FS - Physique atomique et Astrophysique\",\"isPartOf\":{\"@id\":\"https:\/\/web.umons.ac.be\/paas\/#website\"},\"datePublished\":\"2021-11-05T10:53:14+00:00\",\"dateModified\":\"2021-11-05T11:13:54+00:00\",\"breadcrumb\":{\"@id\":\"https:\/\/web.umons.ac.be\/paas\/activites-de-recherche\/#breadcrumb\"},\"inLanguage\":\"fr-FR\",\"potentialAction\":[{\"@type\":\"ReadAction\",\"target\":[\"https:\/\/web.umons.ac.be\/paas\/activites-de-recherche\/\"]}]},{\"@type\":\"BreadcrumbList\",\"@id\":\"https:\/\/web.umons.ac.be\/paas\/activites-de-recherche\/#breadcrumb\",\"itemListElement\":[{\"@type\":\"ListItem\",\"position\":1,\"name\":\"Home\",\"item\":\"https:\/\/web.umons.ac.be\/paas\/\"},{\"@type\":\"ListItem\",\"position\":2,\"name\":\"Activit\u00e9s de recherche\"}]},{\"@type\":\"WebSite\",\"@id\":\"https:\/\/web.umons.ac.be\/paas\/#website\",\"url\":\"https:\/\/web.umons.ac.be\/paas\/\",\"name\":\"Service \/ FS - Physique atomique et Astrophysique\",\"description\":\"\",\"potentialAction\":[{\"@type\":\"SearchAction\",\"target\":{\"@type\":\"EntryPoint\",\"urlTemplate\":\"https:\/\/web.umons.ac.be\/paas\/?s={search_term_string}\"},\"query-input\":{\"@type\":\"PropertyValueSpecification\",\"valueRequired\":true,\"valueName\":\"search_term_string\"}}],\"inLanguage\":\"fr-FR\"}]}<\/script>\n<!-- \/ Yoast SEO plugin. -->","yoast_head_json":{"title":"Activit\u00e9s de recherche - Service \/ FS - Physique atomique et Astrophysique","robots":{"index":"index","follow":"follow","max-snippet":"max-snippet:-1","max-image-preview":"max-image-preview:large","max-video-preview":"max-video-preview:-1"},"canonical":"https:\/\/web.umons.ac.be\/paas\/activites-de-recherche\/","og_locale":"fr_FR","og_type":"article","og_title":"Activit\u00e9s de recherche - Service \/ FS - Physique atomique et Astrophysique","og_description":"Les activit\u00e9s de recherche men\u00e9es par le service de physique atomique et astrophysique b\u00e9n\u00e9ficient d&rsquo;une longue exp\u00e9rience dans le domaine de l&rsquo;\u00e9tude des structures \u00e9lectroniques, des processus radiatifs et des processus collisionnels impliquant des atomes neutres jusqu&rsquo;\u00e0 fortement ionis\u00e9s. Parmi les travaux r\u00e9alis\u00e9s, le groupe a acquis une r\u00e9putation mondialement reconnue dans la mod\u00e9lisation des [&hellip;]","og_url":"https:\/\/web.umons.ac.be\/paas\/activites-de-recherche\/","og_site_name":"Service \/ FS - Physique atomique et Astrophysique","article_modified_time":"2021-11-05T11:13:54+00:00","twitter_card":"summary_large_image","twitter_misc":{"Dur\u00e9e de lecture estim\u00e9e":"1 minute"},"schema":{"@context":"https:\/\/schema.org","@graph":[{"@type":"WebPage","@id":"https:\/\/web.umons.ac.be\/paas\/activites-de-recherche\/","url":"https:\/\/web.umons.ac.be\/paas\/activites-de-recherche\/","name":"Activit\u00e9s de recherche - Service \/ FS - Physique atomique et Astrophysique","isPartOf":{"@id":"https:\/\/web.umons.ac.be\/paas\/#website"},"datePublished":"2021-11-05T10:53:14+00:00","dateModified":"2021-11-05T11:13:54+00:00","breadcrumb":{"@id":"https:\/\/web.umons.ac.be\/paas\/activites-de-recherche\/#breadcrumb"},"inLanguage":"fr-FR","potentialAction":[{"@type":"ReadAction","target":["https:\/\/web.umons.ac.be\/paas\/activites-de-recherche\/"]}]},{"@type":"BreadcrumbList","@id":"https:\/\/web.umons.ac.be\/paas\/activites-de-recherche\/#breadcrumb","itemListElement":[{"@type":"ListItem","position":1,"name":"Home","item":"https:\/\/web.umons.ac.be\/paas\/"},{"@type":"ListItem","position":2,"name":"Activit\u00e9s de recherche"}]},{"@type":"WebSite","@id":"https:\/\/web.umons.ac.be\/paas\/#website","url":"https:\/\/web.umons.ac.be\/paas\/","name":"Service \/ FS - Physique atomique et Astrophysique","description":"","potentialAction":[{"@type":"SearchAction","target":{"@type":"EntryPoint","urlTemplate":"https:\/\/web.umons.ac.be\/paas\/?s={search_term_string}"},"query-input":{"@type":"PropertyValueSpecification","valueRequired":true,"valueName":"search_term_string"}}],"inLanguage":"fr-FR"}]}},"lang":"fr","translations":{"fr":15,"en":17},"pll_sync_post":[],"_links":{"self":[{"href":"https:\/\/web.umons.ac.be\/paas\/wp-json\/wp\/v2\/pages\/15","targetHints":{"allow":["GET"]}}],"collection":[{"href":"https:\/\/web.umons.ac.be\/paas\/wp-json\/wp\/v2\/pages"}],"about":[{"href":"https:\/\/web.umons.ac.be\/paas\/wp-json\/wp\/v2\/types\/page"}],"author":[{"embeddable":true,"href":"https:\/\/web.umons.ac.be\/paas\/wp-json\/wp\/v2\/users\/4"}],"replies":[{"embeddable":true,"href":"https:\/\/web.umons.ac.be\/paas\/wp-json\/wp\/v2\/comments?post=15"}],"version-history":[{"count":1,"href":"https:\/\/web.umons.ac.be\/paas\/wp-json\/wp\/v2\/pages\/15\/revisions"}],"predecessor-version":[{"id":51,"href":"https:\/\/web.umons.ac.be\/paas\/wp-json\/wp\/v2\/pages\/15\/revisions\/51"}],"wp:attachment":[{"href":"https:\/\/web.umons.ac.be\/paas\/wp-json\/wp\/v2\/media?parent=15"}],"curies":[{"name":"wp","href":"https:\/\/api.w.org\/{rel}","templated":true}]}}