{"id":11,"date":"2026-03-17T13:51:39","date_gmt":"2026-03-17T12:51:39","guid":{"rendered":"https:\/\/web.umons.ac.be\/patr\/activites-denseignement\/"},"modified":"2026-03-17T14:09:35","modified_gmt":"2026-03-17T13:09:35","slug":"activites-denseignement","status":"publish","type":"page","link":"https:\/\/web.umons.ac.be\/patr\/fr\/activites-denseignement\/","title":{"rendered":"Activit\u00e9s d&rsquo;enseignement"},"content":{"rendered":"<p>Le service regroupe un ensemble d&rsquo;enseignements fondamentaux et sp\u00e9cialis\u00e9s, allant du Bachelier au Master de Sp\u00e9cialisation, visant \u00e0 former des architectes conscients aux enjeux des patrimoines et capables d&rsquo;int\u00e9grer l&rsquo;architecture contemporaine dans des contextes historiques.<\/p>\n<h2>En Bachelier : Fondations Th\u00e9oriques et Conceptuelles<\/h2>\n<p>Les enseignements posent les bases de la compr\u00e9hension des patrimoines. L&rsquo;accent est mis sur :<\/p>\n<ul>\n<li>L&rsquo;acquisition des concepts et th\u00e9ories de la conservation et de la restauration des patrimoines ;<\/li>\n<li>L&rsquo;\u00e9tude des typologies et vocabulaires des diff\u00e9rents patrimoines (civils, militaires, religieux, industriels, urbains, ruraux) ;<\/li>\n<li>L&rsquo;apprentissage des techniques de relev\u00e9 de l\u2019existant ;<\/li>\n<li>La sensibilisation aux enjeux de reconversion des b\u00e2timents et sites patrimoniaux vers de nouveaux usages.<\/li>\n<\/ul>\n<h2>En Master : Le Projet au C\u0153ur de l\u2019enseignement<\/h2>\n<p>Les enseignements s&rsquo;articulent autour du projet d&rsquo;architecture via la fili\u00e8re d\u00e9di\u00e9e \u00ab Architectures &amp; Patrimoines \u00bb.\u00a0 Les enseignants guident les \u00e9tudiants vers une d\u00e9marche bas\u00e9e sur l&rsquo;int\u00e9gration d\u2019une architecture contemporaine contextuelle en milieu patrimonial afin de concevoir un projet urbanistique et architectural contemporain dans une optique durable.\u00a0 Les projets sont ancr\u00e9s dans des sites historiques vari\u00e9s et se d\u00e9ploient dans des contextes tant urbains que ruraux et\/ou paysagers.<\/p>\n<p>En Master de Sp\u00e9cialisation : Expertise en Conservation et Restauration<\/p>\n<p>Le service est \u00e9galement un acteur dans le Master de Sp\u00e9cialisation interuniversitaire en conservation et restauration du patrimoine culturel immobilier \u00ab Paix Dieu \u00bb, organis\u00e9 en collaboration avec l&rsquo;Agence Wallonne du Patrimoine (AWaP) en y abordant les outils et m\u00e9thodes pour l\u2019\u00e9tablissement de dossier de restauration, les enjeux et contraintes des reconversions patrimoniales, l\u2019\u00e9valuation patrimoniale et les relev\u00e9s pierre \u00e0 pierre de l\u2019existant.<\/p>\n","protected":false},"excerpt":{"rendered":"<p>Le service regroupe un ensemble d&rsquo;enseignements fondamentaux et sp\u00e9cialis\u00e9s, allant du Bachelier au Master de Sp\u00e9cialisation, visant \u00e0 former des architectes conscients aux enjeux des patrimoines et capables d&rsquo;int\u00e9grer l&rsquo;architecture contemporaine dans des contextes historiques. En Bachelier : Fondations Th\u00e9oriques et Conceptuelles Les enseignements posent les bases de la compr\u00e9hension des patrimoines. L&rsquo;accent est mis [&hellip;]<\/p>\n","protected":false},"author":2,"featured_media":0,"parent":0,"menu_order":0,"comment_status":"closed","ping_status":"closed","template":"","meta":{"footnotes":""},"class_list":["post-11","page","type-page","status-publish","hentry"],"yoast_head":"<!-- This site is optimized with the Yoast SEO plugin v27.2 - https:\/\/yoast.com\/product\/yoast-seo-wordpress\/ -->\n<title>Activit\u00e9s d&#039;enseignement - Service \/ FAU - Patrimoines &amp; H\u00e9ritages Architecturaux<\/title>\n<meta name=\"robots\" content=\"index, follow, max-snippet:-1, max-image-preview:large, max-video-preview:-1\" \/>\n<link rel=\"canonical\" href=\"https:\/\/web.umons.ac.be\/patr\/fr\/activites-denseignement\/\" \/>\n<meta property=\"og:locale\" content=\"fr_FR\" \/>\n<meta property=\"og:type\" content=\"article\" \/>\n<meta property=\"og:title\" content=\"Activit\u00e9s d&#039;enseignement - Service \/ FAU - Patrimoines &amp; H\u00e9ritages Architecturaux\" \/>\n<meta property=\"og:description\" content=\"Le service regroupe un ensemble d&rsquo;enseignements fondamentaux et sp\u00e9cialis\u00e9s, allant du Bachelier au Master de Sp\u00e9cialisation, visant \u00e0 former des architectes conscients aux enjeux des patrimoines et capables d&rsquo;int\u00e9grer l&rsquo;architecture contemporaine dans des contextes historiques. En Bachelier : Fondations Th\u00e9oriques et Conceptuelles Les enseignements posent les bases de la compr\u00e9hension des patrimoines. L&rsquo;accent est mis [&hellip;]\" \/>\n<meta property=\"og:url\" content=\"https:\/\/web.umons.ac.be\/patr\/fr\/activites-denseignement\/\" \/>\n<meta property=\"og:site_name\" content=\"Service \/ FAU - Patrimoines &amp; H\u00e9ritages Architecturaux\" \/>\n<meta property=\"article:modified_time\" content=\"2026-03-17T13:09:35+00:00\" \/>\n<meta name=\"twitter:card\" content=\"summary_large_image\" \/>\n<meta name=\"twitter:label1\" content=\"Dur\u00e9e de lecture estim\u00e9e\" \/>\n\t<meta name=\"twitter:data1\" content=\"2 minutes\" \/>\n<script type=\"application\/ld+json\" class=\"yoast-schema-graph\">{\"@context\":\"https:\/\/schema.org\",\"@graph\":[{\"@type\":\"WebPage\",\"@id\":\"https:\/\/web.umons.ac.be\/patr\/fr\/activites-denseignement\/\",\"url\":\"https:\/\/web.umons.ac.be\/patr\/fr\/activites-denseignement\/\",\"name\":\"Activit\u00e9s d'enseignement - Service \/ FAU - Patrimoines &amp; H\u00e9ritages Architecturaux\",\"isPartOf\":{\"@id\":\"https:\/\/web.umons.ac.be\/patr\/#website\"},\"datePublished\":\"2026-03-17T12:51:39+00:00\",\"dateModified\":\"2026-03-17T13:09:35+00:00\",\"breadcrumb\":{\"@id\":\"https:\/\/web.umons.ac.be\/patr\/fr\/activites-denseignement\/#breadcrumb\"},\"inLanguage\":\"fr-FR\",\"potentialAction\":[{\"@type\":\"ReadAction\",\"target\":[\"https:\/\/web.umons.ac.be\/patr\/fr\/activites-denseignement\/\"]}]},{\"@type\":\"BreadcrumbList\",\"@id\":\"https:\/\/web.umons.ac.be\/patr\/fr\/activites-denseignement\/#breadcrumb\",\"itemListElement\":[{\"@type\":\"ListItem\",\"position\":1,\"name\":\"Accueil\",\"item\":\"https:\/\/web.umons.ac.be\/patr\/fr\/\"},{\"@type\":\"ListItem\",\"position\":2,\"name\":\"Activit\u00e9s d&rsquo;enseignement\"}]},{\"@type\":\"WebSite\",\"@id\":\"https:\/\/web.umons.ac.be\/patr\/#website\",\"url\":\"https:\/\/web.umons.ac.be\/patr\/\",\"name\":\"Service \/ FAU - Patrimoines &amp; H\u00e9ritages Architecturaux\",\"description\":\"\",\"potentialAction\":[{\"@type\":\"SearchAction\",\"target\":{\"@type\":\"EntryPoint\",\"urlTemplate\":\"https:\/\/web.umons.ac.be\/patr\/?s={search_term_string}\"},\"query-input\":{\"@type\":\"PropertyValueSpecification\",\"valueRequired\":true,\"valueName\":\"search_term_string\"}}],\"inLanguage\":\"fr-FR\"}]}<\/script>\n<!-- \/ Yoast SEO plugin. -->","yoast_head_json":{"title":"Activit\u00e9s d'enseignement - Service \/ FAU - Patrimoines &amp; H\u00e9ritages Architecturaux","robots":{"index":"index","follow":"follow","max-snippet":"max-snippet:-1","max-image-preview":"max-image-preview:large","max-video-preview":"max-video-preview:-1"},"canonical":"https:\/\/web.umons.ac.be\/patr\/fr\/activites-denseignement\/","og_locale":"fr_FR","og_type":"article","og_title":"Activit\u00e9s d'enseignement - Service \/ FAU - Patrimoines &amp; H\u00e9ritages Architecturaux","og_description":"Le service regroupe un ensemble d&rsquo;enseignements fondamentaux et sp\u00e9cialis\u00e9s, allant du Bachelier au Master de Sp\u00e9cialisation, visant \u00e0 former des architectes conscients aux enjeux des patrimoines et capables d&rsquo;int\u00e9grer l&rsquo;architecture contemporaine dans des contextes historiques. En Bachelier : Fondations Th\u00e9oriques et Conceptuelles Les enseignements posent les bases de la compr\u00e9hension des patrimoines. L&rsquo;accent est mis [&hellip;]","og_url":"https:\/\/web.umons.ac.be\/patr\/fr\/activites-denseignement\/","og_site_name":"Service \/ FAU - Patrimoines &amp; H\u00e9ritages Architecturaux","article_modified_time":"2026-03-17T13:09:35+00:00","twitter_card":"summary_large_image","twitter_misc":{"Dur\u00e9e de lecture estim\u00e9e":"2 minutes"},"schema":{"@context":"https:\/\/schema.org","@graph":[{"@type":"WebPage","@id":"https:\/\/web.umons.ac.be\/patr\/fr\/activites-denseignement\/","url":"https:\/\/web.umons.ac.be\/patr\/fr\/activites-denseignement\/","name":"Activit\u00e9s d'enseignement - Service \/ FAU - Patrimoines &amp; H\u00e9ritages Architecturaux","isPartOf":{"@id":"https:\/\/web.umons.ac.be\/patr\/#website"},"datePublished":"2026-03-17T12:51:39+00:00","dateModified":"2026-03-17T13:09:35+00:00","breadcrumb":{"@id":"https:\/\/web.umons.ac.be\/patr\/fr\/activites-denseignement\/#breadcrumb"},"inLanguage":"fr-FR","potentialAction":[{"@type":"ReadAction","target":["https:\/\/web.umons.ac.be\/patr\/fr\/activites-denseignement\/"]}]},{"@type":"BreadcrumbList","@id":"https:\/\/web.umons.ac.be\/patr\/fr\/activites-denseignement\/#breadcrumb","itemListElement":[{"@type":"ListItem","position":1,"name":"Accueil","item":"https:\/\/web.umons.ac.be\/patr\/fr\/"},{"@type":"ListItem","position":2,"name":"Activit\u00e9s d&rsquo;enseignement"}]},{"@type":"WebSite","@id":"https:\/\/web.umons.ac.be\/patr\/#website","url":"https:\/\/web.umons.ac.be\/patr\/","name":"Service \/ FAU - Patrimoines &amp; H\u00e9ritages Architecturaux","description":"","potentialAction":[{"@type":"SearchAction","target":{"@type":"EntryPoint","urlTemplate":"https:\/\/web.umons.ac.be\/patr\/?s={search_term_string}"},"query-input":{"@type":"PropertyValueSpecification","valueRequired":true,"valueName":"search_term_string"}}],"inLanguage":"fr-FR"}]}},"lang":"fr","translations":{"fr":11,"en":13},"pll_sync_post":[],"_links":{"self":[{"href":"https:\/\/web.umons.ac.be\/patr\/wp-json\/wp\/v2\/pages\/11","targetHints":{"allow":["GET"]}}],"collection":[{"href":"https:\/\/web.umons.ac.be\/patr\/wp-json\/wp\/v2\/pages"}],"about":[{"href":"https:\/\/web.umons.ac.be\/patr\/wp-json\/wp\/v2\/types\/page"}],"author":[{"embeddable":true,"href":"https:\/\/web.umons.ac.be\/patr\/wp-json\/wp\/v2\/users\/2"}],"replies":[{"embeddable":true,"href":"https:\/\/web.umons.ac.be\/patr\/wp-json\/wp\/v2\/comments?post=11"}],"version-history":[{"count":1,"href":"https:\/\/web.umons.ac.be\/patr\/wp-json\/wp\/v2\/pages\/11\/revisions"}],"predecessor-version":[{"id":54,"href":"https:\/\/web.umons.ac.be\/patr\/wp-json\/wp\/v2\/pages\/11\/revisions\/54"}],"wp:attachment":[{"href":"https:\/\/web.umons.ac.be\/patr\/wp-json\/wp\/v2\/media?parent=11"}],"curies":[{"name":"wp","href":"https:\/\/api.w.org\/{rel}","templated":true}]}}